{"id":4660,"date":"2025-08-21T11:45:59","date_gmt":"2025-08-21T11:45:59","guid":{"rendered":"https:\/\/e-systemygrzewcze.eu\/sklep\/produkt\/ibo-pompa-glebinowa-35-sdm-3-15-11kw-230v\/"},"modified":"2026-03-31T07:57:51","modified_gmt":"2026-03-31T07:57:51","slug":"ibo-pompa-glebinowa-35-sdm-3-15-11kw-230v","status":"publish","type":"product","link":"https:\/\/e-systemygrzewcze.eu\/sklep\/produkt\/ibo-pompa-glebinowa-35-sdm-3-15-11kw-230v\/","title":{"rendered":"IBO Pompa g\u0142\u0119binowa 3,5&#8243; SDM 3-15 (1,1KW 230V) 20m Kabla"},"content":{"rendered":"<h2 data-start=\"512\" data-end=\"580\">IBO Pompa g\u0142\u0119binowa 3,5\u2033 SDM 3\u201115 (1,1 kW, 230 V, 20 m kabla)<\/h2>\n<p data-start=\"605\" data-end=\"1034\">Pompa g\u0142\u0119binowa IBO 3,5\u2033 SDM 3\u201115 230 V to kompaktowa, antypiaskowa pompa o \u015brednicy 90 mm, przeznaczona do tradycyjnych studni g\u0142\u0119binowych. Dzi\u0119ki zastosowaniu p\u0142ywaj\u0105cych wirnik\u00f3w urz\u0105dzenie jest odporne na niewielkie ilo\u015bci piasku oraz korozj\u0119. Wysoka wydajno\u015b\u0107 do 105 l\/min przy niskim poborze energii sprawia, \u017ce pompa jest ekonomiczna i niezawodna w codziennej eksploatacji. Przystosowana wy\u0142\u0105cznie do czystej, zimnej wody.<\/p>\n<h3 data-start=\"1036\" data-end=\"1059\">\ud83c\udfe0\ud83c\udf31 Zastosowanie<\/h3>\n<ul data-start=\"1060\" data-end=\"1282\">\n<li data-start=\"1060\" data-end=\"1120\">\n<p data-start=\"1062\" data-end=\"1120\">zasilanie dom\u00f3w jednorodzinnych i obiekt\u00f3w rekreacyjnych<\/p>\n<\/li>\n<li data-start=\"1121\" data-end=\"1173\">\n<p data-start=\"1123\" data-end=\"1173\">instalacje wodne w gastronomii i ma\u0142ym przemy\u015ble<\/p>\n<\/li>\n<li data-start=\"1174\" data-end=\"1224\">\n<p data-start=\"1176\" data-end=\"1224\">podlewanie ogrod\u00f3w, dzia\u0142ek, szklarni i staw\u00f3w<\/p>\n<\/li>\n<li data-start=\"1225\" data-end=\"1282\">\n<p data-start=\"1227\" data-end=\"1282\">zasilanie fontann oraz niewielkich instalacji wodnych<\/p>\n<\/li>\n<\/ul>\n<h3 data-start=\"1284\" data-end=\"1307\">\u2705 Zalety produktu<\/h3>\n<ul data-start=\"1308\" data-end=\"1644\">\n<li data-start=\"1308\" data-end=\"1360\">\n<p data-start=\"1310\" data-end=\"1360\">antypiaskowa konstrukcja z p\u0142ywaj\u0105cymi wirnikami<\/p>\n<\/li>\n<li data-start=\"1361\" data-end=\"1396\">\n<p data-start=\"1363\" data-end=\"1396\">wysoka wydajno\u015b\u0107 \u2013 do 105 l\/min<\/p>\n<\/li>\n<li data-start=\"1397\" data-end=\"1438\">\n<p data-start=\"1399\" data-end=\"1438\">maksymalna wysoko\u015b\u0107 podnoszenia: 90 m<\/p>\n<\/li>\n<li data-start=\"1439\" data-end=\"1470\">\n<p data-start=\"1441\" data-end=\"1470\">maksymalne ci\u015bnienie: 9 bar<\/p>\n<\/li>\n<li data-start=\"1471\" data-end=\"1504\">\n<p data-start=\"1473\" data-end=\"1504\">energooszcz\u0119dny silnik 1,1 kW<\/p>\n<\/li>\n<li data-start=\"1505\" data-end=\"1529\">\n<p data-start=\"1507\" data-end=\"1529\">odporno\u015b\u0107 na korozj\u0119<\/p>\n<\/li>\n<li data-start=\"1530\" data-end=\"1592\">\n<p data-start=\"1532\" data-end=\"1592\">fabryczny przew\u00f3d zasilaj\u0105cy 20 m (mo\u017cliwo\u015b\u0107 przed\u0142u\u017cenia)<\/p>\n<\/li>\n<li data-start=\"1593\" data-end=\"1644\">\n<p data-start=\"1595\" data-end=\"1644\">\u015brednica 90 mm \u2013 pasuje do wi\u0119kszo\u015bci odwiert\u00f3w<\/p>\n<\/li>\n<\/ul>\n<h3 data-start=\"1646\" data-end=\"1674\">\ud83d\udee0\ufe0f Zalecenia u\u017cytkowe<\/h3>\n<p data-start=\"1675\" data-end=\"1741\">Dla ochrony i wyd\u0142u\u017cenia \u017cywotno\u015bci pompy zaleca si\u0119 stosowanie:<\/p>\n<ul data-start=\"1742\" data-end=\"2174\">\n<li data-start=\"1742\" data-end=\"1796\">\n<p data-start=\"1744\" data-end=\"1796\">kontrolera M21 \u2013 zabezpieczenie przed suchobiegiem<\/p>\n<\/li>\n<li data-start=\"1797\" data-end=\"1878\">\n<p data-start=\"1799\" data-end=\"1878\">sterownika PROTO X \u2013 ochrona przed wahaniami napi\u0119cia i zablokowaniem wirnika<\/p>\n<\/li>\n<li data-start=\"1879\" data-end=\"1939\">\n<p data-start=\"1881\" data-end=\"1939\">zbiornika hydroforowego \u2013 automatyzacja pracy instalacji<\/p>\n<\/li>\n<li data-start=\"1940\" data-end=\"1985\">\n<p data-start=\"1942\" data-end=\"1985\">wy\u0142\u0105cznika automatycznego Water\u2011Pass IPRO<\/p>\n<\/li>\n<li data-start=\"1986\" data-end=\"2042\">\n<p data-start=\"1988\" data-end=\"2042\">g\u0142owicy do studni \u2013 ochrona przed zanieczyszczeniami<\/p>\n<\/li>\n<li data-start=\"2043\" data-end=\"2104\">\n<p data-start=\"2045\" data-end=\"2104\">stalowej linki z zaciskami \u2013 bezpieczne zawieszenie pompy<\/p>\n<\/li>\n<li data-start=\"2105\" data-end=\"2174\">\n<p data-start=\"2107\" data-end=\"2174\">centralizatora \/ amortyzatora momentu obrotowego \u2013 redukcja drga\u0144<\/p>\n<\/li>\n<\/ul>\n<h3 data-start=\"2176\" data-end=\"2197\">\ud83d\udce6 Podsumowanie<\/h3>\n<p data-start=\"2198\" data-end=\"2431\">IBO 3,5\u2033 SDM 3\u201115 to trwa\u0142a, wydajna i energooszcz\u0119dna pompa g\u0142\u0119binowa, odporna na piasek i korozj\u0119. Idealna do dom\u00f3w, ogrod\u00f3w, gastronomii oraz ma\u0142ych instalacji przemys\u0142owych, gwarantuje bezawaryjn\u0105 prac\u0119 i wysok\u0105 efektywno\u015b\u0107 \u2699\ufe0f\ud83d\udca7.<\/p>\n<h3 data-start=\"2433\" data-end=\"2462\">\ud83d\udcca Parametry techniczne<\/h3>\n<ul data-start=\"2463\" data-end=\"2754\">\n<li data-start=\"2463\" data-end=\"2498\">\n<p data-start=\"2465\" data-end=\"2498\">Wydajno\u015b\u0107 maksymalna: 105 l\/min<\/p>\n<\/li>\n<li data-start=\"2499\" data-end=\"2529\">\n<p data-start=\"2501\" data-end=\"2529\">Wysoko\u015b\u0107 podnoszenia: 90 m<\/p>\n<\/li>\n<li data-start=\"2530\" data-end=\"2561\">\n<p data-start=\"2532\" data-end=\"2561\">Ci\u015bnienie maksymalne: 9 bar<\/p>\n<\/li>\n<li data-start=\"2562\" data-end=\"2585\">\n<p data-start=\"2564\" data-end=\"2585\">Moc silnika: 1,1 kW<\/p>\n<\/li>\n<li data-start=\"2586\" data-end=\"2605\">\n<p data-start=\"2588\" data-end=\"2605\">Napi\u0119cie: 230 V<\/p>\n<\/li>\n<li data-start=\"2606\" data-end=\"2632\">\n<p data-start=\"2608\" data-end=\"2632\">Nat\u0119\u017cenie pr\u0105du: 7,5 A<\/p>\n<\/li>\n<li data-start=\"2633\" data-end=\"2658\">\n<p data-start=\"2635\" data-end=\"2658\">\u015arednica pompy: 90 mm<\/p>\n<\/li>\n<li data-start=\"2659\" data-end=\"2690\">\n<p data-start=\"2661\" data-end=\"2690\">Kr\u00f3ciec t\u0142oczny: DN40 (1\u00bd&#8221;)<\/p>\n<\/li>\n<li data-start=\"2691\" data-end=\"2717\">\n<p data-start=\"2693\" data-end=\"2717\">D\u0142ugo\u015b\u0107 przewodu: 20 m<\/p>\n<\/li>\n<li data-start=\"2718\" data-end=\"2733\">\n<p data-start=\"2720\" data-end=\"2733\">Waga: 15 kg<\/p>\n<\/li>\n<li data-start=\"2734\" data-end=\"2754\">\n<p data-start=\"2736\" data-end=\"2754\">Wysoko\u015b\u0107: 126 cm<\/p>\n<\/li>\n<\/ul>\n","protected":false},"excerpt":{"rendered":"<p><strong>IBO 3,5\u2033 SDM 3\u201115 (1,1 kW, 230 V) to wydajna i energooszcz\u0119dna pompa g\u0142\u0119binowa do studni od 90 mm. Antypiaskowa konstrukcja z p\u0142ywaj\u0105cymi wirnikami zapewnia niezawodn\u0105 prac\u0119, wysok\u0105 wydajno\u015b\u0107 105 l\/min oraz maksymaln\u0105 wysoko\u015b\u0107 podnoszenia 90 m. Idealna do dom\u00f3w, ogrod\u00f3w, gastronomii i system\u00f3w nawadniaj\u0105cych.<\/strong><\/p>\n","protected":false},"featured_media":4673,"template":"","meta":{"_kad_blocks_custom_css":"","_kad_blocks_head_custom_js":"","_kad_blocks_body_custom_js":"","_kad_blocks_footer_custom_js":"","_kad_post_transparent":"default","_kad_post_title":"","_kad_post_layout":"default","_kad_post_sidebar_id":"","_kad_post_content_style":"default","_kad_post_vertical_padding":"default","_kad_post_feature":"","_kad_post_feature_position":"","_kad_post_header":false,"_kad_post_footer":false,"_kad_post_classname":""},"product_brand":[120],"product_cat":[254],"product_tag":[],"class_list":{"0":"post-4660","1":"product","2":"type-product","3":"status-publish","4":"has-post-thumbnail","6":"product_brand-ibo","7":"product_cat-pompy-glebinowe","8":"product_shipping_class-drobnica","10":"first","11":"instock","12":"taxable","13":"shipping-taxable","14":"purchasable","15":"product-type-simple","16":"entry","17":"content-bg","18":"loop-entry"},"taxonomy_info":{"product_brand":[{"value":120,"label":"Ibo"}],"product_cat":[{"value":254,"label":"Pompy g\u0142\u0119binowe"}]},"featured_image_src_large":["https:\/\/e-systemygrzewcze.eu\/sklep\/wp-content\/uploads\/2025\/08\/Nowy-projekt-2025-08-22T072154.595.jpg",510,578,false],"author_info":[],"comment_info":"","_links":{"self":[{"href":"https:\/\/e-systemygrzewcze.eu\/sklep\/wp-json\/wp\/v2\/product\/4660","targetHints":{"allow":["GET"]}}],"collection":[{"href":"https:\/\/e-systemygrzewcze.eu\/sklep\/wp-json\/wp\/v2\/product"}],"about":[{"href":"https:\/\/e-systemygrzewcze.eu\/sklep\/wp-json\/wp\/v2\/types\/product"}],"wp:featuredmedia":[{"embeddable":true,"href":"https:\/\/e-systemygrzewcze.eu\/sklep\/wp-json\/wp\/v2\/media\/4673"}],"wp:attachment":[{"href":"https:\/\/e-systemygrzewcze.eu\/sklep\/wp-json\/wp\/v2\/media?parent=4660"}],"wp:term":[{"taxonomy":"product_brand","embeddable":true,"href":"https:\/\/e-systemygrzewcze.eu\/sklep\/wp-json\/wp\/v2\/product_brand?post=4660"},{"taxonomy":"product_cat","embeddable":true,"href":"https:\/\/e-systemygrzewcze.eu\/sklep\/wp-json\/wp\/v2\/product_cat?post=4660"},{"taxonomy":"product_tag","embeddable":true,"href":"https:\/\/e-systemygrzewcze.eu\/sklep\/wp-json\/wp\/v2\/product_tag?post=4660"}],"curies":[{"name":"wp","href":"https:\/\/api.w.org\/{rel}","templated":true}]}}