{"id":4656,"date":"2025-08-21T11:45:50","date_gmt":"2025-08-21T11:45:50","guid":{"rendered":"https:\/\/e-systemygrzewcze.eu\/sklep\/produkt\/ibo-pompa-glebinowa-35-scm-3-25-18kw-230v\/"},"modified":"2026-03-16T14:46:16","modified_gmt":"2026-03-16T14:46:16","slug":"ibo-pompa-glebinowa-35-scm-3-25-18kw-230v","status":"publish","type":"product","link":"https:\/\/e-systemygrzewcze.eu\/sklep\/produkt\/ibo-pompa-glebinowa-35-scm-3-25-18kw-230v\/","title":{"rendered":"IBO Pompa g\u0142\u0119binowa 3,5&#8243; SCM 3-25 (1,8KW 230V)"},"content":{"rendered":"<h2 data-start=\"648\" data-end=\"716\">IBO Pompa g\u0142\u0119binowa 3,5\u2033 SCM 3\u201125 (1,8 kW, 230 V, 18 m kabla)<\/h2>\n<p data-start=\"741\" data-end=\"1061\">Pompa g\u0142\u0119binowa IBO 3,5\u2033 SCM 3\u201125 230 V to kompaktowa, wielostopniowa pompa o \u015brednicy 90 mm, przeznaczona do pracy w studniach wierconych, kr\u0119gowych oraz w zbiornikach wolnostoj\u0105cych. Wykonana z wysokiej jako\u015bci materia\u0142\u00f3w, w tym stali nierdzewnej, cechuje si\u0119 wysok\u0105 odporno\u015bci\u0105 na korozj\u0119 i uszkodzenia mechaniczne.<\/p>\n<p data-start=\"1063\" data-end=\"1422\">Zastosowany w silniku ekologiczny, nietoksyczny olej umo\u017cliwia bezpieczny kontakt z wod\u0105 pitn\u0105 i produktami spo\u017cywczymi. Pomimo niewielkich rozmiar\u00f3w pompa osi\u0105ga bardzo wysokie parametry pracy \u2013 do 120 l\/min wydajno\u015bci oraz maksymaln\u0105 wysoko\u015b\u0107 podnoszenia 108 m. Urz\u0105dzenie jest \u0142atwe w monta\u017cu i obs\u0142udze oraz przystosowane do d\u0142ugotrwa\u0142ej, stabilnej pracy.<\/p>\n<h3 data-start=\"1424\" data-end=\"1447\">\ud83c\udfe0 Zastosowanie<\/h3>\n<ul data-start=\"1448\" data-end=\"1667\">\n<li data-start=\"1448\" data-end=\"1483\">\n<p data-start=\"1450\" data-end=\"1483\">zasilanie dom\u00f3w jednorodzinnych<\/p>\n<\/li>\n<li data-start=\"1484\" data-end=\"1530\">\n<p data-start=\"1486\" data-end=\"1530\">instalacje wodne w gastronomii i przemy\u015ble<\/p>\n<\/li>\n<li data-start=\"1531\" data-end=\"1574\">\n<p data-start=\"1533\" data-end=\"1574\">podlewanie ogrod\u00f3w, dzia\u0142ek i trawnik\u00f3w<\/p>\n<\/li>\n<li data-start=\"1575\" data-end=\"1620\">\n<p data-start=\"1577\" data-end=\"1620\">nawadnianie staw\u00f3w oraz zasilanie fontann<\/p>\n<\/li>\n<li data-start=\"1621\" data-end=\"1667\">\n<p data-start=\"1623\" data-end=\"1667\">instalacje wody pitnej i systemy spo\u017cywcze<\/p>\n<\/li>\n<\/ul>\n<h3 data-start=\"2888\" data-end=\"2917\">\ud83d\udcca Parametry techniczne<\/h3>\n<ul data-start=\"2918\" data-end=\"3249\">\n<li data-start=\"2918\" data-end=\"2953\">\n<p data-start=\"2920\" data-end=\"2953\">Wydajno\u015b\u0107 maksymalna: 120 l\/min<\/p>\n<\/li>\n<li data-start=\"2954\" data-end=\"2985\">\n<p data-start=\"2956\" data-end=\"2985\">Wysoko\u015b\u0107 podnoszenia: 108 m<\/p>\n<\/li>\n<li data-start=\"2986\" data-end=\"3020\">\n<p data-start=\"2988\" data-end=\"3020\">Ci\u015bnienie maksymalne: 10,8 bar<\/p>\n<\/li>\n<li data-start=\"3021\" data-end=\"3044\">\n<p data-start=\"3023\" data-end=\"3044\">Moc silnika: 1,8 kW<\/p>\n<\/li>\n<li data-start=\"3045\" data-end=\"3064\">\n<p data-start=\"3047\" data-end=\"3064\">Napi\u0119cie: 230 V<\/p>\n<\/li>\n<li data-start=\"3065\" data-end=\"3091\">\n<p data-start=\"3067\" data-end=\"3091\">Nat\u0119\u017cenie pr\u0105du: 9,5 A<\/p>\n<\/li>\n<li data-start=\"3092\" data-end=\"3117\">\n<p data-start=\"3094\" data-end=\"3117\">\u015arednica pompy: 90 mm<\/p>\n<\/li>\n<li data-start=\"3118\" data-end=\"3153\">\n<p data-start=\"3120\" data-end=\"3153\">Minimalna \u015brednica odwiertu: 4\u2033<\/p>\n<\/li>\n<li data-start=\"3154\" data-end=\"3185\">\n<p data-start=\"3156\" data-end=\"3185\">Kr\u00f3ciec t\u0142oczny: DN40 (1\u00bd&#8221;)<\/p>\n<\/li>\n<li data-start=\"3186\" data-end=\"3212\">\n<p data-start=\"3188\" data-end=\"3212\">D\u0142ugo\u015b\u0107 przewodu: 18 m<\/p>\n<\/li>\n<li data-start=\"3213\" data-end=\"3228\">\n<p data-start=\"3215\" data-end=\"3228\">Waga: 27 kg<\/p>\n<\/li>\n<li data-start=\"3229\" data-end=\"3249\">\n<p data-start=\"3231\" data-end=\"3249\">Wysoko\u015b\u0107: 178 cm<\/p>\n<\/li>\n<\/ul>\n<h3 data-start=\"2115\" data-end=\"2143\">\ud83d\udee0\ufe0f Zalecenia u\u017cytkowe<\/h3>\n<p data-start=\"2144\" data-end=\"2214\">Dla ochrony pompy i wyd\u0142u\u017cenia jej \u017cywotno\u015bci zaleca si\u0119 stosowanie:<\/p>\n<ul data-start=\"2215\" data-end=\"2598\">\n<li data-start=\"2215\" data-end=\"2269\">\n<p data-start=\"2217\" data-end=\"2269\">kontrolera M21 \u2013 zabezpieczenie przed suchobiegiem<\/p>\n<\/li>\n<li data-start=\"2270\" data-end=\"2351\">\n<p data-start=\"2272\" data-end=\"2351\">sterownika PROTO X \u2013 ochrona przed wahaniami napi\u0119cia i zablokowaniem wirnika<\/p>\n<\/li>\n<li data-start=\"2352\" data-end=\"2401\">\n<p data-start=\"2354\" data-end=\"2401\">stalowej linki \u2013 bezpieczne zawieszenie pompy<\/p>\n<\/li>\n<li data-start=\"2402\" data-end=\"2458\">\n<p data-start=\"2404\" data-end=\"2458\">g\u0142owicy do studni \u2013 ochrona przed zanieczyszczeniami<\/p>\n<\/li>\n<li data-start=\"2459\" data-end=\"2528\">\n<p data-start=\"2461\" data-end=\"2528\">centralizatora \/ amortyzatora momentu obrotowego \u2013 redukcja drga\u0144<\/p>\n<\/li>\n<li data-start=\"2529\" data-end=\"2598\">\n<p data-start=\"2531\" data-end=\"2598\">zbiornika hydroforowego lub automatu PC P10 \u2013 automatyzacja pracy<\/p>\n<\/li>\n<\/ul>\n<h3 data-start=\"2600\" data-end=\"2621\">\ud83d\udce6 Podsumowanie<\/h3>\n<p data-start=\"2622\" data-end=\"2886\">IBO 3,5\u2033 SCM 3\u201125 (1,8 kW, 230 V) to wydajna, trwa\u0142a i kompaktowa pompa g\u0142\u0119binowa, przystosowana do wody pitnej oraz wymagaj\u0105cych instalacji domowych, ogrodowych, gastronomicznych i przemys\u0142owych. Zapewnia wysok\u0105 efektywno\u015b\u0107, stabiln\u0105 prac\u0119 i d\u0142ug\u0105 \u017cywotno\u015b\u0107 \u2699\ufe0f\ud83d\udca7.<\/p>\n","protected":false},"excerpt":{"rendered":"<p><strong>IBO 3,5\u2033 SCM 3\u201125 (1,8 kW, 230 V) to bardzo wydajna, wielostopniowa pompa g\u0142\u0119binowa o \u015brednicy 90 mm, przeznaczona do studni wierconych, kr\u0119gowych oraz zbiornik\u00f3w wolnostoj\u0105cych. Osi\u0105ga wydajno\u015b\u0107 do 120 l\/min i wysoko\u015b\u0107 podnoszenia 108 m, a dzi\u0119ki zastosowaniu stali nierdzewnej i nietoksycznego oleju w silniku doskonale nadaje si\u0119 do wody pitnej, instalacji domowych, ogrodowych, gastronomicznych i przemys\u0142owych.<\/strong><\/p>\n","protected":false},"featured_media":4665,"template":"","meta":{"_kad_blocks_custom_css":"","_kad_blocks_head_custom_js":"","_kad_blocks_body_custom_js":"","_kad_blocks_footer_custom_js":"","_kad_post_transparent":"default","_kad_post_title":"","_kad_post_layout":"default","_kad_post_sidebar_id":"","_kad_post_content_style":"default","_kad_post_vertical_padding":"default","_kad_post_feature":"","_kad_post_feature_position":"","_kad_post_header":false,"_kad_post_footer":false,"_kad_post_classname":""},"product_brand":[120],"product_cat":[254],"product_tag":[],"class_list":{"0":"post-4656","1":"product","2":"type-product","3":"status-publish","4":"has-post-thumbnail","6":"product_brand-ibo","7":"product_cat-pompy-glebinowe","8":"product_shipping_class-drobnica","10":"first","11":"instock","12":"taxable","13":"shipping-taxable","14":"purchasable","15":"product-type-simple","16":"entry","17":"content-bg","18":"loop-entry"},"taxonomy_info":{"product_brand":[{"value":120,"label":"Ibo"}],"product_cat":[{"value":254,"label":"Pompy g\u0142\u0119binowe"}]},"featured_image_src_large":["https:\/\/e-systemygrzewcze.eu\/sklep\/wp-content\/uploads\/2025\/08\/Nowy-projekt-2025-08-21T135106.873.jpg",510,578,false],"author_info":[],"comment_info":"","_links":{"self":[{"href":"https:\/\/e-systemygrzewcze.eu\/sklep\/wp-json\/wp\/v2\/product\/4656","targetHints":{"allow":["GET"]}}],"collection":[{"href":"https:\/\/e-systemygrzewcze.eu\/sklep\/wp-json\/wp\/v2\/product"}],"about":[{"href":"https:\/\/e-systemygrzewcze.eu\/sklep\/wp-json\/wp\/v2\/types\/product"}],"wp:featuredmedia":[{"embeddable":true,"href":"https:\/\/e-systemygrzewcze.eu\/sklep\/wp-json\/wp\/v2\/media\/4665"}],"wp:attachment":[{"href":"https:\/\/e-systemygrzewcze.eu\/sklep\/wp-json\/wp\/v2\/media?parent=4656"}],"wp:term":[{"taxonomy":"product_brand","embeddable":true,"href":"https:\/\/e-systemygrzewcze.eu\/sklep\/wp-json\/wp\/v2\/product_brand?post=4656"},{"taxonomy":"product_cat","embeddable":true,"href":"https:\/\/e-systemygrzewcze.eu\/sklep\/wp-json\/wp\/v2\/product_cat?post=4656"},{"taxonomy":"product_tag","embeddable":true,"href":"https:\/\/e-systemygrzewcze.eu\/sklep\/wp-json\/wp\/v2\/product_tag?post=4656"}],"curies":[{"name":"wp","href":"https:\/\/api.w.org\/{rel}","templated":true}]}}