{"id":4594,"date":"2025-08-20T08:58:59","date_gmt":"2025-08-20T08:58:59","guid":{"rendered":"https:\/\/e-systemygrzewcze.eu\/sklep\/produkt\/skrzynka-do-zasuw-wodnych-140-tworzywo-h-270mm\/"},"modified":"2026-04-02T08:48:57","modified_gmt":"2026-04-02T08:48:57","slug":"skrzynka-do-zasuw-wodnych-140-tworzywo-h-270mm","status":"publish","type":"product","link":"https:\/\/e-systemygrzewcze.eu\/sklep\/produkt\/skrzynka-do-zasuw-wodnych-140-tworzywo-h-270mm\/","title":{"rendered":"Skrzynka do zasuw wodnych 140  tworzywo H-270mm"},"content":{"rendered":"","protected":false},"excerpt":{"rendered":"<p><strong>Skrzynka do zasuw wodnych 140 z tworzywa o wysoko\u015bci 270 mm to trwa\u0142y element chroni\u0105cy armatur\u0119 wodoci\u0105gow\u0105. Zapewnia \u0142atwy dost\u0119p do zasuw oraz odporno\u015b\u0107 na warunki atmosferyczne i uszkodzenia mechaniczne.<\/strong><\/p>\n","protected":false},"featured_media":4601,"template":"","meta":{"_kad_blocks_custom_css":"","_kad_blocks_head_custom_js":"","_kad_blocks_body_custom_js":"","_kad_blocks_footer_custom_js":"","_kad_post_transparent":"default","_kad_post_title":"","_kad_post_layout":"default","_kad_post_sidebar_id":"","_kad_post_content_style":"default","_kad_post_vertical_padding":"default","_kad_post_feature":"","_kad_post_feature_position":"","_kad_post_header":false,"_kad_post_footer":false,"_kad_post_classname":""},"product_brand":[],"product_cat":[326],"product_tag":[],"class_list":{"0":"post-4594","1":"product","2":"type-product","3":"status-publish","4":"has-post-thumbnail","6":"product_cat-zasuwy-wodne","7":"product_shipping_class-drobnica","9":"first","10":"instock","11":"taxable","12":"shipping-taxable","13":"purchasable","14":"product-type-simple","15":"entry","16":"content-bg","17":"loop-entry"},"taxonomy_info":{"product_cat":[{"value":326,"label":"Zasuwy wodne"}]},"featured_image_src_large":["https:\/\/e-systemygrzewcze.eu\/sklep\/wp-content\/uploads\/2025\/08\/Nowy-projekt-2025-08-20T110309.812.jpg",510,578,false],"author_info":[],"comment_info":"","_links":{"self":[{"href":"https:\/\/e-systemygrzewcze.eu\/sklep\/wp-json\/wp\/v2\/product\/4594","targetHints":{"allow":["GET"]}}],"collection":[{"href":"https:\/\/e-systemygrzewcze.eu\/sklep\/wp-json\/wp\/v2\/product"}],"about":[{"href":"https:\/\/e-systemygrzewcze.eu\/sklep\/wp-json\/wp\/v2\/types\/product"}],"wp:featuredmedia":[{"embeddable":true,"href":"https:\/\/e-systemygrzewcze.eu\/sklep\/wp-json\/wp\/v2\/media\/4601"}],"wp:attachment":[{"href":"https:\/\/e-systemygrzewcze.eu\/sklep\/wp-json\/wp\/v2\/media?parent=4594"}],"wp:term":[{"taxonomy":"product_brand","embeddable":true,"href":"https:\/\/e-systemygrzewcze.eu\/sklep\/wp-json\/wp\/v2\/product_brand?post=4594"},{"taxonomy":"product_cat","embeddable":true,"href":"https:\/\/e-systemygrzewcze.eu\/sklep\/wp-json\/wp\/v2\/product_cat?post=4594"},{"taxonomy":"product_tag","embeddable":true,"href":"https:\/\/e-systemygrzewcze.eu\/sklep\/wp-json\/wp\/v2\/product_tag?post=4594"}],"curies":[{"name":"wp","href":"https:\/\/api.w.org\/{rel}","templated":true}]}}