{"id":4588,"date":"2025-08-20T07:51:48","date_gmt":"2025-08-20T07:51:48","guid":{"rendered":"https:\/\/e-systemygrzewcze.eu\/sklep\/produkt\/srodek-poslizgowy-do-montazu-rur-pcv-250g\/"},"modified":"2026-03-30T10:26:53","modified_gmt":"2026-03-30T10:26:53","slug":"srodek-poslizgowy-do-montazu-rur-pcv-250g","status":"publish","type":"product","link":"https:\/\/e-systemygrzewcze.eu\/sklep\/produkt\/srodek-poslizgowy-do-montazu-rur-pcv-250g\/","title":{"rendered":"\u015arodek po\u015blizgowy do monta\u017cu rur PCV 250g"},"content":{"rendered":"<h2 data-start=\"100\" data-end=\"148\">\u00a0\u015arodek po\u015blizgowy 250 g SLIDER ARMAKAN<\/h2>\n<p data-start=\"150\" data-end=\"412\">\u015arodek po\u015blizgowy <strong data-start=\"168\" data-end=\"186\">SLIDER ARMAKAN<\/strong> to profesjonalny preparat przeznaczony do <strong data-start=\"229\" data-end=\"277\">monta\u017cu rur i kszta\u0142tek z tworzyw sztucznych<\/strong>. Znacz\u0105co redukuje op\u00f3r podczas wsuwania element\u00f3w, co przek\u0142ada si\u0119 na <strong data-start=\"350\" data-end=\"409\">szybszy, \u0142atwiejszy i bezpieczniejszy monta\u017c instalacji<\/strong>.<\/p>\n<p data-start=\"414\" data-end=\"652\">Preparat jest <strong data-start=\"428\" data-end=\"444\">mrozoodporny<\/strong>, <strong data-start=\"446\" data-end=\"471\">nie niszczy uszczelek<\/strong> oraz <strong data-start=\"477\" data-end=\"502\">wyd\u0142u\u017ca ich \u017cywotno\u015b\u0107<\/strong>. Mo\u017ce by\u0107 r\u00f3wnie\u017c stosowany podczas <strong data-start=\"539\" data-end=\"561\">demonta\u017cu po\u0142\u0105cze\u0144<\/strong>. Produkt posiada <strong data-start=\"579\" data-end=\"604\">atest higieniczny PZH<\/strong>, co potwierdza jego bezpiecze\u0144stwo u\u017cytkowania.<\/p>\n<hr data-start=\"654\" data-end=\"657\" \/>\n<h2 data-start=\"659\" data-end=\"686\">\u2705 Najwa\u017cniejsze zalety<\/h2>\n<ul data-start=\"688\" data-end=\"917\">\n<li data-start=\"688\" data-end=\"736\">\n<p data-start=\"690\" data-end=\"736\">U\u0142atwia monta\u017c i demonta\u017c rur oraz kszta\u0142tek<\/p>\n<\/li>\n<li data-start=\"737\" data-end=\"768\">\n<p data-start=\"739\" data-end=\"768\">Wyd\u0142u\u017ca \u017cywotno\u015b\u0107 uszczelek<\/p>\n<\/li>\n<li data-start=\"769\" data-end=\"818\">\n<p data-start=\"771\" data-end=\"818\">Bezpieczny dla uszczelek i tworzyw sztucznych<\/p>\n<\/li>\n<li data-start=\"819\" data-end=\"883\">\n<p data-start=\"821\" data-end=\"883\">Mrozoodporny \u2013 zachowuje w\u0142a\u015bciwo\u015bci w niskich temperaturach<\/p>\n<\/li>\n<li data-start=\"884\" data-end=\"917\">\n<p data-start=\"886\" data-end=\"917\">Posiada atest higieniczny PZH<\/p>\n<\/li>\n<\/ul>\n<hr data-start=\"919\" data-end=\"922\" \/>\n<h2 data-start=\"924\" data-end=\"947\">\ud83d\udcca Dane techniczne<\/h2>\n<ul data-start=\"949\" data-end=\"1208\">\n<li data-start=\"949\" data-end=\"979\">\n<p data-start=\"951\" data-end=\"979\"><strong data-start=\"951\" data-end=\"959\">Typ:<\/strong> \u015brodek po\u015blizgowy<\/p>\n<\/li>\n<li data-start=\"980\" data-end=\"1040\">\n<p data-start=\"982\" data-end=\"1040\"><strong data-start=\"982\" data-end=\"1000\">Przeznaczenie:<\/strong> rury i kszta\u0142tki z tworzyw sztucznych<\/p>\n<\/li>\n<li data-start=\"1041\" data-end=\"1065\">\n<p data-start=\"1043\" data-end=\"1065\"><strong data-start=\"1043\" data-end=\"1057\">Pojemno\u015b\u0107:<\/strong> 250 g<\/p>\n<\/li>\n<li data-start=\"1066\" data-end=\"1127\">\n<p data-start=\"1068\" data-end=\"1127\"><strong data-start=\"1068\" data-end=\"1084\">W\u0142a\u015bciwo\u015bci:<\/strong> mrozoodporny, nieszkodliwy dla uszczelek<\/p>\n<\/li>\n<li data-start=\"1128\" data-end=\"1208\">\n<p data-start=\"1130\" data-end=\"1208\"><strong data-start=\"1130\" data-end=\"1148\">Spos\u00f3b u\u017cycia:<\/strong> nak\u0142ada\u0107 na uszczelk\u0119 oraz bosy koniec rury lub kszta\u0142tki<\/p>\n<\/li>\n<\/ul>\n","protected":false},"excerpt":{"rendered":"<p><strong>\u015arodek po\u015blizgowy do monta\u017cu rur PCV 250g u\u0142atwia \u0142\u0105czenie rur i kszta\u0142tek, zmniejszaj\u0105c tarcie i ryzyko uszkodze\u0144. Zapewnia szczelne oraz trwa\u0142e po\u0142\u0105czenia w instalacjach kanalizacyjnych i wodnych.<\/strong><\/p>\n","protected":false},"featured_media":4592,"template":"","meta":{"_kad_blocks_custom_css":"","_kad_blocks_head_custom_js":"","_kad_blocks_body_custom_js":"","_kad_blocks_footer_custom_js":"","_kad_post_transparent":"default","_kad_post_title":"","_kad_post_layout":"default","_kad_post_sidebar_id":"","_kad_post_content_style":"default","_kad_post_vertical_padding":"default","_kad_post_feature":"","_kad_post_feature_position":"","_kad_post_header":false,"_kad_post_footer":false,"_kad_post_classname":""},"product_brand":[],"product_cat":[352],"product_tag":[],"class_list":{"0":"post-4588","1":"product","2":"type-product","3":"status-publish","4":"has-post-thumbnail","6":"product_cat-srodki-poslizgowe","7":"product_shipping_class-drobnica","9":"first","10":"instock","11":"taxable","12":"shipping-taxable","13":"purchasable","14":"product-type-simple","15":"entry","16":"content-bg","17":"loop-entry"},"taxonomy_info":{"product_cat":[{"value":352,"label":"\u015arodki po\u015blizgowe"}]},"featured_image_src_large":["https:\/\/e-systemygrzewcze.eu\/sklep\/wp-content\/uploads\/2025\/08\/Nowy-projekt-2025-08-20T100205.429.jpg",510,578,false],"author_info":[],"comment_info":"","_links":{"self":[{"href":"https:\/\/e-systemygrzewcze.eu\/sklep\/wp-json\/wp\/v2\/product\/4588","targetHints":{"allow":["GET"]}}],"collection":[{"href":"https:\/\/e-systemygrzewcze.eu\/sklep\/wp-json\/wp\/v2\/product"}],"about":[{"href":"https:\/\/e-systemygrzewcze.eu\/sklep\/wp-json\/wp\/v2\/types\/product"}],"wp:featuredmedia":[{"embeddable":true,"href":"https:\/\/e-systemygrzewcze.eu\/sklep\/wp-json\/wp\/v2\/media\/4592"}],"wp:attachment":[{"href":"https:\/\/e-systemygrzewcze.eu\/sklep\/wp-json\/wp\/v2\/media?parent=4588"}],"wp:term":[{"taxonomy":"product_brand","embeddable":true,"href":"https:\/\/e-systemygrzewcze.eu\/sklep\/wp-json\/wp\/v2\/product_brand?post=4588"},{"taxonomy":"product_cat","embeddable":true,"href":"https:\/\/e-systemygrzewcze.eu\/sklep\/wp-json\/wp\/v2\/product_cat?post=4588"},{"taxonomy":"product_tag","embeddable":true,"href":"https:\/\/e-systemygrzewcze.eu\/sklep\/wp-json\/wp\/v2\/product_tag?post=4588"}],"curies":[{"name":"wp","href":"https:\/\/api.w.org\/{rel}","templated":true}]}}