{"id":4587,"date":"2025-08-20T07:51:45","date_gmt":"2025-08-20T07:51:45","guid":{"rendered":"https:\/\/e-systemygrzewcze.eu\/sklep\/produkt\/glidex-srodek-poslizgowy-do-montazu-rur-pcv-400ml-spray\/"},"modified":"2026-03-30T10:23:05","modified_gmt":"2026-03-30T10:23:05","slug":"glidex-srodek-poslizgowy-do-montazu-rur-pcv-400ml-spray","status":"publish","type":"product","link":"https:\/\/e-systemygrzewcze.eu\/sklep\/produkt\/glidex-srodek-poslizgowy-do-montazu-rur-pcv-400ml-spray\/","title":{"rendered":"AGA-SIL \u015arodek po\u015blizgowy do monta\u017cu rur PCV 400ml Spray"},"content":{"rendered":"<h2 data-start=\"87\" data-end=\"135\">\u00a0AGA-SIL \u2013 \u015arodek po\u015blizgowy w aerozolu<\/h2>\n<p data-start=\"137\" data-end=\"422\"><strong data-start=\"137\" data-end=\"148\">AGA-SIL<\/strong> to uniwersalny \u015brodek po\u015blizgowy przeznaczony do rur i kszta\u0142tek kanalizacyjnych oraz do \u0142\u0105czenia element\u00f3w system\u00f3w rekuperacji. Preparat posiada w\u0142a\u015bciwo\u015bci <strong data-start=\"308\" data-end=\"334\">smaruj\u0105co-konserwuj\u0105ce<\/strong> i mo\u017ce by\u0107 stosowany do element\u00f3w <strong data-start=\"369\" data-end=\"419\">metalowych, gumowych oraz z tworzyw sztucznych<\/strong>.<\/p>\n<p data-start=\"424\" data-end=\"635\">Doskonale zmniejsza tarcie, zabezpiecza powierzchnie przed zu\u017cyciem oraz zapewnia d\u0142ugotrwa\u0142\u0105 ochron\u0119 przed czynnikami zewn\u0119trznymi. Preparat skutecznie wypiera wod\u0119, chroni przed korozj\u0105 i osadzaniem si\u0119 brudu.<\/p>\n<hr data-start=\"637\" data-end=\"640\" \/>\n<h2 data-start=\"642\" data-end=\"660\">\u2705 W\u0142a\u015bciwo\u015bci<\/h2>\n<ul data-start=\"662\" data-end=\"934\">\n<li data-start=\"662\" data-end=\"705\">\n<p data-start=\"664\" data-end=\"705\">Doskona\u0142e w\u0142a\u015bciwo\u015bci smarne i \u015blizgowe<\/p>\n<\/li>\n<li data-start=\"706\" data-end=\"756\">\n<p data-start=\"708\" data-end=\"756\">Odporno\u015b\u0107 temperaturowa od <strong data-start=\"735\" data-end=\"754\">-40\u00b0C do +250\u00b0C<\/strong><\/p>\n<\/li>\n<li data-start=\"757\" data-end=\"794\">\n<p data-start=\"759\" data-end=\"794\">Konserwuje spryskane powierzchnie<\/p>\n<\/li>\n<li data-start=\"795\" data-end=\"842\">\n<p data-start=\"797\" data-end=\"842\">Chroni przed korozj\u0105 i osadzaniem si\u0119 brudu<\/p>\n<\/li>\n<li data-start=\"843\" data-end=\"906\">\n<p data-start=\"845\" data-end=\"906\">Zabezpiecza przed wysychaniem, zamarzaniem i zlepianiem si\u0119<\/p>\n<\/li>\n<li data-start=\"907\" data-end=\"934\">\n<p data-start=\"909\" data-end=\"934\">Skutecznie wypiera wod\u0119<\/p>\n<\/li>\n<\/ul>\n<hr data-start=\"936\" data-end=\"939\" \/>\n<h2 data-start=\"941\" data-end=\"962\">\ud83d\udee0\ufe0f Zastosowanie<\/h2>\n<ul data-start=\"964\" data-end=\"1191\">\n<li data-start=\"964\" data-end=\"1002\">\n<p data-start=\"966\" data-end=\"1002\">U\u0142atwia monta\u017c rur i kszta\u0142tek PVC<\/p>\n<\/li>\n<li data-start=\"1003\" data-end=\"1047\">\n<p data-start=\"1005\" data-end=\"1047\">U\u0142atwia przeci\u0105ganie kabli elektrycznych<\/p>\n<\/li>\n<li data-start=\"1048\" data-end=\"1113\">\n<p data-start=\"1050\" data-end=\"1113\">Smarowanie uszczelek, \u0142a\u0144cuch\u00f3w, zawias\u00f3w, zamk\u00f3w i prowadnic<\/p>\n<\/li>\n<li data-start=\"1114\" data-end=\"1138\">\n<p data-start=\"1116\" data-end=\"1138\">Konserwacja narz\u0119dzi<\/p>\n<\/li>\n<li data-start=\"1139\" data-end=\"1191\">\n<p data-start=\"1141\" data-end=\"1191\">Likwidacja pisk\u00f3w i zgrzyt\u00f3w element\u00f3w ruchomych<\/p>\n<\/li>\n<\/ul>\n","protected":false},"excerpt":{"rendered":"<p><strong>AGA-SIL \u015brodek po\u015blizgowy w sprayu 400 ml to preparat u\u0142atwiaj\u0105cy monta\u017c rur PCV i uszczelek gumowych. Zmniejsza tarcie, zapewnia szczelno\u015b\u0107 po\u0142\u0105cze\u0144<\/strong><\/p>\n","protected":false},"featured_media":4590,"template":"","meta":{"_kad_blocks_custom_css":"","_kad_blocks_head_custom_js":"","_kad_blocks_body_custom_js":"","_kad_blocks_footer_custom_js":"","_kad_post_transparent":"default","_kad_post_title":"","_kad_post_layout":"default","_kad_post_sidebar_id":"","_kad_post_content_style":"default","_kad_post_vertical_padding":"default","_kad_post_feature":"","_kad_post_feature_position":"","_kad_post_header":false,"_kad_post_footer":false,"_kad_post_classname":""},"product_brand":[],"product_cat":[352],"product_tag":[],"class_list":{"0":"post-4587","1":"product","2":"type-product","3":"status-publish","4":"has-post-thumbnail","6":"product_cat-srodki-poslizgowe","7":"product_shipping_class-drobnica","9":"first","10":"instock","11":"taxable","12":"shipping-taxable","13":"purchasable","14":"product-type-simple","15":"entry","16":"content-bg","17":"loop-entry"},"taxonomy_info":{"product_cat":[{"value":352,"label":"\u015arodki po\u015blizgowe"}]},"featured_image_src_large":["https:\/\/e-systemygrzewcze.eu\/sklep\/wp-content\/uploads\/2025\/08\/Nowy-projekt-2025-08-20T095603.699.jpg",510,578,false],"author_info":[],"comment_info":"","_links":{"self":[{"href":"https:\/\/e-systemygrzewcze.eu\/sklep\/wp-json\/wp\/v2\/product\/4587","targetHints":{"allow":["GET"]}}],"collection":[{"href":"https:\/\/e-systemygrzewcze.eu\/sklep\/wp-json\/wp\/v2\/product"}],"about":[{"href":"https:\/\/e-systemygrzewcze.eu\/sklep\/wp-json\/wp\/v2\/types\/product"}],"wp:featuredmedia":[{"embeddable":true,"href":"https:\/\/e-systemygrzewcze.eu\/sklep\/wp-json\/wp\/v2\/media\/4590"}],"wp:attachment":[{"href":"https:\/\/e-systemygrzewcze.eu\/sklep\/wp-json\/wp\/v2\/media?parent=4587"}],"wp:term":[{"taxonomy":"product_brand","embeddable":true,"href":"https:\/\/e-systemygrzewcze.eu\/sklep\/wp-json\/wp\/v2\/product_brand?post=4587"},{"taxonomy":"product_cat","embeddable":true,"href":"https:\/\/e-systemygrzewcze.eu\/sklep\/wp-json\/wp\/v2\/product_cat?post=4587"},{"taxonomy":"product_tag","embeddable":true,"href":"https:\/\/e-systemygrzewcze.eu\/sklep\/wp-json\/wp\/v2\/product_tag?post=4587"}],"curies":[{"name":"wp","href":"https:\/\/api.w.org\/{rel}","templated":true}]}}