{"id":4275,"date":"2025-08-09T09:56:56","date_gmt":"2025-08-09T09:56:56","guid":{"rendered":"https:\/\/e-systemygrzewcze.eu\/sklep\/produkt\/hydraulik-srodek-do-udrazniania-rur-kanalizacji-1l\/"},"modified":"2026-03-30T14:12:12","modified_gmt":"2026-03-30T14:12:12","slug":"hydraulik-srodek-do-udrazniania-rur-kanalizacji-1l","status":"publish","type":"product","link":"https:\/\/e-systemygrzewcze.eu\/sklep\/produkt\/hydraulik-srodek-do-udrazniania-rur-kanalizacji-1l\/","title":{"rendered":"HYDRAULIK \u015arodek do udra\u017cniania rur kanalizacji 1L"},"content":{"rendered":"<h2 data-start=\"173\" data-end=\"242\">Hydraulik \u2013 wysoce skuteczny \u015brodek do udra\u017cniania rur w p\u0142ynie \ud83d\udeb0<\/h2>\n<p data-start=\"267\" data-end=\"658\">Hydraulik to bardzo mocny, wysoce skuteczny \u015brodek do udra\u017cniania rur, przeznaczony do szybkiego usuwania zator\u00f3w w instalacjach kanalizacyjnych, \u015bciekowych i odp\u0142ywowych. Preparat radzi sobie z t\u0142uszczem, odpadami kuchennymi, w\u0142osami, papierem, \u015brodkami higieny intymnej i innymi zanieczyszczeniami \ud83c\udf3f. Mo\u017ce by\u0107 stosowany zar\u00f3wno profilaktycznie, jak i w przypadku ju\u017c powsta\u0142ych problem\u00f3w.<\/p>\n<hr data-start=\"660\" data-end=\"663\" \/>\n<h3 data-start=\"665\" data-end=\"698\">\u2699\ufe0f Dzia\u0142anie i zastosowanie<\/h3>\n<p data-start=\"699\" data-end=\"888\">Hydraulik b\u0142yskawicznie rozpuszcza i usuwa zatory, przywracaj\u0105c dro\u017cno\u015b\u0107 rur. Produkt jest bio-degradowalny i bardzo wydajny, co pozwala na skuteczn\u0105 konserwacj\u0119 system\u00f3w kanalizacyjnych.<\/p>\n<p data-start=\"890\" data-end=\"909\"><strong data-start=\"890\" data-end=\"907\">Zastosowanie:<\/strong><\/p>\n<ul data-start=\"910\" data-end=\"1045\">\n<li data-start=\"910\" data-end=\"953\">\n<p data-start=\"912\" data-end=\"953\">muszle klozetowe, pisuary, umywalki \ud83c\udfe0,<\/p>\n<\/li>\n<li data-start=\"954\" data-end=\"989\">\n<p data-start=\"956\" data-end=\"989\">odp\u0142ywy do szamb i kanalizacji,<\/p>\n<\/li>\n<li data-start=\"990\" data-end=\"1045\">\n<p data-start=\"992\" data-end=\"1045\">profilaktyczne stosowanie przed powstawaniem zator\u00f3w.<\/p>\n<\/li>\n<\/ul>\n<p data-start=\"1047\" data-end=\"1067\"><strong data-start=\"1047\" data-end=\"1065\">Spos\u00f3b u\u017cycia:<\/strong><\/p>\n<ol data-start=\"1068\" data-end=\"1338\">\n<li data-start=\"1068\" data-end=\"1127\">\n<p data-start=\"1071\" data-end=\"1127\">Za\u0142\u00f3\u017c odpowiedni sprz\u0119t ochronny \u2013 r\u0119kawice i okulary.<\/p>\n<\/li>\n<li data-start=\"1128\" data-end=\"1177\">\n<p data-start=\"1131\" data-end=\"1177\">W miar\u0119 mo\u017cliwo\u015bci usu\u0144 wod\u0119 z odp\u0142ywu rury.<\/p>\n<\/li>\n<li data-start=\"1178\" data-end=\"1247\">\n<p data-start=\"1181\" data-end=\"1247\">Ostro\u017cnie wlej Hydraulik do zapchanego lub zabrudzonego odp\u0142ywu.<\/p>\n<\/li>\n<li data-start=\"1248\" data-end=\"1338\">\n<p data-start=\"1251\" data-end=\"1338\">Pozw\u00f3l dzia\u0142a\u0107 kilka minut, nast\u0119pnie obficie sp\u0142ucz wod\u0105, usuwaj\u0105c resztki produktu.<\/p>\n<\/li>\n<\/ol>\n<p data-start=\"1340\" data-end=\"1512\"><strong data-start=\"1340\" data-end=\"1350\">Uwaga:<\/strong><br data-start=\"1350\" data-end=\"1353\" \/>Nie stosowa\u0107 z innymi \u015brodkami chemicznymi ani nie rozcie\u0144cza\u0107. Nie u\u017cywa\u0107 w instalacjach z materia\u0142\u00f3w wra\u017cliwych na kwasy, takich jak aluminium czy chrom \ud83d\udee1\ufe0f.<\/p>\n<hr data-start=\"1514\" data-end=\"1517\" \/>\n<h3 data-start=\"1519\" data-end=\"1543\">\ud83d\udccb Dane techniczne<\/h3>\n<ul data-start=\"1544\" data-end=\"1854\">\n<li data-start=\"1544\" data-end=\"1576\">\n<p data-start=\"1546\" data-end=\"1576\"><strong data-start=\"1546\" data-end=\"1564\">Model \/ seria:<\/strong> Hydraulik<\/p>\n<\/li>\n<li data-start=\"1577\" data-end=\"1597\">\n<p data-start=\"1579\" data-end=\"1597\"><strong data-start=\"1579\" data-end=\"1590\">Posta\u0107:<\/strong> p\u0142yn<\/p>\n<\/li>\n<li data-start=\"1598\" data-end=\"1691\">\n<p data-start=\"1600\" data-end=\"1691\"><strong data-start=\"1600\" data-end=\"1618\">Przeznaczenie:<\/strong> udra\u017cnianie rur kanalizacyjnych, odp\u0142yw\u00f3w, muszli WC, pisuar\u00f3w i szamb<\/p>\n<\/li>\n<li data-start=\"1692\" data-end=\"1746\">\n<p data-start=\"1694\" data-end=\"1746\"><strong data-start=\"1694\" data-end=\"1712\">Typ dzia\u0142ania:<\/strong> chemiczne rozpuszczanie zator\u00f3w<\/p>\n<\/li>\n<li data-start=\"1747\" data-end=\"1854\">\n<p data-start=\"1749\" data-end=\"1854\"><strong data-start=\"1749\" data-end=\"1779\">Bezpiecze\u0144stwo instalacji:<\/strong> nie stosowa\u0107 na aluminium, chrom ani inne materia\u0142y wra\u017cliwe na kwas \ud83d\udee1\ufe0f<\/p>\n<\/li>\n<\/ul>\n<p>&nbsp;<\/p>\n","protected":false},"excerpt":{"rendered":"<p><strong>Hydraulik to wysoce skuteczny p\u0142yn do udra\u017cniania rur i odp\u0142yw\u00f3w, dzia\u0142aj\u0105cy b\u0142yskawicznie na t\u0142uszcz, w\u0142osy, papier i inne zanieczyszczenia. Idealny do muszli WC, pisuar\u00f3w, umywalek oraz odp\u0142yw\u00f3w do szamb. Doskona\u0142y do stosowania profilaktycznego i w przypadku ju\u017c powsta\u0142ych zator\u00f3w.<\/strong><\/p>\n","protected":false},"featured_media":4281,"template":"","meta":{"_kad_blocks_custom_css":"","_kad_blocks_head_custom_js":"","_kad_blocks_body_custom_js":"","_kad_blocks_footer_custom_js":"","_kad_post_transparent":"default","_kad_post_title":"","_kad_post_layout":"default","_kad_post_sidebar_id":"","_kad_post_content_style":"default","_kad_post_vertical_padding":"default","_kad_post_feature":"","_kad_post_feature_position":"","_kad_post_header":false,"_kad_post_footer":false,"_kad_post_classname":""},"product_brand":[373],"product_cat":[292],"product_tag":[],"class_list":{"0":"post-4275","1":"product","2":"type-product","3":"status-publish","4":"has-post-thumbnail","6":"product_brand-normatek","7":"product_cat-chemia","8":"product_shipping_class-drobnica","10":"first","11":"instock","12":"taxable","13":"shipping-taxable","14":"purchasable","15":"product-type-simple","16":"entry","17":"content-bg","18":"loop-entry"},"taxonomy_info":{"product_brand":[{"value":373,"label":"Normatek"}],"product_cat":[{"value":292,"label":"Chemia do instalacji kanalizacyjnej"}]},"featured_image_src_large":["https:\/\/e-systemygrzewcze.eu\/sklep\/wp-content\/uploads\/2025\/08\/Nowy-projekt-2025-08-09T121105.089.jpg",510,578,false],"author_info":[],"comment_info":"","_links":{"self":[{"href":"https:\/\/e-systemygrzewcze.eu\/sklep\/wp-json\/wp\/v2\/product\/4275","targetHints":{"allow":["GET"]}}],"collection":[{"href":"https:\/\/e-systemygrzewcze.eu\/sklep\/wp-json\/wp\/v2\/product"}],"about":[{"href":"https:\/\/e-systemygrzewcze.eu\/sklep\/wp-json\/wp\/v2\/types\/product"}],"wp:featuredmedia":[{"embeddable":true,"href":"https:\/\/e-systemygrzewcze.eu\/sklep\/wp-json\/wp\/v2\/media\/4281"}],"wp:attachment":[{"href":"https:\/\/e-systemygrzewcze.eu\/sklep\/wp-json\/wp\/v2\/media?parent=4275"}],"wp:term":[{"taxonomy":"product_brand","embeddable":true,"href":"https:\/\/e-systemygrzewcze.eu\/sklep\/wp-json\/wp\/v2\/product_brand?post=4275"},{"taxonomy":"product_cat","embeddable":true,"href":"https:\/\/e-systemygrzewcze.eu\/sklep\/wp-json\/wp\/v2\/product_cat?post=4275"},{"taxonomy":"product_tag","embeddable":true,"href":"https:\/\/e-systemygrzewcze.eu\/sklep\/wp-json\/wp\/v2\/product_tag?post=4275"}],"curies":[{"name":"wp","href":"https:\/\/api.w.org\/{rel}","templated":true}]}}