{"id":4236,"date":"2025-08-09T06:28:38","date_gmt":"2025-08-09T06:28:38","guid":{"rendered":"https:\/\/e-systemygrzewcze.eu\/sklep\/produkt\/elektromet-ogrzewacz-elektryczny-venus-120l-013-12-211-p-prawy\/"},"modified":"2026-03-30T10:18:37","modified_gmt":"2026-03-30T10:18:37","slug":"elektromet-ogrzewacz-elektryczny-venus-120l-013-12-211-p-prawy","status":"publish","type":"product","link":"https:\/\/e-systemygrzewcze.eu\/sklep\/produkt\/elektromet-ogrzewacz-elektryczny-venus-120l-013-12-211-p-prawy\/","title":{"rendered":"ELEKTROMET Ogrzewacz elektryczny Venus 120L 013-12-211\/P prawy"},"content":{"rendered":"<h2 data-start=\"156\" data-end=\"242\"><strong data-start=\"156\" data-end=\"238\">ELEKTROMET Ogrzewacz elektryczny CWU \u2013 120 l, model Venus 013-12-211\/P (prawy)<\/strong> \u26a1\ud83d\udca7<\/h2>\n<h2 data-start=\"244\" data-end=\"262\">Opis produktu<\/h2>\n<p data-start=\"263\" data-end=\"641\">ELEKTROMET Venus 013-12-211\/P to <strong data-start=\"296\" data-end=\"360\">elektryczny ogrzewacz wody u\u017cytkowej o pojemno\u015bci 120 litr\u00f3w<\/strong>, stworzony z my\u015bl\u0105 o domach, mieszkaniach, \u0142azienkach i kuchniach, gdzie wa\u017cny jest komfortowy i stabilny dost\u0119p do ciep\u0142ej wody. Wersja \u201eprawy\u201d oznacza, \u017ce przy\u0142\u0105cza znajduj\u0105 si\u0119 po prawej stronie, co u\u0142atwia dopasowanie instalacji wzgl\u0119dem uk\u0142adu hydraulicznego w pomieszczeniu.<\/p>\n<p data-start=\"643\" data-end=\"945\">Dzi\u0119ki wbudowanej grza\u0142ce elektrycznej, solidnej konstrukcji stalowej i skutecznej izolacji termicznej, ogrzewacz oferuje szybkie nagrzewanie wody, minimalne straty ciep\u0142a oraz energooszcz\u0119dn\u0105 prac\u0119. Venus 120\u202fL to \u015bwietne rozwi\u0105zanie do standardowego zu\u017cycia CWU \u2014 proste, niezawodne i komfortowe \u26a1\ud83d\udd25.<\/p>\n<hr data-start=\"947\" data-end=\"950\" \/>\n<h2 data-start=\"952\" data-end=\"969\">Zastosowanie<\/h2>\n<ul data-start=\"970\" data-end=\"1186\">\n<li data-start=\"970\" data-end=\"1024\">\n<p data-start=\"972\" data-end=\"1024\">Domy jednorodzinne, mieszkania, \u0142azienki i kuchnie<\/p>\n<\/li>\n<li data-start=\"1025\" data-end=\"1075\">\n<p data-start=\"1027\" data-end=\"1075\">Obiekty us\u0142ugowe, domki rekreacyjne, warsztaty<\/p>\n<\/li>\n<li data-start=\"1076\" data-end=\"1116\">\n<p data-start=\"1078\" data-end=\"1116\">Instalacje CWU zasilane elektrycznie<\/p>\n<\/li>\n<li data-start=\"1117\" data-end=\"1186\">\n<p data-start=\"1119\" data-end=\"1186\">Gospodarstwa domowe wymagaj\u0105ce stabilnego dost\u0119pu do ciep\u0142ej wody<\/p>\n<\/li>\n<\/ul>\n<hr data-start=\"1188\" data-end=\"1191\" \/>\n<h2 data-start=\"1193\" data-end=\"1213\">Zalety produktu<\/h2>\n<ul data-start=\"1214\" data-end=\"1754\">\n<li data-start=\"1214\" data-end=\"1293\">\n<p data-start=\"1216\" data-end=\"1293\"><strong data-start=\"1216\" data-end=\"1235\">Pojemno\u015b\u0107 120\u202fl<\/strong> \u2013 wystarczaj\u0105ca dla \u015bredniego zapotrzebowania na CWU \u2699\ufe0f<\/p>\n<\/li>\n<li data-start=\"1294\" data-end=\"1407\">\n<p data-start=\"1296\" data-end=\"1407\"><strong data-start=\"1296\" data-end=\"1322\">Elektryczne ogrzewanie<\/strong> \u2013 \u0142atwa instalacja, brak konieczno\u015bci posiadania kot\u0142a czy innych \u017ar\u00f3de\u0142 ciep\u0142a \ud83d\udd27<\/p>\n<\/li>\n<li data-start=\"1408\" data-end=\"1506\">\n<p data-start=\"1410\" data-end=\"1506\"><strong data-start=\"1410\" data-end=\"1449\">Kompaktowa i estetyczna konstrukcja<\/strong> \u2013 \u0142atwy monta\u017c i integracja w \u0142azience lub kot\u0142owni \ud83c\udfe0<\/p>\n<\/li>\n<li data-start=\"1507\" data-end=\"1597\">\n<p data-start=\"1509\" data-end=\"1597\"><strong data-start=\"1509\" data-end=\"1531\">Izolacja termiczna<\/strong> \u2013 ogranicza straty ciep\u0142a, zwi\u0119ksza efektywno\u015b\u0107 energetyczn\u0105 \ud83d\udca7<\/p>\n<\/li>\n<li data-start=\"1598\" data-end=\"1707\">\n<p data-start=\"1600\" data-end=\"1707\"><strong data-start=\"1600\" data-end=\"1627\">Uk\u0142ad przy\u0142\u0105czy \u201eprawy\u201d<\/strong> \u2013 wi\u0119ksza elastyczno\u015b\u0107 przy dopasowaniu do uk\u0142adu instalacji hydraulicznej \ud83d\udd04<\/p>\n<\/li>\n<li data-start=\"1708\" data-end=\"1754\">\n<p data-start=\"1710\" data-end=\"1754\">Solidna konstrukcja i trwa\u0142o\u015b\u0107 na lata \ud83d\udee1\ufe0f<\/p>\n<\/li>\n<\/ul>\n<hr data-start=\"1756\" data-end=\"1759\" \/>\n<h2 data-start=\"1761\" data-end=\"1784\">Dane konstrukcyjne<\/h2>\n<ul data-start=\"1785\" data-end=\"1963\">\n<li data-start=\"1785\" data-end=\"1827\">\n<p data-start=\"1787\" data-end=\"1827\">Typ: pionowy ogrzewacz elektryczny CWU<\/p>\n<\/li>\n<li data-start=\"1828\" data-end=\"1848\">\n<p data-start=\"1830\" data-end=\"1848\">Pojemno\u015b\u0107: 120 l<\/p>\n<\/li>\n<li data-start=\"1849\" data-end=\"1881\">\n<p data-start=\"1851\" data-end=\"1881\">Medium: ciep\u0142a woda u\u017cytkowa<\/p>\n<\/li>\n<li data-start=\"1882\" data-end=\"1908\">\n<p data-start=\"1884\" data-end=\"1908\">Zasilanie: elektryczne<\/p>\n<\/li>\n<li data-start=\"1909\" data-end=\"1943\">\n<p data-start=\"1911\" data-end=\"1943\">Izolacja: fabryczna, termiczna<\/p>\n<\/li>\n<li data-start=\"1944\" data-end=\"1963\">\n<p data-start=\"1946\" data-end=\"1963\">Monta\u017c: pionowy<\/p>\n<\/li>\n<\/ul>\n<hr data-start=\"1965\" data-end=\"1968\" \/>\n<h2 data-start=\"1970\" data-end=\"2006\">Wymiary i masa <em data-start=\"1988\" data-end=\"2004\">(orientacyjne)<\/em><\/h2>\n<ul data-start=\"2007\" data-end=\"2109\">\n<li data-start=\"2007\" data-end=\"2027\">\n<p data-start=\"2009\" data-end=\"2027\">Pojemno\u015b\u0107: 120 l<\/p>\n<\/li>\n<li data-start=\"2028\" data-end=\"2056\">\n<p data-start=\"2030\" data-end=\"2056\">Wysoko\u015b\u0107: ok. 115\u2013135 cm<\/p>\n<\/li>\n<li data-start=\"2057\" data-end=\"2083\">\n<p data-start=\"2059\" data-end=\"2083\">\u015arednica: ok. 45\u201355 cm<\/p>\n<\/li>\n<li data-start=\"2084\" data-end=\"2109\">\n<p data-start=\"2086\" data-end=\"2109\">Masa: ok. 55\u201375 kg \ud83d\udce6<\/p>\n<\/li>\n<\/ul>\n<hr data-start=\"2111\" data-end=\"2114\" \/>\n<h2 data-start=\"2116\" data-end=\"2141\">Parametry techniczne<\/h2>\n<ul data-start=\"2142\" data-end=\"2319\">\n<li data-start=\"2142\" data-end=\"2167\">\n<p data-start=\"2144\" data-end=\"2167\">Producent: ELEKTROMET<\/p>\n<\/li>\n<li data-start=\"2168\" data-end=\"2197\">\n<p data-start=\"2170\" data-end=\"2197\">Model: Venus 013-12-211\/P<\/p>\n<\/li>\n<li data-start=\"2198\" data-end=\"2232\">\n<p data-start=\"2200\" data-end=\"2232\">Typ: elektryczny ogrzewacz CWU<\/p>\n<\/li>\n<li data-start=\"2233\" data-end=\"2253\">\n<p data-start=\"2235\" data-end=\"2253\">Pojemno\u015b\u0107: 120\u202fl<\/p>\n<\/li>\n<li data-start=\"2254\" data-end=\"2292\">\n<p data-start=\"2256\" data-end=\"2292\">\u0179r\u00f3d\u0142o ciep\u0142a: grza\u0142ka elektryczna<\/p>\n<\/li>\n<li data-start=\"2293\" data-end=\"2319\">\n<p data-start=\"2295\" data-end=\"2319\">Uk\u0142ad przy\u0142\u0105czy: prawy<\/p>\n<\/li>\n<\/ul>\n<hr data-start=\"2321\" data-end=\"2324\" \/>\n<h2 data-start=\"2326\" data-end=\"2343\">Podsumowanie<\/h2>\n<p data-start=\"2344\" data-end=\"2626\" data-is-last-node=\"\" data-is-only-node=\"\"><strong data-start=\"2344\" data-end=\"2383\">ELEKTROMET Venus 120\u202fL 013-12-211\/P<\/strong> to praktyczny i niezawodny ogrzewacz elektryczny, kt\u00f3ry zapewnia komfortowy dost\u0119p do ciep\u0142ej wody w domu lub mieszkaniu. Dzi\u0119ki pojemno\u015bci, izolacji i wygodnemu uk\u0142adowi przy\u0142\u0105czy \u2014 jest to solidny wyb\u00f3r dla standardowych instalacji CWU \u26a1\ud83d\udca7.<\/p>\n<table border=\"1\" cellspacing=\"1\" cellpadding=\"1\">\n<caption><strong>Parametry techniczne ogrzewacz<\/strong><\/caption>\n<tbody>\n<tr>\n<td colspan=\"2\"><strong>Typ ogrzewacza<\/strong><\/td>\n<td><strong>J.m.<\/strong><\/td>\n<td><strong>WJ\/W 80<\/strong><\/td>\n<td><strong>WJ\/W 100<\/strong><\/td>\n<td><strong>WJ\/W 120<\/strong><\/td>\n<td><strong>WJ\/W 140<\/strong><\/td>\n<\/tr>\n<tr>\n<td colspan=\"2\">Pojemno\u015b\u0107 magazynowa<\/td>\n<td>dm\u00b3<\/td>\n<td>68<\/td>\n<td>86<\/td>\n<td>112<\/td>\n<td>132<\/td>\n<\/tr>\n<tr>\n<td colspan=\"2\">Powierzchnia wymiany ciep\u0142a<\/td>\n<td>m\u00b2<\/td>\n<td>0,6<\/td>\n<td>0,6<\/td>\n<td>0,9<\/td>\n<td>0,9<\/td>\n<\/tr>\n<tr>\n<td colspan=\"2\">Pojemno\u015b\u0107 w\u0119\u017cownicy<\/td>\n<td>dm\u00b3<\/td>\n<td>2,8<\/td>\n<td>2,8<\/td>\n<td>5,7<\/td>\n<td>5,7<\/td>\n<\/tr>\n<tr>\n<td>Wydajno\u015b\u0107 c.w.u.*<\/td>\n<td>80\/10\/45\u00b0C<\/p>\n<p>70\/10\/45\u00b0C<\/p>\n<p>60\/10\/45\u00b0C<\/td>\n<td>dm\u00b3\/h<\/td>\n<td>440<\/p>\n<p>370<\/p>\n<p>260<\/td>\n<td>440<\/p>\n<p>370<\/p>\n<p>260<\/td>\n<td>550<\/p>\n<p>490<\/p>\n<p>330<\/td>\n<td>550<\/p>\n<p>490<\/p>\n<p>330<\/td>\n<\/tr>\n<tr>\n<td>Moc grzewcza w\u0119\u017cownicy*<\/td>\n<td>80\/10\/45\u00b0C<\/p>\n<p>70\/10\/45\u00b0C<\/p>\n<p>60\/10\/45\u00b0C<\/td>\n<td>kW<\/td>\n<td>18<\/p>\n<p>15<\/p>\n<p>10<\/td>\n<td>18<\/p>\n<p>15<\/p>\n<p>10<\/td>\n<td>25<\/p>\n<p>20<\/p>\n<p>14<\/td>\n<td>25<\/p>\n<p>20<\/p>\n<p>14<\/td>\n<\/tr>\n<tr>\n<td colspan=\"2\">Przep\u0142yw wody grzewczej w w\u0119\u017cownicy<\/td>\n<td>m\u00b3\/h<\/td>\n<td>1,5<\/td>\n<td>1,5<\/td>\n<td>1,5<\/td>\n<td>1,5<\/td>\n<\/tr>\n<tr>\n<td colspan=\"2\">Strata ci\u015bnienia<\/td>\n<td>mbar<\/td>\n<td>40<\/td>\n<td>40<\/td>\n<td>40<\/td>\n<td>40<\/td>\n<\/tr>\n<tr>\n<td colspan=\"2\">Czas nagrzewania dla \u0394t=50\u00b0C dla grza\u0142ki 1500 W<\/td>\n<td>h<\/td>\n<td>3,1<\/td>\n<td>3,9<\/td>\n<td>4,5<\/td>\n<td>5,1<\/td>\n<\/tr>\n<tr>\n<td colspan=\"2\">Klasa efektywno\u015bci energetycznej<\/td>\n<td><\/td>\n<td>C<\/td>\n<td>C<\/td>\n<td>C<\/td>\n<td>C<\/td>\n<\/tr>\n<tr>\n<td colspan=\"2\">Dzienne zu\u017cycie energii elektrycznej**<\/td>\n<td>kWh<\/td>\n<td>7,60<\/td>\n<td>7,64<\/td>\n<td>7,67<\/td>\n<td>7,71<\/td>\n<\/tr>\n<tr>\n<td colspan=\"2\">Profil obci\u0105\u017ce\u0144**<\/td>\n<td><\/td>\n<td>M<\/td>\n<td>M<\/td>\n<td>M<\/td>\n<td>L<\/td>\n<\/tr>\n<tr>\n<td colspan=\"2\">Poziom mocy akustycznej**<\/td>\n<td>dB<\/td>\n<td>15<\/td>\n<td>15<\/td>\n<td>15<\/td>\n<td>15<\/td>\n<\/tr>\n<tr>\n<td colspan=\"2\">Ilo\u015b\u0107 wody mieszanej o temp. 40\u00b0C**<\/td>\n<td>dm\u00b3<\/td>\n<td>110<\/td>\n<td>142<\/td>\n<td>185<\/td>\n<td>220<\/td>\n<\/tr>\n<tr>\n<td colspan=\"2\">Efektywno\u015b\u0107 energetyczna**<\/td>\n<td>%<\/td>\n<td>37<\/td>\n<td>36<\/td>\n<td>36<\/td>\n<td>37<\/td>\n<\/tr>\n<tr>\n<td colspan=\"2\">Parametry pracy zbiornika<\/td>\n<td colspan=\"5\" rowspan=\"1\">Pmax = 0,6 MPa; Tmax = 80\u00b0C<\/td>\n<\/tr>\n<tr>\n<td colspan=\"2\">Parametry czynnika grzewczego<\/td>\n<td colspan=\"5\" rowspan=\"1\">Pmax = 0,6 MPa; Tmax = 100\u00b0C<\/td>\n<\/tr>\n<\/tbody>\n<\/table>\n<table border=\"1\" cellspacing=\"1\" cellpadding=\"1\">\n<caption><strong>Wymiary gabarytowe i przy\u0142\u0105czenie ogrzewaczy<\/strong><\/caption>\n<tbody>\n<tr>\n<td><strong>Typ<\/strong><\/td>\n<td><strong>J.m.<\/strong><\/td>\n<td><strong>WJ\/W 80<\/strong><\/td>\n<td><strong>WJ\/W 100<\/strong><\/td>\n<td><strong>WJ\/W 120<\/strong><\/td>\n<td><strong>WJ\/W 140<\/strong><\/td>\n<\/tr>\n<tr>\n<td>D<\/td>\n<td>mm<\/td>\n<td>430<\/td>\n<td>430<\/td>\n<td>455<\/td>\n<td>455<\/td>\n<\/tr>\n<tr>\n<td>H<\/td>\n<td>mm<\/td>\n<td>960<\/td>\n<td>1150<\/td>\n<td>1190<\/td>\n<td>1360<\/td>\n<\/tr>\n<tr>\n<td>R<\/td>\n<td>mm<\/td>\n<td>125<\/td>\n<td>125<\/td>\n<td>125<\/td>\n<td>125<\/td>\n<\/tr>\n<tr>\n<td>E<\/td>\n<td>mm<\/td>\n<td>450<\/td>\n<td>450<\/td>\n<td>475<\/td>\n<td>475<\/td>\n<\/tr>\n<tr>\n<td>G<\/td>\n<td>mm<\/td>\n<td>135<\/td>\n<td>135<\/td>\n<td>170<\/td>\n<td>170<\/td>\n<\/tr>\n<tr>\n<td>F<\/td>\n<td>mm<\/td>\n<td>625<\/td>\n<td>815<\/td>\n<td>710<\/td>\n<td>870<\/td>\n<\/tr>\n<tr>\n<td>I<\/td>\n<td>mm<\/td>\n<td>100<\/td>\n<td>100<\/td>\n<td>135<\/td>\n<td>135<\/td>\n<\/tr>\n<tr>\n<td>Kr\u00f3ciec c.w.u.<\/td>\n<td><\/td>\n<td>\u00bd&#8221;<\/td>\n<td>\u00bd&#8221;<\/td>\n<td>\u00bd&#8221;<\/td>\n<td>\u00bd&#8221;<\/td>\n<\/tr>\n<tr>\n<td>Kr\u00f3ciec w\u0119\u017cownicy<\/td>\n<td><\/td>\n<td>\u00bd&#8221;<\/td>\n<td>\u00bd&#8221;<\/td>\n<td>1&#8243;<\/td>\n<td>1&#8243;<\/td>\n<\/tr>\n<tr>\n<td>Kr\u00f3ciec czujnika temp.<\/td>\n<td><\/td>\n<td>\u00bd&#8221;<\/td>\n<td>\u00bd&#8221;<\/td>\n<td>\u00bd&#8221;<\/td>\n<td>\u00bd&#8221;<\/td>\n<\/tr>\n<tr>\n<td>Kr\u00f3ciec cyrkulacji<\/td>\n<td><\/td>\n<td>\u00bd&#8221;<\/td>\n<td>\u00bd&#8221;<\/td>\n<td>\u00be&#8221;<\/td>\n<td>\u00be&#8221;<\/td>\n<\/tr>\n<tr>\n<td>Wymiary anody magnezowej<\/td>\n<td>nr:<\/td>\n<td>761-25-225<\/td>\n<td>761-25-300<\/td>\n<td>761-30-200<\/td>\n<td>761-30-270<\/td>\n<\/tr>\n<tr>\n<td>Masa ogrzewacza bez wody<\/td>\n<td>kg<\/td>\n<td>52<\/td>\n<td>67<\/td>\n<td>70<\/td>\n<td>73<\/td>\n<\/tr>\n<\/tbody>\n<\/table>\n<p><img decoding=\"async\" class=\"aligncenter\" src=\"https:\/\/elektromet.pl\/a\/userfiles\/cke\/Polski\/VENUS%20plus.jpg\" \/><\/p>\n","protected":false},"excerpt":{"rendered":"<p><strong>Elektryczny ogrzewacz Elektromet Venus 120L (013-12-211\/P, prawy) to pojemne i wydajne urz\u0105dzenie, idealne dla wi\u0119kszych gospodarstw domowych. Zapewnia szybkie i niezawodne podgrzewanie wody, gwarantuj\u0105c komfort codziennego u\u017cytkowania.<\/strong><\/p>\n","protected":false},"featured_media":4262,"template":"","meta":{"_kad_blocks_custom_css":"","_kad_blocks_head_custom_js":"","_kad_blocks_body_custom_js":"","_kad_blocks_footer_custom_js":"","_kad_post_transparent":"default","_kad_post_title":"","_kad_post_layout":"default","_kad_post_sidebar_id":"","_kad_post_content_style":"default","_kad_post_vertical_padding":"default","_kad_post_feature":"","_kad_post_feature_position":"","_kad_post_header":false,"_kad_post_footer":false,"_kad_post_classname":""},"product_brand":[133],"product_cat":[235],"product_tag":[],"class_list":{"0":"post-4236","1":"product","2":"type-product","3":"status-publish","4":"has-post-thumbnail","6":"product_brand-elektromet","7":"product_cat-ogrzewacze-elektryczne","8":"product_shipping_class-paleta_700","10":"first","11":"instock","12":"taxable","13":"shipping-taxable","14":"purchasable","15":"product-type-simple","16":"entry","17":"content-bg","18":"loop-entry"},"taxonomy_info":{"product_brand":[{"value":133,"label":"Elektromet"}],"product_cat":[{"value":235,"label":"Ogrzewacze elektryczne"}]},"featured_image_src_large":["https:\/\/e-systemygrzewcze.eu\/sklep\/wp-content\/uploads\/2025\/08\/Nowy-projekt-2025-08-09T095057.817.jpg",510,578,false],"author_info":[],"comment_info":"","_links":{"self":[{"href":"https:\/\/e-systemygrzewcze.eu\/sklep\/wp-json\/wp\/v2\/product\/4236","targetHints":{"allow":["GET"]}}],"collection":[{"href":"https:\/\/e-systemygrzewcze.eu\/sklep\/wp-json\/wp\/v2\/product"}],"about":[{"href":"https:\/\/e-systemygrzewcze.eu\/sklep\/wp-json\/wp\/v2\/types\/product"}],"wp:featuredmedia":[{"embeddable":true,"href":"https:\/\/e-systemygrzewcze.eu\/sklep\/wp-json\/wp\/v2\/media\/4262"}],"wp:attachment":[{"href":"https:\/\/e-systemygrzewcze.eu\/sklep\/wp-json\/wp\/v2\/media?parent=4236"}],"wp:term":[{"taxonomy":"product_brand","embeddable":true,"href":"https:\/\/e-systemygrzewcze.eu\/sklep\/wp-json\/wp\/v2\/product_brand?post=4236"},{"taxonomy":"product_cat","embeddable":true,"href":"https:\/\/e-systemygrzewcze.eu\/sklep\/wp-json\/wp\/v2\/product_cat?post=4236"},{"taxonomy":"product_tag","embeddable":true,"href":"https:\/\/e-systemygrzewcze.eu\/sklep\/wp-json\/wp\/v2\/product_tag?post=4236"}],"curies":[{"name":"wp","href":"https:\/\/api.w.org\/{rel}","templated":true}]}}