{"id":4206,"date":"2025-08-08T10:06:18","date_gmt":"2025-08-08T10:06:18","guid":{"rendered":"https:\/\/e-systemygrzewcze.eu\/sklep\/produkt\/elektromet-grzalka-15-kw-z-uszczelkami-i-kryza\/"},"modified":"2026-04-07T09:25:57","modified_gmt":"2026-04-07T09:25:57","slug":"elektromet-grzalka-15-kw-z-uszczelkami-i-kryza","status":"publish","type":"product","link":"https:\/\/e-systemygrzewcze.eu\/sklep\/produkt\/elektromet-grzalka-15-kw-z-uszczelkami-i-kryza\/","title":{"rendered":"ELEKTROMET Grza\u0142ka 1,5 KW z uszczelkami i kryz\u0105 (603-00-100)"},"content":{"rendered":"<div class=\"flex flex-col text-sm pb-25\">\n<article class=\"text-token-text-primary w-full focus:outline-none [--shadow-height:45px] has-data-writing-block:pointer-events-none has-data-writing-block:-mt-(--shadow-height) has-data-writing-block:pt-(--shadow-height) [&amp;:has([data-writing-block])&gt;*]:pointer-events-auto scroll-mt-[calc(var(--header-height)+min(200px,max(70px,20svh)))]\" dir=\"auto\" tabindex=\"-1\" data-turn-id=\"request-698dc8d3-7568-8328-9fb1-5bd806595a20-35\" data-testid=\"conversation-turn-284\" data-scroll-anchor=\"true\" data-turn=\"assistant\">\n<div class=\"text-base my-auto mx-auto pb-10 [--thread-content-margin:--spacing(4)] @w-sm\/main:[--thread-content-margin:--spacing(6)] @w-lg\/main:[--thread-content-margin:--spacing(16)] px-(--thread-content-margin)\">\n<div class=\"[--thread-content-max-width:40rem] @w-lg\/main:[--thread-content-max-width:48rem] mx-auto max-w-(--thread-content-max-width) flex-1 group\/turn-messages focus-visible:outline-hidden relative flex w-full min-w-0 flex-col agent-turn\" tabindex=\"-1\">\n<div class=\"flex max-w-full flex-col grow\">\n<div class=\"min-h-8 text-message relative flex w-full flex-col items-end gap-2 text-start break-words whitespace-normal [.text-message+&amp;]:mt-1\" dir=\"auto\" data-message-author-role=\"assistant\" data-message-id=\"572ca830-44fe-41c4-9c6b-e420fcde3988\" data-message-model-slug=\"gpt-5-mini\">\n<div class=\"flex w-full flex-col gap-1 empty:hidden first:pt-[1px]\">\n<div class=\"markdown prose dark:prose-invert w-full wrap-break-word dark markdown-new-styling\">\n<h2 data-start=\"0\" data-end=\"101\"><strong data-start=\"0\" data-end=\"99\">Elektromet Grza\u0142ka 1,5\u202fkW \u2013 element grzewczy do podgrzewaczy wody z kompletem uszczelek i kryz\u0105<\/strong><\/h2>\n<p data-start=\"0\" data-end=\"101\">Elektromet 603-00-100 to grza\u0142ka elektryczna o mocy 1,5\u202fkW, przeznaczona do podgrzewaczy wody i bojler\u00f3w. Wykonana ze stali nierdzewnej, zapewnia odporno\u015b\u0107 na korozj\u0119 i d\u0142ug\u0105 \u017cywotno\u015b\u0107. Produkt sprzedawany jest z kompletem uszczelek i kryz\u0105, co u\u0142atwia monta\u017c i gwarantuje szczelno\u015b\u0107 instalacji.<\/p>\n<hr data-start=\"420\" data-end=\"423\" \/>\n<h3 data-start=\"425\" data-end=\"451\">\u26a1 Najwa\u017cniejsze zalety<\/h3>\n<ul data-start=\"452\" data-end=\"733\">\n<li data-start=\"452\" data-end=\"493\">\n<p data-start=\"454\" data-end=\"493\">Moc 1,5\u202fkW \u2013 szybkie nagrzewanie wody<\/p>\n<\/li>\n<li data-start=\"494\" data-end=\"552\">\n<p data-start=\"496\" data-end=\"552\">Komplet uszczelek i kryza \u2013 \u0142atwy i szczelny monta\u017c<\/p>\n<\/li>\n<li data-start=\"553\" data-end=\"617\">\n<p data-start=\"555\" data-end=\"617\">Stal nierdzewna \u2013 odporno\u015b\u0107 na korozj\u0119 i d\u0142uga \u017cywotno\u015b\u0107<\/p>\n<\/li>\n<li data-start=\"618\" data-end=\"673\">\n<p data-start=\"620\" data-end=\"673\">\u0141atwa instalacja i wymiana \u2013 prosty monta\u017c i serwis<\/p>\n<\/li>\n<li data-start=\"674\" data-end=\"733\">\n<p data-start=\"676\" data-end=\"733\">Wydajny i niezawodny \u2013 idealny do codziennego u\u017cytku<\/p>\n<\/li>\n<\/ul>\n<hr data-start=\"735\" data-end=\"738\" \/>\n<h3 data-start=\"740\" data-end=\"762\">\u2699\ufe0f Dane techniczne<\/h3>\n<p data-start=\"763\" data-end=\"926\">Typ: grza\u0142ka elektryczna z uszczelkami i kryz\u0105<br data-start=\"809\" data-end=\"812\" \/>Moc: 1,5\u202fkW<br data-start=\"823\" data-end=\"826\" \/>Zasilanie: 230\u202fV \/ 50\u202fHz<br data-start=\"850\" data-end=\"853\" \/>Materia\u0142: stal nierdzewna<br data-start=\"878\" data-end=\"881\" \/>Przeznaczenie: podgrzewacze wody i bojler\u00f3w<\/p>\n<hr data-start=\"928\" data-end=\"931\" \/>\n<h3 data-start=\"933\" data-end=\"952\">\ud83d\udca7 Zastosowanie<\/h3>\n<p data-start=\"953\" data-end=\"1134\" data-is-last-node=\"\" data-is-only-node=\"\">Podgrzewacze wody i bojler\u00f3w elektrycznych, instalacje CWU w domach i mieszkaniach, wymiana lub modernizacja istniej\u0105cych grza\u0142ek, miejsca wymagaj\u0105ce niezawodnego podgrzewania wody.<\/p>\n<\/div>\n<\/div>\n<\/div>\n<\/div>\n<div class=\"z-0 flex min-h-[46px] justify-start\"><\/div>\n<div class=\"mt-3 w-full empty:hidden\">\n<div class=\"text-center\"><\/div>\n<\/div>\n<\/div>\n<\/div>\n<\/article>\n<\/div>\n<div class=\"pointer-events-none h-px w-px absolute bottom-0\" aria-hidden=\"true\" data-edge=\"true\"><\/div>\n","protected":false},"excerpt":{"rendered":"<p><strong>Grza\u0142ka Elektromet 1,5 kW z uszczelkami i kryz\u0105 (model 603-00-100) do skutecznego podgrzewania wody. Kompletny zestaw gotowy do monta\u017cu.<\/strong><\/p>\n","protected":false},"featured_media":4207,"template":"","meta":{"_kad_blocks_custom_css":"","_kad_blocks_head_custom_js":"","_kad_blocks_body_custom_js":"","_kad_blocks_footer_custom_js":"","_kad_post_transparent":"default","_kad_post_title":"","_kad_post_layout":"default","_kad_post_sidebar_id":"","_kad_post_content_style":"default","_kad_post_vertical_padding":"default","_kad_post_feature":"","_kad_post_feature_position":"","_kad_post_header":false,"_kad_post_footer":false,"_kad_post_classname":""},"product_brand":[133],"product_cat":[237],"product_tag":[],"class_list":{"0":"post-4206","1":"product","2":"type-product","3":"status-publish","4":"has-post-thumbnail","6":"product_brand-elektromet","7":"product_cat-grzalki-elektryczne","8":"product_shipping_class-drobnica","10":"first","11":"instock","12":"taxable","13":"shipping-taxable","14":"purchasable","15":"product-type-simple","16":"entry","17":"content-bg","18":"loop-entry"},"taxonomy_info":{"product_brand":[{"value":133,"label":"Elektromet"}],"product_cat":[{"value":237,"label":"Grza\u0142ki elektryczne"}]},"featured_image_src_large":["https:\/\/e-systemygrzewcze.eu\/sklep\/wp-content\/uploads\/2025\/08\/Nowy-projekt-2025-08-08T120718.881.jpg",510,578,false],"author_info":[],"comment_info":"","_links":{"self":[{"href":"https:\/\/e-systemygrzewcze.eu\/sklep\/wp-json\/wp\/v2\/product\/4206","targetHints":{"allow":["GET"]}}],"collection":[{"href":"https:\/\/e-systemygrzewcze.eu\/sklep\/wp-json\/wp\/v2\/product"}],"about":[{"href":"https:\/\/e-systemygrzewcze.eu\/sklep\/wp-json\/wp\/v2\/types\/product"}],"wp:featuredmedia":[{"embeddable":true,"href":"https:\/\/e-systemygrzewcze.eu\/sklep\/wp-json\/wp\/v2\/media\/4207"}],"wp:attachment":[{"href":"https:\/\/e-systemygrzewcze.eu\/sklep\/wp-json\/wp\/v2\/media?parent=4206"}],"wp:term":[{"taxonomy":"product_brand","embeddable":true,"href":"https:\/\/e-systemygrzewcze.eu\/sklep\/wp-json\/wp\/v2\/product_brand?post=4206"},{"taxonomy":"product_cat","embeddable":true,"href":"https:\/\/e-systemygrzewcze.eu\/sklep\/wp-json\/wp\/v2\/product_cat?post=4206"},{"taxonomy":"product_tag","embeddable":true,"href":"https:\/\/e-systemygrzewcze.eu\/sklep\/wp-json\/wp\/v2\/product_tag?post=4206"}],"curies":[{"name":"wp","href":"https:\/\/api.w.org\/{rel}","templated":true}]}}