{"id":4195,"date":"2025-08-08T09:23:26","date_gmt":"2025-08-08T09:23:26","guid":{"rendered":"https:\/\/e-systemygrzewcze.eu\/sklep\/produkt\/melt-srodek-do-udrazniania-rur-kanalizacji-750ml\/"},"modified":"2026-03-30T14:12:58","modified_gmt":"2026-03-30T14:12:58","slug":"melt-srodek-do-udrazniania-rur-kanalizacji-750ml","status":"publish","type":"product","link":"https:\/\/e-systemygrzewcze.eu\/sklep\/produkt\/melt-srodek-do-udrazniania-rur-kanalizacji-750ml\/","title":{"rendered":"MELT \u015arodek do udra\u017cniania rur kanalizacji 750ml"},"content":{"rendered":"<h2 data-start=\"151\" data-end=\"214\">Melt \u2013 profesjonalny \u015brodek do udra\u017cniania rur i odp\u0142yw\u00f3w \ud83d\udeb0<\/h2>\n<p data-start=\"239\" data-end=\"632\">Melt to skuteczny preparat do udra\u017cniania rur, zlew\u00f3w i toalet, przeznaczony zar\u00f3wno do u\u017cytku domowego, jak i profesjonalnego. Zawiera skoncentrowan\u0105 dawk\u0119 aktywnych substancji, kt\u00f3re natychmiast rozpuszczaj\u0105 zatory blokuj\u0105ce przep\u0142yw wody oraz neutralizuj\u0105 nieprzyjemne zapachy . Preparat jest bezpieczny dla uszczelek, element\u00f3w plastikowych i \u017celiwnych, nie powoduj\u0105c korozji instalacji.<\/p>\n<hr data-start=\"634\" data-end=\"637\" \/>\n<h3 data-start=\"639\" data-end=\"672\">\u2699\ufe0f Dzia\u0142anie i zastosowanie<\/h3>\n<p data-start=\"673\" data-end=\"979\">Melt dzia\u0142a praktycznie na wszystkie rodzaje zanieczyszcze\u0144: resztki jedzenia, w\u0142osy, t\u0142uszcze i osady oleiste. Dzi\u0119ki specyficznej sile ci\u0105\u017cenia, niemal dwukrotnie wi\u0119kszej ni\u017c woda, preparat dociera do trudno dost\u0119pnych zakamark\u00f3w rur i odp\u0142yw\u00f3w. Zatory mog\u0105 zosta\u0107 usuni\u0119te nawet w ci\u0105gu dw\u00f3ch minut \u23f1\ufe0f.<\/p>\n<p data-start=\"981\" data-end=\"1000\"><strong data-start=\"981\" data-end=\"998\">Zastosowanie:<\/strong><\/p>\n<ul data-start=\"1001\" data-end=\"1191\">\n<li data-start=\"1001\" data-end=\"1069\">\n<p data-start=\"1003\" data-end=\"1069\">udra\u017cnianie rur kanalizacyjnych i odp\u0142yw\u00f3w w domach i obiektach,<\/p>\n<\/li>\n<li data-start=\"1070\" data-end=\"1119\">\n<p data-start=\"1072\" data-end=\"1119\">zlewy, umywalki, muszle WC, odp\u0142ywy do szamb,<\/p>\n<\/li>\n<li data-start=\"1120\" data-end=\"1191\">\n<p data-start=\"1122\" data-end=\"1191\">szybkie i efektywne usuwanie t\u0142uszczu, w\u0142os\u00f3w i resztek organicznych.<\/p>\n<\/li>\n<\/ul>\n<hr data-start=\"1193\" data-end=\"1196\" \/>\n<h3 data-start=\"1198\" data-end=\"1222\">\ud83d\udccb Dane techniczne<\/h3>\n<ul data-start=\"1223\" data-end=\"1554\">\n<li data-start=\"1223\" data-end=\"1250\">\n<p data-start=\"1225\" data-end=\"1250\"><strong data-start=\"1225\" data-end=\"1243\">Model \/ seria:<\/strong> Melt<\/p>\n<\/li>\n<li data-start=\"1251\" data-end=\"1271\">\n<p data-start=\"1253\" data-end=\"1271\"><strong data-start=\"1253\" data-end=\"1264\">Posta\u0107:<\/strong> p\u0142yn<\/p>\n<\/li>\n<li data-start=\"1272\" data-end=\"1337\">\n<p data-start=\"1274\" data-end=\"1337\"><strong data-start=\"1274\" data-end=\"1292\">Przeznaczenie:<\/strong> udra\u017cnianie rur, odp\u0142yw\u00f3w, zlew\u00f3w i toalet<\/p>\n<\/li>\n<li data-start=\"1338\" data-end=\"1392\">\n<p data-start=\"1340\" data-end=\"1392\"><strong data-start=\"1340\" data-end=\"1358\">Typ dzia\u0142ania:<\/strong> chemiczne rozpuszczanie zator\u00f3w<\/p>\n<\/li>\n<li data-start=\"1393\" data-end=\"1496\">\n<p data-start=\"1395\" data-end=\"1496\"><strong data-start=\"1395\" data-end=\"1425\">Bezpiecze\u0144stwo instalacji:<\/strong> bezpieczny dla plastikowych i \u017celiwnych element\u00f3w oraz uszczelek \ud83d\udee1\ufe0f<\/p>\n<\/li>\n<li data-start=\"1497\" data-end=\"1554\">\n<p data-start=\"1499\" data-end=\"1554\"><strong data-start=\"1499\" data-end=\"1513\">Producent:<\/strong> profesjonalny preparat dla hydraulik\u00f3w<\/p>\n<\/li>\n<\/ul>\n","protected":false},"excerpt":{"rendered":"<p><strong>Melt to profesjonalny \u015brodek do udra\u017cniania rur, odp\u0142yw\u00f3w i toalet. Natychmiast usuwa zatory z t\u0142uszczu, w\u0142os\u00f3w i resztek organicznych, docieraj\u0105c nawet do trudno dost\u0119pnych miejsc. Bezpieczny dla instalacji i uszczelek, idealny dla dom\u00f3w i profesjonalnych hydraulik\u00f3w.<\/strong><\/p>\n","protected":false},"featured_media":4196,"template":"","meta":{"_kad_blocks_custom_css":"","_kad_blocks_head_custom_js":"","_kad_blocks_body_custom_js":"","_kad_blocks_footer_custom_js":"","_kad_post_transparent":"default","_kad_post_title":"","_kad_post_layout":"default","_kad_post_sidebar_id":"","_kad_post_content_style":"default","_kad_post_vertical_padding":"default","_kad_post_feature":"","_kad_post_feature_position":"","_kad_post_header":false,"_kad_post_footer":false,"_kad_post_classname":""},"product_brand":[369],"product_cat":[292],"product_tag":[],"class_list":{"0":"post-4195","1":"product","2":"type-product","3":"status-publish","4":"has-post-thumbnail","6":"product_brand-melt","7":"product_cat-chemia","8":"product_shipping_class-drobnica","10":"first","11":"instock","12":"taxable","13":"shipping-taxable","14":"purchasable","15":"product-type-simple","16":"entry","17":"content-bg","18":"loop-entry"},"taxonomy_info":{"product_brand":[{"value":369,"label":"Melt"}],"product_cat":[{"value":292,"label":"Chemia do instalacji kanalizacyjnej"}]},"featured_image_src_large":["https:\/\/e-systemygrzewcze.eu\/sklep\/wp-content\/uploads\/2025\/08\/Nowy-projekt-2025-08-08T112706.676.jpg",510,587,false],"author_info":[],"comment_info":"","_links":{"self":[{"href":"https:\/\/e-systemygrzewcze.eu\/sklep\/wp-json\/wp\/v2\/product\/4195","targetHints":{"allow":["GET"]}}],"collection":[{"href":"https:\/\/e-systemygrzewcze.eu\/sklep\/wp-json\/wp\/v2\/product"}],"about":[{"href":"https:\/\/e-systemygrzewcze.eu\/sklep\/wp-json\/wp\/v2\/types\/product"}],"wp:featuredmedia":[{"embeddable":true,"href":"https:\/\/e-systemygrzewcze.eu\/sklep\/wp-json\/wp\/v2\/media\/4196"}],"wp:attachment":[{"href":"https:\/\/e-systemygrzewcze.eu\/sklep\/wp-json\/wp\/v2\/media?parent=4195"}],"wp:term":[{"taxonomy":"product_brand","embeddable":true,"href":"https:\/\/e-systemygrzewcze.eu\/sklep\/wp-json\/wp\/v2\/product_brand?post=4195"},{"taxonomy":"product_cat","embeddable":true,"href":"https:\/\/e-systemygrzewcze.eu\/sklep\/wp-json\/wp\/v2\/product_cat?post=4195"},{"taxonomy":"product_tag","embeddable":true,"href":"https:\/\/e-systemygrzewcze.eu\/sklep\/wp-json\/wp\/v2\/product_tag?post=4195"}],"curies":[{"name":"wp","href":"https:\/\/api.w.org\/{rel}","templated":true}]}}