{"id":4186,"date":"2025-08-08T08:49:36","date_gmt":"2025-08-08T08:49:36","guid":{"rendered":"https:\/\/e-systemygrzewcze.eu\/sklep\/produkt\/gwarant-grzalka-elektryczna-5-4-1500w\/"},"modified":"2026-04-07T09:27:35","modified_gmt":"2026-04-07T09:27:35","slug":"gwarant-grzalka-elektryczna-5-4-1500w","status":"publish","type":"product","link":"https:\/\/e-systemygrzewcze.eu\/sklep\/produkt\/gwarant-grzalka-elektryczna-5-4-1500w\/","title":{"rendered":"GWARANT Grza\u0142ka elektryczna 5\/4&#8243; 1500W"},"content":{"rendered":"<h2 data-start=\"0\" data-end=\"73\"><strong data-start=\"0\" data-end=\"71\">Gwarant Grza\u0142ka 5\/4\u2033 1500\u202fW \u2013 element grzewczy do podgrzewaczy wody<\/strong><\/h2>\n<p data-start=\"0\" data-end=\"73\">Gwarant GRZA\u0141KA1500 5\/4\u2033 to grza\u0142ka elektryczna o mocy 1500\u202fW, przeznaczona do podgrzewaczy wody i bojler\u00f3w, zapewniaj\u0105ca szybkie i efektywne nagrzewanie wody. Wykonana ze stali nierdzewnej, gwarantuje trwa\u0142o\u015b\u0107 i odporno\u015b\u0107 na korozj\u0119. Monta\u017c odbywa si\u0119 na gwint 5\/4\u2033, co u\u0142atwia instalacj\u0119 w standardowych zbiornikach CWU.<\/p>\n<hr data-start=\"419\" data-end=\"422\" \/>\n<h3 data-start=\"424\" data-end=\"450\">\u26a1 Najwa\u017cniejsze zalety<\/h3>\n<ul data-start=\"451\" data-end=\"740\">\n<li data-start=\"451\" data-end=\"496\">\n<p data-start=\"453\" data-end=\"496\">Moc 1500\u202fW \u2013 szybkie nagrzewanie wody<\/p>\n<\/li>\n<li data-start=\"497\" data-end=\"563\">\n<p data-start=\"499\" data-end=\"563\">Gwint 5\/4\u2033 \u2013 kompatybilno\u015b\u0107 ze standardowymi podgrzewaczami<\/p>\n<\/li>\n<li data-start=\"564\" data-end=\"621\">\n<p data-start=\"566\" data-end=\"621\">Stal nierdzewna \u2013 trwa\u0142o\u015b\u0107 i odporno\u015b\u0107 na korozj\u0119<\/p>\n<\/li>\n<li data-start=\"622\" data-end=\"680\">\n<p data-start=\"624\" data-end=\"680\">\u0141atwa instalacja i wymiana \u2013 prosty monta\u017c i serwis<\/p>\n<\/li>\n<li data-start=\"681\" data-end=\"740\">\n<p data-start=\"683\" data-end=\"740\">Wydajny i niezawodny \u2013 idealny do codziennego u\u017cytku<\/p>\n<\/li>\n<\/ul>\n<hr data-start=\"742\" data-end=\"745\" \/>\n<h3 data-start=\"747\" data-end=\"769\">\u2699\ufe0f Dane techniczne<\/h3>\n<p data-start=\"770\" data-end=\"925\">Typ: grza\u0142ka elektryczna<br data-start=\"794\" data-end=\"797\" \/>Moc: 1500\u202fW<br data-start=\"808\" data-end=\"811\" \/>Gwint: 5\/4\u2033<br data-start=\"822\" data-end=\"825\" \/>Zasilanie: 230\u202fV \/ 50\u202fHz<br data-start=\"849\" data-end=\"852\" \/>Materia\u0142: stal nierdzewna<br data-start=\"877\" data-end=\"880\" \/>Przeznaczenie: podgrzewacze wody i bojler\u00f3w<\/p>\n","protected":false},"excerpt":{"rendered":"<p><strong>Gwarant GRZA\u0141KA1500 5\/4\u2033 to grza\u0142ka elektryczna o mocy 1500\u202fW, przeznaczona do podgrzewaczy wody i bojler\u00f3w, zapewniaj\u0105ca szybkie i efektywne nagrzewanie wody. Wykonana ze stali nierdzewnej, gwarantuje trwa\u0142o\u015b\u0107 i odporno\u015b\u0107 na korozj\u0119.<\/strong><\/p>\n","protected":false},"featured_media":4187,"template":"","meta":{"_kad_blocks_custom_css":"","_kad_blocks_head_custom_js":"","_kad_blocks_body_custom_js":"","_kad_blocks_footer_custom_js":"","_kad_post_transparent":"default","_kad_post_title":"","_kad_post_layout":"default","_kad_post_sidebar_id":"","_kad_post_content_style":"default","_kad_post_vertical_padding":"default","_kad_post_feature":"","_kad_post_feature_position":"","_kad_post_header":false,"_kad_post_footer":false,"_kad_post_classname":""},"product_brand":[368],"product_cat":[237],"product_tag":[],"class_list":{"0":"post-4186","1":"product","2":"type-product","3":"status-publish","4":"has-post-thumbnail","6":"product_brand-gwarant","7":"product_cat-grzalki-elektryczne","8":"product_shipping_class-drobnica","10":"first","11":"instock","12":"taxable","13":"shipping-taxable","14":"purchasable","15":"product-type-simple","16":"entry","17":"content-bg","18":"loop-entry"},"taxonomy_info":{"product_brand":[{"value":368,"label":"Gwarant"}],"product_cat":[{"value":237,"label":"Grza\u0142ki elektryczne"}]},"featured_image_src_large":["https:\/\/e-systemygrzewcze.eu\/sklep\/wp-content\/uploads\/2025\/08\/Nowy-projekt-2025-08-08T105044.509.jpg",510,578,false],"author_info":[],"comment_info":"","_links":{"self":[{"href":"https:\/\/e-systemygrzewcze.eu\/sklep\/wp-json\/wp\/v2\/product\/4186","targetHints":{"allow":["GET"]}}],"collection":[{"href":"https:\/\/e-systemygrzewcze.eu\/sklep\/wp-json\/wp\/v2\/product"}],"about":[{"href":"https:\/\/e-systemygrzewcze.eu\/sklep\/wp-json\/wp\/v2\/types\/product"}],"wp:featuredmedia":[{"embeddable":true,"href":"https:\/\/e-systemygrzewcze.eu\/sklep\/wp-json\/wp\/v2\/media\/4187"}],"wp:attachment":[{"href":"https:\/\/e-systemygrzewcze.eu\/sklep\/wp-json\/wp\/v2\/media?parent=4186"}],"wp:term":[{"taxonomy":"product_brand","embeddable":true,"href":"https:\/\/e-systemygrzewcze.eu\/sklep\/wp-json\/wp\/v2\/product_brand?post=4186"},{"taxonomy":"product_cat","embeddable":true,"href":"https:\/\/e-systemygrzewcze.eu\/sklep\/wp-json\/wp\/v2\/product_cat?post=4186"},{"taxonomy":"product_tag","embeddable":true,"href":"https:\/\/e-systemygrzewcze.eu\/sklep\/wp-json\/wp\/v2\/product_tag?post=4186"}],"curies":[{"name":"wp","href":"https:\/\/api.w.org\/{rel}","templated":true}]}}