{"id":4170,"date":"2025-08-08T05:24:46","date_gmt":"2025-08-08T05:24:46","guid":{"rendered":"https:\/\/e-systemygrzewcze.eu\/sklep\/produkt\/selfa-grzalka-elektryczna-mocowana-6-4-1500w-230v-nierdzewna\/"},"modified":"2026-02-17T09:50:50","modified_gmt":"2026-02-17T09:50:50","slug":"selfa-grzalka-elektryczna-mocowana-6-4-1500w-230v-nierdzewna","status":"publish","type":"product","link":"https:\/\/e-systemygrzewcze.eu\/sklep\/produkt\/selfa-grzalka-elektryczna-mocowana-6-4-1500w-230v-nierdzewna\/","title":{"rendered":"SELFA Grza\u0142ka elektryczna mocowana 6\/4&#8243; 1500W 230V nierdzewna"},"content":{"rendered":"<h2 data-start=\"0\" data-end=\"71\"><strong data-start=\"0\" data-end=\"69\">Selfa Grza\u0142ka 6\/4\u2033 1500\u202fW \u2013 element grzewczy do podgrzewaczy wody<\/strong><\/h2>\n<p data-start=\"73\" data-end=\"372\">Selfa grza\u0142ka 6\/4\u2033 1500\u202fW to mocowana grza\u0142ka elektryczna przeznaczona do podgrzewaczy wody i bojler\u00f3w o du\u017cej pojemno\u015bci. Wykonana ze stali nierdzewnej, zapewnia trwa\u0142o\u015b\u0107 i odporno\u015b\u0107 na korozj\u0119. Monta\u017c odbywa si\u0119 na gwint 6\/4\u2033, co u\u0142atwia instalacj\u0119 w wi\u0119kszych zbiornikach CWU.<\/p>\n<hr data-start=\"374\" data-end=\"377\" \/>\n<h3 data-start=\"379\" data-end=\"405\">\u26a1 Najwa\u017cniejsze zalety<\/h3>\n<ul data-start=\"406\" data-end=\"693\">\n<li data-start=\"406\" data-end=\"459\">\n<p data-start=\"408\" data-end=\"459\">Moc 1500\u202fW \/ 230\u202fV \u2013 szybkie nagrzewanie wody<\/p>\n<\/li>\n<li data-start=\"460\" data-end=\"516\">\n<p data-start=\"462\" data-end=\"516\">Gwint 6\/4\u2033 \u2013 \u0142atwy monta\u017c w wi\u0119kszych zbiornikach<\/p>\n<\/li>\n<li data-start=\"517\" data-end=\"574\">\n<p data-start=\"519\" data-end=\"574\">Stal nierdzewna \u2013 trwa\u0142o\u015b\u0107 i odporno\u015b\u0107 na korozj\u0119<\/p>\n<\/li>\n<li data-start=\"575\" data-end=\"633\">\n<p data-start=\"577\" data-end=\"633\">\u0141atwa instalacja i wymiana \u2013 prosty monta\u017c i serwis<\/p>\n<\/li>\n<li data-start=\"634\" data-end=\"693\">\n<p data-start=\"636\" data-end=\"693\">Wydajny i niezawodny \u2013 idealny do codziennego u\u017cytku<\/p>\n<\/li>\n<\/ul>\n<hr data-start=\"695\" data-end=\"698\" \/>\n<h3 data-start=\"700\" data-end=\"722\">\u2699\ufe0f Dane techniczne<\/h3>\n<p data-start=\"723\" data-end=\"904\">Typ: grza\u0142ka elektryczna mocowana<br data-start=\"756\" data-end=\"759\" \/>Moc: 1500\u202fW<br data-start=\"770\" data-end=\"773\" \/>Zasilanie: 230\u202fV \/ 50\u202fHz<br data-start=\"797\" data-end=\"800\" \/>Gwint: 6\/4\u2033<br data-start=\"811\" data-end=\"814\" \/>Materia\u0142: stal nierdzewna<br data-start=\"839\" data-end=\"842\" \/>Przeznaczenie: podgrzewacze wody i bojler\u00f3w du\u017cej pojemno\u015bci<\/p>\n<hr data-start=\"1790\" data-end=\"1793\" \/>\n","protected":false},"excerpt":{"rendered":"<p><strong>Selfa grza\u0142ka 6\/4\u2033 1500\u202fW to mocowana grza\u0142ka elektryczna przeznaczona do podgrzewaczy wody i bojler\u00f3w o du\u017cej pojemno\u015bci. Wykonana ze stali nierdzewnej, zapewnia trwa\u0142o\u015b\u0107 i odporno\u015b\u0107 na korozj\u0119.<\/strong><\/p>\n","protected":false},"featured_media":4174,"template":"","meta":{"_kad_blocks_custom_css":"","_kad_blocks_head_custom_js":"","_kad_blocks_body_custom_js":"","_kad_blocks_footer_custom_js":"","_kad_post_transparent":"default","_kad_post_title":"","_kad_post_layout":"default","_kad_post_sidebar_id":"","_kad_post_content_style":"default","_kad_post_vertical_padding":"default","_kad_post_feature":"","_kad_post_feature_position":"","_kad_post_header":false,"_kad_post_footer":false,"_kad_post_classname":""},"product_brand":[367],"product_cat":[237],"product_tag":[],"class_list":{"0":"post-4170","1":"product","2":"type-product","3":"status-publish","4":"has-post-thumbnail","6":"product_brand-selfa","7":"product_cat-grzalki-elektryczne","8":"product_shipping_class-drobnica","10":"first","11":"instock","12":"taxable","13":"shipping-taxable","14":"purchasable","15":"product-type-simple","16":"entry","17":"content-bg","18":"loop-entry"},"taxonomy_info":{"product_brand":[{"value":367,"label":"Selfa"}],"product_cat":[{"value":237,"label":"Grza\u0142ki elektryczne"}]},"featured_image_src_large":["https:\/\/e-systemygrzewcze.eu\/sklep\/wp-content\/uploads\/2025\/08\/Nowy-projekt-2025-08-08T073405.719.jpg",510,578,false],"author_info":[],"comment_info":"","_links":{"self":[{"href":"https:\/\/e-systemygrzewcze.eu\/sklep\/wp-json\/wp\/v2\/product\/4170","targetHints":{"allow":["GET"]}}],"collection":[{"href":"https:\/\/e-systemygrzewcze.eu\/sklep\/wp-json\/wp\/v2\/product"}],"about":[{"href":"https:\/\/e-systemygrzewcze.eu\/sklep\/wp-json\/wp\/v2\/types\/product"}],"wp:featuredmedia":[{"embeddable":true,"href":"https:\/\/e-systemygrzewcze.eu\/sklep\/wp-json\/wp\/v2\/media\/4174"}],"wp:attachment":[{"href":"https:\/\/e-systemygrzewcze.eu\/sklep\/wp-json\/wp\/v2\/media?parent=4170"}],"wp:term":[{"taxonomy":"product_brand","embeddable":true,"href":"https:\/\/e-systemygrzewcze.eu\/sklep\/wp-json\/wp\/v2\/product_brand?post=4170"},{"taxonomy":"product_cat","embeddable":true,"href":"https:\/\/e-systemygrzewcze.eu\/sklep\/wp-json\/wp\/v2\/product_cat?post=4170"},{"taxonomy":"product_tag","embeddable":true,"href":"https:\/\/e-systemygrzewcze.eu\/sklep\/wp-json\/wp\/v2\/product_tag?post=4170"}],"curies":[{"name":"wp","href":"https:\/\/api.w.org\/{rel}","templated":true}]}}