{"id":4149,"date":"2025-08-07T13:48:00","date_gmt":"2025-08-07T13:48:00","guid":{"rendered":"https:\/\/e-systemygrzewcze.eu\/sklep\/produkt\/kospel-wymiennik-c-w-u-200l-z-wezownica-sw-201\/"},"modified":"2026-03-30T10:26:58","modified_gmt":"2026-03-30T10:26:58","slug":"kospel-wymiennik-c-w-u-200l-z-wezownica-sw-201","status":"publish","type":"product","link":"https:\/\/e-systemygrzewcze.eu\/sklep\/produkt\/kospel-wymiennik-c-w-u-200l-z-wezownica-sw-201\/","title":{"rendered":"Kospel wymiennik C.W.U 200L z w\u0119\u017cownic\u0105 (SW-201)"},"content":{"rendered":"<h2 data-start=\"129\" data-end=\"192\"><strong data-start=\"129\" data-end=\"187\">KOSPEL Wymiennik CWU z w\u0119\u017cownic\u0105 \u2013 200 l, model SW-201<\/strong> \ud83d\udd25\ud83d\udca7<\/h2>\n<p data-start=\"213\" data-end=\"577\">KOSPEL SW-201 to <strong data-start=\"230\" data-end=\"298\">wydajny wymiennik ciep\u0142ej wody u\u017cytkowej o pojemno\u015bci 200 litr\u00f3w<\/strong>, wyposa\u017cony w <strong data-start=\"313\" data-end=\"326\">w\u0119\u017cownic\u0119<\/strong>, przeznaczony do wsp\u00f3\u0142pracy z kot\u0142ami, pompami ciep\u0142a lub innymi \u017ar\u00f3d\u0142ami ciep\u0142a. W\u0119\u017cownica umo\u017cliwia <strong data-start=\"429\" data-end=\"467\">szybki i efektywny transfer ciep\u0142a<\/strong>, zapewniaj\u0105c sta\u0142y dost\u0119p do ciep\u0142ej wody w domach, mieszkaniach i obiektach us\u0142ugowych \u015bredniej wielko\u015bci.<\/p>\n<p data-start=\"579\" data-end=\"812\">Solidna stalowa konstrukcja oraz izolacja termiczna minimalizuj\u0105 straty energii, zwi\u0119kszaj\u0105c efektywno\u015b\u0107 ca\u0142ego systemu. Model SW-201 sprawdzi si\u0119 wsz\u0119dzie tam, gdzie potrzebna jest \u015brednia pojemno\u015b\u0107 wody i szybki odzysk ciep\u0142a \ud83d\udd25\ud83d\udca6.<\/p>\n<hr data-start=\"814\" data-end=\"817\" \/>\n<h2 data-start=\"819\" data-end=\"836\">Zastosowanie<\/h2>\n<ul data-start=\"837\" data-end=\"1095\">\n<li data-start=\"837\" data-end=\"890\">\n<p data-start=\"839\" data-end=\"890\">Domy jednorodzinne, mieszkania i obiekty us\u0142ugowe<\/p>\n<\/li>\n<li data-start=\"891\" data-end=\"973\">\n<p data-start=\"893\" data-end=\"973\">Instalacje wsp\u00f3\u0142pracuj\u0105ce z kot\u0142ami, pompami ciep\u0142a lub innymi \u017ar\u00f3d\u0142ami ciep\u0142a<\/p>\n<\/li>\n<li data-start=\"974\" data-end=\"1045\">\n<p data-start=\"976\" data-end=\"1045\">Systemy wymagaj\u0105ce szybkiego podgrzewu wody i stabilnej temperatury<\/p>\n<\/li>\n<li data-start=\"1046\" data-end=\"1095\">\n<p data-start=\"1048\" data-end=\"1095\">Magazynowanie i efektywne podgrzewanie CWU<\/p>\n<\/li>\n<\/ul>\n<hr data-start=\"1097\" data-end=\"1100\" \/>\n<h2 data-start=\"1102\" data-end=\"1122\">Zalety produktu<\/h2>\n<ul data-start=\"1123\" data-end=\"1493\">\n<li data-start=\"1123\" data-end=\"1181\">\n<p data-start=\"1125\" data-end=\"1181\"><strong data-start=\"1125\" data-end=\"1138\">W\u0119\u017cownica<\/strong> \u2013 szybki i efektywny transfer ciep\u0142a \ud83d\udee0\ufe0f<\/p>\n<\/li>\n<li data-start=\"1182\" data-end=\"1244\">\n<p data-start=\"1184\" data-end=\"1244\"><strong data-start=\"1184\" data-end=\"1203\">Pojemno\u015b\u0107 200 l<\/strong> \u2013 optymalna dla \u015brednich instalacji \u2699\ufe0f<\/p>\n<\/li>\n<li data-start=\"1245\" data-end=\"1327\">\n<p data-start=\"1247\" data-end=\"1327\"><strong data-start=\"1247\" data-end=\"1269\">Izolacja termiczna<\/strong> \u2013 minimalizuje straty energii i zwi\u0119ksza efektywno\u015b\u0107 \ud83d\udd25<\/p>\n<\/li>\n<li data-start=\"1328\" data-end=\"1418\">\n<p data-start=\"1330\" data-end=\"1418\">Solidna stalowa konstrukcja \u2013 odporna na korozj\u0119 i bezpieczna praca pod ci\u015bnieniem \ud83d\udee1\ufe0f<\/p>\n<\/li>\n<li data-start=\"1419\" data-end=\"1493\">\n<p data-start=\"1421\" data-end=\"1493\">Renomowany producent <strong data-start=\"1442\" data-end=\"1452\">KOSPEL<\/strong> \u2013 gwarancja jako\u015bci i niezawodno\u015bci \ud83d\udca7<\/p>\n<\/li>\n<\/ul>\n<hr data-start=\"1495\" data-end=\"1498\" \/>\n<h2 data-start=\"1500\" data-end=\"1523\">Dane konstrukcyjne<\/h2>\n<ul data-start=\"1524\" data-end=\"1699\">\n<li data-start=\"1524\" data-end=\"1566\">\n<p data-start=\"1526\" data-end=\"1566\">Typ: wymiennik CWU pionowy z w\u0119\u017cownic\u0105<\/p>\n<\/li>\n<li data-start=\"1567\" data-end=\"1599\">\n<p data-start=\"1569\" data-end=\"1599\">Medium: ciep\u0142a woda u\u017cytkowa<\/p>\n<\/li>\n<li data-start=\"1600\" data-end=\"1634\">\n<p data-start=\"1602\" data-end=\"1634\">Izolacja: termiczna, fabryczna<\/p>\n<\/li>\n<li data-start=\"1635\" data-end=\"1679\">\n<p data-start=\"1637\" data-end=\"1679\">Konstrukcja: stalowa, odporna na korozj\u0119<\/p>\n<\/li>\n<li data-start=\"1680\" data-end=\"1699\">\n<p data-start=\"1682\" data-end=\"1699\">Monta\u017c: pionowy<\/p>\n<\/li>\n<\/ul>\n<hr data-start=\"1701\" data-end=\"1704\" \/>\n<h2 data-start=\"1706\" data-end=\"1751\">Wymiary i masa <em data-start=\"1724\" data-end=\"1749\">(warto\u015bci orientacyjne)<\/em><\/h2>\n<ul data-start=\"1752\" data-end=\"1855\">\n<li data-start=\"1752\" data-end=\"1772\">\n<p data-start=\"1754\" data-end=\"1772\">Pojemno\u015b\u0107: 200 l<\/p>\n<\/li>\n<li data-start=\"1773\" data-end=\"1801\">\n<p data-start=\"1775\" data-end=\"1801\">Wysoko\u015b\u0107: ok. 150\u2013170 cm<\/p>\n<\/li>\n<li data-start=\"1802\" data-end=\"1828\">\n<p data-start=\"1804\" data-end=\"1828\">\u015arednica: ok. 50\u201360 cm<\/p>\n<\/li>\n<li data-start=\"1829\" data-end=\"1855\">\n<p data-start=\"1831\" data-end=\"1855\">Masa: ok. 80\u2013110 kg \ud83d\udce6<\/p>\n<\/li>\n<\/ul>\n<hr data-start=\"1857\" data-end=\"1860\" \/>\n<h2 data-start=\"1862\" data-end=\"1887\">Parametry techniczne<\/h2>\n<ul data-start=\"1888\" data-end=\"2160\">\n<li data-start=\"1888\" data-end=\"1909\">\n<p data-start=\"1890\" data-end=\"1909\">Producent: KOSPEL<\/p>\n<\/li>\n<li data-start=\"1910\" data-end=\"1927\">\n<p data-start=\"1912\" data-end=\"1927\">Model: SW-201<\/p>\n<\/li>\n<li data-start=\"1928\" data-end=\"1962\">\n<p data-start=\"1930\" data-end=\"1962\">Typ: wymiennik CWU z w\u0119\u017cownic\u0105<\/p>\n<\/li>\n<li data-start=\"1963\" data-end=\"1983\">\n<p data-start=\"1965\" data-end=\"1983\">Pojemno\u015b\u0107: 200 l<\/p>\n<\/li>\n<li data-start=\"1984\" data-end=\"2054\">\n<p data-start=\"1986\" data-end=\"2054\">Przeznaczenie: magazynowanie i podgrzewanie ciep\u0142ej wody u\u017cytkowej<\/p>\n<\/li>\n<li data-start=\"2055\" data-end=\"2114\">\n<p data-start=\"2057\" data-end=\"2114\">\u0179r\u00f3d\u0142o ciep\u0142a: kocio\u0142, pompa ciep\u0142a, inne \u017ar\u00f3d\u0142a ciep\u0142a<\/p>\n<\/li>\n<li data-start=\"2115\" data-end=\"2160\">\n<p data-start=\"2117\" data-end=\"2160\">Konstrukcja: stalowa z izolacj\u0105 termiczn\u0105<\/p>\n<\/li>\n<\/ul>\n<hr data-start=\"2162\" data-end=\"2165\" \/>\n<h2 data-start=\"2167\" data-end=\"2184\">Podsumowanie<\/h2>\n<p data-start=\"2185\" data-end=\"2476\" data-is-last-node=\"\" data-is-only-node=\"\"><strong data-start=\"2185\" data-end=\"2220\">KOSPEL SW-201 200\u202fL z w\u0119\u017cownic\u0105<\/strong> to wydajny wymiennik CWU, zapewniaj\u0105cy szybkie i efektywne podgrzewanie wody w \u015brednich instalacjach domowych, mieszkaniach i obiektach us\u0142ugowych. Izolacja termiczna i solidna konstrukcja gwarantuj\u0105 oszcz\u0119dno\u015b\u0107 energii oraz niezawodn\u0105 prac\u0119 systemu \ud83d\udd25\ud83d\udca7.<\/p>\n<div class=\"row\">\n<div class=\" col-12 col-sm-6 col-md-6\"><\/div>\n<\/div>\n","protected":false},"excerpt":{"rendered":"<p><strong>Kospel SW-200 to stoj\u0105cy wymiennik ciep\u0142ej wody u\u017cytkowej o pojemno\u015bci 200 litr\u00f3w, przeznaczony do wsp\u00f3\u0142pracy z kot\u0142ami c.o. Posiada wydajn\u0105 w\u0119\u017cownic\u0119 spiraln\u0105 oraz grub\u0105 izolacj\u0119 termiczn\u0105, co zapewnia efektywne i energooszcz\u0119dne podgrzewanie wody.<\/strong><\/p>\n","protected":false},"featured_media":4160,"template":"","meta":{"_kad_blocks_custom_css":"","_kad_blocks_head_custom_js":"","_kad_blocks_body_custom_js":"","_kad_blocks_footer_custom_js":"","_kad_post_transparent":"default","_kad_post_title":"","_kad_post_layout":"default","_kad_post_sidebar_id":"","_kad_post_content_style":"default","_kad_post_vertical_padding":"default","_kad_post_feature":"","_kad_post_feature_position":"","_kad_post_header":false,"_kad_post_footer":false,"_kad_post_classname":""},"product_brand":[364],"product_cat":[232],"product_tag":[],"class_list":{"0":"post-4149","1":"product","2":"type-product","3":"status-publish","4":"has-post-thumbnail","6":"product_brand-kospel","7":"product_cat-wymienniki","8":"product_shipping_class-paleta_700","10":"first","11":"instock","12":"taxable","13":"shipping-taxable","14":"purchasable","15":"product-type-simple","16":"entry","17":"content-bg","18":"loop-entry"},"taxonomy_info":{"product_brand":[{"value":364,"label":"Kospel"}],"product_cat":[{"value":232,"label":"Wymienniki"}]},"featured_image_src_large":["https:\/\/e-systemygrzewcze.eu\/sklep\/wp-content\/uploads\/2025\/08\/Nowy-projekt-2025-08-07T155139.479.jpg",510,578,false],"author_info":[],"comment_info":"","_links":{"self":[{"href":"https:\/\/e-systemygrzewcze.eu\/sklep\/wp-json\/wp\/v2\/product\/4149","targetHints":{"allow":["GET"]}}],"collection":[{"href":"https:\/\/e-systemygrzewcze.eu\/sklep\/wp-json\/wp\/v2\/product"}],"about":[{"href":"https:\/\/e-systemygrzewcze.eu\/sklep\/wp-json\/wp\/v2\/types\/product"}],"wp:featuredmedia":[{"embeddable":true,"href":"https:\/\/e-systemygrzewcze.eu\/sklep\/wp-json\/wp\/v2\/media\/4160"}],"wp:attachment":[{"href":"https:\/\/e-systemygrzewcze.eu\/sklep\/wp-json\/wp\/v2\/media?parent=4149"}],"wp:term":[{"taxonomy":"product_brand","embeddable":true,"href":"https:\/\/e-systemygrzewcze.eu\/sklep\/wp-json\/wp\/v2\/product_brand?post=4149"},{"taxonomy":"product_cat","embeddable":true,"href":"https:\/\/e-systemygrzewcze.eu\/sklep\/wp-json\/wp\/v2\/product_cat?post=4149"},{"taxonomy":"product_tag","embeddable":true,"href":"https:\/\/e-systemygrzewcze.eu\/sklep\/wp-json\/wp\/v2\/product_tag?post=4149"}],"curies":[{"name":"wp","href":"https:\/\/api.w.org\/{rel}","templated":true}]}}