{"id":4110,"date":"2025-08-07T08:39:07","date_gmt":"2025-08-07T08:39:07","guid":{"rendered":"https:\/\/e-systemygrzewcze.eu\/sklep\/produkt\/elektromet-anoda-magnezowa-25x300-korek-5-4\/"},"modified":"2026-03-14T11:42:36","modified_gmt":"2026-03-14T11:42:36","slug":"elektromet-anoda-magnezowa-25x300-korek-5-4","status":"publish","type":"product","link":"https:\/\/e-systemygrzewcze.eu\/sklep\/produkt\/elektromet-anoda-magnezowa-25x300-korek-5-4\/","title":{"rendered":"ELEKTROMET Anoda magnezowa 25&#215;300 korek 5\/4&#8243; (702-25-300)"},"content":{"rendered":"<h2 data-start=\"0\" data-end=\"53\"><strong data-start=\"3\" data-end=\"51\">Elektromet Anoda magnezowa 25\u00d7300 korek 5\/4&#8243;<\/strong><\/h2>\n<p data-start=\"0\" data-end=\"53\">Anoda magnezowa Elektromet ze stopu magnezu chroni zbiorniki ciep\u0142ej wody przed korozj\u0105 poprzez dzia\u0142anie elektrochemiczne. Zu\u017cywa si\u0119 stopniowo, przejmuj\u0105c proces utleniania zamiast stali zbiornika, co wyd\u0142u\u017ca jego \u017cywotno\u015b\u0107. Monta\u017c odbywa si\u0119 wygodnie na korek 1\u202f1\/4&#8243;.<\/p>\n<hr data-start=\"347\" data-end=\"350\" \/>\n<h3 data-start=\"352\" data-end=\"382\">\u2b50 <strong data-start=\"358\" data-end=\"382\">Najwa\u017cniejsze zalety<\/strong><\/h3>\n<ul data-start=\"383\" data-end=\"708\">\n<li data-start=\"383\" data-end=\"428\">\n<p data-start=\"385\" data-end=\"428\">Skuteczna ochrona zbiornika przed korozj\u0105<\/p>\n<\/li>\n<li data-start=\"429\" data-end=\"464\">\n<p data-start=\"431\" data-end=\"464\">Ochrona powierzchni emaliowanej<\/p>\n<\/li>\n<li data-start=\"465\" data-end=\"520\">\n<p data-start=\"467\" data-end=\"520\">Zabezpieczenie elektrochemiczne zamiast chemicznego<\/p>\n<\/li>\n<li data-start=\"521\" data-end=\"576\">\n<p data-start=\"523\" data-end=\"576\">Przejmuje proces utleniania zamiast stali zbiornika<\/p>\n<\/li>\n<li data-start=\"577\" data-end=\"615\">\n<p data-start=\"579\" data-end=\"615\">Znacz\u0105co wyd\u0142u\u017ca \u017cywotno\u015b\u0107 bojlera<\/p>\n<\/li>\n<li data-start=\"616\" data-end=\"650\">\n<p data-start=\"618\" data-end=\"650\">Wygodny monta\u017c na korek 1\u202f1\/4&#8243;<\/p>\n<\/li>\n<li data-start=\"651\" data-end=\"708\">\n<p data-start=\"653\" data-end=\"708\">Produkt eksploatacyjny \u2013 mo\u017cliwo\u015b\u0107 regularnej wymiany<\/p>\n<\/li>\n<\/ul>\n<hr data-start=\"710\" data-end=\"713\" \/>\n<h3 data-start=\"715\" data-end=\"741\">\u2699\ufe0f <strong data-start=\"722\" data-end=\"741\">Dane techniczne<\/strong><\/h3>\n<p data-start=\"742\" data-end=\"869\">Nr katalogowy: 702-25-300<br data-start=\"767\" data-end=\"770\" \/>Spos\u00f3b mocowania: Korek 1\u202f1\/4&#8243;<br data-start=\"800\" data-end=\"803\" \/>D\u0142ugo\u015b\u0107: 300 mm<br data-start=\"818\" data-end=\"821\" \/>\u015arednica anody: 25 mm<br data-start=\"842\" data-end=\"845\" \/>Materia\u0142: Stop magnezu<\/p>\n<hr data-start=\"871\" data-end=\"874\" \/>\n<h3 data-start=\"876\" data-end=\"928\">\ud83c\udfe0 <strong data-start=\"883\" data-end=\"928\">Zastosowanie \u2013 kompatybilne zbiorniki CWU<\/strong><\/h3>\n<p data-start=\"929\" data-end=\"1058\" data-is-last-node=\"\" data-is-only-node=\"\">WGJ-120\/Z, WGJ-MAX 100, WGJ-100, WGJ-120 (dwup\u0142aszczowe), WJ-100, WJ-120, TYTAN 100, TYTAN 120, VENUS 100, VENUS 120 (do 2004 r.)<\/p>\n","protected":false},"excerpt":{"rendered":"<p><strong>Elektromet anoda magnezowa 25&#215;300 korek 5\/4&#8243; (702-25-300)<\/strong> <strong>to wymienny element zabezpieczaj\u0105cy zasobniki i podgrzewacze wody przed korozj\u0105, wyd\u0142u\u017caj\u0105cy ich \u017cywotno\u015b\u0107.<\/strong><\/p>\n","protected":false},"featured_media":4086,"template":"","meta":{"_kad_blocks_custom_css":"","_kad_blocks_head_custom_js":"","_kad_blocks_body_custom_js":"","_kad_blocks_footer_custom_js":"","_kad_post_transparent":"default","_kad_post_title":"","_kad_post_layout":"default","_kad_post_sidebar_id":"","_kad_post_content_style":"default","_kad_post_vertical_padding":"default","_kad_post_feature":"","_kad_post_feature_position":"","_kad_post_header":false,"_kad_post_footer":false,"_kad_post_classname":""},"product_brand":[133],"product_cat":[238],"product_tag":[],"class_list":{"0":"post-4110","1":"product","2":"type-product","3":"status-publish","4":"has-post-thumbnail","6":"product_brand-elektromet","7":"product_cat-anoda-magnezowa","8":"product_shipping_class-drobnica","10":"first","11":"instock","12":"taxable","13":"shipping-taxable","14":"purchasable","15":"product-type-simple","16":"entry","17":"content-bg","18":"loop-entry"},"taxonomy_info":{"product_brand":[{"value":133,"label":"Elektromet"}],"product_cat":[{"value":238,"label":"Anody magnezowe"}]},"featured_image_src_large":["https:\/\/e-systemygrzewcze.eu\/sklep\/wp-content\/uploads\/2025\/08\/Nowy-projekt-2025-08-06T152118.137.jpg",510,587,false],"author_info":[],"comment_info":"","_links":{"self":[{"href":"https:\/\/e-systemygrzewcze.eu\/sklep\/wp-json\/wp\/v2\/product\/4110","targetHints":{"allow":["GET"]}}],"collection":[{"href":"https:\/\/e-systemygrzewcze.eu\/sklep\/wp-json\/wp\/v2\/product"}],"about":[{"href":"https:\/\/e-systemygrzewcze.eu\/sklep\/wp-json\/wp\/v2\/types\/product"}],"wp:featuredmedia":[{"embeddable":true,"href":"https:\/\/e-systemygrzewcze.eu\/sklep\/wp-json\/wp\/v2\/media\/4086"}],"wp:attachment":[{"href":"https:\/\/e-systemygrzewcze.eu\/sklep\/wp-json\/wp\/v2\/media?parent=4110"}],"wp:term":[{"taxonomy":"product_brand","embeddable":true,"href":"https:\/\/e-systemygrzewcze.eu\/sklep\/wp-json\/wp\/v2\/product_brand?post=4110"},{"taxonomy":"product_cat","embeddable":true,"href":"https:\/\/e-systemygrzewcze.eu\/sklep\/wp-json\/wp\/v2\/product_cat?post=4110"},{"taxonomy":"product_tag","embeddable":true,"href":"https:\/\/e-systemygrzewcze.eu\/sklep\/wp-json\/wp\/v2\/product_tag?post=4110"}],"curies":[{"name":"wp","href":"https:\/\/api.w.org\/{rel}","templated":true}]}}