{"id":4098,"date":"2025-08-06T14:53:28","date_gmt":"2025-08-06T14:53:28","guid":{"rendered":"https:\/\/e-systemygrzewcze.eu\/sklep\/produkt\/elektromet-anoda-magnezowa-25x350-m8x30\/"},"modified":"2026-04-07T09:30:27","modified_gmt":"2026-04-07T09:30:27","slug":"elektromet-anoda-magnezowa-25x350-m8x30","status":"publish","type":"product","link":"https:\/\/e-systemygrzewcze.eu\/sklep\/produkt\/elektromet-anoda-magnezowa-25x350-m8x30\/","title":{"rendered":"ELEKTROMET Anoda magnezowa 25&#215;350 M8x30 (701-25-350)"},"content":{"rendered":"<div class=\"flex flex-col text-sm pb-25\">\n<article class=\"text-token-text-primary w-full focus:outline-none [--shadow-height:45px] has-data-writing-block:pointer-events-none has-data-writing-block:-mt-(--shadow-height) has-data-writing-block:pt-(--shadow-height) [&amp;:has([data-writing-block])&gt;*]:pointer-events-auto scroll-mt-[calc(var(--header-height)+min(200px,max(70px,20svh)))]\" dir=\"auto\" tabindex=\"-1\" data-turn-id=\"request-698dc8d3-7568-8328-9fb1-5bd806595a20-18\" data-testid=\"conversation-turn-250\" data-scroll-anchor=\"true\" data-turn=\"assistant\">\n<div class=\"text-base my-auto mx-auto pb-10 [--thread-content-margin:--spacing(4)] @w-sm\/main:[--thread-content-margin:--spacing(6)] @w-lg\/main:[--thread-content-margin:--spacing(16)] px-(--thread-content-margin)\">\n<div class=\"[--thread-content-max-width:40rem] @w-lg\/main:[--thread-content-max-width:48rem] mx-auto max-w-(--thread-content-max-width) flex-1 group\/turn-messages focus-visible:outline-hidden relative flex w-full min-w-0 flex-col agent-turn\" tabindex=\"-1\">\n<div class=\"flex max-w-full flex-col grow\">\n<div class=\"min-h-8 text-message relative flex w-full flex-col items-end gap-2 text-start break-words whitespace-normal [.text-message+&amp;]:mt-1\" dir=\"auto\" data-message-author-role=\"assistant\" data-message-id=\"89648d47-f9e2-4857-b7e7-cefb164ac59f\" data-message-model-slug=\"gpt-5-mini\">\n<div class=\"flex w-full flex-col gap-1 empty:hidden first:pt-[1px]\">\n<div class=\"markdown prose dark:prose-invert w-full wrap-break-word dark markdown-new-styling\">\n<h2 data-start=\"0\" data-end=\"48\"><strong data-start=\"3\" data-end=\"46\">Elektromet Anoda magnezowa 25\u00d7350 M8x30<\/strong><\/h2>\n<p data-start=\"0\" data-end=\"48\">Anoda magnezowa Elektromet ze stopu magnezu chroni zbiorniki ciep\u0142ej wody przed korozj\u0105 dzi\u0119ki dzia\u0142aniu elektrochemicznemu. Zu\u017cywa si\u0119 stopniowo, przejmuj\u0105c proces utleniania zamiast stali zbiornika, co wyd\u0142u\u017ca jego \u017cywotno\u015b\u0107. Monta\u017c odbywa si\u0119 pewnie na gwint M8x30.<\/p>\n<hr data-start=\"340\" data-end=\"343\" \/>\n<h3 data-start=\"345\" data-end=\"375\">\u2b50 <strong data-start=\"351\" data-end=\"375\">Najwa\u017cniejsze zalety<\/strong><\/h3>\n<ul data-start=\"376\" data-end=\"692\">\n<li data-start=\"376\" data-end=\"411\">\n<p data-start=\"378\" data-end=\"411\">Skuteczna ochrona przed korozj\u0105<\/p>\n<\/li>\n<li data-start=\"412\" data-end=\"460\">\n<p data-start=\"414\" data-end=\"460\">Zabezpieczenie pow\u0142oki emaliowanej zbiornika<\/p>\n<\/li>\n<li data-start=\"461\" data-end=\"508\">\n<p data-start=\"463\" data-end=\"508\">Ochrona elektrochemiczna zamiast chemicznej<\/p>\n<\/li>\n<li data-start=\"509\" data-end=\"564\">\n<p data-start=\"511\" data-end=\"564\">Przejmuje proces utleniania zamiast stali zbiornika<\/p>\n<\/li>\n<li data-start=\"565\" data-end=\"603\">\n<p data-start=\"567\" data-end=\"603\">Znacz\u0105co wyd\u0142u\u017ca \u017cywotno\u015b\u0107 bojlera<\/p>\n<\/li>\n<li data-start=\"604\" data-end=\"637\">\n<p data-start=\"606\" data-end=\"637\">Pewne mocowanie \u2013 gwint M8x30<\/p>\n<\/li>\n<li data-start=\"638\" data-end=\"692\">\n<p data-start=\"640\" data-end=\"692\">Przeznaczona do regularnej wymiany eksploatacyjnej<\/p>\n<\/li>\n<\/ul>\n<hr data-start=\"694\" data-end=\"697\" \/>\n<h3 data-start=\"699\" data-end=\"725\">\u2699\ufe0f <strong data-start=\"706\" data-end=\"725\">Dane techniczne<\/strong><\/h3>\n<p data-start=\"726\" data-end=\"852\">Nr katalogowy: 701-25-350<br data-start=\"751\" data-end=\"754\" \/>Spos\u00f3b mocowania: Gwint M8x30<br data-start=\"783\" data-end=\"786\" \/>D\u0142ugo\u015b\u0107: 350 mm<br data-start=\"801\" data-end=\"804\" \/>\u015arednica anody: 25 mm<br data-start=\"825\" data-end=\"828\" \/>Materia\u0142: Stop magnezu<\/p>\n<hr data-start=\"854\" data-end=\"857\" \/>\n<h3 data-start=\"859\" data-end=\"911\">\ud83c\udfe0 <strong data-start=\"866\" data-end=\"911\">Zastosowanie \u2013 kompatybilne zbiorniki CWU<\/strong><\/h3>\n<p data-start=\"912\" data-end=\"961\" data-is-last-node=\"\" data-is-only-node=\"\">NORDIC COMBI 120\u202fl, NORDIC AQUA 120\u202fl, WGJ-SQ 120<\/p>\n<\/div>\n<\/div>\n<\/div>\n<\/div>\n<div class=\"z-0 flex min-h-[46px] justify-start\"><\/div>\n<div class=\"mt-3 w-full empty:hidden\">\n<div class=\"text-center\"><\/div>\n<\/div>\n<\/div>\n<\/div>\n<\/article>\n<\/div>\n<div class=\"pointer-events-none h-px w-px absolute bottom-0\" aria-hidden=\"true\" data-edge=\"true\"><\/div>\n","protected":false},"excerpt":{"rendered":"<p><strong>Elektromet anoda magnezowa 25&#215;350 M8x30<\/strong> <strong>(701-25-350) <\/strong><strong>to wymienny element zabezpieczaj\u0105cy zasobniki i podgrzewacze wody przed korozj\u0105, wyd\u0142u\u017caj\u0105cy ich \u017cywotno\u015b\u0107.<\/strong><\/p>\n","protected":false},"featured_media":4100,"template":"","meta":{"_kad_blocks_custom_css":"","_kad_blocks_head_custom_js":"","_kad_blocks_body_custom_js":"","_kad_blocks_footer_custom_js":"","_kad_post_transparent":"default","_kad_post_title":"","_kad_post_layout":"default","_kad_post_sidebar_id":"","_kad_post_content_style":"default","_kad_post_vertical_padding":"default","_kad_post_feature":"","_kad_post_feature_position":"","_kad_post_header":false,"_kad_post_footer":false,"_kad_post_classname":""},"product_brand":[133],"product_cat":[238],"product_tag":[],"class_list":{"0":"post-4098","1":"product","2":"type-product","3":"status-publish","4":"has-post-thumbnail","6":"product_brand-elektromet","7":"product_cat-anoda-magnezowa","8":"product_shipping_class-drobnica","10":"first","11":"instock","12":"taxable","13":"shipping-taxable","14":"purchasable","15":"product-type-simple","16":"entry","17":"content-bg","18":"loop-entry"},"taxonomy_info":{"product_brand":[{"value":133,"label":"Elektromet"}],"product_cat":[{"value":238,"label":"Anody magnezowe"}]},"featured_image_src_large":["https:\/\/e-systemygrzewcze.eu\/sklep\/wp-content\/uploads\/2025\/08\/Nowy-projekt-2025-08-06T165555.127.jpg",510,587,false],"author_info":[],"comment_info":"","_links":{"self":[{"href":"https:\/\/e-systemygrzewcze.eu\/sklep\/wp-json\/wp\/v2\/product\/4098","targetHints":{"allow":["GET"]}}],"collection":[{"href":"https:\/\/e-systemygrzewcze.eu\/sklep\/wp-json\/wp\/v2\/product"}],"about":[{"href":"https:\/\/e-systemygrzewcze.eu\/sklep\/wp-json\/wp\/v2\/types\/product"}],"wp:featuredmedia":[{"embeddable":true,"href":"https:\/\/e-systemygrzewcze.eu\/sklep\/wp-json\/wp\/v2\/media\/4100"}],"wp:attachment":[{"href":"https:\/\/e-systemygrzewcze.eu\/sklep\/wp-json\/wp\/v2\/media?parent=4098"}],"wp:term":[{"taxonomy":"product_brand","embeddable":true,"href":"https:\/\/e-systemygrzewcze.eu\/sklep\/wp-json\/wp\/v2\/product_brand?post=4098"},{"taxonomy":"product_cat","embeddable":true,"href":"https:\/\/e-systemygrzewcze.eu\/sklep\/wp-json\/wp\/v2\/product_cat?post=4098"},{"taxonomy":"product_tag","embeddable":true,"href":"https:\/\/e-systemygrzewcze.eu\/sklep\/wp-json\/wp\/v2\/product_tag?post=4098"}],"curies":[{"name":"wp","href":"https:\/\/api.w.org\/{rel}","templated":true}]}}