{"id":4084,"date":"2025-08-06T13:18:44","date_gmt":"2025-08-06T13:18:44","guid":{"rendered":"https:\/\/e-systemygrzewcze.eu\/sklep\/produkt\/galmet-anoda-magnezowa-38x600-korek-5-4\/"},"modified":"2026-03-09T15:20:24","modified_gmt":"2026-03-09T15:20:24","slug":"galmet-anoda-magnezowa-38x600-korek-5-4","status":"publish","type":"product","link":"https:\/\/e-systemygrzewcze.eu\/sklep\/produkt\/galmet-anoda-magnezowa-38x600-korek-5-4\/","title":{"rendered":"GALMET Anoda magnezowa 38&#215;600 korek 5\/4&#8243; (40-263901)"},"content":{"rendered":"<div class=\"flex flex-col text-sm pb-25\">\n<article class=\"text-token-text-primary w-full focus:outline-none [--shadow-height:45px] has-data-writing-block:pointer-events-none has-data-writing-block:-mt-(--shadow-height) has-data-writing-block:pt-(--shadow-height) [&amp;:has([data-writing-block])&gt;*]:pointer-events-auto scroll-mt-[calc(var(--header-height)+min(200px,max(70px,20svh)))]\" dir=\"auto\" tabindex=\"-1\" data-turn-id=\"request-698dc8d3-7568-8328-9fb1-5bd806595a20-24\" data-testid=\"conversation-turn-262\" data-scroll-anchor=\"true\" data-turn=\"assistant\">\n<div class=\"text-base my-auto mx-auto pb-10 [--thread-content-margin:--spacing(4)] @w-sm\/main:[--thread-content-margin:--spacing(6)] @w-lg\/main:[--thread-content-margin:--spacing(16)] px-(--thread-content-margin)\">\n<div class=\"[--thread-content-max-width:40rem] @w-lg\/main:[--thread-content-max-width:48rem] mx-auto max-w-(--thread-content-max-width) flex-1 group\/turn-messages focus-visible:outline-hidden relative flex w-full min-w-0 flex-col agent-turn\" tabindex=\"-1\">\n<div class=\"flex max-w-full flex-col grow\">\n<div class=\"min-h-8 text-message relative flex w-full flex-col items-end gap-2 text-start break-words whitespace-normal [.text-message+&amp;]:mt-1\" dir=\"auto\" data-message-author-role=\"assistant\" data-message-id=\"1e11fad3-f875-4a23-8990-e7ee2d79894f\" data-message-model-slug=\"gpt-5-mini\">\n<div class=\"flex w-full flex-col gap-1 empty:hidden first:pt-[1px]\">\n<div class=\"markdown prose dark:prose-invert w-full wrap-break-word dark markdown-new-styling\">\n<h2 data-start=\"0\" data-end=\"49\"><strong data-start=\"3\" data-end=\"47\">Galmet Anoda magnezowa 38\u00d7600 korek 5\/4&#8243;<\/strong><\/h2>\n<p data-start=\"0\" data-end=\"49\">Anoda magnezowa Galmet wykonana jest ze stopu fizjologicznie nieagresywnego magnezu, kt\u00f3ry w trakcie pracy ulega kontrolowanemu rozpuszczaniu, skutecznie chroni\u0105c zbiornik przed korozj\u0105. Dzia\u0142anie anody opiera si\u0119 na r\u00f3\u017cnicy potencja\u0142\u00f3w elektrochemicznych mi\u0119dzy stal\u0105 zbiornika a anod\u0105 \u2013 mikroubytki emalii staj\u0105 si\u0119 katod\u0105, a zamiast stali rozpuszcza si\u0119 anoda magnezowa, zatrzymuj\u0105c proces korozji.<\/p>\n<hr data-start=\"474\" data-end=\"477\" \/>\n<h3 data-start=\"479\" data-end=\"509\">\u2b50 <strong data-start=\"485\" data-end=\"509\">Najwa\u017cniejsze zalety<\/strong><\/h3>\n<ul data-start=\"510\" data-end=\"799\">\n<li data-start=\"510\" data-end=\"545\">\n<p data-start=\"512\" data-end=\"545\">Skuteczna ochrona przed korozj\u0105<\/p>\n<\/li>\n<li data-start=\"546\" data-end=\"580\">\n<p data-start=\"548\" data-end=\"580\">Zabezpiecza pow\u0142ok\u0119 emaliowan\u0105<\/p>\n<\/li>\n<li data-start=\"581\" data-end=\"619\">\n<p data-start=\"583\" data-end=\"619\">Ochrona elektrochemiczna zbiornika<\/p>\n<\/li>\n<li data-start=\"620\" data-end=\"665\">\n<p data-start=\"622\" data-end=\"665\">Przejmuje proces utleniania zamiast stali<\/p>\n<\/li>\n<li data-start=\"666\" data-end=\"705\">\n<p data-start=\"668\" data-end=\"705\">Wyd\u0142u\u017ca \u017cywotno\u015b\u0107 podgrzewacza wody<\/p>\n<\/li>\n<li data-start=\"706\" data-end=\"748\">\n<p data-start=\"708\" data-end=\"748\">Solidne mocowanie \u2013 korek stalowy 5\/4&#8243;<\/p>\n<\/li>\n<li data-start=\"749\" data-end=\"799\">\n<p data-start=\"751\" data-end=\"799\">Produkt eksploatacyjny \u2013 do regularnej wymiany<\/p>\n<\/li>\n<\/ul>\n<hr data-start=\"801\" data-end=\"804\" \/>\n<h3 data-start=\"806\" data-end=\"832\">\u2699\ufe0f <strong data-start=\"813\" data-end=\"832\">Dane techniczne<\/strong><\/h3>\n<p data-start=\"833\" data-end=\"938\" data-is-last-node=\"\" data-is-only-node=\"\">Nr katalogowy: 40-263901<br data-start=\"857\" data-end=\"860\" \/>Spos\u00f3b mocowania: Korek stalowy 5\/4&#8243;<br data-start=\"896\" data-end=\"899\" \/>D\u0142ugo\u015b\u0107: 600 mm<br data-start=\"914\" data-end=\"917\" \/>\u015arednica anody: 38 mm<\/p>\n<\/div>\n<\/div>\n<\/div>\n<\/div>\n<div class=\"z-0 flex min-h-[46px] justify-start\"><\/div>\n<div class=\"mt-3 w-full empty:hidden\">\n<div class=\"text-center\"><\/div>\n<\/div>\n<\/div>\n<\/div>\n<\/article>\n<\/div>\n<div class=\"pointer-events-none h-px w-px absolute bottom-0\" aria-hidden=\"true\" data-edge=\"true\"><\/div>\n","protected":false},"excerpt":{"rendered":"<article class=\"text-token-text-primary w-full focus:outline-none scroll-mt-[calc(var(--header-height)+min(200px,max(70px,20svh)))]\" dir=\"auto\" tabindex=\"-1\" data-turn-id=\"request-WEB:41be3714-1c12-4fea-9a31-b63d54fe72db-1\" data-testid=\"conversation-turn-4\" data-scroll-anchor=\"true\" data-turn=\"assistant\">\n<div class=\"text-base my-auto mx-auto pb-10 [--thread-content-margin:--spacing(4)] @[37rem]:[--thread-content-margin:--spacing(6)] @[72rem]:[--thread-content-margin:--spacing(16)] px-(--thread-content-margin)\">\n<div class=\"[--thread-content-max-width:32rem] @[34rem]:[--thread-content-max-width:40rem] @[64rem]:[--thread-content-max-width:48rem] mx-auto max-w-(--thread-content-max-width) flex-1 group\/turn-messages focus-visible:outline-hidden relative flex w-full min-w-0 flex-col agent-turn\" tabindex=\"-1\">\n<div class=\"flex max-w-full flex-col grow\">\n<div class=\"min-h-8 text-message relative flex w-full flex-col items-end gap-2 text-start break-words whitespace-normal [.text-message+&amp;]:mt-5\" dir=\"auto\" data-message-author-role=\"assistant\" data-message-id=\"4536b325-410c-4d99-8782-46b4bfce51c7\" data-message-model-slug=\"gpt-4o\">\n<div class=\"flex w-full flex-col gap-1 empty:hidden first:pt-[3px]\">\n<div class=\"markdown prose dark:prose-invert w-full break-words dark markdown-new-styling\">\n<p data-start=\"0\" data-end=\"140\" data-is-last-node=\"\" data-is-only-node=\"\"><strong>Galmet anoda magnezowa 38&#215;600 korek 5\/4&#8243; (40-263901) to wymienny element zabezpieczaj\u0105cy zasobniki i podgrzewacze wody przed korozj\u0105, wyd\u0142u\u017caj\u0105cy ich \u017cywotno\u015b\u0107.<\/strong><\/p>\n<\/div>\n<\/div>\n<\/div>\n<\/div>\n<div class=\"flex min-h-[46px] justify-start\">\n<div class=\"touch:-me-2 touch:-ms-3.5 -ms-2.5 -me-1 flex flex-wrap items-center gap-y-4 p-1 select-none touch:w-[calc(100%+--spacing(3.5))] -mt-1 w-[calc(100%+--spacing(2.5))] duration-[1.5s] focus-within:transition-none hover:transition-none pointer-events-none [mask-image:linear-gradient(to_right,black_33%,transparent_66%)] [mask-size:300%_100%] [mask-position:100%_0%] motion-safe:transition-[mask-position] group-hover\/turn-messages:pointer-events-auto group-hover\/turn-messages:[mask-position:0_0] group-focus-within\/turn-messages:pointer-events-auto group-focus-within\/turn-messages:[mask-position:0_0] has-data-[state=open]:pointer-events-auto has-data-[state=open]:[mask-position:0_0]\">\n<div class=\"flex items-center\"><\/div>\n<div class=\"grow\"><\/div>\n<\/div>\n<\/div>\n<div class=\"aria-live=polite absolute select-none\">\n<div class=\"flex items-center justify-center\"><\/div>\n<\/div>\n<\/div>\n<\/div>\n<\/article>\n<div class=\"pointer-events-none h-px w-px\" aria-hidden=\"true\" data-edge=\"true\"><\/div>\n","protected":false},"featured_media":4086,"template":"","meta":{"_kad_blocks_custom_css":"","_kad_blocks_head_custom_js":"","_kad_blocks_body_custom_js":"","_kad_blocks_footer_custom_js":"","_kad_post_transparent":"default","_kad_post_title":"","_kad_post_layout":"default","_kad_post_sidebar_id":"","_kad_post_content_style":"default","_kad_post_vertical_padding":"default","_kad_post_feature":"","_kad_post_feature_position":"","_kad_post_header":false,"_kad_post_footer":false,"_kad_post_classname":""},"product_brand":[313],"product_cat":[238],"product_tag":[],"class_list":{"0":"post-4084","1":"product","2":"type-product","3":"status-publish","4":"has-post-thumbnail","6":"product_brand-galmet","7":"product_cat-anoda-magnezowa","8":"product_shipping_class-drobnica","10":"first","11":"instock","12":"taxable","13":"shipping-taxable","14":"purchasable","15":"product-type-simple","16":"entry","17":"content-bg","18":"loop-entry"},"taxonomy_info":{"product_brand":[{"value":313,"label":"Galmet"}],"product_cat":[{"value":238,"label":"Anody magnezowe"}]},"featured_image_src_large":["https:\/\/e-systemygrzewcze.eu\/sklep\/wp-content\/uploads\/2025\/08\/Nowy-projekt-2025-08-06T152118.137.jpg",510,587,false],"author_info":[],"comment_info":"","_links":{"self":[{"href":"https:\/\/e-systemygrzewcze.eu\/sklep\/wp-json\/wp\/v2\/product\/4084","targetHints":{"allow":["GET"]}}],"collection":[{"href":"https:\/\/e-systemygrzewcze.eu\/sklep\/wp-json\/wp\/v2\/product"}],"about":[{"href":"https:\/\/e-systemygrzewcze.eu\/sklep\/wp-json\/wp\/v2\/types\/product"}],"wp:featuredmedia":[{"embeddable":true,"href":"https:\/\/e-systemygrzewcze.eu\/sklep\/wp-json\/wp\/v2\/media\/4086"}],"wp:attachment":[{"href":"https:\/\/e-systemygrzewcze.eu\/sklep\/wp-json\/wp\/v2\/media?parent=4084"}],"wp:term":[{"taxonomy":"product_brand","embeddable":true,"href":"https:\/\/e-systemygrzewcze.eu\/sklep\/wp-json\/wp\/v2\/product_brand?post=4084"},{"taxonomy":"product_cat","embeddable":true,"href":"https:\/\/e-systemygrzewcze.eu\/sklep\/wp-json\/wp\/v2\/product_cat?post=4084"},{"taxonomy":"product_tag","embeddable":true,"href":"https:\/\/e-systemygrzewcze.eu\/sklep\/wp-json\/wp\/v2\/product_tag?post=4084"}],"curies":[{"name":"wp","href":"https:\/\/api.w.org\/{rel}","templated":true}]}}