{"id":4077,"date":"2025-08-06T13:11:44","date_gmt":"2025-08-06T13:11:44","guid":{"rendered":"https:\/\/e-systemygrzewcze.eu\/sklep\/produkt\/kospel-anoda-magnezowa-21x660-korek-3-4\/"},"modified":"2026-04-07T09:30:55","modified_gmt":"2026-04-07T09:30:55","slug":"kospel-anoda-magnezowa-21x660-korek-3-4","status":"publish","type":"product","link":"https:\/\/e-systemygrzewcze.eu\/sklep\/produkt\/kospel-anoda-magnezowa-21x660-korek-3-4\/","title":{"rendered":"KOSPEL Anoda magnezowa 21&#215;660 korek 3\/4&#8243; (AMW.660)"},"content":{"rendered":"<div class=\"flex flex-col text-sm pb-25\">\n<article class=\"text-token-text-primary w-full focus:outline-none [--shadow-height:45px] has-data-writing-block:pointer-events-none has-data-writing-block:-mt-(--shadow-height) has-data-writing-block:pt-(--shadow-height) [&amp;:has([data-writing-block])&gt;*]:pointer-events-auto scroll-mt-[calc(var(--header-height)+min(200px,max(70px,20svh)))]\" dir=\"auto\" tabindex=\"-1\" data-turn-id=\"request-698dc8d3-7568-8328-9fb1-5bd806595a20-25\" data-testid=\"conversation-turn-264\" data-scroll-anchor=\"true\" data-turn=\"assistant\">\n<div class=\"text-base my-auto mx-auto pb-10 [--thread-content-margin:--spacing(4)] @w-sm\/main:[--thread-content-margin:--spacing(6)] @w-lg\/main:[--thread-content-margin:--spacing(16)] px-(--thread-content-margin)\">\n<div class=\"[--thread-content-max-width:40rem] @w-lg\/main:[--thread-content-max-width:48rem] mx-auto max-w-(--thread-content-max-width) flex-1 group\/turn-messages focus-visible:outline-hidden relative flex w-full min-w-0 flex-col agent-turn\" tabindex=\"-1\">\n<div class=\"flex max-w-full flex-col grow\">\n<div class=\"min-h-8 text-message relative flex w-full flex-col items-end gap-2 text-start break-words whitespace-normal [.text-message+&amp;]:mt-1\" dir=\"auto\" data-message-author-role=\"assistant\" data-message-id=\"8866607e-aae5-44dc-a5fc-1bd183ebb159\" data-message-model-slug=\"gpt-5-mini\">\n<div class=\"flex w-full flex-col gap-1 empty:hidden first:pt-[1px]\">\n<div class=\"markdown prose dark:prose-invert w-full wrap-break-word dark markdown-new-styling\">\n<h2 data-start=\"0\" data-end=\"49\"><strong data-start=\"3\" data-end=\"47\">Kospel Anoda magnezowa 21\u00d7660 korek 3\/4&#8243;<\/strong><\/h2>\n<p data-start=\"0\" data-end=\"49\">Anoda magnezowa Kospel wykonana jest ze stopu fizjologicznie nieagresywnego magnezu, kt\u00f3ry w trakcie pracy ulega kontrolowanemu rozpuszczaniu, skutecznie chroni\u0105c zbiornik przed korozj\u0105. Dzia\u0142anie anody opiera si\u0119 na r\u00f3\u017cnicy potencja\u0142\u00f3w elektrochemicznych mi\u0119dzy stal\u0105 zbiornika a anod\u0105 \u2013 mikroubytki emalii staj\u0105 si\u0119 katod\u0105, a zamiast stali rozpuszcza si\u0119 anoda magnezowa, zatrzymuj\u0105c proces korozji.<\/p>\n<hr data-start=\"474\" data-end=\"477\" \/>\n<h3 data-start=\"479\" data-end=\"509\">\u2b50 <strong data-start=\"485\" data-end=\"509\">Najwa\u017cniejsze zalety<\/strong><\/h3>\n<ul data-start=\"510\" data-end=\"795\">\n<li data-start=\"510\" data-end=\"545\">\n<p data-start=\"512\" data-end=\"545\">Skuteczna ochrona przed korozj\u0105<\/p>\n<\/li>\n<li data-start=\"546\" data-end=\"584\">\n<p data-start=\"548\" data-end=\"584\">Zabezpieczenie pow\u0142oki emaliowanej<\/p>\n<\/li>\n<li data-start=\"585\" data-end=\"623\">\n<p data-start=\"587\" data-end=\"623\">Ochrona elektrochemiczna zbiornika<\/p>\n<\/li>\n<li data-start=\"624\" data-end=\"669\">\n<p data-start=\"626\" data-end=\"669\">Przejmuje proces utleniania zamiast stali<\/p>\n<\/li>\n<li data-start=\"670\" data-end=\"709\">\n<p data-start=\"672\" data-end=\"709\">Wyd\u0142u\u017ca \u017cywotno\u015b\u0107 podgrzewacza wody<\/p>\n<\/li>\n<li data-start=\"710\" data-end=\"744\">\n<p data-start=\"712\" data-end=\"744\">Solidne mocowanie \u2013 korek 3\/4&#8243;<\/p>\n<\/li>\n<li data-start=\"745\" data-end=\"795\">\n<p data-start=\"747\" data-end=\"795\">Produkt eksploatacyjny \u2013 do regularnej wymiany<\/p>\n<\/li>\n<\/ul>\n<hr data-start=\"797\" data-end=\"800\" \/>\n<h3 data-start=\"802\" data-end=\"828\">\u2699\ufe0f <strong data-start=\"809\" data-end=\"828\">Dane techniczne<\/strong><\/h3>\n<p data-start=\"829\" data-end=\"955\">Nr katalogowy: ANODA.AMW.660<br data-start=\"857\" data-end=\"860\" \/>Spos\u00f3b mocowania: Korek 3\/4&#8243;<br data-start=\"888\" data-end=\"891\" \/>D\u0142ugo\u015b\u0107: 660 mm<br data-start=\"906\" data-end=\"909\" \/>\u015arednica anody: 21,3 mm<br data-start=\"932\" data-end=\"935\" \/>Zast\u0119puje: AMW.500<\/p>\n<hr data-start=\"957\" data-end=\"960\" \/>\n<h3 data-start=\"962\" data-end=\"985\">\ud83d\udec1 <strong data-start=\"969\" data-end=\"985\">Zastosowanie<\/strong><\/h3>\n<ul data-start=\"986\" data-end=\"1089\" data-is-last-node=\"\" data-is-only-node=\"\">\n<li data-start=\"986\" data-end=\"1029\">\n<p data-start=\"988\" data-end=\"1029\">Ogrzewacze poziome Kospel: 120 l, 140 l<\/p>\n<\/li>\n<li data-start=\"1030\" data-end=\"1089\" data-is-last-node=\"\">\n<p data-start=\"1032\" data-end=\"1089\" data-is-last-node=\"\">Ogrzewacze stoj\u0105ce Kospel: SW-100, SW-300, SB-250, SB-300<\/p>\n<\/li>\n<\/ul>\n<\/div>\n<\/div>\n<\/div>\n<\/div>\n<div class=\"z-0 flex min-h-[46px] justify-start\"><\/div>\n<div class=\"mt-3 w-full empty:hidden\">\n<div class=\"text-center\"><\/div>\n<\/div>\n<\/div>\n<\/div>\n<\/article>\n<\/div>\n<div class=\"pointer-events-none h-px w-px absolute bottom-0\" aria-hidden=\"true\" data-edge=\"true\"><\/div>\n","protected":false},"excerpt":{"rendered":"<p><strong>Kospel anoda magnezowa 21&#215;660 korek 3\/4&#8243; (AMW.660) to wymienny element zabezpieczaj\u0105cy zasobniki i podgrzewacze wody przed korozj\u0105, wyd\u0142u\u017caj\u0105cy ich \u017cywotno\u015b\u0107.<\/strong><\/p>\n","protected":false},"featured_media":4081,"template":"","meta":{"_kad_blocks_custom_css":"","_kad_blocks_head_custom_js":"","_kad_blocks_body_custom_js":"","_kad_blocks_footer_custom_js":"","_kad_post_transparent":"default","_kad_post_title":"","_kad_post_layout":"default","_kad_post_sidebar_id":"","_kad_post_content_style":"default","_kad_post_vertical_padding":"default","_kad_post_feature":"","_kad_post_feature_position":"","_kad_post_header":false,"_kad_post_footer":false,"_kad_post_classname":""},"product_brand":[364],"product_cat":[238],"product_tag":[],"class_list":{"0":"post-4077","1":"product","2":"type-product","3":"status-publish","4":"has-post-thumbnail","6":"product_brand-kospel","7":"product_cat-anoda-magnezowa","8":"product_shipping_class-drobnica","10":"first","11":"instock","12":"taxable","13":"shipping-taxable","14":"purchasable","15":"product-type-simple","16":"entry","17":"content-bg","18":"loop-entry"},"taxonomy_info":{"product_brand":[{"value":364,"label":"Kospel"}],"product_cat":[{"value":238,"label":"Anody magnezowe"}]},"featured_image_src_large":["https:\/\/e-systemygrzewcze.eu\/sklep\/wp-content\/uploads\/2025\/08\/Nowy-projekt-2025-08-06T151312.370.jpg",510,587,false],"author_info":[],"comment_info":"","_links":{"self":[{"href":"https:\/\/e-systemygrzewcze.eu\/sklep\/wp-json\/wp\/v2\/product\/4077","targetHints":{"allow":["GET"]}}],"collection":[{"href":"https:\/\/e-systemygrzewcze.eu\/sklep\/wp-json\/wp\/v2\/product"}],"about":[{"href":"https:\/\/e-systemygrzewcze.eu\/sklep\/wp-json\/wp\/v2\/types\/product"}],"wp:featuredmedia":[{"embeddable":true,"href":"https:\/\/e-systemygrzewcze.eu\/sklep\/wp-json\/wp\/v2\/media\/4081"}],"wp:attachment":[{"href":"https:\/\/e-systemygrzewcze.eu\/sklep\/wp-json\/wp\/v2\/media?parent=4077"}],"wp:term":[{"taxonomy":"product_brand","embeddable":true,"href":"https:\/\/e-systemygrzewcze.eu\/sklep\/wp-json\/wp\/v2\/product_brand?post=4077"},{"taxonomy":"product_cat","embeddable":true,"href":"https:\/\/e-systemygrzewcze.eu\/sklep\/wp-json\/wp\/v2\/product_cat?post=4077"},{"taxonomy":"product_tag","embeddable":true,"href":"https:\/\/e-systemygrzewcze.eu\/sklep\/wp-json\/wp\/v2\/product_tag?post=4077"}],"curies":[{"name":"wp","href":"https:\/\/api.w.org\/{rel}","templated":true}]}}