{"id":4069,"date":"2025-08-06T12:53:53","date_gmt":"2025-08-06T12:53:53","guid":{"rendered":"https:\/\/e-systemygrzewcze.eu\/sklep\/produkt\/kospel-anoda-magnezowa-33x450-m8\/"},"modified":"2026-04-07T09:31:15","modified_gmt":"2026-04-07T09:31:15","slug":"kospel-anoda-magnezowa-33x450-m8","status":"publish","type":"product","link":"https:\/\/e-systemygrzewcze.eu\/sklep\/produkt\/kospel-anoda-magnezowa-33x450-m8\/","title":{"rendered":"KOSPEL Anoda magnezowa 33&#215;450 M8 (AMW.M8.450)"},"content":{"rendered":"<h2 data-start=\"0\" data-end=\"41\"><strong data-start=\"3\" data-end=\"39\">Kospel Anoda magnezowa 33\u00d7450 M8<\/strong><\/h2>\n<p data-start=\"0\" data-end=\"41\">Anoda magnezowa Kospel wykonana jest ze stopu fizjologicznie nieagresywnego magnezu, kt\u00f3ry w trakcie pracy ulega kontrolowanemu rozpuszczaniu, skutecznie chroni\u0105c zbiornik przed korozj\u0105. Jej dzia\u0142anie opiera si\u0119 na r\u00f3\u017cnicy potencja\u0142\u00f3w elektrochemicznych mi\u0119dzy stal\u0105 zbiornika a anod\u0105 \u2013 mikroubytki emalii staj\u0105 si\u0119 katod\u0105, a zamiast stali rozpuszcza si\u0119 anoda magnezowa, co zatrzymuje proces korozji.<\/p>\n<hr data-start=\"466\" data-end=\"469\" \/>\n<h3 data-start=\"471\" data-end=\"501\">\u2b50 <strong data-start=\"477\" data-end=\"501\">Najwa\u017cniejsze zalety<\/strong><\/h3>\n<ul data-start=\"502\" data-end=\"785\">\n<li data-start=\"502\" data-end=\"537\">\n<p data-start=\"504\" data-end=\"537\">Skuteczna ochrona przed korozj\u0105<\/p>\n<\/li>\n<li data-start=\"538\" data-end=\"576\">\n<p data-start=\"540\" data-end=\"576\">Zabezpieczenie pow\u0142oki emaliowanej<\/p>\n<\/li>\n<li data-start=\"577\" data-end=\"615\">\n<p data-start=\"579\" data-end=\"615\">Ochrona elektrochemiczna zbiornika<\/p>\n<\/li>\n<li data-start=\"616\" data-end=\"661\">\n<p data-start=\"618\" data-end=\"661\">Przejmuje proces utleniania zamiast stali<\/p>\n<\/li>\n<li data-start=\"662\" data-end=\"701\">\n<p data-start=\"664\" data-end=\"701\">Wyd\u0142u\u017ca \u017cywotno\u015b\u0107 podgrzewacza wody<\/p>\n<\/li>\n<li data-start=\"702\" data-end=\"734\">\n<p data-start=\"704\" data-end=\"734\">Solidne mocowanie \u2013 gwint M8<\/p>\n<\/li>\n<li data-start=\"735\" data-end=\"785\">\n<p data-start=\"737\" data-end=\"785\">Produkt eksploatacyjny \u2013 do regularnej wymiany<\/p>\n<\/li>\n<\/ul>\n<hr data-start=\"787\" data-end=\"790\" \/>\n<h3 data-start=\"792\" data-end=\"818\">\u2699\ufe0f <strong data-start=\"799\" data-end=\"818\">Dane techniczne<\/strong><\/h3>\n<p data-start=\"819\" data-end=\"926\">Nr katalogowy: ANODA.AMW.M8.450<br data-start=\"850\" data-end=\"853\" \/>Spos\u00f3b mocowania: Gwint M8\u00d730<br data-start=\"882\" data-end=\"885\" \/>D\u0142ugo\u015b\u0107: 450 mm<br data-start=\"900\" data-end=\"903\" \/>\u015arednica anody: 33 mm<\/p>\n","protected":false},"excerpt":{"rendered":"<p><strong>Kospel anoda magnezowa 33&#215;450 M8 (AMW.M8.450) to wymienny element zabezpieczaj\u0105cy zasobniki i podgrzewacze wody przed korozj\u0105, wyd\u0142u\u017caj\u0105cy ich \u017cywotno\u015b\u0107.<\/strong><\/p>\n<article class=\"text-token-text-primary w-full focus:outline-none scroll-mt-[calc(var(--header-height)+min(200px,max(70px,20svh)))]\" dir=\"auto\" tabindex=\"-1\" data-turn-id=\"request-WEB:41be3714-1c12-4fea-9a31-b63d54fe72db-1\" data-testid=\"conversation-turn-4\" data-scroll-anchor=\"true\" data-turn=\"assistant\">\n<div class=\"text-base my-auto mx-auto pb-10 [--thread-content-margin:--spacing(4)] @[37rem]:[--thread-content-margin:--spacing(6)] @[72rem]:[--thread-content-margin:--spacing(16)] px-(--thread-content-margin)\">\n<div class=\"[--thread-content-max-width:32rem] @[34rem]:[--thread-content-max-width:40rem] @[64rem]:[--thread-content-max-width:48rem] mx-auto max-w-(--thread-content-max-width) flex-1 group\/turn-messages focus-visible:outline-hidden relative flex w-full min-w-0 flex-col agent-turn\" tabindex=\"-1\">\n<div class=\"flex min-h-[46px] justify-start\">\n<div class=\"touch:-me-2 touch:-ms-3.5 -ms-2.5 -me-1 flex flex-wrap items-center gap-y-4 p-1 select-none touch:w-[calc(100%+--spacing(3.5))] -mt-1 w-[calc(100%+--spacing(2.5))] duration-[1.5s] focus-within:transition-none hover:transition-none pointer-events-none [mask-image:linear-gradient(to_right,black_33%,transparent_66%)] [mask-size:300%_100%] [mask-position:100%_0%] motion-safe:transition-[mask-position] group-hover\/turn-messages:pointer-events-auto group-hover\/turn-messages:[mask-position:0_0] group-focus-within\/turn-messages:pointer-events-auto group-focus-within\/turn-messages:[mask-position:0_0] has-data-[state=open]:pointer-events-auto has-data-[state=open]:[mask-position:0_0]\"><\/div>\n<\/div>\n<div class=\"aria-live=polite absolute select-none\">\n<div class=\"flex items-center justify-center\"><\/div>\n<\/div>\n<\/div>\n<\/div>\n<\/article>\n<div class=\"pointer-events-none h-px w-px\" aria-hidden=\"true\" data-edge=\"true\"><\/div>\n","protected":false},"featured_media":4068,"template":"","meta":{"_kad_blocks_custom_css":"","_kad_blocks_head_custom_js":"","_kad_blocks_body_custom_js":"","_kad_blocks_footer_custom_js":"","_kad_post_transparent":"default","_kad_post_title":"","_kad_post_layout":"default","_kad_post_sidebar_id":"","_kad_post_content_style":"default","_kad_post_vertical_padding":"default","_kad_post_feature":"","_kad_post_feature_position":"","_kad_post_header":false,"_kad_post_footer":false,"_kad_post_classname":""},"product_brand":[364],"product_cat":[238],"product_tag":[],"class_list":{"0":"post-4069","1":"product","2":"type-product","3":"status-publish","4":"has-post-thumbnail","6":"product_brand-kospel","7":"product_cat-anoda-magnezowa","8":"product_shipping_class-drobnica","10":"first","11":"outofstock","12":"taxable","13":"shipping-taxable","14":"purchasable","15":"product-type-simple","16":"entry","17":"content-bg","18":"loop-entry"},"taxonomy_info":{"product_brand":[{"value":364,"label":"Kospel"}],"product_cat":[{"value":238,"label":"Anody magnezowe"}]},"featured_image_src_large":["https:\/\/e-systemygrzewcze.eu\/sklep\/wp-content\/uploads\/2025\/08\/Nowy-projekt-2025-08-06T145202.289.jpg",510,587,false],"author_info":[],"comment_info":"","_links":{"self":[{"href":"https:\/\/e-systemygrzewcze.eu\/sklep\/wp-json\/wp\/v2\/product\/4069","targetHints":{"allow":["GET"]}}],"collection":[{"href":"https:\/\/e-systemygrzewcze.eu\/sklep\/wp-json\/wp\/v2\/product"}],"about":[{"href":"https:\/\/e-systemygrzewcze.eu\/sklep\/wp-json\/wp\/v2\/types\/product"}],"wp:featuredmedia":[{"embeddable":true,"href":"https:\/\/e-systemygrzewcze.eu\/sklep\/wp-json\/wp\/v2\/media\/4068"}],"wp:attachment":[{"href":"https:\/\/e-systemygrzewcze.eu\/sklep\/wp-json\/wp\/v2\/media?parent=4069"}],"wp:term":[{"taxonomy":"product_brand","embeddable":true,"href":"https:\/\/e-systemygrzewcze.eu\/sklep\/wp-json\/wp\/v2\/product_brand?post=4069"},{"taxonomy":"product_cat","embeddable":true,"href":"https:\/\/e-systemygrzewcze.eu\/sklep\/wp-json\/wp\/v2\/product_cat?post=4069"},{"taxonomy":"product_tag","embeddable":true,"href":"https:\/\/e-systemygrzewcze.eu\/sklep\/wp-json\/wp\/v2\/product_tag?post=4069"}],"curies":[{"name":"wp","href":"https:\/\/api.w.org\/{rel}","templated":true}]}}