{"id":4066,"date":"2025-08-06T12:45:19","date_gmt":"2025-08-06T12:45:19","guid":{"rendered":"https:\/\/e-systemygrzewcze.eu\/sklep\/produkt\/kospel-anoda-magnezowa-40x500-m8\/"},"modified":"2026-03-14T11:48:55","modified_gmt":"2026-03-14T11:48:55","slug":"kospel-anoda-magnezowa-40x500-m8","status":"publish","type":"product","link":"https:\/\/e-systemygrzewcze.eu\/sklep\/produkt\/kospel-anoda-magnezowa-40x500-m8\/","title":{"rendered":"KOSPEL Anoda magnezowa 40&#215;500 M8 (AMW.M8.500)"},"content":{"rendered":"<h2 data-start=\"0\" data-end=\"41\"><strong data-start=\"3\" data-end=\"39\">Kospel Anoda magnezowa 40\u00d7500 M8<\/strong><\/h2>\n<p data-start=\"0\" data-end=\"41\">Anoda magnezowa Kospel wykonana jest ze stopu fizjologicznie nieagresywnego magnezu, kt\u00f3ry podczas pracy ulega kontrolowanemu rozpuszczaniu, skutecznie chroni\u0105c zbiornik przed korozj\u0105. Dzia\u0142anie opiera si\u0119 na r\u00f3\u017cnicy potencja\u0142\u00f3w elektrochemicznych mi\u0119dzy stal\u0105 zbiornika a anod\u0105 \u2013 miejsca ewentualnych mikroubytk\u00f3w emalii staj\u0105 si\u0119 katod\u0105, a zamiast stali rozpuszcza si\u0119 anoda magnezowa, co zatrzymuje proces korozji.<\/p>\n<hr data-start=\"482\" data-end=\"485\" \/>\n<h3 data-start=\"487\" data-end=\"517\">\u2b50 <strong data-start=\"493\" data-end=\"517\">Najwa\u017cniejsze zalety<\/strong><\/h3>\n<ul data-start=\"518\" data-end=\"801\">\n<li data-start=\"518\" data-end=\"553\">\n<p data-start=\"520\" data-end=\"553\">Skuteczna ochrona przed korozj\u0105<\/p>\n<\/li>\n<li data-start=\"554\" data-end=\"592\">\n<p data-start=\"556\" data-end=\"592\">Zabezpieczenie pow\u0142oki emaliowanej<\/p>\n<\/li>\n<li data-start=\"593\" data-end=\"631\">\n<p data-start=\"595\" data-end=\"631\">Ochrona elektrochemiczna zbiornika<\/p>\n<\/li>\n<li data-start=\"632\" data-end=\"677\">\n<p data-start=\"634\" data-end=\"677\">Przejmuje proces utleniania zamiast stali<\/p>\n<\/li>\n<li data-start=\"678\" data-end=\"717\">\n<p data-start=\"680\" data-end=\"717\">Wyd\u0142u\u017ca \u017cywotno\u015b\u0107 podgrzewacza wody<\/p>\n<\/li>\n<li data-start=\"718\" data-end=\"750\">\n<p data-start=\"720\" data-end=\"750\">Solidne mocowanie \u2013 gwint M8<\/p>\n<\/li>\n<li data-start=\"751\" data-end=\"801\">\n<p data-start=\"753\" data-end=\"801\">Produkt eksploatacyjny \u2013 do regularnej wymiany<\/p>\n<\/li>\n<\/ul>\n<hr data-start=\"803\" data-end=\"806\" \/>\n<h3 data-start=\"808\" data-end=\"834\">\u2699\ufe0f <strong data-start=\"815\" data-end=\"834\">Dane techniczne<\/strong><\/h3>\n<p data-start=\"835\" data-end=\"942\">Nr katalogowy: ANODA.AMW.M8.500<br data-start=\"866\" data-end=\"869\" \/>Spos\u00f3b mocowania: Gwint M8\u00d730<br data-start=\"898\" data-end=\"901\" \/>D\u0142ugo\u015b\u0107: 500 mm<br data-start=\"916\" data-end=\"919\" \/>\u015arednica anody: 40 mm<\/p>\n","protected":false},"excerpt":{"rendered":"<p><strong>Kospel anoda magnezowa 40&#215;500 M8 (AMW.M8.500) to element ochrony katodowej zapobiegaj\u0105cy korozji zbiornik\u00f3w w podgrzewaczach wody.<\/strong><\/p>\n<p>&nbsp;<\/p>\n<p>&nbsp;<\/p>\n<p>&nbsp;<\/p>\n","protected":false},"featured_media":4068,"template":"","meta":{"_kad_blocks_custom_css":"","_kad_blocks_head_custom_js":"","_kad_blocks_body_custom_js":"","_kad_blocks_footer_custom_js":"","_kad_post_transparent":"default","_kad_post_title":"","_kad_post_layout":"default","_kad_post_sidebar_id":"","_kad_post_content_style":"default","_kad_post_vertical_padding":"default","_kad_post_feature":"","_kad_post_feature_position":"","_kad_post_header":false,"_kad_post_footer":false,"_kad_post_classname":""},"product_brand":[364],"product_cat":[238],"product_tag":[],"class_list":{"0":"post-4066","1":"product","2":"type-product","3":"status-publish","4":"has-post-thumbnail","6":"product_brand-kospel","7":"product_cat-anoda-magnezowa","8":"product_shipping_class-drobnica","10":"first","11":"instock","12":"taxable","13":"shipping-taxable","14":"purchasable","15":"product-type-simple","16":"entry","17":"content-bg","18":"loop-entry"},"taxonomy_info":{"product_brand":[{"value":364,"label":"Kospel"}],"product_cat":[{"value":238,"label":"Anody magnezowe"}]},"featured_image_src_large":["https:\/\/e-systemygrzewcze.eu\/sklep\/wp-content\/uploads\/2025\/08\/Nowy-projekt-2025-08-06T145202.289.jpg",510,587,false],"author_info":[],"comment_info":"","_links":{"self":[{"href":"https:\/\/e-systemygrzewcze.eu\/sklep\/wp-json\/wp\/v2\/product\/4066","targetHints":{"allow":["GET"]}}],"collection":[{"href":"https:\/\/e-systemygrzewcze.eu\/sklep\/wp-json\/wp\/v2\/product"}],"about":[{"href":"https:\/\/e-systemygrzewcze.eu\/sklep\/wp-json\/wp\/v2\/types\/product"}],"wp:featuredmedia":[{"embeddable":true,"href":"https:\/\/e-systemygrzewcze.eu\/sklep\/wp-json\/wp\/v2\/media\/4068"}],"wp:attachment":[{"href":"https:\/\/e-systemygrzewcze.eu\/sklep\/wp-json\/wp\/v2\/media?parent=4066"}],"wp:term":[{"taxonomy":"product_brand","embeddable":true,"href":"https:\/\/e-systemygrzewcze.eu\/sklep\/wp-json\/wp\/v2\/product_brand?post=4066"},{"taxonomy":"product_cat","embeddable":true,"href":"https:\/\/e-systemygrzewcze.eu\/sklep\/wp-json\/wp\/v2\/product_cat?post=4066"},{"taxonomy":"product_tag","embeddable":true,"href":"https:\/\/e-systemygrzewcze.eu\/sklep\/wp-json\/wp\/v2\/product_tag?post=4066"}],"curies":[{"name":"wp","href":"https:\/\/api.w.org\/{rel}","templated":true}]}}