{"id":3360,"date":"2025-07-24T08:30:44","date_gmt":"2025-07-24T08:30:44","guid":{"rendered":"https:\/\/e-systemygrzewcze.eu\/sklep\/produkt\/zbk-zlaczka-redukcyjna-20x16-skrecana\/"},"modified":"2026-03-31T10:10:16","modified_gmt":"2026-03-31T10:10:16","slug":"zbk-zlaczka-redukcyjna-20x16-skrecana","status":"publish","type":"product","link":"https:\/\/e-systemygrzewcze.eu\/sklep\/produkt\/zbk-zlaczka-redukcyjna-20x16-skrecana\/","title":{"rendered":"ZBK Z\u0142\u0105czka redukcyjna 20&#215;16 skr\u0119cana"},"content":{"rendered":"","protected":false},"excerpt":{"rendered":"<p><strong>ZBK Z\u0142\u0105czka redukcyjna 20&#215;16 skr\u0119cana to element instalacyjny do \u0142\u0105czenia rur o \u015brednicach 20 mm i 16 mm, przeznaczony do system\u00f3w wodnych lub grzewczych, montowany za pomoc\u0105 po\u0142\u0105czenia skr\u0119canego.<\/strong><\/p>\n","protected":false},"featured_media":3855,"template":"","meta":{"_kad_blocks_custom_css":"","_kad_blocks_head_custom_js":"","_kad_blocks_body_custom_js":"","_kad_blocks_footer_custom_js":"","_kad_post_transparent":"default","_kad_post_title":"","_kad_post_layout":"default","_kad_post_sidebar_id":"","_kad_post_content_style":"default","_kad_post_vertical_padding":"default","_kad_post_feature":"","_kad_post_feature_position":"","_kad_post_header":false,"_kad_post_footer":false,"_kad_post_classname":""},"product_brand":[],"product_cat":[212],"product_tag":[],"class_list":{"0":"post-3360","1":"product","2":"type-product","3":"status-publish","4":"has-post-thumbnail","6":"product_cat-skrecane-zbk-pex","7":"product_shipping_class-drobnica","9":"first","10":"instock","11":"taxable","12":"shipping-taxable","13":"purchasable","14":"product-type-simple","15":"entry","16":"content-bg","17":"loop-entry"},"taxonomy_info":{"product_cat":[{"value":212,"label":"Skr\u0119cane ZBK (Pex)"}]},"featured_image_src_large":["https:\/\/e-systemygrzewcze.eu\/sklep\/wp-content\/uploads\/2025\/07\/Nowy-projekt-84.jpg",510,578,false],"author_info":[],"comment_info":"","_links":{"self":[{"href":"https:\/\/e-systemygrzewcze.eu\/sklep\/wp-json\/wp\/v2\/product\/3360","targetHints":{"allow":["GET"]}}],"collection":[{"href":"https:\/\/e-systemygrzewcze.eu\/sklep\/wp-json\/wp\/v2\/product"}],"about":[{"href":"https:\/\/e-systemygrzewcze.eu\/sklep\/wp-json\/wp\/v2\/types\/product"}],"wp:featuredmedia":[{"embeddable":true,"href":"https:\/\/e-systemygrzewcze.eu\/sklep\/wp-json\/wp\/v2\/media\/3855"}],"wp:attachment":[{"href":"https:\/\/e-systemygrzewcze.eu\/sklep\/wp-json\/wp\/v2\/media?parent=3360"}],"wp:term":[{"taxonomy":"product_brand","embeddable":true,"href":"https:\/\/e-systemygrzewcze.eu\/sklep\/wp-json\/wp\/v2\/product_brand?post=3360"},{"taxonomy":"product_cat","embeddable":true,"href":"https:\/\/e-systemygrzewcze.eu\/sklep\/wp-json\/wp\/v2\/product_cat?post=3360"},{"taxonomy":"product_tag","embeddable":true,"href":"https:\/\/e-systemygrzewcze.eu\/sklep\/wp-json\/wp\/v2\/product_tag?post=3360"}],"curies":[{"name":"wp","href":"https:\/\/api.w.org\/{rel}","templated":true}]}}