{"id":3343,"date":"2025-07-24T08:30:19","date_gmt":"2025-07-24T08:30:19","guid":{"rendered":"https:\/\/e-systemygrzewcze.eu\/sklep\/produkt\/zbk-kolano-25x1-gz-skrecane\/"},"modified":"2026-03-09T15:18:02","modified_gmt":"2026-03-09T15:18:02","slug":"zbk-kolano-25x1-gz-skrecane","status":"publish","type":"product","link":"https:\/\/e-systemygrzewcze.eu\/sklep\/produkt\/zbk-kolano-25x1-gz-skrecane\/","title":{"rendered":"ZBK Kolano 25&#215;1&#8243; Gz skr\u0119cane"},"content":{"rendered":"","protected":false},"excerpt":{"rendered":"<p><strong>ZBK Kolano 25&#215;1&#8243; GZ skr\u0119cane to mosi\u0119\u017cne kolano instalacyjne do rury 25 mm z gwintem zewn\u0119trznym 1&#8243;, umo\u017cliwiaj\u0105ce zmian\u0119 kierunku instalacji pod k\u0105tem 90\u00b0, montowane za pomoc\u0105 po\u0142\u0105czenia skr\u0119canego w systemach wodnych i grzewczych.<\/strong><\/p>\n","protected":false},"featured_media":3871,"template":"","meta":{"_kad_blocks_custom_css":"","_kad_blocks_head_custom_js":"","_kad_blocks_body_custom_js":"","_kad_blocks_footer_custom_js":"","_kad_post_transparent":"default","_kad_post_title":"","_kad_post_layout":"default","_kad_post_sidebar_id":"","_kad_post_content_style":"default","_kad_post_vertical_padding":"default","_kad_post_feature":"","_kad_post_feature_position":"","_kad_post_header":false,"_kad_post_footer":false,"_kad_post_classname":""},"product_brand":[],"product_cat":[212],"product_tag":[],"class_list":{"0":"post-3343","1":"product","2":"type-product","3":"status-publish","4":"has-post-thumbnail","6":"product_cat-skrecane-zbk-pex","7":"product_shipping_class-drobnica","9":"first","10":"instock","11":"taxable","12":"shipping-taxable","13":"purchasable","14":"product-type-simple","15":"entry","16":"content-bg","17":"loop-entry"},"taxonomy_info":{"product_cat":[{"value":212,"label":"Skr\u0119cane ZBK (Pex)"}]},"featured_image_src_large":["https:\/\/e-systemygrzewcze.eu\/sklep\/wp-content\/uploads\/2025\/07\/Nowy-projekt-93.jpg",510,578,false],"author_info":[],"comment_info":"","_links":{"self":[{"href":"https:\/\/e-systemygrzewcze.eu\/sklep\/wp-json\/wp\/v2\/product\/3343","targetHints":{"allow":["GET"]}}],"collection":[{"href":"https:\/\/e-systemygrzewcze.eu\/sklep\/wp-json\/wp\/v2\/product"}],"about":[{"href":"https:\/\/e-systemygrzewcze.eu\/sklep\/wp-json\/wp\/v2\/types\/product"}],"wp:featuredmedia":[{"embeddable":true,"href":"https:\/\/e-systemygrzewcze.eu\/sklep\/wp-json\/wp\/v2\/media\/3871"}],"wp:attachment":[{"href":"https:\/\/e-systemygrzewcze.eu\/sklep\/wp-json\/wp\/v2\/media?parent=3343"}],"wp:term":[{"taxonomy":"product_brand","embeddable":true,"href":"https:\/\/e-systemygrzewcze.eu\/sklep\/wp-json\/wp\/v2\/product_brand?post=3343"},{"taxonomy":"product_cat","embeddable":true,"href":"https:\/\/e-systemygrzewcze.eu\/sklep\/wp-json\/wp\/v2\/product_cat?post=3343"},{"taxonomy":"product_tag","embeddable":true,"href":"https:\/\/e-systemygrzewcze.eu\/sklep\/wp-json\/wp\/v2\/product_tag?post=3343"}],"curies":[{"name":"wp","href":"https:\/\/api.w.org\/{rel}","templated":true}]}}