{"id":3335,"date":"2025-07-24T08:30:07","date_gmt":"2025-07-24T08:30:07","guid":{"rendered":"https:\/\/e-systemygrzewcze.eu\/sklep\/produkt\/zlaczka-zaciskana-skrecana-na-rure-pex-16x3-4\/"},"modified":"2026-03-31T10:15:37","modified_gmt":"2026-03-31T10:15:37","slug":"zlaczka-zaciskana-skrecana-na-rure-pex-16x3-4","status":"publish","type":"product","link":"https:\/\/e-systemygrzewcze.eu\/sklep\/produkt\/zlaczka-zaciskana-skrecana-na-rure-pex-16x3-4\/","title":{"rendered":"Z\u0142\u0105czka zaciskana\/skr\u0119cana na rure pex 16&#215;3\/4&#8243;"},"content":{"rendered":"","protected":false},"excerpt":{"rendered":"<p><strong>Z\u0142\u0105czka zaciskana\/skr\u0119cana na rur\u0119 PEX 16&#215;3\/4&#8243; to element \u0142\u0105cz\u0105cy rur\u0119 PEX o \u015brednicy 16 mm z gwintem (zwykle zewn\u0119trznym) 3\/4&#8243;, montowany za pomoc\u0105 zacisku oraz po\u0142\u0105czenia skr\u0119canego, stosowany w instalacjach wodnych i grzewczych dla zapewnienia szczelno\u015bci i trwa\u0142o\u015bci po\u0142\u0105czenia.<\/strong><\/p>\n","protected":false},"featured_media":3867,"template":"","meta":{"_kad_blocks_custom_css":"","_kad_blocks_head_custom_js":"","_kad_blocks_body_custom_js":"","_kad_blocks_footer_custom_js":"","_kad_post_transparent":"default","_kad_post_title":"","_kad_post_layout":"default","_kad_post_sidebar_id":"","_kad_post_content_style":"default","_kad_post_vertical_padding":"default","_kad_post_feature":"","_kad_post_feature_position":"","_kad_post_header":false,"_kad_post_footer":false,"_kad_post_classname":""},"product_brand":[],"product_cat":[212],"product_tag":[],"class_list":{"0":"post-3335","1":"product","2":"type-product","3":"status-publish","4":"has-post-thumbnail","6":"product_cat-skrecane-zbk-pex","7":"product_shipping_class-drobnica","9":"first","10":"instock","11":"taxable","12":"shipping-taxable","13":"purchasable","14":"product-type-simple","15":"entry","16":"content-bg","17":"loop-entry"},"taxonomy_info":{"product_cat":[{"value":212,"label":"Skr\u0119cane ZBK (Pex)"}]},"featured_image_src_large":["https:\/\/e-systemygrzewcze.eu\/sklep\/wp-content\/uploads\/2025\/07\/Nowy-projekt-90.jpg",510,578,false],"author_info":[],"comment_info":"","_links":{"self":[{"href":"https:\/\/e-systemygrzewcze.eu\/sklep\/wp-json\/wp\/v2\/product\/3335","targetHints":{"allow":["GET"]}}],"collection":[{"href":"https:\/\/e-systemygrzewcze.eu\/sklep\/wp-json\/wp\/v2\/product"}],"about":[{"href":"https:\/\/e-systemygrzewcze.eu\/sklep\/wp-json\/wp\/v2\/types\/product"}],"wp:featuredmedia":[{"embeddable":true,"href":"https:\/\/e-systemygrzewcze.eu\/sklep\/wp-json\/wp\/v2\/media\/3867"}],"wp:attachment":[{"href":"https:\/\/e-systemygrzewcze.eu\/sklep\/wp-json\/wp\/v2\/media?parent=3335"}],"wp:term":[{"taxonomy":"product_brand","embeddable":true,"href":"https:\/\/e-systemygrzewcze.eu\/sklep\/wp-json\/wp\/v2\/product_brand?post=3335"},{"taxonomy":"product_cat","embeddable":true,"href":"https:\/\/e-systemygrzewcze.eu\/sklep\/wp-json\/wp\/v2\/product_cat?post=3335"},{"taxonomy":"product_tag","embeddable":true,"href":"https:\/\/e-systemygrzewcze.eu\/sklep\/wp-json\/wp\/v2\/product_tag?post=3335"}],"curies":[{"name":"wp","href":"https:\/\/api.w.org\/{rel}","templated":true}]}}