{"id":2880,"date":"2025-07-21T14:02:00","date_gmt":"2025-07-21T14:02:00","guid":{"rendered":"https:\/\/e-systemygrzewcze.eu\/sklep\/produkt\/mosiadz-mufa-3-4\/"},"modified":"2026-03-30T10:20:44","modified_gmt":"2026-03-30T10:20:44","slug":"mosiadz-mufa-3-4","status":"publish","type":"product","link":"https:\/\/e-systemygrzewcze.eu\/sklep\/produkt\/mosiadz-mufa-3-4\/","title":{"rendered":"Mosi\u0105dz Mufa 3\/4&#8243;"},"content":{"rendered":"","protected":false},"excerpt":{"rendered":"<p><strong>Mosi\u0105dz Mufa 3\/4&#8243; to gwintowany \u0142\u0105cznik wykonany z trwa\u0142ego i odpornego na korozj\u0119 mosi\u0105dzu. Obie strony posiadaj\u0105 gwint wewn\u0119trzny, umo\u017cliwiaj\u0105c po\u0142\u0105czenie rur o tej samej \u015brednicy w instalacjach wodnych i grzewczych przy szczelnym i pewnym po\u0142\u0105czeniu.<\/strong><\/p>\n","protected":false},"featured_media":3782,"template":"","meta":{"_kad_blocks_custom_css":"","_kad_blocks_head_custom_js":"","_kad_blocks_body_custom_js":"","_kad_blocks_footer_custom_js":"","_kad_post_transparent":"default","_kad_post_title":"","_kad_post_layout":"default","_kad_post_sidebar_id":"","_kad_post_content_style":"default","_kad_post_vertical_padding":"default","_kad_post_feature":"","_kad_post_feature_position":"","_kad_post_header":false,"_kad_post_footer":false,"_kad_post_classname":""},"product_brand":[],"product_cat":[208],"product_tag":[],"class_list":{"0":"post-2880","1":"product","2":"type-product","3":"status-publish","4":"has-post-thumbnail","6":"product_cat-mosiezne","7":"product_shipping_class-drobnica","9":"first","10":"instock","11":"taxable","12":"shipping-taxable","13":"purchasable","14":"product-type-simple","15":"entry","16":"content-bg","17":"loop-entry"},"taxonomy_info":{"product_cat":[{"value":208,"label":"Mosi\u0119\u017cne"}]},"featured_image_src_large":["https:\/\/e-systemygrzewcze.eu\/sklep\/wp-content\/uploads\/2025\/07\/Nowy-projekt-37.jpg",510,578,false],"author_info":[],"comment_info":"","_links":{"self":[{"href":"https:\/\/e-systemygrzewcze.eu\/sklep\/wp-json\/wp\/v2\/product\/2880","targetHints":{"allow":["GET"]}}],"collection":[{"href":"https:\/\/e-systemygrzewcze.eu\/sklep\/wp-json\/wp\/v2\/product"}],"about":[{"href":"https:\/\/e-systemygrzewcze.eu\/sklep\/wp-json\/wp\/v2\/types\/product"}],"wp:featuredmedia":[{"embeddable":true,"href":"https:\/\/e-systemygrzewcze.eu\/sklep\/wp-json\/wp\/v2\/media\/3782"}],"wp:attachment":[{"href":"https:\/\/e-systemygrzewcze.eu\/sklep\/wp-json\/wp\/v2\/media?parent=2880"}],"wp:term":[{"taxonomy":"product_brand","embeddable":true,"href":"https:\/\/e-systemygrzewcze.eu\/sklep\/wp-json\/wp\/v2\/product_brand?post=2880"},{"taxonomy":"product_cat","embeddable":true,"href":"https:\/\/e-systemygrzewcze.eu\/sklep\/wp-json\/wp\/v2\/product_cat?post=2880"},{"taxonomy":"product_tag","embeddable":true,"href":"https:\/\/e-systemygrzewcze.eu\/sklep\/wp-json\/wp\/v2\/product_tag?post=2880"}],"curies":[{"name":"wp","href":"https:\/\/api.w.org\/{rel}","templated":true}]}}