{"id":2780,"date":"2025-07-19T09:56:02","date_gmt":"2025-07-19T09:56:02","guid":{"rendered":"https:\/\/e-systemygrzewcze.eu\/sklep\/produkt\/waz-antywibracyjny-komplet-2-szt-klarwod-bnt-l-40cm\/"},"modified":"2026-03-31T09:18:30","modified_gmt":"2026-03-31T09:18:30","slug":"waz-antywibracyjny-komplet-2-szt-klarwod-bnt-l-40cm","status":"publish","type":"product","link":"https:\/\/e-systemygrzewcze.eu\/sklep\/produkt\/waz-antywibracyjny-komplet-2-szt-klarwod-bnt-l-40cm\/","title":{"rendered":"KLARWOD W\u0105\u017c antywibracyjny komplet 2 szt BNT L-40cm"},"content":{"rendered":"<h2 data-start=\"187\" data-end=\"257\"><strong data-start=\"190\" data-end=\"255\">W\u0105\u017c przy\u0142\u0105czeniowy do g\u0142owic BNT \u2013 40\u202fcm, komplet 2 sztuk<\/strong><\/h2>\n<p data-start=\"283\" data-end=\"534\">Elastyczny w\u0105\u017c przy\u0142\u0105czeniowy wykonany ze stali nierdzewnej 316L, zako\u0144czony z jednej strony gwintem 1\u201d, a z drugiej strony gotowym przy\u0142\u0105czem przystosowanym do g\u0142owic BNT. Wystarczy wcisn\u0105\u0107 w\u0105\u017c do przy\u0142\u0105cza bypassu i za\u0142o\u017cy\u0107 klamr\u0119 zabezpieczaj\u0105c\u0105.<\/p>\n<p data-start=\"536\" data-end=\"714\">Umo\u017cliwia szybki i wygodny monta\u017c urz\u0105dze\u0144 z g\u0142owic\u0105 BNT, ograniczaj\u0105c liczb\u0119 po\u0142\u0105cze\u0144 hydraulicznych. Monta\u017c zmi\u0119kczaczy i od\u017celaziaczy z g\u0142owic\u0105 BNT nigdy nie by\u0142 tak prosty.<\/p>\n<h2 data-start=\"716\" data-end=\"739\">\u2b50 <strong data-start=\"718\" data-end=\"737\">Zalety produktu<\/strong><\/h2>\n<ul data-start=\"741\" data-end=\"1033\">\n<li data-start=\"741\" data-end=\"817\">\n<p data-start=\"743\" data-end=\"817\">Du\u017ca elastyczno\u015b\u0107 \u2013 \u0142atwe wyginanie i dopasowanie do kszta\u0142tu instalacji<\/p>\n<\/li>\n<li data-start=\"818\" data-end=\"885\">\n<p data-start=\"820\" data-end=\"885\">Trwa\u0142o\u015b\u0107 \u2013 stal nierdzewna 316L odporna na korozj\u0119 i napr\u0119\u017cenia<\/p>\n<\/li>\n<li data-start=\"886\" data-end=\"956\">\n<p data-start=\"888\" data-end=\"956\">Niskie koszty instalacji \u2013 ogranicza ilo\u015b\u0107 po\u0142\u0105cze\u0144 hydraulicznych<\/p>\n<\/li>\n<li data-start=\"957\" data-end=\"987\">\n<p data-start=\"959\" data-end=\"987\">D\u0142uga \u017cywotno\u015b\u0107 instalacji<\/p>\n<\/li>\n<li data-start=\"988\" data-end=\"1033\">\n<p data-start=\"990\" data-end=\"1033\">Wytrzyma\u0142o\u015b\u0107 \u2013 ci\u015bnienie nominalne 16\u202fbar<\/p>\n<\/li>\n<\/ul>\n<h2 data-start=\"1035\" data-end=\"1056\">\u2699\ufe0f <strong data-start=\"1038\" data-end=\"1054\">Zastosowanie<\/strong><\/h2>\n<ul data-start=\"1058\" data-end=\"1213\">\n<li data-start=\"1058\" data-end=\"1113\">\n<p data-start=\"1060\" data-end=\"1113\">Instalacje zmi\u0119kczaczy i od\u017celaziaczy z g\u0142owic\u0105 BNT<\/p>\n<\/li>\n<li data-start=\"1114\" data-end=\"1163\">\n<p data-start=\"1116\" data-end=\"1163\">Szybkie i pewne pod\u0142\u0105czenie przy\u0142\u0105czy bypassu<\/p>\n<\/li>\n<li data-start=\"1164\" data-end=\"1213\">\n<p data-start=\"1166\" data-end=\"1213\">Domowe i przemys\u0142owe systemy uzdatniania wody<\/p>\n<\/li>\n<\/ul>\n","protected":false},"excerpt":{"rendered":"<p><strong>W\u0105\u017c przy\u0142\u0105czeniowy do g\u0142owic BNT 40\u202fcm, komplet 2 sztuk, to wytrzyma\u0142e i elastyczne rozwi\u0105zanie umo\u017cliwiaj\u0105ce szybki monta\u017c zmi\u0119kczaczy i od\u017celaziaczy. Stal nierdzewna 316L zapewnia odporno\u015b\u0107 na korozj\u0119 i napr\u0119\u017cenia, a gotowe przy\u0142\u0105cza BNT skracaj\u0105 czas instalacji i minimalizuj\u0105 liczb\u0119 po\u0142\u0105cze\u0144 hydraulicznych.<\/strong><\/p>\n","protected":false},"featured_media":4114,"template":"","meta":{"_kad_blocks_custom_css":"","_kad_blocks_head_custom_js":"","_kad_blocks_body_custom_js":"","_kad_blocks_footer_custom_js":"","_kad_post_transparent":"default","_kad_post_title":"","_kad_post_layout":"default","_kad_post_sidebar_id":"","_kad_post_content_style":"default","_kad_post_vertical_padding":"default","_kad_post_feature":"","_kad_post_feature_position":"","_kad_post_header":false,"_kad_post_footer":false,"_kad_post_classname":""},"product_brand":[24],"product_cat":[229],"product_tag":[],"class_list":{"0":"post-2780","1":"product","2":"type-product","3":"status-publish","4":"has-post-thumbnail","6":"product_brand-klarwod","7":"product_cat-akcesoria-zmiekczanie-wody","8":"product_shipping_class-drobnica","10":"first","11":"instock","12":"taxable","13":"shipping-taxable","14":"purchasable","15":"product-type-simple","16":"entry","17":"content-bg","18":"loop-entry"},"taxonomy_info":{"product_brand":[{"value":24,"label":"KLARWOD"}],"product_cat":[{"value":229,"label":"Akcesoria"}]},"featured_image_src_large":["https:\/\/e-systemygrzewcze.eu\/sklep\/wp-content\/uploads\/2025\/07\/Nowy-projekt-2025-08-07T104424.559.jpg",510,578,false],"author_info":[],"comment_info":"","_links":{"self":[{"href":"https:\/\/e-systemygrzewcze.eu\/sklep\/wp-json\/wp\/v2\/product\/2780","targetHints":{"allow":["GET"]}}],"collection":[{"href":"https:\/\/e-systemygrzewcze.eu\/sklep\/wp-json\/wp\/v2\/product"}],"about":[{"href":"https:\/\/e-systemygrzewcze.eu\/sklep\/wp-json\/wp\/v2\/types\/product"}],"wp:featuredmedia":[{"embeddable":true,"href":"https:\/\/e-systemygrzewcze.eu\/sklep\/wp-json\/wp\/v2\/media\/4114"}],"wp:attachment":[{"href":"https:\/\/e-systemygrzewcze.eu\/sklep\/wp-json\/wp\/v2\/media?parent=2780"}],"wp:term":[{"taxonomy":"product_brand","embeddable":true,"href":"https:\/\/e-systemygrzewcze.eu\/sklep\/wp-json\/wp\/v2\/product_brand?post=2780"},{"taxonomy":"product_cat","embeddable":true,"href":"https:\/\/e-systemygrzewcze.eu\/sklep\/wp-json\/wp\/v2\/product_cat?post=2780"},{"taxonomy":"product_tag","embeddable":true,"href":"https:\/\/e-systemygrzewcze.eu\/sklep\/wp-json\/wp\/v2\/product_tag?post=2780"}],"curies":[{"name":"wp","href":"https:\/\/api.w.org\/{rel}","templated":true}]}}