{"id":2779,"date":"2025-07-19T09:55:49","date_gmt":"2025-07-19T09:55:49","guid":{"rendered":"https:\/\/e-systemygrzewcze.eu\/sklep\/produkt\/dafi-srubunek-obudowy-filtra-przeplywowego\/"},"modified":"2026-03-31T09:18:38","modified_gmt":"2026-03-31T09:18:38","slug":"dafi-srubunek-obudowy-filtra-przeplywowego","status":"publish","type":"product","link":"https:\/\/e-systemygrzewcze.eu\/sklep\/produkt\/dafi-srubunek-obudowy-filtra-przeplywowego\/","title":{"rendered":"Dafi \u015brubunek obudowy filtra przep\u0142ywowego"},"content":{"rendered":"","protected":false},"excerpt":{"rendered":"<p><strong>Dafi \u015brubunek obudowy filtra przep\u0142ywowego to zestaw dw\u00f3ch element\u00f3w monta\u017cowych przeznaczonych do instalacji filtr\u00f3w EKO-DAFI w domowej instalacji wodnej, umo\u017cliwiaj\u0105cy \u0142atwe pod\u0142\u0105czenie obudowy filtra do przy\u0142\u0105cza 1&#8243; gwintowanego, zapewniaj\u0105c szczelno\u015b\u0107 i stabilno\u015b\u0107 po\u0142\u0105czenia.<\/strong><\/p>\n","protected":false},"featured_media":4109,"template":"","meta":{"_kad_blocks_custom_css":"","_kad_blocks_head_custom_js":"","_kad_blocks_body_custom_js":"","_kad_blocks_footer_custom_js":"","_kad_post_transparent":"default","_kad_post_title":"","_kad_post_layout":"default","_kad_post_sidebar_id":"","_kad_post_content_style":"default","_kad_post_vertical_padding":"default","_kad_post_feature":"","_kad_post_feature_position":"","_kad_post_header":false,"_kad_post_footer":false,"_kad_post_classname":""},"product_brand":[143],"product_cat":[229],"product_tag":[],"class_list":{"0":"post-2779","1":"product","2":"type-product","3":"status-publish","4":"has-post-thumbnail","6":"product_brand-dafi","7":"product_cat-akcesoria-zmiekczanie-wody","8":"product_shipping_class-drobnica","10":"first","11":"instock","12":"taxable","13":"shipping-taxable","14":"purchasable","15":"product-type-simple","16":"entry","17":"content-bg","18":"loop-entry"},"taxonomy_info":{"product_brand":[{"value":143,"label":"Dafi"}],"product_cat":[{"value":229,"label":"Akcesoria"}]},"featured_image_src_large":["https:\/\/e-systemygrzewcze.eu\/sklep\/wp-content\/uploads\/2025\/07\/Nowy-projekt-2025-08-07T103341.888.jpg",510,578,false],"author_info":[],"comment_info":"","_links":{"self":[{"href":"https:\/\/e-systemygrzewcze.eu\/sklep\/wp-json\/wp\/v2\/product\/2779","targetHints":{"allow":["GET"]}}],"collection":[{"href":"https:\/\/e-systemygrzewcze.eu\/sklep\/wp-json\/wp\/v2\/product"}],"about":[{"href":"https:\/\/e-systemygrzewcze.eu\/sklep\/wp-json\/wp\/v2\/types\/product"}],"wp:featuredmedia":[{"embeddable":true,"href":"https:\/\/e-systemygrzewcze.eu\/sklep\/wp-json\/wp\/v2\/media\/4109"}],"wp:attachment":[{"href":"https:\/\/e-systemygrzewcze.eu\/sklep\/wp-json\/wp\/v2\/media?parent=2779"}],"wp:term":[{"taxonomy":"product_brand","embeddable":true,"href":"https:\/\/e-systemygrzewcze.eu\/sklep\/wp-json\/wp\/v2\/product_brand?post=2779"},{"taxonomy":"product_cat","embeddable":true,"href":"https:\/\/e-systemygrzewcze.eu\/sklep\/wp-json\/wp\/v2\/product_cat?post=2779"},{"taxonomy":"product_tag","embeddable":true,"href":"https:\/\/e-systemygrzewcze.eu\/sklep\/wp-json\/wp\/v2\/product_tag?post=2779"}],"curies":[{"name":"wp","href":"https:\/\/api.w.org\/{rel}","templated":true}]}}