{"id":10684,"date":"2026-02-11T07:02:39","date_gmt":"2026-02-11T07:02:39","guid":{"rendered":"https:\/\/e-systemygrzewcze.eu\/sklep\/produkt\/mk-czerpnia-powietrza-pionowa-biala-80-125\/"},"modified":"2026-04-09T07:07:46","modified_gmt":"2026-04-09T07:07:46","slug":"mk-czerpnia-powietrza-pionowa-biala-80-125","status":"publish","type":"product","link":"https:\/\/e-systemygrzewcze.eu\/sklep\/produkt\/mk-czerpnia-powietrza-pionowa-biala-80-125\/","title":{"rendered":"MK Czerpnia powietrza pionowa bia\u0142a 80\/125"},"content":{"rendered":"<div class=\"flex max-w-full flex-col grow\">\n<div class=\"min-h-8 text-message relative flex w-full flex-col items-end gap-2 text-start break-words whitespace-normal [.text-message+&amp;]:mt-1\" dir=\"auto\" data-message-author-role=\"assistant\" data-message-id=\"bb917c5a-db0b-4e43-af9b-e9fb77a27cc3\" data-message-model-slug=\"gpt-5-2-thinking\">\n<div class=\"flex w-full flex-col gap-1 empty:hidden first:pt-[1px]\">\n<div class=\"markdown prose dark:prose-invert w-full wrap-break-word dark markdown-new-styling\">\n<h4 data-start=\"0\" data-end=\"52\"><strong data-start=\"4\" data-end=\"50\">MK Czerpnia powietrza pionowa bia\u0142a 80\/125<\/strong><\/h4>\n<p data-start=\"54\" data-end=\"408\">MK czerpnia powietrza pionowa bia\u0142a 80\/125 to element instalacji powietrzno-spalinowej, kt\u00f3rego zadaniem jest doprowadzenie powietrza do spalania w systemach koncentrycznych 80\/125. Wersja pionowa sprawdza si\u0119 szczeg\u00f3lnie w uk\u0142adach, gdzie instalacja prowadzona jest w osi przewodu, a zako\u0144czenie powinno by\u0107 wykonane w spos\u00f3b schludny i uporz\u0105dkowany.<\/p>\n<p data-start=\"410\" data-end=\"675\">Bia\u0142y kolor u\u0142atwia dopasowanie do jasnych wyko\u0144cze\u0144 i typowych element\u00f3w monta\u017cowych, dzi\u0119ki czemu instalacja wygl\u0105da estetycznie i sp\u00f3jnie. Czerpnia porz\u0105dkuje zako\u0144czenie przewodu, co ma znaczenie zar\u00f3wno podczas monta\u017cu, jak i w codziennej eksploatacji systemu.<\/p>\n<hr data-start=\"677\" data-end=\"680\" \/>\n<h4 data-start=\"682\" data-end=\"723\">\u2705 <strong data-start=\"684\" data-end=\"721\">Zalety czerpni powietrza pionowej<\/strong><\/h4>\n<p data-start=\"725\" data-end=\"776\"><strong>Do najwa\u017cniejszych korzy\u015bci tego elementu nale\u017c\u0105:<\/strong><\/p>\n<ul data-start=\"777\" data-end=\"1205\">\n<li data-start=\"777\" data-end=\"871\">\n<p data-start=\"779\" data-end=\"871\"><strong data-start=\"779\" data-end=\"818\">Doprowadzenie powietrza do spalania<\/strong> \u2013 prawid\u0142owa praca systemu powietrzno-spalinowego,<\/p>\n<\/li>\n<li data-start=\"872\" data-end=\"959\">\n<p data-start=\"874\" data-end=\"959\"><strong data-start=\"874\" data-end=\"892\">Wersja pionowa<\/strong> \u2013 wygodne rozwi\u0105zanie do instalacji prowadzonych w osi przewodu,<\/p>\n<\/li>\n<li data-start=\"960\" data-end=\"1038\">\n<p data-start=\"962\" data-end=\"1038\"><strong data-start=\"962\" data-end=\"981\">Standard 80\/125<\/strong> \u2013 dopasowanie do popularnych system\u00f3w koncentrycznych,<\/p>\n<\/li>\n<li data-start=\"1039\" data-end=\"1118\">\n<p data-start=\"1041\" data-end=\"1118\"><strong data-start=\"1041\" data-end=\"1056\">Bia\u0142y kolor<\/strong> \u2013 estetyczne wyko\u0144czenie i \u0142atwiejsze dopasowanie wizualne,<\/p>\n<\/li>\n<li data-start=\"1119\" data-end=\"1205\">\n<p data-start=\"1121\" data-end=\"1205\"><strong data-start=\"1121\" data-end=\"1161\">Uporz\u0105dkowane zako\u0144czenie instalacji<\/strong> \u2013 schludny monta\u017c i sp\u00f3jny wygl\u0105d przewodu.<\/p>\n<\/li>\n<\/ul>\n<hr data-start=\"1207\" data-end=\"1210\" \/>\n<h4 data-start=\"1212\" data-end=\"1283\">\ud83c\udfed <strong data-start=\"1215\" data-end=\"1281\">MK \u2013 elementy wyko\u0144czeniowe do system\u00f3w powietrzno-spalinowych<\/strong><\/h4>\n<p data-start=\"1285\" data-end=\"1539\">Elementy takie jak czerpnie powietrza s\u0105 wa\u017cnym uzupe\u0142nieniem instalacji, poniewa\u017c odpowiadaj\u0105 za prawid\u0142owe pobieranie powietrza i estetyczne zako\u0144czenie przewodu. Wersja pionowa w standardzie 80\/125 u\u0142atwia wykonanie sp\u00f3jnego i uporz\u0105dkowanego monta\u017cu.<\/p>\n<hr data-start=\"1541\" data-end=\"1544\" \/>\n<h4 data-start=\"1546\" data-end=\"1567\">\ud83d\udccc <strong data-start=\"1549\" data-end=\"1565\">Podsumowanie<\/strong><\/h4>\n<p data-start=\"1569\" data-end=\"1848\" data-is-last-node=\"\" data-is-only-node=\"\">MK Czerpnia powietrza pionowa bia\u0142a 80\/125 to praktyczny element do doprowadzenia powietrza w instalacjach koncentrycznych 80\/125. Je\u015bli zale\u017cy Ci na prawid\u0142owym dzia\u0142aniu systemu oraz estetycznym, schludnym zako\u0144czeniu instalacji w wersji pionowej, b\u0119dzie to bardzo dobry wyb\u00f3r.<\/p>\n<\/div>\n<\/div>\n<\/div>\n<\/div>\n<div class=\"z-0 flex min-h-[46px] justify-start\"><\/div>\n","protected":false},"excerpt":{"rendered":"<p><strong>MK Czerpnia powietrza pionowa bia\u0142a 80\/125 to praktyczny element do doprowadzenia powietrza w instalacjach koncentrycznych 80\/125. Je\u015bli zale\u017cy Ci na prawid\u0142owym dzia\u0142aniu systemu oraz estetycznym, schludnym zako\u0144czeniu instalacji w wersji pionowej, b\u0119dzie to bardzo dobry wyb\u00f3r.<\/strong><\/p>\n","protected":false},"featured_media":10680,"template":"","meta":{"_kad_blocks_custom_css":"","_kad_blocks_head_custom_js":"","_kad_blocks_body_custom_js":"","_kad_blocks_footer_custom_js":"","_kad_post_transparent":"default","_kad_post_title":"","_kad_post_layout":"default","_kad_post_sidebar_id":"","_kad_post_content_style":"default","_kad_post_vertical_padding":"default","_kad_post_feature":"","_kad_post_feature_position":"","_kad_post_header":false,"_kad_post_footer":false,"_kad_post_classname":""},"product_brand":[],"product_cat":[306],"product_tag":[],"class_list":{"0":"post-10684","1":"product","2":"type-product","3":"status-publish","4":"has-post-thumbnail","6":"product_cat-kominy-do-kotlow-gazowych","7":"product_shipping_class-drobnica","9":"first","10":"instock","11":"taxable","12":"shipping-taxable","13":"purchasable","14":"product-type-simple","15":"entry","16":"content-bg","17":"loop-entry"},"taxonomy_info":{"product_cat":[{"value":306,"label":"Kominy do kot\u0142\u00f3w gazowych"}]},"featured_image_src_large":["https:\/\/e-systemygrzewcze.eu\/sklep\/wp-content\/uploads\/2026\/02\/Nowy-projekt-2026-02-11T075817.768.jpg",510,587,false],"author_info":[],"comment_info":"","_links":{"self":[{"href":"https:\/\/e-systemygrzewcze.eu\/sklep\/wp-json\/wp\/v2\/product\/10684","targetHints":{"allow":["GET"]}}],"collection":[{"href":"https:\/\/e-systemygrzewcze.eu\/sklep\/wp-json\/wp\/v2\/product"}],"about":[{"href":"https:\/\/e-systemygrzewcze.eu\/sklep\/wp-json\/wp\/v2\/types\/product"}],"wp:featuredmedia":[{"embeddable":true,"href":"https:\/\/e-systemygrzewcze.eu\/sklep\/wp-json\/wp\/v2\/media\/10680"}],"wp:attachment":[{"href":"https:\/\/e-systemygrzewcze.eu\/sklep\/wp-json\/wp\/v2\/media?parent=10684"}],"wp:term":[{"taxonomy":"product_brand","embeddable":true,"href":"https:\/\/e-systemygrzewcze.eu\/sklep\/wp-json\/wp\/v2\/product_brand?post=10684"},{"taxonomy":"product_cat","embeddable":true,"href":"https:\/\/e-systemygrzewcze.eu\/sklep\/wp-json\/wp\/v2\/product_cat?post=10684"},{"taxonomy":"product_tag","embeddable":true,"href":"https:\/\/e-systemygrzewcze.eu\/sklep\/wp-json\/wp\/v2\/product_tag?post=10684"}],"curies":[{"name":"wp","href":"https:\/\/api.w.org\/{rel}","templated":true}]}}