{"id":10666,"date":"2026-02-10T08:57:29","date_gmt":"2026-02-10T08:57:29","guid":{"rendered":"https:\/\/e-systemygrzewcze.eu\/sklep\/produkt\/rura-kondensacyjna-fi-80-125-l-500mm-td02-80-125\/"},"modified":"2026-04-09T07:08:13","modified_gmt":"2026-04-09T07:08:13","slug":"rura-kondensacyjna-fi-80-125-l-500mm-td02-80-125","status":"publish","type":"product","link":"https:\/\/e-systemygrzewcze.eu\/sklep\/produkt\/rura-kondensacyjna-fi-80-125-l-500mm-td02-80-125\/","title":{"rendered":"Rura kondensacyjna FI-80\/125 L-500mm TD02\/80\/125"},"content":{"rendered":"<div class=\"flex max-w-full flex-col grow\">\n<div class=\"min-h-8 text-message relative flex w-full flex-col items-end gap-2 text-start break-words whitespace-normal [.text-message+&amp;]:mt-1\" dir=\"auto\" data-message-author-role=\"assistant\" data-message-id=\"28c1386b-8260-4648-9512-e1d794efa9f3\" data-message-model-slug=\"gpt-5-2-thinking\">\n<div class=\"flex w-full flex-col gap-1 empty:hidden first:pt-[1px]\">\n<div class=\"markdown prose dark:prose-invert w-full wrap-break-word dark markdown-new-styling\">\n<h4 data-start=\"0\" data-end=\"58\">\ud83d\udee0\ufe0f <strong data-start=\"4\" data-end=\"56\">Rura kondensacyjna FI-80\/125 L-500mm TD02\/80\/125<\/strong><\/h4>\n<p data-start=\"60\" data-end=\"419\">Rura kondensacyjna FI-80\/125 o d\u0142ugo\u015bci 500 mm (TD02\/80\/125) to prosty odcinek przewodu do instalacji powietrzno-spalinowych w systemie koncentrycznym 80\/125. Jest przeznaczona do pracy z urz\u0105dzeniami kondensacyjnymi, gdzie kluczowe znaczenie ma szczelno\u015b\u0107 uk\u0142adu oraz prawid\u0142owe prowadzenie spalin i doprowadzenie powietrza do spalania w jednym przewodzie.<\/p>\n<p data-start=\"421\" data-end=\"769\">D\u0142ugo\u015b\u0107 500 mm to bardzo uniwersalny wariant monta\u017cowy \u2013 pozwala wygodnie budowa\u0107 tras\u0119 instalacji, dopasowa\u0107 j\u0105 do uk\u0142adu pomieszczenia i ograniczy\u0107 liczb\u0119 po\u0142\u0105cze\u0144 w por\u00f3wnaniu do kr\u00f3tszych odcink\u00f3w. Sprawdza si\u0119 zar\u00f3wno przy nowych instalacjach, jak i podczas modernizacji, gdy potrzebujesz solidnego i estetycznego przed\u0142u\u017cenia przewodu 80\/125.<\/p>\n<hr data-start=\"771\" data-end=\"774\" \/>\n<h4 data-start=\"776\" data-end=\"817\">\u2705 <strong data-start=\"778\" data-end=\"815\">Zalety rury kondensacyjnej 80\/125<\/strong><\/h4>\n<p data-start=\"819\" data-end=\"870\"><strong>Do najwa\u017cniejszych korzy\u015bci tego elementu nale\u017c\u0105:<\/strong><\/p>\n<ul data-start=\"871\" data-end=\"1287\">\n<li data-start=\"871\" data-end=\"960\">\n<p data-start=\"873\" data-end=\"960\"><strong data-start=\"873\" data-end=\"904\">System koncentryczny 80\/125<\/strong> \u2013 powietrze i spaliny prowadzone w jednym przewodzie,<\/p>\n<\/li>\n<li data-start=\"961\" data-end=\"1033\">\n<p data-start=\"963\" data-end=\"1033\"><strong data-start=\"963\" data-end=\"981\">D\u0142ugo\u015b\u0107 500 mm<\/strong> \u2013 uniwersalny odcinek do budowy trasy instalacji,<\/p>\n<\/li>\n<li data-start=\"1034\" data-end=\"1137\">\n<p data-start=\"1036\" data-end=\"1137\"><strong data-start=\"1036\" data-end=\"1078\">Mniej \u0142\u0105cze\u0144 ni\u017c przy kr\u00f3tszych rurach<\/strong> \u2013 \u0142atwiejszy monta\u017c i bardziej uporz\u0105dkowana instalacja,<\/p>\n<\/li>\n<li data-start=\"1138\" data-end=\"1217\">\n<p data-start=\"1140\" data-end=\"1217\"><strong data-start=\"1140\" data-end=\"1160\">Sp\u00f3jno\u015b\u0107 monta\u017cu<\/strong> \u2013 wygodne dopasowanie do pozosta\u0142ych element\u00f3w 80\/125,<\/p>\n<\/li>\n<li data-start=\"1218\" data-end=\"1287\">\n<p data-start=\"1220\" data-end=\"1287\"><strong data-start=\"1220\" data-end=\"1248\">Uniwersalne zastosowanie<\/strong> \u2013 do nowych instalacji i modernizacji.<\/p>\n<\/li>\n<\/ul>\n<hr data-start=\"1289\" data-end=\"1292\" \/>\n<h4 data-start=\"1294\" data-end=\"1355\">\ud83c\udfed <strong data-start=\"1297\" data-end=\"1353\">Odcinki proste w instalacjach kondensacyjnych 80\/125<\/strong><\/h4>\n<p data-start=\"1357\" data-end=\"1634\">Odcinki proste s\u0105 podstaw\u0105 budowy instalacji koncentrycznych \u2013 pozwalaj\u0105 krok po kroku dopasowa\u0107 d\u0142ugo\u015b\u0107 przewodu do warunk\u00f3w technicznych i uk\u0142adu kot\u0142owni. Rura 500 mm jest ch\u0119tnie wybierana, bo daje du\u017c\u0105 elastyczno\u015b\u0107 monta\u017cu i pomaga utrzyma\u0107 estetyczny przebieg instalacji.<\/p>\n<hr data-start=\"1636\" data-end=\"1639\" \/>\n<h4 data-start=\"1641\" data-end=\"1662\">\ud83d\udccc <strong data-start=\"1644\" data-end=\"1660\">Podsumowanie<\/strong><\/h4>\n<p data-start=\"1664\" data-end=\"1942\" data-is-last-node=\"\" data-is-only-node=\"\">Rura kondensacyjna FI-80\/125 L-500mm TD02\/80\/125 to praktyczny odcinek prosty do instalacji koncentrycznej 80\/125 w systemach kondensacyjnych. Je\u015bli zale\u017cy Ci na wygodnym dopasowaniu trasy przewodu, sp\u00f3jno\u015bci monta\u017cu i ograniczeniu liczby po\u0142\u0105cze\u0144, b\u0119dzie to bardzo dobry wyb\u00f3r.<\/p>\n<\/div>\n<\/div>\n<\/div>\n<\/div>\n<div class=\"z-0 flex min-h-[46px] justify-start\"><\/div>\n","protected":false},"excerpt":{"rendered":"<p><strong>Rura kondensacyjna FI-80\/125 L-500mm TD02\/80\/125 to praktyczny odcinek prosty do instalacji koncentrycznej 80\/125 w systemach kondensacyjnych. Je\u015bli zale\u017cy Ci na wygodnym dopasowaniu trasy przewodu, sp\u00f3jno\u015bci monta\u017cu i ograniczeniu liczby po\u0142\u0105cze\u0144, b\u0119dzie to bardzo dobry wyb\u00f3r.<\/strong><\/p>\n","protected":false},"featured_media":10659,"template":"","meta":{"_kad_blocks_custom_css":"","_kad_blocks_head_custom_js":"","_kad_blocks_body_custom_js":"","_kad_blocks_footer_custom_js":"","_kad_post_transparent":"default","_kad_post_title":"","_kad_post_layout":"default","_kad_post_sidebar_id":"","_kad_post_content_style":"default","_kad_post_vertical_padding":"default","_kad_post_feature":"","_kad_post_feature_position":"","_kad_post_header":false,"_kad_post_footer":false,"_kad_post_classname":""},"product_brand":[],"product_cat":[306],"product_tag":[],"class_list":{"0":"post-10666","1":"product","2":"type-product","3":"status-publish","4":"has-post-thumbnail","6":"product_cat-kominy-do-kotlow-gazowych","7":"product_shipping_class-dluzyca_standard","9":"first","10":"instock","11":"taxable","12":"shipping-taxable","13":"purchasable","14":"product-type-simple","15":"entry","16":"content-bg","17":"loop-entry"},"taxonomy_info":{"product_cat":[{"value":306,"label":"Kominy do kot\u0142\u00f3w gazowych"}]},"featured_image_src_large":["https:\/\/e-systemygrzewcze.eu\/sklep\/wp-content\/uploads\/2026\/02\/Nowy-projekt-2026-02-10T081658.497.jpg",510,587,false],"author_info":[],"comment_info":"","_links":{"self":[{"href":"https:\/\/e-systemygrzewcze.eu\/sklep\/wp-json\/wp\/v2\/product\/10666","targetHints":{"allow":["GET"]}}],"collection":[{"href":"https:\/\/e-systemygrzewcze.eu\/sklep\/wp-json\/wp\/v2\/product"}],"about":[{"href":"https:\/\/e-systemygrzewcze.eu\/sklep\/wp-json\/wp\/v2\/types\/product"}],"wp:featuredmedia":[{"embeddable":true,"href":"https:\/\/e-systemygrzewcze.eu\/sklep\/wp-json\/wp\/v2\/media\/10659"}],"wp:attachment":[{"href":"https:\/\/e-systemygrzewcze.eu\/sklep\/wp-json\/wp\/v2\/media?parent=10666"}],"wp:term":[{"taxonomy":"product_brand","embeddable":true,"href":"https:\/\/e-systemygrzewcze.eu\/sklep\/wp-json\/wp\/v2\/product_brand?post=10666"},{"taxonomy":"product_cat","embeddable":true,"href":"https:\/\/e-systemygrzewcze.eu\/sklep\/wp-json\/wp\/v2\/product_cat?post=10666"},{"taxonomy":"product_tag","embeddable":true,"href":"https:\/\/e-systemygrzewcze.eu\/sklep\/wp-json\/wp\/v2\/product_tag?post=10666"}],"curies":[{"name":"wp","href":"https:\/\/api.w.org\/{rel}","templated":true}]}}