{"id":10665,"date":"2026-02-10T08:56:45","date_gmt":"2026-02-10T08:56:45","guid":{"rendered":"https:\/\/e-systemygrzewcze.eu\/sklep\/produkt\/rura-kondensacyjna-fi-80-125-l-250mm-td04-80-125\/"},"modified":"2026-04-09T07:08:19","modified_gmt":"2026-04-09T07:08:19","slug":"rura-kondensacyjna-fi-80-125-l-250mm-td04-80-125","status":"publish","type":"product","link":"https:\/\/e-systemygrzewcze.eu\/sklep\/produkt\/rura-kondensacyjna-fi-80-125-l-250mm-td04-80-125\/","title":{"rendered":"Rura kondensacyjna Fi-80\/125 L-250mm TD04\/80\/125"},"content":{"rendered":"<h4 data-start=\"0\" data-end=\"58\">\ud83d\udee0\ufe0f <strong data-start=\"4\" data-end=\"56\">Rura kondensacyjna Fi-80\/125 L-250mm TD04\/80\/125<\/strong><\/h4>\n<p data-start=\"60\" data-end=\"426\">Rura kondensacyjna Fi-80\/125 o d\u0142ugo\u015bci 250 mm (TD04\/80\/125) to kr\u00f3tki, prosty odcinek przewodu do instalacji powietrzno-spalinowych w systemie koncentrycznym 80\/125. Jest przeznaczona do pracy z urz\u0105dzeniami kondensacyjnymi, gdzie istotne znaczenie ma szczelno\u015b\u0107 uk\u0142adu oraz prawid\u0142owe prowadzenie spalin i doprowadzenie powietrza do spalania w jednym przewodzie.<\/p>\n<p data-start=\"428\" data-end=\"760\">D\u0142ugo\u015b\u0107 250 mm sprawdza si\u0119 szczeg\u00f3lnie przy precyzyjnym dopasowaniu instalacji \u2013 jako odcinek korekcyjny mi\u0119dzy kszta\u0142tkami, przy pod\u0142\u0105czeniu kot\u0142a lub w miejscach o ograniczonej przestrzeni monta\u017cowej. To praktyczny element zar\u00f3wno do nowych instalacji, jak i podczas modernizacji, gdy liczy si\u0119 dok\u0142adne \u201ezgranie\u201d trasy przewodu.<\/p>\n<hr data-start=\"762\" data-end=\"765\" \/>\n<h4 data-start=\"767\" data-end=\"808\">\u2705 <strong data-start=\"769\" data-end=\"806\">Zalety rury kondensacyjnej 80\/125<\/strong><\/h4>\n<p data-start=\"810\" data-end=\"861\"><strong>Do najwa\u017cniejszych korzy\u015bci tego elementu nale\u017c\u0105:<\/strong><\/p>\n<ul data-start=\"862\" data-end=\"1256\">\n<li data-start=\"862\" data-end=\"951\">\n<p data-start=\"864\" data-end=\"951\"><strong data-start=\"864\" data-end=\"895\">System koncentryczny 80\/125<\/strong> \u2013 powietrze i spaliny prowadzone w jednym przewodzie,<\/p>\n<\/li>\n<li data-start=\"952\" data-end=\"1033\">\n<p data-start=\"954\" data-end=\"1033\"><strong data-start=\"954\" data-end=\"972\">D\u0142ugo\u015b\u0107 250 mm<\/strong> \u2013 idealna do korekty trasy i monta\u017cu w ciasnych miejscach,<\/p>\n<\/li>\n<li data-start=\"1034\" data-end=\"1106\">\n<p data-start=\"1036\" data-end=\"1106\"><strong data-start=\"1036\" data-end=\"1063\">Prosty odcinek przewodu<\/strong> \u2013 \u0142atwe \u0142\u0105czenie i rozbudowa instalacji,<\/p>\n<\/li>\n<li data-start=\"1107\" data-end=\"1186\">\n<p data-start=\"1109\" data-end=\"1186\"><strong data-start=\"1109\" data-end=\"1129\">Sp\u00f3jno\u015b\u0107 monta\u017cu<\/strong> \u2013 wygodne dopasowanie do pozosta\u0142ych element\u00f3w 80\/125,<\/p>\n<\/li>\n<li data-start=\"1187\" data-end=\"1256\">\n<p data-start=\"1189\" data-end=\"1256\"><strong data-start=\"1189\" data-end=\"1217\">Uniwersalne zastosowanie<\/strong> \u2013 do nowych instalacji i modernizacji.<\/p>\n<\/li>\n<\/ul>\n<hr data-start=\"1258\" data-end=\"1261\" \/>\n<h4 data-start=\"1263\" data-end=\"1325\">\ud83c\udfed <strong data-start=\"1266\" data-end=\"1323\">Kr\u00f3tkie odcinki w instalacjach kondensacyjnych 80\/125<\/strong><\/h4>\n<p data-start=\"1327\" data-end=\"1650\">W instalacjach kondensacyjnych cz\u0119sto licz\u0105 si\u0119 detale monta\u017cowe \u2013 kr\u00f3tkie rury pozwalaj\u0105 precyzyjnie dopasowa\u0107 d\u0142ugo\u015b\u0107 trasy, ograniczy\u0107 przer\u00f3bki i zachowa\u0107 estetyczny przebieg przewodu. Odcinek 250 mm jest szczeg\u00f3lnie przydatny tam, gdzie nie ma miejsca na d\u0142u\u017csze elementy lub gdy instalacja wymaga niewielkiej korekty.<\/p>\n<hr data-start=\"1652\" data-end=\"1655\" \/>\n<h4 data-start=\"1657\" data-end=\"1678\">\ud83d\udccc <strong data-start=\"1660\" data-end=\"1676\">Podsumowanie<\/strong><\/h4>\n<p data-start=\"1680\" data-end=\"1950\" data-is-last-node=\"\" data-is-only-node=\"\">Rura kondensacyjna Fi-80\/125 L-250mm TD04\/80\/125 to praktyczny, kr\u00f3tki odcinek do instalacji koncentrycznej 80\/125 w systemach kondensacyjnych. Je\u015bli potrzebujesz precyzyjnie dopasowa\u0107 tras\u0119 przewodu, szczeg\u00f3lnie w ograniczonej przestrzeni, b\u0119dzie to bardzo dobry wyb\u00f3r.<\/p>\n","protected":false},"excerpt":{"rendered":"<p><strong>Rura kondensacyjna Fi-80\/125 L-250mm TD04\/80\/125 to praktyczny, kr\u00f3tki odcinek do instalacji koncentrycznej 80\/125 w systemach kondensacyjnych. Je\u015bli potrzebujesz precyzyjnie dopasowa\u0107 tras\u0119 przewodu, szczeg\u00f3lnie w ograniczonej przestrzeni, b\u0119dzie to bardzo dobry wyb\u00f3r.<\/strong><\/p>\n","protected":false},"featured_media":10669,"template":"","meta":{"_kad_blocks_custom_css":"","_kad_blocks_head_custom_js":"","_kad_blocks_body_custom_js":"","_kad_blocks_footer_custom_js":"","_kad_post_transparent":"default","_kad_post_title":"","_kad_post_layout":"default","_kad_post_sidebar_id":"","_kad_post_content_style":"default","_kad_post_vertical_padding":"default","_kad_post_feature":"","_kad_post_feature_position":"","_kad_post_header":false,"_kad_post_footer":false,"_kad_post_classname":""},"product_brand":[],"product_cat":[306],"product_tag":[],"class_list":{"0":"post-10665","1":"product","2":"type-product","3":"status-publish","4":"has-post-thumbnail","6":"product_cat-kominy-do-kotlow-gazowych","7":"product_shipping_class-drobnica","9":"first","10":"instock","11":"taxable","12":"shipping-taxable","13":"purchasable","14":"product-type-simple","15":"entry","16":"content-bg","17":"loop-entry"},"taxonomy_info":{"product_cat":[{"value":306,"label":"Kominy do kot\u0142\u00f3w gazowych"}]},"featured_image_src_large":["https:\/\/e-systemygrzewcze.eu\/sklep\/wp-content\/uploads\/2026\/02\/Nowy-projekt-2026-02-10T101122.817.jpg",510,587,false],"author_info":[],"comment_info":"","_links":{"self":[{"href":"https:\/\/e-systemygrzewcze.eu\/sklep\/wp-json\/wp\/v2\/product\/10665","targetHints":{"allow":["GET"]}}],"collection":[{"href":"https:\/\/e-systemygrzewcze.eu\/sklep\/wp-json\/wp\/v2\/product"}],"about":[{"href":"https:\/\/e-systemygrzewcze.eu\/sklep\/wp-json\/wp\/v2\/types\/product"}],"wp:featuredmedia":[{"embeddable":true,"href":"https:\/\/e-systemygrzewcze.eu\/sklep\/wp-json\/wp\/v2\/media\/10669"}],"wp:attachment":[{"href":"https:\/\/e-systemygrzewcze.eu\/sklep\/wp-json\/wp\/v2\/media?parent=10665"}],"wp:term":[{"taxonomy":"product_brand","embeddable":true,"href":"https:\/\/e-systemygrzewcze.eu\/sklep\/wp-json\/wp\/v2\/product_brand?post=10665"},{"taxonomy":"product_cat","embeddable":true,"href":"https:\/\/e-systemygrzewcze.eu\/sklep\/wp-json\/wp\/v2\/product_cat?post=10665"},{"taxonomy":"product_tag","embeddable":true,"href":"https:\/\/e-systemygrzewcze.eu\/sklep\/wp-json\/wp\/v2\/product_tag?post=10665"}],"curies":[{"name":"wp","href":"https:\/\/api.w.org\/{rel}","templated":true}]}}