{"id":10660,"date":"2026-02-10T07:18:16","date_gmt":"2026-02-10T07:18:16","guid":{"rendered":"https:\/\/e-systemygrzewcze.eu\/sklep\/produkt\/rura-kondensacyjna-fi-80-l-500mm-tj02-80\/"},"modified":"2026-03-30T10:27:19","modified_gmt":"2026-03-30T10:27:19","slug":"rura-kondensacyjna-fi-80-l-500mm-tj02-80","status":"publish","type":"product","link":"https:\/\/e-systemygrzewcze.eu\/sklep\/produkt\/rura-kondensacyjna-fi-80-l-500mm-tj02-80\/","title":{"rendered":"Rura kondensacyjna FI-80 L-500mm TJ02\/80"},"content":{"rendered":"<div class=\"flex max-w-full flex-col grow\">\n<div class=\"min-h-8 text-message relative flex w-full flex-col items-end gap-2 text-start break-words whitespace-normal [.text-message+&amp;]:mt-1\" dir=\"auto\" data-message-author-role=\"assistant\" data-message-id=\"81bff972-a2f2-4ca2-8e4a-f446d98b8b9a\" data-message-model-slug=\"gpt-5-2-thinking\">\n<div class=\"flex w-full flex-col gap-1 empty:hidden first:pt-[1px]\">\n<div class=\"markdown prose dark:prose-invert w-full wrap-break-word dark markdown-new-styling\">\n<h4 data-start=\"0\" data-end=\"50\">\ud83d\udee0\ufe0f <strong data-start=\"4\" data-end=\"48\">Rura kondensacyjna FI-80 L-500mm TJ02\/80<\/strong><\/h4>\n<p data-start=\"52\" data-end=\"400\">Rura kondensacyjna FI-80 o d\u0142ugo\u015bci 500 mm (TJ02\/80) to prosty odcinek przewodu przeznaczony do instalacji spalinowych w systemach kondensacyjnych. Tego typu elementy wykorzystuje si\u0119 do budowy lub rozbudowy trasy odprowadzania spalin, gdy liczy si\u0119 szczelno\u015b\u0107 po\u0142\u0105cze\u0144 oraz stabilne prowadzenie przewodu w kot\u0142owni lub pomieszczeniu technicznym.<\/p>\n<p data-start=\"402\" data-end=\"739\">D\u0142ugo\u015b\u0107 500 mm to uniwersalny wariant monta\u017cowy \u2013 pozwala wygodnie dopasowa\u0107 tras\u0119 instalacji do warunk\u00f3w technicznych, a jednocze\u015bnie utrzyma\u0107 estetyczny i uporz\u0105dkowany przebieg przewodu. Sprawdzi si\u0119 zar\u00f3wno w nowych realizacjach, jak i podczas modernizacji istniej\u0105cego uk\u0142adu, gdy potrzebujesz solidnego odcinka w standardzie FI-80.<\/p>\n<hr data-start=\"741\" data-end=\"744\" \/>\n<h4 data-start=\"746\" data-end=\"786\">\u2705 <strong data-start=\"748\" data-end=\"784\">Zalety rury kondensacyjnej FI-80<\/strong><\/h4>\n<p data-start=\"788\" data-end=\"839\"><strong>Do najwa\u017cniejszych korzy\u015bci tego elementu nale\u017c\u0105:<\/strong><\/p>\n<ul data-start=\"840\" data-end=\"1205\">\n<li data-start=\"840\" data-end=\"922\">\n<p data-start=\"842\" data-end=\"922\"><strong data-start=\"842\" data-end=\"869\">Prosty odcinek przewodu<\/strong> \u2013 \u0142atwe budowanie i przed\u0142u\u017canie trasy instalacji,<\/p>\n<\/li>\n<li data-start=\"923\" data-end=\"990\">\n<p data-start=\"925\" data-end=\"990\"><strong data-start=\"925\" data-end=\"943\">\u015arednica FI-80<\/strong> \u2013 dopasowanie do system\u00f3w w tym standardzie,<\/p>\n<\/li>\n<li data-start=\"991\" data-end=\"1060\">\n<p data-start=\"993\" data-end=\"1060\"><strong data-start=\"993\" data-end=\"1011\">D\u0142ugo\u015b\u0107 500 mm<\/strong> \u2013 wygodne dopasowanie do warunk\u00f3w monta\u017cowych,<\/p>\n<\/li>\n<li data-start=\"1061\" data-end=\"1135\">\n<p data-start=\"1063\" data-end=\"1135\"><strong data-start=\"1063\" data-end=\"1087\">Uporz\u0105dkowany monta\u017c<\/strong> \u2013 estetyczne i stabilne prowadzenie przewodu,<\/p>\n<\/li>\n<li data-start=\"1136\" data-end=\"1205\">\n<p data-start=\"1138\" data-end=\"1205\"><strong data-start=\"1138\" data-end=\"1166\">Uniwersalne zastosowanie<\/strong> \u2013 do nowych instalacji i modernizacji.<\/p>\n<\/li>\n<\/ul>\n<hr data-start=\"1207\" data-end=\"1210\" \/>\n<h4 data-start=\"1212\" data-end=\"1266\">\ud83c\udfed <strong data-start=\"1215\" data-end=\"1264\">Odcinki proste w instalacjach kondensacyjnych<\/strong><\/h4>\n<p data-start=\"1268\" data-end=\"1545\">W instalacjach kondensacyjnych wa\u017cne jest dopasowanie trasy przewodu do uk\u0142adu pomieszczenia oraz zachowanie sp\u00f3jno\u015bci ca\u0142ego systemu. Odcinki proste, takie jak TJ02\/80, pozwalaj\u0105 szybko budowa\u0107 instalacj\u0119 krok po kroku i \u0142atwiej dopasowa\u0107 jej d\u0142ugo\u015b\u0107 do konkretnej realizacji.<\/p>\n<hr data-start=\"1547\" data-end=\"1550\" \/>\n<h4 data-start=\"1552\" data-end=\"1573\">\ud83d\udccc <strong data-start=\"1555\" data-end=\"1571\">Podsumowanie<\/strong><\/h4>\n<p data-start=\"1575\" data-end=\"1865\" data-is-last-node=\"\" data-is-only-node=\"\">Rura kondensacyjna FI-80 L-500mm TJ02\/80 to praktyczny element do wykonania prostego odcinka instalacji spalinowej w systemach kondensacyjnych. Je\u015bli potrzebujesz solidnego przed\u0142u\u017cenia trasy w \u015brednicy FI-80 i zale\u017cy Ci na uporz\u0105dkowanym, estetycznym monta\u017cu, b\u0119dzie to bardzo dobry wyb\u00f3r.<\/p>\n<\/div>\n<\/div>\n<\/div>\n<\/div>\n<div class=\"z-0 flex min-h-[46px] justify-start\"><\/div>\n","protected":false},"excerpt":{"rendered":"<p><strong>Rura kondensacyjna FI-80 L-500mm TJ02\/80 to praktyczny element do wykonania prostego odcinka instalacji spalinowej w systemach kondensacyjnych. Je\u015bli potrzebujesz solidnego przed\u0142u\u017cenia trasy w \u015brednicy FI-80 i zale\u017cy Ci na uporz\u0105dkowanym, estetycznym monta\u017cu, b\u0119dzie to bardzo dobry wyb\u00f3r.<\/strong><\/p>\n","protected":false},"featured_media":10663,"template":"","meta":{"_kad_blocks_custom_css":"","_kad_blocks_head_custom_js":"","_kad_blocks_body_custom_js":"","_kad_blocks_footer_custom_js":"","_kad_post_transparent":"default","_kad_post_title":"","_kad_post_layout":"default","_kad_post_sidebar_id":"","_kad_post_content_style":"default","_kad_post_vertical_padding":"default","_kad_post_feature":"","_kad_post_feature_position":"","_kad_post_header":false,"_kad_post_footer":false,"_kad_post_classname":""},"product_brand":[],"product_cat":[306],"product_tag":[],"class_list":{"0":"post-10660","1":"product","2":"type-product","3":"status-publish","4":"has-post-thumbnail","6":"product_cat-kominy-do-kotlow-gazowych","7":"product_shipping_class-drobnica","9":"first","10":"instock","11":"taxable","12":"shipping-taxable","13":"purchasable","14":"product-type-simple","15":"entry","16":"content-bg","17":"loop-entry"},"taxonomy_info":{"product_cat":[{"value":306,"label":"Kominy do kot\u0142\u00f3w gazowych"}]},"featured_image_src_large":["https:\/\/e-systemygrzewcze.eu\/sklep\/wp-content\/uploads\/2026\/02\/Nowy-projekt-2026-02-10T085541.341.jpg",510,587,false],"author_info":[],"comment_info":"","_links":{"self":[{"href":"https:\/\/e-systemygrzewcze.eu\/sklep\/wp-json\/wp\/v2\/product\/10660","targetHints":{"allow":["GET"]}}],"collection":[{"href":"https:\/\/e-systemygrzewcze.eu\/sklep\/wp-json\/wp\/v2\/product"}],"about":[{"href":"https:\/\/e-systemygrzewcze.eu\/sklep\/wp-json\/wp\/v2\/types\/product"}],"wp:featuredmedia":[{"embeddable":true,"href":"https:\/\/e-systemygrzewcze.eu\/sklep\/wp-json\/wp\/v2\/media\/10663"}],"wp:attachment":[{"href":"https:\/\/e-systemygrzewcze.eu\/sklep\/wp-json\/wp\/v2\/media?parent=10660"}],"wp:term":[{"taxonomy":"product_brand","embeddable":true,"href":"https:\/\/e-systemygrzewcze.eu\/sklep\/wp-json\/wp\/v2\/product_brand?post=10660"},{"taxonomy":"product_cat","embeddable":true,"href":"https:\/\/e-systemygrzewcze.eu\/sklep\/wp-json\/wp\/v2\/product_cat?post=10660"},{"taxonomy":"product_tag","embeddable":true,"href":"https:\/\/e-systemygrzewcze.eu\/sklep\/wp-json\/wp\/v2\/product_tag?post=10660"}],"curies":[{"name":"wp","href":"https:\/\/api.w.org\/{rel}","templated":true}]}}