{"id":10654,"date":"2026-02-10T07:09:55","date_gmt":"2026-02-10T07:09:55","guid":{"rendered":"https:\/\/e-systemygrzewcze.eu\/sklep\/produkt\/rura-kondensacyjna-fi-60-100-l-500mm-td02-60-100\/"},"modified":"2026-04-09T07:09:05","modified_gmt":"2026-04-09T07:09:05","slug":"rura-kondensacyjna-fi-60-100-l-500mm-td02-60-100","status":"publish","type":"product","link":"https:\/\/e-systemygrzewcze.eu\/sklep\/produkt\/rura-kondensacyjna-fi-60-100-l-500mm-td02-60-100\/","title":{"rendered":"Rura kondensacyjna FI-60\/100 L-500mm TD02\/60\/100"},"content":{"rendered":"<h4 data-start=\"0\" data-end=\"58\">\ud83d\udee0\ufe0f <strong data-start=\"4\" data-end=\"56\">Rura kondensacyjna FI-60\/100 L-500mm TD02\/60\/100<\/strong><\/h4>\n<p data-start=\"60\" data-end=\"424\">Rura kondensacyjna FI-60\/100 o d\u0142ugo\u015bci 500 mm (TD02\/60\/100) to prosty odcinek przewodu do instalacji powietrzno-spalinowych w systemie koncentrycznym 60\/100. Jest przeznaczona do wsp\u00f3\u0142pracy z urz\u0105dzeniami kondensacyjnymi, gdzie kluczowe znaczenie ma szczelno\u015b\u0107 uk\u0142adu oraz prawid\u0142owe prowadzenie spalin i doprowadzenie powietrza do spalania w jednym przewodzie.<\/p>\n<p data-start=\"426\" data-end=\"783\">D\u0142ugo\u015b\u0107 500 mm stanowi bardzo uniwersalne rozwi\u0105zanie monta\u017cowe \u2013 pozwala wygodnie budowa\u0107 tras\u0119 instalacji, dopasowa\u0107 j\u0105 do uk\u0142adu pomieszczenia i ograniczy\u0107 liczb\u0119 po\u0142\u0105cze\u0144 w por\u00f3wnaniu do kr\u00f3tszych odcink\u00f3w. Sprawdza si\u0119 zar\u00f3wno przy nowych instalacjach, jak i podczas modernizacji, gdy potrzebujesz solidnego i estetycznego przed\u0142u\u017cenia przewodu 60\/100.<\/p>\n<hr data-start=\"785\" data-end=\"788\" \/>\n<h4 data-start=\"790\" data-end=\"831\">\u2705 <strong data-start=\"792\" data-end=\"829\">Zalety rury kondensacyjnej 60\/100<\/strong><\/h4>\n<p data-start=\"833\" data-end=\"884\"><strong>Do najwa\u017cniejszych korzy\u015bci tego elementu nale\u017c\u0105:<\/strong><\/p>\n<ul data-start=\"885\" data-end=\"1301\">\n<li data-start=\"885\" data-end=\"974\">\n<p data-start=\"887\" data-end=\"974\"><strong data-start=\"887\" data-end=\"918\">System koncentryczny 60\/100<\/strong> \u2013 powietrze i spaliny prowadzone w jednym przewodzie,<\/p>\n<\/li>\n<li data-start=\"975\" data-end=\"1047\">\n<p data-start=\"977\" data-end=\"1047\"><strong data-start=\"977\" data-end=\"995\">D\u0142ugo\u015b\u0107 500 mm<\/strong> \u2013 uniwersalny odcinek do budowy trasy instalacji,<\/p>\n<\/li>\n<li data-start=\"1048\" data-end=\"1151\">\n<p data-start=\"1050\" data-end=\"1151\"><strong data-start=\"1050\" data-end=\"1092\">Mniej \u0142\u0105cze\u0144 ni\u017c przy kr\u00f3tszych rurach<\/strong> \u2013 \u0142atwiejszy monta\u017c i bardziej uporz\u0105dkowana instalacja,<\/p>\n<\/li>\n<li data-start=\"1152\" data-end=\"1231\">\n<p data-start=\"1154\" data-end=\"1231\"><strong data-start=\"1154\" data-end=\"1174\">Sp\u00f3jno\u015b\u0107 monta\u017cu<\/strong> \u2013 wygodne dopasowanie do pozosta\u0142ych element\u00f3w 60\/100,<\/p>\n<\/li>\n<li data-start=\"1232\" data-end=\"1301\">\n<p data-start=\"1234\" data-end=\"1301\"><strong data-start=\"1234\" data-end=\"1262\">Uniwersalne zastosowanie<\/strong> \u2013 do nowych instalacji i modernizacji.<\/p>\n<\/li>\n<\/ul>\n<hr data-start=\"1303\" data-end=\"1306\" \/>\n<h4 data-start=\"1308\" data-end=\"1369\">\ud83c\udfed <strong data-start=\"1311\" data-end=\"1367\">Odcinki proste w instalacjach kondensacyjnych 60\/100<\/strong><\/h4>\n<p data-start=\"1371\" data-end=\"1670\">Odcinki proste s\u0105 podstaw\u0105 budowy instalacji koncentrycznych \u2013 pozwalaj\u0105 krok po kroku dopasowa\u0107 d\u0142ugo\u015b\u0107 przewodu do warunk\u00f3w technicznych i uk\u0142adu kot\u0142owni. Rura 500 mm to jeden z najcz\u0119\u015bciej wybieranych wariant\u00f3w, bo daje du\u017c\u0105 elastyczno\u015b\u0107 monta\u017cu i pomaga utrzyma\u0107 estetyczny przebieg instalacji.<\/p>\n<hr data-start=\"1672\" data-end=\"1675\" \/>\n<h4 data-start=\"1677\" data-end=\"1698\">\ud83d\udccc <strong data-start=\"1680\" data-end=\"1696\">Podsumowanie<\/strong><\/h4>\n<p data-start=\"1700\" data-end=\"1978\" data-is-last-node=\"\" data-is-only-node=\"\">Rura kondensacyjna FI-60\/100 L-500mm TD02\/60\/100 to praktyczny odcinek prosty do instalacji koncentrycznej 60\/100 w systemach kondensacyjnych. Je\u015bli zale\u017cy Ci na wygodnym dopasowaniu trasy przewodu, sp\u00f3jno\u015bci monta\u017cu i ograniczeniu liczby po\u0142\u0105cze\u0144, b\u0119dzie to bardzo dobry wyb\u00f3r.<\/p>\n","protected":false},"excerpt":{"rendered":"<p><strong>Rura kondensacyjna FI-60\/100 L-500mm TD02\/60\/100 to praktyczny odcinek prosty do instalacji koncentrycznej 60\/100 w systemach kondensacyjnych. Je\u015bli zale\u017cy Ci na wygodnym dopasowaniu trasy przewodu, sp\u00f3jno\u015bci monta\u017cu i ograniczeniu liczby po\u0142\u0105cze\u0144, b\u0119dzie to bardzo dobry wyb\u00f3r.<\/strong><\/p>\n","protected":false},"featured_media":10657,"template":"","meta":{"_kad_blocks_custom_css":"","_kad_blocks_head_custom_js":"","_kad_blocks_body_custom_js":"","_kad_blocks_footer_custom_js":"","_kad_post_transparent":"default","_kad_post_title":"","_kad_post_layout":"default","_kad_post_sidebar_id":"","_kad_post_content_style":"default","_kad_post_vertical_padding":"default","_kad_post_feature":"","_kad_post_feature_position":"","_kad_post_header":false,"_kad_post_footer":false,"_kad_post_classname":""},"product_brand":[],"product_cat":[306],"product_tag":[],"class_list":{"0":"post-10654","1":"product","2":"type-product","3":"status-publish","4":"has-post-thumbnail","6":"product_cat-kominy-do-kotlow-gazowych","7":"product_shipping_class-drobnica","9":"first","10":"instock","11":"taxable","12":"shipping-taxable","13":"purchasable","14":"product-type-simple","15":"entry","16":"content-bg","17":"loop-entry"},"taxonomy_info":{"product_cat":[{"value":306,"label":"Kominy do kot\u0142\u00f3w gazowych"}]},"featured_image_src_large":["https:\/\/e-systemygrzewcze.eu\/sklep\/wp-content\/uploads\/2026\/02\/Nowy-projekt-2026-02-10T081146.468.jpg",510,587,false],"author_info":[],"comment_info":"","_links":{"self":[{"href":"https:\/\/e-systemygrzewcze.eu\/sklep\/wp-json\/wp\/v2\/product\/10654","targetHints":{"allow":["GET"]}}],"collection":[{"href":"https:\/\/e-systemygrzewcze.eu\/sklep\/wp-json\/wp\/v2\/product"}],"about":[{"href":"https:\/\/e-systemygrzewcze.eu\/sklep\/wp-json\/wp\/v2\/types\/product"}],"wp:featuredmedia":[{"embeddable":true,"href":"https:\/\/e-systemygrzewcze.eu\/sklep\/wp-json\/wp\/v2\/media\/10657"}],"wp:attachment":[{"href":"https:\/\/e-systemygrzewcze.eu\/sklep\/wp-json\/wp\/v2\/media?parent=10654"}],"wp:term":[{"taxonomy":"product_brand","embeddable":true,"href":"https:\/\/e-systemygrzewcze.eu\/sklep\/wp-json\/wp\/v2\/product_brand?post=10654"},{"taxonomy":"product_cat","embeddable":true,"href":"https:\/\/e-systemygrzewcze.eu\/sklep\/wp-json\/wp\/v2\/product_cat?post=10654"},{"taxonomy":"product_tag","embeddable":true,"href":"https:\/\/e-systemygrzewcze.eu\/sklep\/wp-json\/wp\/v2\/product_tag?post=10654"}],"curies":[{"name":"wp","href":"https:\/\/api.w.org\/{rel}","templated":true}]}}