{"id":10651,"date":"2026-02-10T07:04:52","date_gmt":"2026-02-10T07:04:52","guid":{"rendered":"https:\/\/e-systemygrzewcze.eu\/sklep\/produkt\/rura-kondensacyjnafi-60-100-l-250mm-td04-60-100\/"},"modified":"2026-04-09T07:09:12","modified_gmt":"2026-04-09T07:09:12","slug":"rura-kondensacyjnafi-60-100-l-250mm-td04-60-100","status":"publish","type":"product","link":"https:\/\/e-systemygrzewcze.eu\/sklep\/produkt\/rura-kondensacyjnafi-60-100-l-250mm-td04-60-100\/","title":{"rendered":"Rura kondensacyjnaFI-60\/100 L-250mm TD04\/60\/100"},"content":{"rendered":"<h4 data-start=\"0\" data-end=\"57\">\ud83d\udee0\ufe0f <strong data-start=\"4\" data-end=\"55\">Rura kondensacyjnaFI-60\/100 L-250mm TD04\/60\/100<\/strong><\/h4>\n<p data-start=\"59\" data-end=\"415\">Rura kondensacyjnaFI-60\/100 o d\u0142ugo\u015bci 250 mm (TD04\/60\/100) to kr\u00f3tki, prosty odcinek przewodu do instalacji powietrzno-spalinowych w systemie koncentrycznym 60\/100. Jest przeznaczona do pracy z urz\u0105dzeniami kondensacyjnymi, gdzie kluczowa jest szczelno\u015b\u0107 uk\u0142adu oraz poprawne prowadzenie spalin i doprowadzenie powietrza do spalania w jednym przewodzie.<\/p>\n<p data-start=\"417\" data-end=\"747\">D\u0142ugo\u015b\u0107 250 mm sprawdza si\u0119 szczeg\u00f3lnie przy precyzyjnym dopasowaniu instalacji \u2013 np. jako odcinek korekcyjny, do skr\u00f3cenia lub \u201edoci\u0105gni\u0119cia\u201d trasy mi\u0119dzy kszta\u0142tkami, przy pod\u0142\u0105czeniu kot\u0142a lub w miejscach o ograniczonej przestrzeni monta\u017cowej. To praktyczny element zar\u00f3wno przy nowych instalacjach, jak i podczas modernizacji.<\/p>\n<hr data-start=\"749\" data-end=\"752\" \/>\n<h4 data-start=\"754\" data-end=\"795\">\u2705 <strong data-start=\"756\" data-end=\"793\">Zalety rury kondensacyjnej 60\/100<\/strong><\/h4>\n<p data-start=\"797\" data-end=\"848\"><strong>Do najwa\u017cniejszych korzy\u015bci tego elementu nale\u017c\u0105:<\/strong><\/p>\n<ul data-start=\"849\" data-end=\"1243\">\n<li data-start=\"849\" data-end=\"938\">\n<p data-start=\"851\" data-end=\"938\"><strong data-start=\"851\" data-end=\"882\">System koncentryczny 60\/100<\/strong> \u2013 powietrze i spaliny prowadzone w jednym przewodzie,<\/p>\n<\/li>\n<li data-start=\"939\" data-end=\"1020\">\n<p data-start=\"941\" data-end=\"1020\"><strong data-start=\"941\" data-end=\"959\">D\u0142ugo\u015b\u0107 250 mm<\/strong> \u2013 idealna do korekty trasy i monta\u017cu w ciasnych miejscach,<\/p>\n<\/li>\n<li data-start=\"1021\" data-end=\"1093\">\n<p data-start=\"1023\" data-end=\"1093\"><strong data-start=\"1023\" data-end=\"1050\">Prosty odcinek przewodu<\/strong> \u2013 \u0142atwe \u0142\u0105czenie i rozbudowa instalacji,<\/p>\n<\/li>\n<li data-start=\"1094\" data-end=\"1173\">\n<p data-start=\"1096\" data-end=\"1173\"><strong data-start=\"1096\" data-end=\"1116\">Sp\u00f3jno\u015b\u0107 monta\u017cu<\/strong> \u2013 wygodne dopasowanie do pozosta\u0142ych element\u00f3w 60\/100,<\/p>\n<\/li>\n<li data-start=\"1174\" data-end=\"1243\">\n<p data-start=\"1176\" data-end=\"1243\"><strong data-start=\"1176\" data-end=\"1204\">Uniwersalne zastosowanie<\/strong> \u2013 do nowych instalacji i modernizacji.<\/p>\n<\/li>\n<\/ul>\n<hr data-start=\"1245\" data-end=\"1248\" \/>\n<h4 data-start=\"1250\" data-end=\"1305\">\ud83c\udfed <strong data-start=\"1253\" data-end=\"1303\">Kr\u00f3tkie odcinki w instalacjach kondensacyjnych<\/strong><\/h4>\n<p data-start=\"1307\" data-end=\"1630\">W instalacjach kondensacyjnych cz\u0119sto licz\u0105 si\u0119 detale monta\u017cowe \u2013 kr\u00f3tkie rury pozwalaj\u0105 precyzyjnie dopasowa\u0107 d\u0142ugo\u015b\u0107 trasy, ograniczy\u0107 przer\u00f3bki i zachowa\u0107 estetyczny przebieg przewodu. Odcinek 250 mm jest szczeg\u00f3lnie przydatny tam, gdzie nie ma miejsca na d\u0142u\u017csze elementy lub gdy instalacja wymaga niewielkiej korekty.<\/p>\n<hr data-start=\"1632\" data-end=\"1635\" \/>\n<h4 data-start=\"1637\" data-end=\"1658\">\ud83d\udccc <strong data-start=\"1640\" data-end=\"1656\">Podsumowanie<\/strong><\/h4>\n<p data-start=\"1660\" data-end=\"1929\" data-is-last-node=\"\" data-is-only-node=\"\">Rura kondensacyjnaFI-60\/100 L-250mm TD04\/60\/100 to praktyczny, kr\u00f3tki odcinek do instalacji koncentrycznej 60\/100 w systemach kondensacyjnych. Je\u015bli potrzebujesz precyzyjnie dopasowa\u0107 tras\u0119 przewodu, szczeg\u00f3lnie w ograniczonej przestrzeni, b\u0119dzie to bardzo dobry wyb\u00f3r.<\/p>\n","protected":false},"excerpt":{"rendered":"<p><strong>Rura kondensacyjnaFI-60\/100 L-250mm TD04\/60\/100 to praktyczny, kr\u00f3tki odcinek do instalacji koncentrycznej 60\/100 w systemach kondensacyjnych. Je\u015bli potrzebujesz precyzyjnie dopasowa\u0107 tras\u0119 przewodu, szczeg\u00f3lnie w ograniczonej przestrzeni, b\u0119dzie to bardzo dobry wyb\u00f3r.<\/strong><\/p>\n","protected":false},"featured_media":10652,"template":"","meta":{"_kad_blocks_custom_css":"","_kad_blocks_head_custom_js":"","_kad_blocks_body_custom_js":"","_kad_blocks_footer_custom_js":"","_kad_post_transparent":"default","_kad_post_title":"","_kad_post_layout":"default","_kad_post_sidebar_id":"","_kad_post_content_style":"default","_kad_post_vertical_padding":"default","_kad_post_feature":"","_kad_post_feature_position":"","_kad_post_header":false,"_kad_post_footer":false,"_kad_post_classname":""},"product_brand":[],"product_cat":[306],"product_tag":[],"class_list":{"0":"post-10651","1":"product","2":"type-product","3":"status-publish","4":"has-post-thumbnail","6":"product_cat-kominy-do-kotlow-gazowych","7":"product_shipping_class-drobnica","9":"first","10":"instock","11":"taxable","12":"shipping-taxable","13":"purchasable","14":"product-type-simple","15":"entry","16":"content-bg","17":"loop-entry"},"taxonomy_info":{"product_cat":[{"value":306,"label":"Kominy do kot\u0142\u00f3w gazowych"}]},"featured_image_src_large":["https:\/\/e-systemygrzewcze.eu\/sklep\/wp-content\/uploads\/2026\/02\/Nowy-projekt-2026-02-10T080900.338.jpg",510,587,false],"author_info":[],"comment_info":"","_links":{"self":[{"href":"https:\/\/e-systemygrzewcze.eu\/sklep\/wp-json\/wp\/v2\/product\/10651","targetHints":{"allow":["GET"]}}],"collection":[{"href":"https:\/\/e-systemygrzewcze.eu\/sklep\/wp-json\/wp\/v2\/product"}],"about":[{"href":"https:\/\/e-systemygrzewcze.eu\/sklep\/wp-json\/wp\/v2\/types\/product"}],"wp:featuredmedia":[{"embeddable":true,"href":"https:\/\/e-systemygrzewcze.eu\/sklep\/wp-json\/wp\/v2\/media\/10652"}],"wp:attachment":[{"href":"https:\/\/e-systemygrzewcze.eu\/sklep\/wp-json\/wp\/v2\/media?parent=10651"}],"wp:term":[{"taxonomy":"product_brand","embeddable":true,"href":"https:\/\/e-systemygrzewcze.eu\/sklep\/wp-json\/wp\/v2\/product_brand?post=10651"},{"taxonomy":"product_cat","embeddable":true,"href":"https:\/\/e-systemygrzewcze.eu\/sklep\/wp-json\/wp\/v2\/product_cat?post=10651"},{"taxonomy":"product_tag","embeddable":true,"href":"https:\/\/e-systemygrzewcze.eu\/sklep\/wp-json\/wp\/v2\/product_tag?post=10651"}],"curies":[{"name":"wp","href":"https:\/\/api.w.org\/{rel}","templated":true}]}}