{"id":10643,"date":"2026-02-10T06:48:54","date_gmt":"2026-02-10T06:48:54","guid":{"rendered":"https:\/\/e-systemygrzewcze.eu\/sklep\/produkt\/plyta-dachowa-80-125\/"},"modified":"2026-04-09T07:09:30","modified_gmt":"2026-04-09T07:09:30","slug":"plyta-dachowa-80-125","status":"publish","type":"product","link":"https:\/\/e-systemygrzewcze.eu\/sklep\/produkt\/plyta-dachowa-80-125\/","title":{"rendered":"P\u0142yta dachowa 80\/125"},"content":{"rendered":"<article class=\"text-token-text-primary w-full focus:outline-none [--shadow-height:45px] has-data-writing-block:pointer-events-none has-data-writing-block:-mt-(--shadow-height) has-data-writing-block:pt-(--shadow-height) [&amp;:has([data-writing-block])&gt;*]:pointer-events-auto scroll-mt-(--header-height)\" dir=\"auto\" tabindex=\"-1\" data-turn-id=\"ee0c4f78-d856-48c9-b04e-d5c5e0ad7d7e\" data-testid=\"conversation-turn-51\" data-scroll-anchor=\"false\" data-turn=\"user\"><\/article>\n<article class=\"text-token-text-primary w-full focus:outline-none [--shadow-height:45px] has-data-writing-block:pointer-events-none has-data-writing-block:-mt-(--shadow-height) has-data-writing-block:pt-(--shadow-height) [&amp;:has([data-writing-block])&gt;*]:pointer-events-auto scroll-mt-[calc(var(--header-height)+min(200px,max(70px,20svh)))]\" dir=\"auto\" tabindex=\"-1\" data-turn-id=\"5029736b-3ebb-4f80-a8f8-225c1140490f\" data-testid=\"conversation-turn-52\" data-scroll-anchor=\"true\" data-turn=\"assistant\">\n<div class=\"text-base my-auto mx-auto pb-10 [--thread-content-margin:--spacing(4)] @w-sm\/main:[--thread-content-margin:--spacing(6)] @w-lg\/main:[--thread-content-margin:--spacing(16)] px-(--thread-content-margin)\">\n<div class=\"[--thread-content-max-width:40rem] @w-lg\/main:[--thread-content-max-width:48rem] mx-auto max-w-(--thread-content-max-width) flex-1 group\/turn-messages focus-visible:outline-hidden relative flex w-full min-w-0 flex-col agent-turn\" tabindex=\"-1\">\n<div class=\"flex max-w-full flex-col grow\">\n<div class=\"min-h-8 text-message relative flex w-full flex-col items-end gap-2 text-start break-words whitespace-normal [.text-message+&amp;]:mt-1\" dir=\"auto\" data-message-author-role=\"assistant\" data-message-id=\"f4e8f900-a07c-4f1c-b23c-0653a6f883f4\" data-message-model-slug=\"gpt-5-2-thinking\">\n<div class=\"flex w-full flex-col gap-1 empty:hidden first:pt-[1px]\">\n<div class=\"markdown prose dark:prose-invert w-full wrap-break-word dark markdown-new-styling\">\n<h4 data-start=\"0\" data-end=\"29\">\ud83c\udfe0 <strong data-start=\"3\" data-end=\"27\">P\u0142yta dachowa 80\/125<\/strong><\/h4>\n<p data-start=\"31\" data-end=\"453\">P\u0142yta dachowa 80\/125 to element wyko\u0144czeniowo-monta\u017cowy przeznaczony do instalacji powietrzno-spalinowych w standardzie koncentrycznym 80\/125. Jej zadaniem jest estetyczne i funkcjonalne uporz\u0105dkowanie przej\u015bcia przewodu przez po\u0142a\u0107 dachow\u0105, tak aby ca\u0142o\u015b\u0107 wygl\u0105da\u0142a schludnie i profesjonalnie. To szczeg\u00f3lnie wa\u017cne w miejscach widocznych, gdzie liczy si\u0119 nie tylko poprawny monta\u017c, ale te\u017c dobre wyko\u0144czenie instalacji.<\/p>\n<p data-start=\"455\" data-end=\"685\">Zastosowanie p\u0142yty dachowej pomaga dopasowa\u0107 przej\u015bcie do kszta\u0142tu powierzchni i u\u0142atwia wykonanie r\u00f3wnego, stabilnego wyko\u0144czenia wok\u00f3\u0142 przewodu. Dzi\u0119ki temu instalacja zyskuje lepszy wygl\u0105d, a monta\u017c jest bardziej uporz\u0105dkowany.<\/p>\n<hr data-start=\"687\" data-end=\"690\" \/>\n<h4 data-start=\"692\" data-end=\"728\">\u2705 <strong data-start=\"694\" data-end=\"726\">Zalety p\u0142yty dachowej 80\/125<\/strong><\/h4>\n<p data-start=\"730\" data-end=\"781\"><strong>Do najwa\u017cniejszych korzy\u015bci tego elementu nale\u017c\u0105:<\/strong><\/p>\n<ul data-start=\"782\" data-end=\"1178\">\n<li data-start=\"782\" data-end=\"863\">\n<p data-start=\"784\" data-end=\"863\"><strong data-start=\"784\" data-end=\"831\">Estetyczne wyko\u0144czenie przej\u015bcia przez dach<\/strong> \u2013 schludny wygl\u0105d instalacji,<\/p>\n<\/li>\n<li data-start=\"864\" data-end=\"954\">\n<p data-start=\"866\" data-end=\"954\"><strong data-start=\"866\" data-end=\"896\">Lepsza organizacja monta\u017cu<\/strong> \u2013 \u0142atwiejsze dopasowanie element\u00f3w w miejscu przej\u015bcia,<\/p>\n<\/li>\n<li data-start=\"955\" data-end=\"1023\">\n<p data-start=\"957\" data-end=\"1023\"><strong data-start=\"957\" data-end=\"976\">Standard 80\/125<\/strong> \u2013 dopasowanie do instalacji koncentrycznych,<\/p>\n<\/li>\n<li data-start=\"1024\" data-end=\"1102\">\n<p data-start=\"1026\" data-end=\"1102\"><strong data-start=\"1026\" data-end=\"1055\">Stabilniejsze wyko\u0144czenie<\/strong> \u2013 uporz\u0105dkowanie przestrzeni wok\u00f3\u0142 przewodu,<\/p>\n<\/li>\n<li data-start=\"1103\" data-end=\"1178\">\n<p data-start=\"1105\" data-end=\"1178\"><strong data-start=\"1105\" data-end=\"1133\">Uniwersalne zastosowanie<\/strong> \u2013 przy nowych instalacjach i modernizacjach.<\/p>\n<\/li>\n<\/ul>\n<hr data-start=\"1180\" data-end=\"1183\" \/>\n<h4 data-start=\"1185\" data-end=\"1235\">\ud83c\udfed <strong data-start=\"1188\" data-end=\"1233\">Elementy wyko\u0144czeniowe w systemach 80\/125<\/strong><\/h4>\n<p data-start=\"1237\" data-end=\"1525\">W instalacjach koncentrycznych wa\u017cne s\u0105 nie tylko przewody i kszta\u0142tki, ale te\u017c elementy wyko\u0144czeniowe, kt\u00f3re porz\u0105dkuj\u0105 przej\u015bcia przez przegrody i poprawiaj\u0105 wygl\u0105d monta\u017cu. P\u0142yta dachowa to prosty detal, kt\u00f3ry robi du\u017c\u0105 r\u00f3\u017cnic\u0119 w estetyce i \u201edopieszczonym\u201d efekcie ko\u0144cowym instalacji.<\/p>\n<hr data-start=\"1527\" data-end=\"1530\" \/>\n<h4 data-start=\"1532\" data-end=\"1553\">\ud83d\udccc <strong data-start=\"1535\" data-end=\"1551\">Podsumowanie<\/strong><\/h4>\n<p data-start=\"1555\" data-end=\"1799\" data-is-last-node=\"\" data-is-only-node=\"\">P\u0142yta dachowa 80\/125 to praktyczny element do estetycznego wyko\u0144czenia przej\u015bcia przewodu koncentrycznego przez dach. Je\u015bli zale\u017cy Ci na schludnym wygl\u0105dzie instalacji i uporz\u0105dkowanym monta\u017cu w standardzie 80\/125, b\u0119dzie to bardzo dobry wyb\u00f3r.<\/p>\n<\/div>\n<\/div>\n<\/div>\n<\/div>\n<\/div>\n<\/div>\n<\/article>\n","protected":false},"excerpt":{"rendered":"<p><strong>P\u0142yta dachowa 80\/125 to praktyczny element do estetycznego wyko\u0144czenia przej\u015bcia przewodu koncentrycznego przez dach. Je\u015bli zale\u017cy Ci na schludnym wygl\u0105dzie instalacji i uporz\u0105dkowanym monta\u017cu w standardzie 80\/125, b\u0119dzie to bardzo dobry wyb\u00f3r.<\/strong><\/p>\n","protected":false},"featured_media":10644,"template":"","meta":{"_kad_blocks_custom_css":"","_kad_blocks_head_custom_js":"","_kad_blocks_body_custom_js":"","_kad_blocks_footer_custom_js":"","_kad_post_transparent":"default","_kad_post_title":"","_kad_post_layout":"default","_kad_post_sidebar_id":"","_kad_post_content_style":"default","_kad_post_vertical_padding":"default","_kad_post_feature":"","_kad_post_feature_position":"","_kad_post_header":false,"_kad_post_footer":false,"_kad_post_classname":""},"product_brand":[],"product_cat":[306],"product_tag":[],"class_list":{"0":"post-10643","1":"product","2":"type-product","3":"status-publish","4":"has-post-thumbnail","6":"product_cat-kominy-do-kotlow-gazowych","7":"product_shipping_class-drobnica","9":"first","10":"instock","11":"taxable","12":"shipping-taxable","13":"purchasable","14":"product-type-simple","15":"entry","16":"content-bg","17":"loop-entry"},"taxonomy_info":{"product_cat":[{"value":306,"label":"Kominy do kot\u0142\u00f3w gazowych"}]},"featured_image_src_large":["https:\/\/e-systemygrzewcze.eu\/sklep\/wp-content\/uploads\/2026\/02\/Nowy-projekt-2026-02-10T075015.429.jpg",510,587,false],"author_info":[],"comment_info":"","_links":{"self":[{"href":"https:\/\/e-systemygrzewcze.eu\/sklep\/wp-json\/wp\/v2\/product\/10643","targetHints":{"allow":["GET"]}}],"collection":[{"href":"https:\/\/e-systemygrzewcze.eu\/sklep\/wp-json\/wp\/v2\/product"}],"about":[{"href":"https:\/\/e-systemygrzewcze.eu\/sklep\/wp-json\/wp\/v2\/types\/product"}],"wp:featuredmedia":[{"embeddable":true,"href":"https:\/\/e-systemygrzewcze.eu\/sklep\/wp-json\/wp\/v2\/media\/10644"}],"wp:attachment":[{"href":"https:\/\/e-systemygrzewcze.eu\/sklep\/wp-json\/wp\/v2\/media?parent=10643"}],"wp:term":[{"taxonomy":"product_brand","embeddable":true,"href":"https:\/\/e-systemygrzewcze.eu\/sklep\/wp-json\/wp\/v2\/product_brand?post=10643"},{"taxonomy":"product_cat","embeddable":true,"href":"https:\/\/e-systemygrzewcze.eu\/sklep\/wp-json\/wp\/v2\/product_cat?post=10643"},{"taxonomy":"product_tag","embeddable":true,"href":"https:\/\/e-systemygrzewcze.eu\/sklep\/wp-json\/wp\/v2\/product_tag?post=10643"}],"curies":[{"name":"wp","href":"https:\/\/api.w.org\/{rel}","templated":true}]}}