{"id":10641,"date":"2026-02-10T06:46:38","date_gmt":"2026-02-10T06:46:38","guid":{"rendered":"https:\/\/e-systemygrzewcze.eu\/sklep\/produkt\/rura-kondensacyjna-nierdzewna-fi-60-100-l-1000mm\/"},"modified":"2026-04-09T07:09:37","modified_gmt":"2026-04-09T07:09:37","slug":"rura-kondensacyjna-nierdzewna-fi-60-100-l-1000mm","status":"publish","type":"product","link":"https:\/\/e-systemygrzewcze.eu\/sklep\/produkt\/rura-kondensacyjna-nierdzewna-fi-60-100-l-1000mm\/","title":{"rendered":"Rura kondensacyjna nierdzewna FI-60\/100 L-1000mm"},"content":{"rendered":"<h4 data-start=\"0\" data-end=\"58\">\ud83d\udee0\ufe0f <strong data-start=\"4\" data-end=\"56\">Rura kondensacyjna nierdzewna FI-60\/100 L-1000mm<\/strong><\/h4>\n<p data-start=\"60\" data-end=\"414\">Rura kondensacyjna nierdzewna FI-60\/100 o d\u0142ugo\u015bci 1000 mm to prosty odcinek przewodu do instalacji powietrzno-spalinowych w systemie koncentrycznym 60\/100. Jest przeznaczona do wsp\u00f3\u0142pracy z urz\u0105dzeniami kondensacyjnymi, gdzie kluczowe znaczenie ma szczelno\u015b\u0107 uk\u0142adu oraz odporno\u015b\u0107 element\u00f3w na warunki pracy zwi\u0105zane z obecno\u015bci\u0105 wilgoci i kondensatu.<\/p>\n<p data-start=\"416\" data-end=\"784\">Wykonanie ze stali nierdzewnej przek\u0142ada si\u0119 na wysok\u0105 trwa\u0142o\u015b\u0107 i stabilno\u015b\u0107 parametr\u00f3w w czasie, a d\u0142ugo\u015b\u0107 1000 mm u\u0142atwia wykonanie d\u0142u\u017cszych odcink\u00f3w instalacji przy mniejszej liczbie \u0142\u0105cze\u0144. To praktyczny wyb\u00f3r do budowy nowych uk\u0142ad\u00f3w lub rozbudowy istniej\u0105cej instalacji \u2013 wsz\u0119dzie tam, gdzie zale\u017cy Ci na solidnym, prostym odcinku przewodu w standardzie 60\/100.<\/p>\n<hr data-start=\"786\" data-end=\"789\" \/>\n<h4 data-start=\"791\" data-end=\"837\">\u2705 <strong data-start=\"793\" data-end=\"835\">Zalety rury kondensacyjnej nierdzewnej<\/strong><\/h4>\n<p data-start=\"839\" data-end=\"890\"><strong>Do najwa\u017cniejszych korzy\u015bci tego elementu nale\u017c\u0105:<\/strong><\/p>\n<ul data-start=\"891\" data-end=\"1346\">\n<li data-start=\"891\" data-end=\"993\">\n<p data-start=\"893\" data-end=\"993\"><strong data-start=\"893\" data-end=\"912\">Stal nierdzewna<\/strong> \u2013 wysoka trwa\u0142o\u015b\u0107 i odporno\u015b\u0107 na warunki pracy w instalacjach kondensacyjnych,<\/p>\n<\/li>\n<li data-start=\"994\" data-end=\"1083\">\n<p data-start=\"996\" data-end=\"1083\"><strong data-start=\"996\" data-end=\"1027\">System koncentryczny 60\/100<\/strong> \u2013 powietrze i spaliny prowadzone w jednym przewodzie,<\/p>\n<\/li>\n<li data-start=\"1084\" data-end=\"1174\">\n<p data-start=\"1086\" data-end=\"1174\"><strong data-start=\"1086\" data-end=\"1105\">D\u0142ugo\u015b\u0107 1000 mm<\/strong> \u2013 wygodne wykonanie d\u0142u\u017cszego odcinka instalacji i mniej po\u0142\u0105cze\u0144,<\/p>\n<\/li>\n<li data-start=\"1175\" data-end=\"1255\">\n<p data-start=\"1177\" data-end=\"1255\"><strong data-start=\"1177\" data-end=\"1197\">Sp\u00f3jno\u015b\u0107 monta\u017cu<\/strong> \u2013 \u0142atwiejsze \u0142\u0105czenie z pozosta\u0142ymi elementami systemu,<\/p>\n<\/li>\n<li data-start=\"1256\" data-end=\"1346\">\n<p data-start=\"1258\" data-end=\"1346\"><strong data-start=\"1258\" data-end=\"1286\">Uniwersalne zastosowanie<\/strong> \u2013 do nowych instalacji i modernizacji istniej\u0105cych uk\u0142ad\u00f3w.<\/p>\n<\/li>\n<\/ul>\n<hr data-start=\"1348\" data-end=\"1351\" \/>\n<h4 data-start=\"1353\" data-end=\"1412\">\ud83c\udfed <strong data-start=\"1356\" data-end=\"1410\">Elementy nierdzewne w instalacjach kondensacyjnych<\/strong><\/h4>\n<p data-start=\"1414\" data-end=\"1684\">W instalacjach kondensacyjnych kluczowe jest stosowanie komponent\u00f3w, kt\u00f3re dobrze znosz\u0105 \u015brodowisko pracy zwi\u0105zane z wilgoci\u0105 i kondensatem. Rury nierdzewne s\u0105 ch\u0119tnie wybierane tam, gdzie liczy si\u0119 trwa\u0142o\u015b\u0107, stabilne po\u0142\u0105czenia i d\u0142u\u017csza \u017cywotno\u015b\u0107 element\u00f3w instalacji.<\/p>\n<hr data-start=\"1686\" data-end=\"1689\" \/>\n<h4 data-start=\"1691\" data-end=\"1712\">\ud83d\udccc <strong data-start=\"1694\" data-end=\"1710\">Podsumowanie<\/strong><\/h4>\n<p data-start=\"1714\" data-end=\"1995\" data-is-last-node=\"\" data-is-only-node=\"\">Rura kondensacyjna nierdzewna FI-60\/100 L-1000mm to solidny odcinek prosty do instalacji koncentrycznej 60\/100 dla kot\u0142\u00f3w kondensacyjnych. Je\u015bli zale\u017cy Ci na trwa\u0142ym materiale, ograniczeniu liczby \u0142\u0105cze\u0144 i sp\u00f3jnym monta\u017cu przewodu na d\u0142u\u017cszym odcinku, b\u0119dzie to bardzo dobry wyb\u00f3r.<\/p>\n","protected":false},"excerpt":{"rendered":"<p><strong>Rura kondensacyjna nierdzewna FI-60\/100 L-1000mm to solidny odcinek prosty do instalacji koncentrycznej 60\/100 dla kot\u0142\u00f3w kondensacyjnych. Je\u015bli zale\u017cy Ci na trwa\u0142ym materiale, ograniczeniu liczby \u0142\u0105cze\u0144 i sp\u00f3jnym monta\u017cu przewodu na d\u0142u\u017cszym odcinku, b\u0119dzie to bardzo dobry wyb\u00f3r.<\/strong><\/p>\n","protected":false},"featured_media":10640,"template":"","meta":{"_kad_blocks_custom_css":"","_kad_blocks_head_custom_js":"","_kad_blocks_body_custom_js":"","_kad_blocks_footer_custom_js":"","_kad_post_transparent":"default","_kad_post_title":"","_kad_post_layout":"default","_kad_post_sidebar_id":"","_kad_post_content_style":"default","_kad_post_vertical_padding":"default","_kad_post_feature":"","_kad_post_feature_position":"","_kad_post_header":false,"_kad_post_footer":false,"_kad_post_classname":""},"product_brand":[],"product_cat":[306],"product_tag":[],"class_list":{"0":"post-10641","1":"product","2":"type-product","3":"status-publish","4":"has-post-thumbnail","6":"product_cat-kominy-do-kotlow-gazowych","7":"product_shipping_class-dluzyca_standard","9":"first","10":"instock","11":"taxable","12":"shipping-taxable","13":"purchasable","14":"product-type-simple","15":"entry","16":"content-bg","17":"loop-entry"},"taxonomy_info":{"product_cat":[{"value":306,"label":"Kominy do kot\u0142\u00f3w gazowych"}]},"featured_image_src_large":["https:\/\/e-systemygrzewcze.eu\/sklep\/wp-content\/uploads\/2026\/02\/Nowy-projekt-2026-02-10T074518.715.jpg",510,587,false],"author_info":[],"comment_info":"","_links":{"self":[{"href":"https:\/\/e-systemygrzewcze.eu\/sklep\/wp-json\/wp\/v2\/product\/10641","targetHints":{"allow":["GET"]}}],"collection":[{"href":"https:\/\/e-systemygrzewcze.eu\/sklep\/wp-json\/wp\/v2\/product"}],"about":[{"href":"https:\/\/e-systemygrzewcze.eu\/sklep\/wp-json\/wp\/v2\/types\/product"}],"wp:featuredmedia":[{"embeddable":true,"href":"https:\/\/e-systemygrzewcze.eu\/sklep\/wp-json\/wp\/v2\/media\/10640"}],"wp:attachment":[{"href":"https:\/\/e-systemygrzewcze.eu\/sklep\/wp-json\/wp\/v2\/media?parent=10641"}],"wp:term":[{"taxonomy":"product_brand","embeddable":true,"href":"https:\/\/e-systemygrzewcze.eu\/sklep\/wp-json\/wp\/v2\/product_brand?post=10641"},{"taxonomy":"product_cat","embeddable":true,"href":"https:\/\/e-systemygrzewcze.eu\/sklep\/wp-json\/wp\/v2\/product_cat?post=10641"},{"taxonomy":"product_tag","embeddable":true,"href":"https:\/\/e-systemygrzewcze.eu\/sklep\/wp-json\/wp\/v2\/product_tag?post=10641"}],"curies":[{"name":"wp","href":"https:\/\/api.w.org\/{rel}","templated":true}]}}