{"id":10622,"date":"2026-02-09T11:43:03","date_gmt":"2026-02-09T11:43:03","guid":{"rendered":"https:\/\/e-systemygrzewcze.eu\/sklep\/produkt\/kolano-koncentrycznne-fi-80-125-45\/"},"modified":"2026-04-09T07:10:54","modified_gmt":"2026-04-09T07:10:54","slug":"kolano-koncentrycznne-fi-80-125-45","status":"publish","type":"product","link":"https:\/\/e-systemygrzewcze.eu\/sklep\/produkt\/kolano-koncentrycznne-fi-80-125-45\/","title":{"rendered":"Kolano koncentrycznne FI-80\/125 45\u00b0"},"content":{"rendered":"<div class=\"flex max-w-full flex-col grow\">\n<div class=\"min-h-8 text-message relative flex w-full flex-col items-end gap-2 text-start break-words whitespace-normal [.text-message+&amp;]:mt-1\" dir=\"auto\" data-message-author-role=\"assistant\" data-message-id=\"abe8fd33-3547-4650-96d4-33f0f8ea3eba\" data-message-model-slug=\"gpt-5-2-thinking\">\n<div class=\"flex w-full flex-col gap-1 empty:hidden first:pt-[1px]\">\n<div class=\"markdown prose dark:prose-invert w-full wrap-break-word dark markdown-new-styling\">\n<h4 data-start=\"0\" data-end=\"44\"><strong data-start=\"3\" data-end=\"41\">Kolano koncentrycznne FI-80\/125 45\u00b0<\/strong><\/h4>\n<p data-start=\"46\" data-end=\"536\">Kolano koncentryczne FI-80\/125 45* to element instalacji powietrzno-spalinowej, kt\u00f3ry umo\u017cliwia zmian\u0119 kierunku prowadzenia przewodu pod k\u0105tem 45\u00b0 przy zachowaniu uk\u0142adu koncentrycznego (rura w rurze). Tego typu rozwi\u0105zanie jest szczeg\u00f3lnie praktyczne tam, gdzie chcesz poprowadzi\u0107 instalacj\u0119 w spos\u00f3b bardziej \u201e\u0142agodny\u201d ni\u017c przy kolanie 90\u00b0 \u2013 np. aby lepiej dopasowa\u0107 tras\u0119 do uk\u0142adu pomieszczenia, omin\u0105\u0107 przeszkody monta\u017cowe lub uzyska\u0107 estetyczne i uporz\u0105dkowane prowadzenie przewodu.<\/p>\n<p data-start=\"538\" data-end=\"806\">Dzi\u0119ki standardowi 80\/125 kolano pozwala zachowa\u0107 sp\u00f3jno\u015b\u0107 \u015brednic w instalacji oraz u\u0142atwia dopasowanie do pozosta\u0142ych element\u00f3w systemu. To wygodny wyb\u00f3r zar\u00f3wno przy nowych instalacjach, jak i podczas modernizacji, gdy liczy si\u0119 precyzja monta\u017cu i pewne po\u0142\u0105czenia.<\/p>\n<hr data-start=\"808\" data-end=\"811\" \/>\n<h4 data-start=\"813\" data-end=\"854\">\u2705 <strong data-start=\"815\" data-end=\"852\">Zalety kolana koncentrycznego 45\u00b0<\/strong><\/h4>\n<p data-start=\"856\" data-end=\"907\"><strong>Do najwa\u017cniejszych korzy\u015bci tego elementu nale\u017c\u0105:<\/strong><\/p>\n<ul data-start=\"908\" data-end=\"1331\">\n<li data-start=\"908\" data-end=\"988\">\n<p data-start=\"910\" data-end=\"988\"><strong data-start=\"910\" data-end=\"943\">Zmiana kierunku pod k\u0105tem 45\u00b0<\/strong> \u2013 \u0142agodniejsze prowadzenie trasy przewodu,<\/p>\n<\/li>\n<li data-start=\"989\" data-end=\"1088\">\n<p data-start=\"991\" data-end=\"1088\"><strong data-start=\"991\" data-end=\"1022\">System koncentryczny 80\/125<\/strong> \u2013 jednoczesne prowadzenie powietrza i spalin w jednym uk\u0142adzie,<\/p>\n<\/li>\n<li data-start=\"1089\" data-end=\"1164\">\n<p data-start=\"1091\" data-end=\"1164\"><strong data-start=\"1091\" data-end=\"1114\">Oszcz\u0119dno\u015b\u0107 miejsca<\/strong> \u2013 \u0142atwiejsze dopasowanie instalacji w kot\u0142owni,<\/p>\n<\/li>\n<li data-start=\"1165\" data-end=\"1244\">\n<p data-start=\"1167\" data-end=\"1244\"><strong data-start=\"1167\" data-end=\"1188\">Estetyczny monta\u017c<\/strong> \u2013 uporz\u0105dkowana trasa przewodu i sp\u00f3jno\u015b\u0107 instalacji,<\/p>\n<\/li>\n<li data-start=\"1245\" data-end=\"1331\">\n<p data-start=\"1247\" data-end=\"1331\"><strong data-start=\"1247\" data-end=\"1275\">Uniwersalne zastosowanie<\/strong> \u2013 przy monta\u017cu nowej instalacji i podczas modernizacji.<\/p>\n<\/li>\n<\/ul>\n<hr data-start=\"1333\" data-end=\"1336\" \/>\n<h4 data-start=\"1338\" data-end=\"1406\">\ud83c\udfed <strong data-start=\"1341\" data-end=\"1404\">Instalacje koncentryczne 80\/125 \u2013 wygoda i sp\u00f3jno\u015b\u0107 systemu<\/strong><\/h4>\n<p data-start=\"1408\" data-end=\"1696\">Elementy koncentryczne w standardzie 80\/125 s\u0105 popularne, poniewa\u017c pozwalaj\u0105 prowadzi\u0107 powietrze do spalania i odprowadza\u0107 spaliny w jednym, kompaktowym uk\u0142adzie. Kolano 45\u00b0 u\u0142atwia dopasowanie trasy przewodu do warunk\u00f3w monta\u017cowych, zachowuj\u0105c porz\u0105dek i funkcjonalno\u015b\u0107 ca\u0142ej instalacji.<\/p>\n<hr data-start=\"1698\" data-end=\"1701\" \/>\n<h4 data-start=\"1703\" data-end=\"1724\">\ud83d\udccc <strong data-start=\"1706\" data-end=\"1722\">Podsumowanie<\/strong><\/h4>\n<p data-start=\"1726\" data-end=\"2003\" data-is-last-node=\"\" data-is-only-node=\"\">Kolano koncentrycznne FI-80\/125 45\u00b0 to praktyczny element do \u0142agodnej zmiany kierunku instalacji powietrzno-spalinowej. Je\u015bli potrzebujesz estetycznego, uporz\u0105dkowanego prowadzenia przewodu i wygodnego dopasowania trasy w ograniczonej przestrzeni, b\u0119dzie to bardzo dobry wyb\u00f3r.<\/p>\n<\/div>\n<\/div>\n<\/div>\n<\/div>\n<div class=\"z-0 flex min-h-[46px] justify-start\"><\/div>\n","protected":false},"excerpt":{"rendered":"<p><strong>Kolano koncentryczne FI-80\/125 45\u00b0 s\u0142u\u017cy do zmiany kierunku przewodu kominowego w instalacjach kot\u0142\u00f3w kondensacyjnych, zapewniaj\u0105c bezpieczny przep\u0142yw spalin i dop\u0142yw powietrza.<\/strong><\/p>\n","protected":false},"featured_media":10624,"template":"","meta":{"_kad_blocks_custom_css":"","_kad_blocks_head_custom_js":"","_kad_blocks_body_custom_js":"","_kad_blocks_footer_custom_js":"","_kad_post_transparent":"default","_kad_post_title":"","_kad_post_layout":"default","_kad_post_sidebar_id":"","_kad_post_content_style":"default","_kad_post_vertical_padding":"default","_kad_post_feature":"","_kad_post_feature_position":"","_kad_post_header":false,"_kad_post_footer":false,"_kad_post_classname":""},"product_brand":[],"product_cat":[306],"product_tag":[],"class_list":{"0":"post-10622","1":"product","2":"type-product","3":"status-publish","4":"has-post-thumbnail","6":"product_cat-kominy-do-kotlow-gazowych","7":"product_shipping_class-drobnica","9":"first","10":"instock","11":"taxable","12":"shipping-taxable","13":"purchasable","14":"product-type-simple","15":"entry","16":"content-bg","17":"loop-entry"},"taxonomy_info":{"product_cat":[{"value":306,"label":"Kominy do kot\u0142\u00f3w gazowych"}]},"featured_image_src_large":["https:\/\/e-systemygrzewcze.eu\/sklep\/wp-content\/uploads\/2026\/02\/Nowy-projekt-2026-02-09T124448.228.jpg",510,587,false],"author_info":[],"comment_info":"","_links":{"self":[{"href":"https:\/\/e-systemygrzewcze.eu\/sklep\/wp-json\/wp\/v2\/product\/10622","targetHints":{"allow":["GET"]}}],"collection":[{"href":"https:\/\/e-systemygrzewcze.eu\/sklep\/wp-json\/wp\/v2\/product"}],"about":[{"href":"https:\/\/e-systemygrzewcze.eu\/sklep\/wp-json\/wp\/v2\/types\/product"}],"wp:featuredmedia":[{"embeddable":true,"href":"https:\/\/e-systemygrzewcze.eu\/sklep\/wp-json\/wp\/v2\/media\/10624"}],"wp:attachment":[{"href":"https:\/\/e-systemygrzewcze.eu\/sklep\/wp-json\/wp\/v2\/media?parent=10622"}],"wp:term":[{"taxonomy":"product_brand","embeddable":true,"href":"https:\/\/e-systemygrzewcze.eu\/sklep\/wp-json\/wp\/v2\/product_brand?post=10622"},{"taxonomy":"product_cat","embeddable":true,"href":"https:\/\/e-systemygrzewcze.eu\/sklep\/wp-json\/wp\/v2\/product_cat?post=10622"},{"taxonomy":"product_tag","embeddable":true,"href":"https:\/\/e-systemygrzewcze.eu\/sklep\/wp-json\/wp\/v2\/product_tag?post=10622"}],"curies":[{"name":"wp","href":"https:\/\/api.w.org\/{rel}","templated":true}]}}