{"id":10612,"date":"2026-02-09T09:25:22","date_gmt":"2026-02-09T09:25:22","guid":{"rendered":"https:\/\/e-systemygrzewcze.eu\/sklep\/produkt\/beretta-kolano-przejsciowe-mufowe-60-100-80-125-20034992\/"},"modified":"2026-04-09T07:11:12","modified_gmt":"2026-04-09T07:11:12","slug":"beretta-kolano-przejsciowe-mufowe-60-100-80-125-20034992","status":"publish","type":"product","link":"https:\/\/e-systemygrzewcze.eu\/sklep\/produkt\/beretta-kolano-przejsciowe-mufowe-60-100-80-125-20034992\/","title":{"rendered":"BERETTA kolano przej\u015bciowe mufowe 60\/100-80\/125 20034992"},"content":{"rendered":"<div class=\"flex max-w-full flex-col grow\">\n<div class=\"min-h-8 text-message relative flex w-full flex-col items-end gap-2 text-start break-words whitespace-normal [.text-message+&amp;]:mt-1\" dir=\"auto\" data-message-author-role=\"assistant\" data-message-id=\"9f36f9fe-260f-4fc0-823f-dd8e2b2fcceb\" data-message-model-slug=\"gpt-5-2-thinking\">\n<div class=\"flex w-full flex-col gap-1 empty:hidden first:pt-[1px]\">\n<div class=\"markdown prose dark:prose-invert w-full wrap-break-word dark markdown-new-styling\">\n<h4 data-start=\"0\" data-end=\"65\"><strong data-start=\"3\" data-end=\"63\">BERETTA kolano przej\u015bciowe mufowe 60\/100-80\/125 20034992<\/strong><\/h4>\n<p data-start=\"67\" data-end=\"498\">Kolano przej\u015bciowe mufowe BERETTA to element instalacji powietrzno-spalinowej, kt\u00f3ry umo\u017cliwia zmian\u0119 kierunku prowadzenia przewodu oraz przej\u015bcie pomi\u0119dzy popularnymi \u015brednicami system\u00f3w: 60\/100 i 80\/125. Takie rozwi\u0105zanie jest szczeg\u00f3lnie przydatne podczas modernizacji instalacji, dopasowania kot\u0142a do istniej\u0105cego komina lub wtedy, gdy w danym miejscu instalacji wymagany jest inny standard \u015brednic ni\u017c na pozosta\u0142ym odcinku.<\/p>\n<p data-start=\"500\" data-end=\"760\">Wykonanie mufowe u\u0142atwia monta\u017c i pozwala na pewne, stabilne po\u0142\u0105czenie element\u00f3w w ramach uk\u0142adu. Dzi\u0119ki zastosowaniu dedykowanego przej\u015bcia zyskujesz wi\u0119ksz\u0105 elastyczno\u015b\u0107 w prowadzeniu trasy instalacji, a ca\u0142o\u015b\u0107 wygl\u0105da estetycznie i jest sp\u00f3jna technicznie.<\/p>\n<hr data-start=\"762\" data-end=\"765\" \/>\n<h4 data-start=\"767\" data-end=\"811\">\u2705 <strong data-start=\"769\" data-end=\"809\">Zalety kolana przej\u015bciowego mufowego<\/strong><\/h4>\n<p data-start=\"813\" data-end=\"864\"><strong>Do najwa\u017cniejszych korzy\u015bci tego elementu nale\u017c\u0105:<\/strong><\/p>\n<ul data-start=\"865\" data-end=\"1296\">\n<li data-start=\"865\" data-end=\"960\">\n<p data-start=\"867\" data-end=\"960\"><strong data-start=\"867\" data-end=\"896\">Przej\u015bcie 60\/100 \u2192 80\/125<\/strong> \u2013 \u0142atwe dopasowanie instalacji do r\u00f3\u017cnych standard\u00f3w \u015brednic,<\/p>\n<\/li>\n<li data-start=\"961\" data-end=\"1048\">\n<p data-start=\"963\" data-end=\"1048\"><strong data-start=\"963\" data-end=\"991\">Zmiana kierunku przewodu<\/strong> \u2013 wygodne prowadzenie trasy w kot\u0142owni i przy kominie,<\/p>\n<\/li>\n<li data-start=\"1049\" data-end=\"1123\">\n<p data-start=\"1051\" data-end=\"1123\"><strong data-start=\"1051\" data-end=\"1070\">Mufowe \u0142\u0105czenie<\/strong> \u2013 prostszy monta\u017c i stabilne spasowanie element\u00f3w,<\/p>\n<\/li>\n<li data-start=\"1124\" data-end=\"1222\">\n<p data-start=\"1126\" data-end=\"1222\"><strong data-start=\"1126\" data-end=\"1153\">Idealne do modernizacji<\/strong> \u2013 u\u0142atwia pod\u0142\u0105czenie nowego urz\u0105dzenia do istniej\u0105cej instalacji,<\/p>\n<\/li>\n<li data-start=\"1223\" data-end=\"1296\">\n<p data-start=\"1225\" data-end=\"1296\"><strong data-start=\"1225\" data-end=\"1253\">Kompatybilno\u015b\u0107 systemowa<\/strong> \u2013 element dopasowany do rozwi\u0105za\u0144 BERETTA.<\/p>\n<\/li>\n<\/ul>\n<hr data-start=\"1298\" data-end=\"1301\" \/>\n<h4 data-start=\"1303\" data-end=\"1377\">\ud83c\udfed <strong data-start=\"1306\" data-end=\"1375\">BERETTA \u2013 elementy systemowe do instalacji powietrzno-spalinowych<\/strong><\/h4>\n<p data-start=\"1379\" data-end=\"1646\">BERETTA oferuje komponenty projektowane tak, aby zapewnia\u0142y sp\u00f3jno\u015b\u0107, szczelno\u015b\u0107 i bezpiecze\u0144stwo ca\u0142ego uk\u0142adu. Model <strong data-start=\"1498\" data-end=\"1510\">20034992<\/strong> to rozwi\u0105zanie systemowe, kt\u00f3re pomaga poprawnie wykona\u0107 przej\u015bcie pomi\u0119dzy \u015brednicami oraz utrzyma\u0107 porz\u0105dek w prowadzeniu instalacji.<\/p>\n<hr data-start=\"1648\" data-end=\"1651\" \/>\n<h4 data-start=\"1653\" data-end=\"1674\">\ud83d\udccc <strong data-start=\"1656\" data-end=\"1672\">Podsumowanie<\/strong><\/h4>\n<p data-start=\"1676\" data-end=\"2004\" data-is-last-node=\"\" data-is-only-node=\"\">BERETTA kolano przej\u015bciowe mufowe 60\/100-80\/125 20034992 to praktyczny element, gdy potrzebujesz jednocze\u015bnie skr\u0119tu instalacji i przej\u015bcia na inny standard \u015brednic. \u015awietnie sprawdzi si\u0119 przy modernizacjach i dopasowaniu istniej\u0105cego przewodu do nowej konfiguracji, zapewniaj\u0105c stabilny monta\u017c i wygodniejsze prowadzenie trasy.<\/p>\n<\/div>\n<\/div>\n<\/div>\n<\/div>\n<div class=\"z-0 flex min-h-[46px] justify-start\"><\/div>\n","protected":false},"excerpt":{"rendered":"<p><strong>BERETTA kolano przej\u015bciowe mufowe 60\/100-80\/125 20034992 to praktyczny element, gdy potrzebujesz jednocze\u015bnie skr\u0119tu instalacji i przej\u015bcia na inny standard \u015brednic. \u015awietnie sprawdzi si\u0119 przy modernizacjach i dopasowaniu istniej\u0105cego przewodu do nowej konfiguracji, zapewniaj\u0105c stabilny monta\u017c i wygodniejsze prowadzenie trasy.<\/strong><\/p>\n","protected":false},"featured_media":10614,"template":"","meta":{"_kad_blocks_custom_css":"","_kad_blocks_head_custom_js":"","_kad_blocks_body_custom_js":"","_kad_blocks_footer_custom_js":"","_kad_post_transparent":"default","_kad_post_title":"","_kad_post_layout":"default","_kad_post_sidebar_id":"","_kad_post_content_style":"default","_kad_post_vertical_padding":"default","_kad_post_feature":"","_kad_post_feature_position":"","_kad_post_header":false,"_kad_post_footer":false,"_kad_post_classname":""},"product_brand":[478],"product_cat":[306],"product_tag":[],"class_list":{"0":"post-10612","1":"product","2":"type-product","3":"status-publish","4":"has-post-thumbnail","6":"product_brand-beretta","7":"product_cat-kominy-do-kotlow-gazowych","8":"product_shipping_class-drobnica","10":"first","11":"instock","12":"taxable","13":"shipping-taxable","14":"purchasable","15":"product-type-simple","16":"entry","17":"content-bg","18":"loop-entry"},"taxonomy_info":{"product_brand":[{"value":478,"label":"Beretta"}],"product_cat":[{"value":306,"label":"Kominy do kot\u0142\u00f3w gazowych"}]},"featured_image_src_large":["https:\/\/e-systemygrzewcze.eu\/sklep\/wp-content\/uploads\/2026\/02\/Nowy-projekt-2026-02-09T102801.546.jpg",510,587,false],"author_info":[],"comment_info":"","_links":{"self":[{"href":"https:\/\/e-systemygrzewcze.eu\/sklep\/wp-json\/wp\/v2\/product\/10612","targetHints":{"allow":["GET"]}}],"collection":[{"href":"https:\/\/e-systemygrzewcze.eu\/sklep\/wp-json\/wp\/v2\/product"}],"about":[{"href":"https:\/\/e-systemygrzewcze.eu\/sklep\/wp-json\/wp\/v2\/types\/product"}],"wp:featuredmedia":[{"embeddable":true,"href":"https:\/\/e-systemygrzewcze.eu\/sklep\/wp-json\/wp\/v2\/media\/10614"}],"wp:attachment":[{"href":"https:\/\/e-systemygrzewcze.eu\/sklep\/wp-json\/wp\/v2\/media?parent=10612"}],"wp:term":[{"taxonomy":"product_brand","embeddable":true,"href":"https:\/\/e-systemygrzewcze.eu\/sklep\/wp-json\/wp\/v2\/product_brand?post=10612"},{"taxonomy":"product_cat","embeddable":true,"href":"https:\/\/e-systemygrzewcze.eu\/sklep\/wp-json\/wp\/v2\/product_cat?post=10612"},{"taxonomy":"product_tag","embeddable":true,"href":"https:\/\/e-systemygrzewcze.eu\/sklep\/wp-json\/wp\/v2\/product_tag?post=10612"}],"curies":[{"name":"wp","href":"https:\/\/api.w.org\/{rel}","templated":true}]}}