{"id":10596,"date":"2026-02-09T08:05:04","date_gmt":"2026-02-09T08:05:04","guid":{"rendered":"https:\/\/e-systemygrzewcze.eu\/sklep\/produkt\/ferroli-wklad-kolano-sztywne-z-rewizja-80-90-6c15al-019080\/"},"modified":"2026-04-09T07:11:56","modified_gmt":"2026-04-09T07:11:56","slug":"ferroli-wklad-kolano-sztywne-z-rewizja-80-90-6c15al-019080","status":"publish","type":"product","link":"https:\/\/e-systemygrzewcze.eu\/sklep\/produkt\/ferroli-wklad-kolano-sztywne-z-rewizja-80-90-6c15al-019080\/","title":{"rendered":"FERROLI Wk\u0142ad kolano sztywne z rewizj\u0105 80\/90\u00b0 6C15AL.019080"},"content":{"rendered":"<div class=\"flex max-w-full flex-col grow\">\n<div class=\"min-h-8 text-message relative flex w-full flex-col items-end gap-2 text-start break-words whitespace-normal [.text-message+&amp;]:mt-1\" dir=\"auto\" data-message-author-role=\"assistant\" data-message-id=\"43dc255e-16eb-4818-9060-eb14928da5e5\" data-message-model-slug=\"gpt-5-2-thinking\">\n<div class=\"flex w-full flex-col gap-1 empty:hidden first:pt-[1px]\">\n<div class=\"markdown prose dark:prose-invert w-full wrap-break-word dark markdown-new-styling\">\n<div class=\"flex max-w-full flex-col grow\">\n<div class=\"min-h-8 text-message relative flex w-full flex-col items-end gap-2 text-start break-words whitespace-normal [.text-message+&amp;]:mt-1\" dir=\"auto\" data-message-author-role=\"assistant\" data-message-id=\"e02a6211-3a3f-4e75-87b7-917f5f0bb9f7\" data-message-model-slug=\"gpt-5-2-thinking\">\n<div class=\"flex w-full flex-col gap-1 empty:hidden first:pt-[1px]\">\n<div class=\"markdown prose dark:prose-invert w-full wrap-break-word dark markdown-new-styling\">\n<h4 data-start=\"0\" data-end=\"68\"><strong data-start=\"3\" data-end=\"65\">FERROLI Wk\u0142ad kolano sztywne z rewizj\u0105 80\/90\u00b0 6C15AL.019080<\/strong><\/h4>\n<p data-start=\"70\" data-end=\"417\">Kolano sztywne z rewizj\u0105 FERROLI to element instalacji odprowadzania spalin, kt\u00f3ry umo\u017cliwia zmian\u0119 kierunku prowadzenia przewodu oraz zapewnia wygodny dost\u0119p serwisowy do wn\u0119trza uk\u0142adu. Rozwi\u0105zanie sprawdza si\u0119 szczeg\u00f3lnie tam, gdzie liczy si\u0119 precyzyjne poprowadzenie instalacji i oszcz\u0119dno\u015b\u0107 miejsca w kot\u0142owni lub pomieszczeniu technicznym.<\/p>\n<p data-start=\"419\" data-end=\"667\">Wbudowana rewizja (otw\u00f3r inspekcyjny) u\u0142atwia kontrol\u0119 dro\u017cno\u015bci oraz czyszczenie przewodu w trakcie eksploatacji. Sztywna konstrukcja pomaga wykona\u0107 stabilne, estetyczne po\u0142\u0105czenie i zwi\u0119ksza odporno\u015b\u0107 instalacji na napr\u0119\u017cenia podczas u\u017cytkowania.<\/p>\n<hr data-start=\"669\" data-end=\"672\" \/>\n<h4 data-start=\"674\" data-end=\"715\">\u2705 <strong data-start=\"676\" data-end=\"713\">Zalety kolana sztywnego z rewizj\u0105<\/strong><\/h4>\n<p data-start=\"717\" data-end=\"768\">Do najwa\u017cniejszych korzy\u015bci tego elementu nale\u017c\u0105:<\/p>\n<ul data-start=\"769\" data-end=\"1150\">\n<li data-start=\"769\" data-end=\"840\">\n<p data-start=\"771\" data-end=\"840\"><strong data-start=\"771\" data-end=\"792\">Rewizja serwisowa<\/strong> \u2013 \u0142atwiejsza kontrola i czyszczenie przewodu,<\/p>\n<\/li>\n<li data-start=\"841\" data-end=\"931\">\n<p data-start=\"843\" data-end=\"931\"><strong data-start=\"843\" data-end=\"873\">Zmiana kierunku instalacji<\/strong> \u2013 wygodne prowadzenie trasy w ograniczonej przestrzeni,<\/p>\n<\/li>\n<li data-start=\"932\" data-end=\"993\">\n<p data-start=\"934\" data-end=\"993\"><strong data-start=\"934\" data-end=\"957\">Sztywna konstrukcja<\/strong> \u2013 stabilno\u015b\u0107 i trwa\u0142o\u015b\u0107 po\u0142\u0105cze\u0144,<\/p>\n<\/li>\n<li data-start=\"994\" data-end=\"1070\">\n<p data-start=\"996\" data-end=\"1070\"><strong data-start=\"996\" data-end=\"1020\">Wygodna eksploatacja<\/strong> \u2013 szybszy serwis i utrzymanie dro\u017cno\u015bci uk\u0142adu,<\/p>\n<\/li>\n<li data-start=\"1071\" data-end=\"1150\">\n<p data-start=\"1073\" data-end=\"1150\"><strong data-start=\"1073\" data-end=\"1099\">Dopasowanie do systemu<\/strong> \u2013 element kompatybilny z rozwi\u0105zaniami producenta.<\/p>\n<\/li>\n<\/ul>\n<hr data-start=\"1152\" data-end=\"1155\" \/>\n<h4 data-start=\"1157\" data-end=\"1220\">\ud83c\udfed <strong data-start=\"1160\" data-end=\"1218\">FERROLI \u2013 elementy systemowe do instalacji spalinowych<\/strong><\/h4>\n<p data-start=\"1222\" data-end=\"1482\">FERROLI oferuje komponenty monta\u017cowe projektowane tak, aby zapewnia\u0142y sp\u00f3jno\u015b\u0107 i bezpiecze\u0144stwo ca\u0142ej instalacji. Model <strong data-start=\"1342\" data-end=\"1359\">6C15AL.019080<\/strong> u\u0142atwia dopasowanie do pozosta\u0142ych element\u00f3w systemu, co przek\u0142ada si\u0119 na pewniejszy monta\u017c i lepsz\u0105 organizacj\u0119 przewodu.<\/p>\n<hr data-start=\"1484\" data-end=\"1487\" \/>\n<h4 data-start=\"1489\" data-end=\"1510\">\ud83d\udccc <strong data-start=\"1492\" data-end=\"1508\">Podsumowanie<\/strong><\/h4>\n<p data-start=\"1512\" data-end=\"1796\" data-is-last-node=\"\" data-is-only-node=\"\">To praktyczne kolano sztywne z rewizj\u0105, kt\u00f3re pozwala sprawnie zmieni\u0107 kierunek prowadzenia przewodu i jednocze\u015bnie u\u0142atwia serwis instalacji. Je\u015bli zale\u017cy Ci na stabilnym monta\u017cu oraz wygodnym dost\u0119pie inspekcyjnym, ten element b\u0119dzie dobrym wyborem do kompletowania systemu FERROLI.<\/p>\n<\/div>\n<\/div>\n<\/div>\n<\/div>\n<div class=\"z-0 flex min-h-[46px] justify-start\"><\/div>\n<\/div>\n<\/div>\n<\/div>\n<\/div>\n","protected":false},"excerpt":{"rendered":"<p><strong>To praktyczne kolano sztywne z rewizj\u0105, kt\u00f3re pozwala sprawnie zmieni\u0107 kierunek prowadzenia przewodu i jednocze\u015bnie u\u0142atwia serwis instalacji. Je\u015bli zale\u017cy Ci na stabilnym monta\u017cu oraz wygodnym dost\u0119pie inspekcyjnym, ten element b\u0119dzie dobrym wyborem do kompletowania systemu FERROLI.<\/strong><\/p>\n","protected":false},"featured_media":10598,"template":"","meta":{"_kad_blocks_custom_css":"","_kad_blocks_head_custom_js":"","_kad_blocks_body_custom_js":"","_kad_blocks_footer_custom_js":"","_kad_post_transparent":"default","_kad_post_title":"","_kad_post_layout":"default","_kad_post_sidebar_id":"","_kad_post_content_style":"default","_kad_post_vertical_padding":"default","_kad_post_feature":"","_kad_post_feature_position":"","_kad_post_header":false,"_kad_post_footer":false,"_kad_post_classname":""},"product_brand":[28],"product_cat":[474],"product_tag":[],"class_list":{"0":"post-10596","1":"product","2":"type-product","3":"status-publish","4":"has-post-thumbnail","6":"product_brand-ferroli","7":"product_cat-kominy-do-kotlow-pelletowych","8":"product_shipping_class-drobnica","10":"first","11":"instock","12":"taxable","13":"shipping-taxable","14":"purchasable","15":"product-type-simple","16":"entry","17":"content-bg","18":"loop-entry"},"taxonomy_info":{"product_brand":[{"value":28,"label":"Ferroli"}],"product_cat":[{"value":474,"label":"Kominy do kot\u0142\u00f3w pelletowych"}]},"featured_image_src_large":["https:\/\/e-systemygrzewcze.eu\/sklep\/wp-content\/uploads\/2026\/02\/Nowy-projekt-2026-02-09T090714.575.jpg",510,587,false],"author_info":[],"comment_info":"","_links":{"self":[{"href":"https:\/\/e-systemygrzewcze.eu\/sklep\/wp-json\/wp\/v2\/product\/10596","targetHints":{"allow":["GET"]}}],"collection":[{"href":"https:\/\/e-systemygrzewcze.eu\/sklep\/wp-json\/wp\/v2\/product"}],"about":[{"href":"https:\/\/e-systemygrzewcze.eu\/sklep\/wp-json\/wp\/v2\/types\/product"}],"wp:featuredmedia":[{"embeddable":true,"href":"https:\/\/e-systemygrzewcze.eu\/sklep\/wp-json\/wp\/v2\/media\/10598"}],"wp:attachment":[{"href":"https:\/\/e-systemygrzewcze.eu\/sklep\/wp-json\/wp\/v2\/media?parent=10596"}],"wp:term":[{"taxonomy":"product_brand","embeddable":true,"href":"https:\/\/e-systemygrzewcze.eu\/sklep\/wp-json\/wp\/v2\/product_brand?post=10596"},{"taxonomy":"product_cat","embeddable":true,"href":"https:\/\/e-systemygrzewcze.eu\/sklep\/wp-json\/wp\/v2\/product_cat?post=10596"},{"taxonomy":"product_tag","embeddable":true,"href":"https:\/\/e-systemygrzewcze.eu\/sklep\/wp-json\/wp\/v2\/product_tag?post=10596"}],"curies":[{"name":"wp","href":"https:\/\/api.w.org\/{rel}","templated":true}]}}