{"id":10589,"date":"2026-02-09T07:45:12","date_gmt":"2026-02-09T07:45:12","guid":{"rendered":"https:\/\/e-systemygrzewcze.eu\/sklep\/produkt\/ferroli-wklad-rura-fi-80-l-500mm-6c15al-725080\/"},"modified":"2026-04-09T07:12:30","modified_gmt":"2026-04-09T07:12:30","slug":"ferroli-wklad-rura-fi-80-l-500mm-6c15al-725080","status":"publish","type":"product","link":"https:\/\/e-systemygrzewcze.eu\/sklep\/produkt\/ferroli-wklad-rura-fi-80-l-500mm-6c15al-725080\/","title":{"rendered":"FERROLI Wk\u0142ad rura FI-80 L-500mm 6C15AL.725080"},"content":{"rendered":"<div class=\"flex max-w-full flex-col grow\">\n<div class=\"min-h-8 text-message relative flex w-full flex-col items-end gap-2 text-start break-words whitespace-normal [.text-message+&amp;]:mt-1\" dir=\"auto\" data-message-author-role=\"assistant\" data-message-id=\"b7adff6d-bd78-4485-8543-5e2df2866f3f\" data-message-model-slug=\"gpt-5-2\">\n<div class=\"flex w-full flex-col gap-1 empty:hidden first:pt-[1px]\">\n<div class=\"markdown prose dark:prose-invert w-full wrap-break-word dark markdown-new-styling\">\n<h4 data-start=\"0\" data-end=\"94\"><strong data-start=\"3\" data-end=\"92\">FERROLI Wk\u0142ad rura FI-80 L-500 mm 6C15AL.725080 \u2013 solidny element systemu spalinowego<\/strong><\/h4>\n<p data-start=\"96\" data-end=\"427\">Wk\u0142ad kominowy <strong data-start=\"111\" data-end=\"136\">FERROLI 6C15AL.725080<\/strong> to rura o \u015brednicy <strong data-start=\"156\" data-end=\"168\">FI-80 mm<\/strong> i d\u0142ugo\u015bci <strong data-start=\"180\" data-end=\"190\">500 mm<\/strong>, stanowi\u0105ca kluczowy segment instalacji spalinowej. Produkt zosta\u0142 zaprojektowany do bezpiecznego i efektywnego odprowadzania spalin z kot\u0142\u00f3w grzewczych oraz innych urz\u0105dze\u0144 grzewczych, gdzie wymagane jest dopasowanie d\u0142ugo\u015bci przewodu.<\/p>\n<p data-start=\"429\" data-end=\"703\">Wysokiej jako\u015bci materia\u0142y, odporne na wysokie temperatury i czynniki eksploatacyjne, gwarantuj\u0105 trwa\u0142o\u015b\u0107 oraz szczelno\u015b\u0107 po\u0142\u0105cze\u0144. Standardowa \u015brednica sprawia, \u017ce rura jest kompatybilna z wi\u0119kszo\u015bci\u0105 system\u00f3w spalinowych stosowanych w instalacjach instalacjach kominowych.<\/p>\n<hr data-start=\"705\" data-end=\"708\" \/>\n<h3 data-start=\"710\" data-end=\"770\">\u2705 <strong data-start=\"716\" data-end=\"770\">Zalety wk\u0142adu rury kominowej FERROLI 6C15AL.725080<\/strong><\/h3>\n<ul data-start=\"771\" data-end=\"1053\">\n<li data-start=\"771\" data-end=\"844\">\n<p data-start=\"773\" data-end=\"844\"><strong data-start=\"773\" data-end=\"794\">\u015brednica FI-80 mm<\/strong> \u2013 kompatybilna z typowymi systemami spalinowymi<\/p>\n<\/li>\n<li data-start=\"845\" data-end=\"898\">\n<p data-start=\"847\" data-end=\"898\">d\u0142ugo\u015b\u0107 <strong data-start=\"855\" data-end=\"865\">500 mm<\/strong> \u2013 uniwersalny segment przewodu<\/p>\n<\/li>\n<li data-start=\"899\" data-end=\"952\">\n<p data-start=\"901\" data-end=\"952\">trwa\u0142a konstrukcja odporna na wysokie temperatury<\/p>\n<\/li>\n<li data-start=\"953\" data-end=\"1015\">\n<p data-start=\"955\" data-end=\"1015\">stabilne i szczelne po\u0142\u0105czenie z innymi elementami systemu<\/p>\n<\/li>\n<li data-start=\"1016\" data-end=\"1053\">\n<p data-start=\"1018\" data-end=\"1053\">\u0142atwy monta\u017c w instalacji kominowej<\/p>\n<\/li>\n<\/ul>\n<hr data-start=\"1055\" data-end=\"1058\" \/>\n<h3 data-start=\"1060\" data-end=\"1086\">\ud83c\udfed <strong data-start=\"1067\" data-end=\"1084\">Marka FERROLI<\/strong><\/h3>\n<p data-start=\"1087\" data-end=\"1331\"><strong data-start=\"1087\" data-end=\"1098\">FERROLI<\/strong> to renomowany producent urz\u0105dze\u0144 grzewczych i komponent\u00f3w instalacyjnych, znany z wysokiej jako\u015bci wykonania i niezawodno\u015bci. Produkty tej marki s\u0105 projektowane z my\u015bl\u0105 o trwa\u0142o\u015bci, bezpiecze\u0144stwie i efektywnym odprowadzaniu spalin.<\/p>\n<hr data-start=\"1333\" data-end=\"1336\" \/>\n<h3 data-start=\"1338\" data-end=\"1363\">\ud83d\udd0e <strong data-start=\"1345\" data-end=\"1361\">Podsumowanie<\/strong><\/h3>\n<p data-start=\"1364\" data-end=\"1654\">Wk\u0142ad rura FERROLI FI-80 L-500 mm 6C15AL.725080 to solidny i praktyczny element instalacji spalinowej. Dzi\u0119ki trwa\u0142ej konstrukcji, standardowej \u015brednicy i odpowiedniej d\u0142ugo\u015bci zapewnia \u0142atwe dopasowanie przewodu kominowego oraz niezawodne odprowadzanie spalin w codziennym u\u017cytkowaniu.<\/p>\n<\/div>\n<\/div>\n<\/div>\n<\/div>\n<div class=\"z-0 flex min-h-[46px] justify-start\"><\/div>\n","protected":false},"excerpt":{"rendered":"<p><strong>Wk\u0142ad rura FERROLI FI-80 L-500 mm 6C15AL.725080 to solidny i praktyczny element instalacji spalinowej. Dzi\u0119ki trwa\u0142ej konstrukcji, standardowej \u015brednicy i odpowiedniej d\u0142ugo\u015bci zapewnia \u0142atwe dopasowanie przewodu kominowego oraz niezawodne odprowadzanie spalin w codziennym u\u017cytkowaniu.<\/strong><\/p>\n","protected":false},"featured_media":10591,"template":"","meta":{"_kad_blocks_custom_css":"","_kad_blocks_head_custom_js":"","_kad_blocks_body_custom_js":"","_kad_blocks_footer_custom_js":"","_kad_post_transparent":"default","_kad_post_title":"","_kad_post_layout":"default","_kad_post_sidebar_id":"","_kad_post_content_style":"default","_kad_post_vertical_padding":"default","_kad_post_feature":"","_kad_post_feature_position":"","_kad_post_header":false,"_kad_post_footer":false,"_kad_post_classname":""},"product_brand":[28],"product_cat":[474],"product_tag":[],"class_list":{"0":"post-10589","1":"product","2":"type-product","3":"status-publish","4":"has-post-thumbnail","6":"product_brand-ferroli","7":"product_cat-kominy-do-kotlow-pelletowych","8":"product_shipping_class-drobnica","10":"first","11":"instock","12":"taxable","13":"shipping-taxable","14":"purchasable","15":"product-type-simple","16":"entry","17":"content-bg","18":"loop-entry"},"taxonomy_info":{"product_brand":[{"value":28,"label":"Ferroli"}],"product_cat":[{"value":474,"label":"Kominy do kot\u0142\u00f3w pelletowych"}]},"featured_image_src_large":["https:\/\/e-systemygrzewcze.eu\/sklep\/wp-content\/uploads\/2026\/02\/Nowy-projekt-2026-02-09T085041.886.jpg",510,587,false],"author_info":[],"comment_info":"","_links":{"self":[{"href":"https:\/\/e-systemygrzewcze.eu\/sklep\/wp-json\/wp\/v2\/product\/10589","targetHints":{"allow":["GET"]}}],"collection":[{"href":"https:\/\/e-systemygrzewcze.eu\/sklep\/wp-json\/wp\/v2\/product"}],"about":[{"href":"https:\/\/e-systemygrzewcze.eu\/sklep\/wp-json\/wp\/v2\/types\/product"}],"wp:featuredmedia":[{"embeddable":true,"href":"https:\/\/e-systemygrzewcze.eu\/sklep\/wp-json\/wp\/v2\/media\/10591"}],"wp:attachment":[{"href":"https:\/\/e-systemygrzewcze.eu\/sklep\/wp-json\/wp\/v2\/media?parent=10589"}],"wp:term":[{"taxonomy":"product_brand","embeddable":true,"href":"https:\/\/e-systemygrzewcze.eu\/sklep\/wp-json\/wp\/v2\/product_brand?post=10589"},{"taxonomy":"product_cat","embeddable":true,"href":"https:\/\/e-systemygrzewcze.eu\/sklep\/wp-json\/wp\/v2\/product_cat?post=10589"},{"taxonomy":"product_tag","embeddable":true,"href":"https:\/\/e-systemygrzewcze.eu\/sklep\/wp-json\/wp\/v2\/product_tag?post=10589"}],"curies":[{"name":"wp","href":"https:\/\/api.w.org\/{rel}","templated":true}]}}