{"id":10584,"date":"2026-02-09T07:40:17","date_gmt":"2026-02-09T07:40:17","guid":{"rendered":"https:\/\/e-systemygrzewcze.eu\/sklep\/produkt\/ferroli-wklad-tojnik-dwumufowy-z-miska-kondensatu-80-90-6c15al-557080\/"},"modified":"2026-04-09T07:12:40","modified_gmt":"2026-04-09T07:12:40","slug":"ferroli-wklad-tojnik-dwumufowy-z-miska-kondensatu-80-90-6c15al-557080","status":"publish","type":"product","link":"https:\/\/e-systemygrzewcze.eu\/sklep\/produkt\/ferroli-wklad-tojnik-dwumufowy-z-miska-kondensatu-80-90-6c15al-557080\/","title":{"rendered":"FERROLI Wk\u0142ad tr\u00f3jnik dwumufowy z misk\u0105 kondensatu 80\/90* 6C15AL.557080"},"content":{"rendered":"<article class=\"text-token-text-primary w-full focus:outline-none [--shadow-height:45px] has-data-writing-block:pointer-events-none has-data-writing-block:-mt-(--shadow-height) has-data-writing-block:pt-(--shadow-height) [&amp;:has([data-writing-block])&gt;*]:pointer-events-auto scroll-mt-(--header-height)\" dir=\"auto\" tabindex=\"-1\" data-turn-id=\"c86b9c25-96c2-4c74-a9c4-d28267bfd440\" data-testid=\"conversation-turn-93\" data-scroll-anchor=\"false\" data-turn=\"user\"><\/article>\n<article class=\"text-token-text-primary w-full focus:outline-none [--shadow-height:45px] has-data-writing-block:pointer-events-none has-data-writing-block:-mt-(--shadow-height) has-data-writing-block:pt-(--shadow-height) [&amp;:has([data-writing-block])&gt;*]:pointer-events-auto scroll-mt-[calc(var(--header-height)+min(200px,max(70px,20svh)))]\" dir=\"auto\" tabindex=\"-1\" data-turn-id=\"request-6982effc-e98c-832d-bae8-5fc0bd8b1edf-3\" data-testid=\"conversation-turn-94\" data-scroll-anchor=\"true\" data-turn=\"assistant\">\n<div class=\"text-base my-auto mx-auto pb-10 [--thread-content-margin:--spacing(4)] @w-sm\/main:[--thread-content-margin:--spacing(6)] @w-lg\/main:[--thread-content-margin:--spacing(16)] px-(--thread-content-margin)\">\n<div class=\"[--thread-content-max-width:40rem] @w-lg\/main:[--thread-content-max-width:48rem] mx-auto max-w-(--thread-content-max-width) flex-1 group\/turn-messages focus-visible:outline-hidden relative flex w-full min-w-0 flex-col agent-turn\" tabindex=\"-1\">\n<div class=\"flex max-w-full flex-col grow\">\n<div class=\"min-h-8 text-message relative flex w-full flex-col items-end gap-2 text-start break-words whitespace-normal [.text-message+&amp;]:mt-1\" dir=\"auto\" data-message-author-role=\"assistant\" data-message-id=\"38d20bee-9b05-455b-8139-da536dc3855a\" data-message-model-slug=\"gpt-5-2\">\n<div class=\"flex w-full flex-col gap-1 empty:hidden first:pt-[1px]\">\n<div class=\"markdown prose dark:prose-invert w-full wrap-break-word dark markdown-new-styling\">\n<h4 data-start=\"0\" data-end=\"131\"><strong data-start=\"3\" data-end=\"129\">FERROLI Wk\u0142ad tr\u00f3jnik dwumufowy z misk\u0105 kondensatu 80\/90\u00b0 6C15AL.557080 \u2013 funkcjonalne rozwi\u0105zanie dla system\u00f3w kominowych<\/strong><\/h4>\n<p data-start=\"133\" data-end=\"559\">Wk\u0142ad tr\u00f3jnik <strong data-start=\"147\" data-end=\"172\">FERROLI 6C15AL.557080<\/strong> o k\u0105cie <strong data-start=\"181\" data-end=\"191\">80\/90\u00b0<\/strong> to specjalistyczny element instalacji kominowych i wentylacyjnych, kt\u00f3ry \u0142\u0105czy w sobie <strong data-start=\"279\" data-end=\"315\">tr\u00f3jnikiem odga\u0142\u0119zienie przewodu<\/strong> z praktyczn\u0105 <strong data-start=\"329\" data-end=\"349\">misk\u0105 kondensatu<\/strong>. Produkt zosta\u0142 zaprojektowany tak, aby zapewnia\u0107 efektywne odprowadzanie spalin z urz\u0105dze\u0144 grzewczych oraz jednocze\u015bnie gromadzi\u0107 i odprowadza\u0107 kondensat, co poprawia bezpiecze\u0144stwo i trwa\u0142o\u015b\u0107 ca\u0142ego systemu.<\/p>\n<p data-start=\"561\" data-end=\"734\">Dwumufowa konstrukcja u\u0142atwia po\u0142\u0105czenie z innymi segmentami przewodu kominowego, a solidne wykonanie gwarantuje niezawodno\u015b\u0107 dzia\u0142ania nawet w wymagaj\u0105cych warunkach pracy.<\/p>\n<hr data-start=\"736\" data-end=\"739\" \/>\n<h3 data-start=\"741\" data-end=\"812\">\u2705 <strong data-start=\"747\" data-end=\"812\">Zalety wk\u0142adu tr\u00f3jnika dwumufowego z misk\u0105 kondensatu FERROLI<\/strong><\/h3>\n<ul data-start=\"813\" data-end=\"1144\">\n<li data-start=\"813\" data-end=\"881\">\n<p data-start=\"815\" data-end=\"881\"><strong data-start=\"815\" data-end=\"833\">tr\u00f3jnik 80\/90\u00b0<\/strong> \u2013 praktyczne odga\u0142\u0119zienie przewodu kominowego<\/p>\n<\/li>\n<li data-start=\"882\" data-end=\"957\">\n<p data-start=\"884\" data-end=\"957\"><strong data-start=\"884\" data-end=\"903\">misa kondensatu<\/strong> \u2013 bezpieczne gromadzenie i odprowadzanie kondensatu<\/p>\n<\/li>\n<li data-start=\"958\" data-end=\"1030\">\n<p data-start=\"960\" data-end=\"1030\">dwumufowa konstrukcja \u2013 \u0142atwe po\u0142\u0105czenie z innymi elementami systemu<\/p>\n<\/li>\n<li data-start=\"1031\" data-end=\"1079\">\n<p data-start=\"1033\" data-end=\"1079\">trwa\u0142a i odporna na eksploatacj\u0119 konstrukcja<\/p>\n<\/li>\n<li data-start=\"1080\" data-end=\"1144\">\n<p data-start=\"1082\" data-end=\"1144\">kompatybilny z typowymi systemami spalinowymi i wentylacyjnymi<\/p>\n<\/li>\n<\/ul>\n<hr data-start=\"1146\" data-end=\"1149\" \/>\n<h3 data-start=\"1151\" data-end=\"1177\">\ud83c\udfed <strong data-start=\"1158\" data-end=\"1175\">Marka FERROLI<\/strong><\/h3>\n<p data-start=\"1178\" data-end=\"1413\"><strong data-start=\"1178\" data-end=\"1189\">FERROLI<\/strong> to uznany producent urz\u0105dze\u0144 grzewczych i komponent\u00f3w instalacyjnych, kt\u00f3ry \u0142\u0105czy wysok\u0105 jako\u015b\u0107 wykonania z praktycznymi rozwi\u0105zaniami technicznymi. Produkty marki s\u0105 cenione za trwa\u0142o\u015b\u0107, niezawodno\u015b\u0107 i komfort u\u017cytkowania.<\/p>\n<hr data-start=\"1415\" data-end=\"1418\" \/>\n<h3 data-start=\"1420\" data-end=\"1445\">\ud83d\udd0e <strong data-start=\"1427\" data-end=\"1443\">Podsumowanie<\/strong><\/h3>\n<p data-start=\"1446\" data-end=\"1734\">Wk\u0142ad tr\u00f3jnik dwumufowy z misk\u0105 kondensatu FERROLI 6C15AL.557080 to solidne, funkcjonalne rozwi\u0105zanie do instalacji kominowych. Dzi\u0119ki po\u0142\u0105czeniu tr\u00f3jnika z misk\u0105 kondensatu zapewnia pewne odprowadzanie spalin, efektywne zarz\u0105dzanie kondensatem oraz \u0142atwy monta\u017c w systemie kominowym.<\/p>\n<\/div>\n<\/div>\n<\/div>\n<\/div>\n<\/div>\n<\/div>\n<\/article>\n","protected":false},"excerpt":{"rendered":"<p><strong>Wk\u0142ad tr\u00f3jnik dwumufowy z misk\u0105 kondensatu FERROLI 6C15AL.557080 to solidne, funkcjonalne rozwi\u0105zanie do instalacji kominowych. Dzi\u0119ki po\u0142\u0105czeniu tr\u00f3jnika z misk\u0105 kondensatu zapewnia pewne odprowadzanie spalin, efektywne zarz\u0105dzanie kondensatem oraz \u0142atwy monta\u017c w systemie kominowym.<\/strong><\/p>\n","protected":false},"featured_media":10586,"template":"","meta":{"_kad_blocks_custom_css":"","_kad_blocks_head_custom_js":"","_kad_blocks_body_custom_js":"","_kad_blocks_footer_custom_js":"","_kad_post_transparent":"default","_kad_post_title":"","_kad_post_layout":"default","_kad_post_sidebar_id":"","_kad_post_content_style":"default","_kad_post_vertical_padding":"default","_kad_post_feature":"","_kad_post_feature_position":"","_kad_post_header":false,"_kad_post_footer":false,"_kad_post_classname":""},"product_brand":[28],"product_cat":[474],"product_tag":[],"class_list":{"0":"post-10584","1":"product","2":"type-product","3":"status-publish","4":"has-post-thumbnail","6":"product_brand-ferroli","7":"product_cat-kominy-do-kotlow-pelletowych","8":"product_shipping_class-drobnica","10":"first","11":"instock","12":"taxable","13":"shipping-taxable","14":"purchasable","15":"product-type-simple","16":"entry","17":"content-bg","18":"loop-entry"},"taxonomy_info":{"product_brand":[{"value":28,"label":"Ferroli"}],"product_cat":[{"value":474,"label":"Kominy do kot\u0142\u00f3w pelletowych"}]},"featured_image_src_large":["https:\/\/e-systemygrzewcze.eu\/sklep\/wp-content\/uploads\/2026\/02\/Nowy-projekt-2026-02-09T084443.550.jpg",510,587,false],"author_info":[],"comment_info":"","_links":{"self":[{"href":"https:\/\/e-systemygrzewcze.eu\/sklep\/wp-json\/wp\/v2\/product\/10584","targetHints":{"allow":["GET"]}}],"collection":[{"href":"https:\/\/e-systemygrzewcze.eu\/sklep\/wp-json\/wp\/v2\/product"}],"about":[{"href":"https:\/\/e-systemygrzewcze.eu\/sklep\/wp-json\/wp\/v2\/types\/product"}],"wp:featuredmedia":[{"embeddable":true,"href":"https:\/\/e-systemygrzewcze.eu\/sklep\/wp-json\/wp\/v2\/media\/10586"}],"wp:attachment":[{"href":"https:\/\/e-systemygrzewcze.eu\/sklep\/wp-json\/wp\/v2\/media?parent=10584"}],"wp:term":[{"taxonomy":"product_brand","embeddable":true,"href":"https:\/\/e-systemygrzewcze.eu\/sklep\/wp-json\/wp\/v2\/product_brand?post=10584"},{"taxonomy":"product_cat","embeddable":true,"href":"https:\/\/e-systemygrzewcze.eu\/sklep\/wp-json\/wp\/v2\/product_cat?post=10584"},{"taxonomy":"product_tag","embeddable":true,"href":"https:\/\/e-systemygrzewcze.eu\/sklep\/wp-json\/wp\/v2\/product_tag?post=10584"}],"curies":[{"name":"wp","href":"https:\/\/api.w.org\/{rel}","templated":true}]}}