{"id":10500,"date":"2026-02-06T10:12:22","date_gmt":"2026-02-06T10:12:22","guid":{"rendered":"https:\/\/e-systemygrzewcze.eu\/sklep\/produkt\/czarna-redukcja-kominowa-z-szczeliwem-200-180-bertr35-180\/"},"modified":"2026-04-09T07:14:19","modified_gmt":"2026-04-09T07:14:19","slug":"czarna-redukcja-kominowa-z-szczeliwem-200-180-bertr35-180","status":"publish","type":"product","link":"https:\/\/e-systemygrzewcze.eu\/sklep\/produkt\/czarna-redukcja-kominowa-z-szczeliwem-200-180-bertr35-180\/","title":{"rendered":"Czarna redukcja kominowa z szczeliwem 200\/180"},"content":{"rendered":"","protected":false},"excerpt":{"rendered":"<p><strong>Czarna redukcja kominowa BERTR35\/180 to trwa\u0142y i funkcjonalny element instalacji, kt\u00f3ry u\u0142atwia \u0142\u0105czenie przewod\u00f3w kominowych o r\u00f3\u017cnych \u015brednicach. Dzi\u0119ki szczeliwu i solidnej konstrukcji zapewnia szczelno\u015b\u0107, stabilno\u015b\u0107 oraz bezpiecze\u0144stwo pracy systemu kominowego.<\/strong><\/p>\n","protected":false},"featured_media":10503,"template":"","meta":{"_kad_blocks_custom_css":"","_kad_blocks_head_custom_js":"","_kad_blocks_body_custom_js":"","_kad_blocks_footer_custom_js":"","_kad_post_transparent":"default","_kad_post_title":"","_kad_post_layout":"default","_kad_post_sidebar_id":"","_kad_post_content_style":"default","_kad_post_vertical_padding":"default","_kad_post_feature":"","_kad_post_feature_position":"","_kad_post_header":false,"_kad_post_footer":false,"_kad_post_classname":""},"product_brand":[],"product_cat":[307],"product_tag":[],"class_list":{"0":"post-10500","1":"product","2":"type-product","3":"status-publish","4":"has-post-thumbnail","6":"product_cat-kominy-do-kotlow-stalopalnych","7":"product_shipping_class-drobnica","9":"first","10":"instock","11":"taxable","12":"shipping-taxable","13":"purchasable","14":"product-type-simple","15":"entry","16":"content-bg","17":"loop-entry"},"taxonomy_info":{"product_cat":[{"value":307,"label":"Kominy do kot\u0142\u00f3w sta\u0142opalnych"}]},"featured_image_src_large":["https:\/\/e-systemygrzewcze.eu\/sklep\/wp-content\/uploads\/2026\/02\/Nowy-projekt-2026-02-06T111631.556.jpg",510,587,false],"author_info":[],"comment_info":"","_links":{"self":[{"href":"https:\/\/e-systemygrzewcze.eu\/sklep\/wp-json\/wp\/v2\/product\/10500","targetHints":{"allow":["GET"]}}],"collection":[{"href":"https:\/\/e-systemygrzewcze.eu\/sklep\/wp-json\/wp\/v2\/product"}],"about":[{"href":"https:\/\/e-systemygrzewcze.eu\/sklep\/wp-json\/wp\/v2\/types\/product"}],"wp:featuredmedia":[{"embeddable":true,"href":"https:\/\/e-systemygrzewcze.eu\/sklep\/wp-json\/wp\/v2\/media\/10503"}],"wp:attachment":[{"href":"https:\/\/e-systemygrzewcze.eu\/sklep\/wp-json\/wp\/v2\/media?parent=10500"}],"wp:term":[{"taxonomy":"product_brand","embeddable":true,"href":"https:\/\/e-systemygrzewcze.eu\/sklep\/wp-json\/wp\/v2\/product_brand?post=10500"},{"taxonomy":"product_cat","embeddable":true,"href":"https:\/\/e-systemygrzewcze.eu\/sklep\/wp-json\/wp\/v2\/product_cat?post=10500"},{"taxonomy":"product_tag","embeddable":true,"href":"https:\/\/e-systemygrzewcze.eu\/sklep\/wp-json\/wp\/v2\/product_tag?post=10500"}],"curies":[{"name":"wp","href":"https:\/\/api.w.org\/{rel}","templated":true}]}}