{"id":10495,"date":"2026-02-06T09:40:20","date_gmt":"2026-02-06T09:40:20","guid":{"rendered":"https:\/\/e-systemygrzewcze.eu\/sklep\/produkt\/salus-regulator-temperatury-tygodniowy-ert50\/"},"modified":"2026-04-09T08:31:16","modified_gmt":"2026-04-09T08:31:16","slug":"salus-regulator-temperatury-tygodniowy-ert50","status":"publish","type":"product","link":"https:\/\/e-systemygrzewcze.eu\/sklep\/produkt\/salus-regulator-temperatury-tygodniowy-ert50\/","title":{"rendered":"SALUS Regulator temperatury tygodniowy ERT50"},"content":{"rendered":"<h2 data-start=\"37\" data-end=\"109\"><strong data-start=\"43\" data-end=\"109\">SALUS ERT50 \u2013 cyfrowy regulator temperatury, tygodniowy, 230 V<\/strong><\/h2>\n<p data-start=\"135\" data-end=\"504\"><strong data-start=\"135\" data-end=\"150\">SALUS ERT50<\/strong> to nowoczesny, przewodowy <strong data-start=\"177\" data-end=\"213\">tygodniowy regulator temperatury<\/strong>, zaprojektowany z my\u015bl\u0105 o systemach ogrzewania p\u0142aszczyznowego (w szczeg\u00f3lno\u015bci pod\u0142ogowego), ale doskonale sprawdzi si\u0119 tak\u017ce w instalacjach grzewczych i ch\u0142odz\u0105cych. Dzi\u0119ki zaawansowanym algorytmom sterowania zapewnia stabiln\u0105 temperatur\u0119 w pomieszczeniu oraz realne oszcz\u0119dno\u015bci energii.<\/p>\n<p data-start=\"506\" data-end=\"789\">Urz\u0105dzenie wyposa\u017cono w inteligentny algorytm <strong data-start=\"552\" data-end=\"559\">PWM<\/strong>, kt\u00f3ry precyzyjnie dozuje czas pracy \u017ar\u00f3d\u0142a ciep\u0142a na podstawie r\u00f3\u017cnicy mi\u0119dzy temperatur\u0105 zadan\u0105 a aktualn\u0105. Dodatkowo funkcja <strong data-start=\"688\" data-end=\"694\">VP<\/strong> chroni zawory termostatyczne przed zastaniem, okresowo je uruchamiaj\u0105c poza sezonem grzewczym.<\/p>\n<p data-start=\"791\" data-end=\"1159\">Regulator oferuje <strong data-start=\"809\" data-end=\"828\">5 profili pracy<\/strong> (3 fabryczne i 2 programowalne), <strong data-start=\"862\" data-end=\"890\">trzy poziomy temperatury<\/strong> oraz tryb <strong data-start=\"901\" data-end=\"924\">przeciwzamro\u017ceniowy<\/strong>. Wbudowane funkcje <strong data-start=\"944\" data-end=\"955\">WAKACJE<\/strong>, <strong data-start=\"957\" data-end=\"994\">NSB (nocne obni\u017cenie temperatury)<\/strong> oraz <strong data-start=\"1000\" data-end=\"1022\">GRZANIE\/CH\u0141ODZENIE<\/strong> umo\u017cliwiaj\u0105 pe\u0142ne dopasowanie pracy systemu do rytmu dnia i pory roku. Dla wygody u\u017cytkownika dost\u0119pny jest tak\u017ce <strong data-start=\"1137\" data-end=\"1158\">tryb r\u0119czny (RHT)<\/strong>.<\/p>\n<p data-start=\"1161\" data-end=\"1465\">Czytelny wy\u015bwietlacz, <strong data-start=\"1183\" data-end=\"1208\">menu w j\u0119zyku polskim<\/strong> (oraz 7 innych j\u0119zykach) i licznik czasu pracy czyni\u0105 z ERT50 urz\u0105dzenie funkcjonalne, a jednocze\u015bnie bardzo intuicyjne w obs\u0142udze. Regulator mo\u017ce wsp\u00f3\u0142pracowa\u0107 z listwami steruj\u0105cymi <strong data-start=\"1393\" data-end=\"1407\">SALUS KL06<\/strong> oraz <strong data-start=\"1413\" data-end=\"1424\">KL08NSB<\/strong>, co pozwala na sterowanie wielostrefowe.<\/p>\n<hr data-start=\"1467\" data-end=\"1470\" \/>\n<h3 data-start=\"1472\" data-end=\"1501\">\u2b50 <strong data-start=\"1478\" data-end=\"1501\">Najwa\u017cniejsze cechy<\/strong><\/h3>\n<ul data-start=\"1502\" data-end=\"2007\">\n<li data-start=\"1502\" data-end=\"1537\">\n<p data-start=\"1504\" data-end=\"1537\">Programowanie <strong data-start=\"1521\" data-end=\"1535\">tygodniowe<\/strong><\/p>\n<\/li>\n<li data-start=\"1538\" data-end=\"1596\">\n<p data-start=\"1540\" data-end=\"1596\">\u00a0Algorytm <strong data-start=\"1552\" data-end=\"1559\">PWM<\/strong> \u2013 stabilna i energooszcz\u0119dna praca<\/p>\n<\/li>\n<li data-start=\"1597\" data-end=\"1652\">\n<p data-start=\"1599\" data-end=\"1652\">\u00a0Funkcja <strong data-start=\"1610\" data-end=\"1616\">VP<\/strong> \u2013 ochrona zawor\u00f3w przed zastaniem<\/p>\n<\/li>\n<li data-start=\"1653\" data-end=\"1713\">\n<p data-start=\"1655\" data-end=\"1713\"><strong data-start=\"1659\" data-end=\"1711\">3 poziomy temperatury + tryb przeciwzamro\u017ceniowy<\/strong><\/p>\n<\/li>\n<li data-start=\"1714\" data-end=\"1744\">\n<p data-start=\"1716\" data-end=\"1744\"><strong data-start=\"1719\" data-end=\"1742\">Licznik czasu pracy<\/strong><\/p>\n<\/li>\n<li data-start=\"1745\" data-end=\"1768\">\n<p data-start=\"1747\" data-end=\"1768\">\u00a0Tryb <strong data-start=\"1755\" data-end=\"1766\">WAKACJE<\/strong><\/p>\n<\/li>\n<li data-start=\"1769\" data-end=\"1821\">\n<p data-start=\"1771\" data-end=\"1821\">\u00a0Funkcja <strong data-start=\"1782\" data-end=\"1789\">NSB<\/strong> \u2013 nocne obni\u017cenie temperatury<\/p>\n<\/li>\n<li data-start=\"1822\" data-end=\"1858\">\n<p data-start=\"1824\" data-end=\"1858\">\u00a0Tryb <strong data-start=\"1832\" data-end=\"1856\">GRZANIE \/ CH\u0141ODZENIE<\/strong><\/p>\n<\/li>\n<li data-start=\"1859\" data-end=\"1884\">\n<p data-start=\"1861\" data-end=\"1884\">\u00a0Tryb r\u0119czny <strong data-start=\"1875\" data-end=\"1882\">RHT<\/strong><\/p>\n<\/li>\n<li data-start=\"1885\" data-end=\"1916\">\n<p data-start=\"1887\" data-end=\"1916\">\u00a0Regulowana <strong data-start=\"1901\" data-end=\"1914\">histereza<\/strong><\/p>\n<\/li>\n<li data-start=\"1917\" data-end=\"1963\">\n<p data-start=\"1919\" data-end=\"1963\">\u00a0Wsp\u00f3\u0142praca z listwami <strong data-start=\"1944\" data-end=\"1961\">KL06, KL08NSB<\/strong><\/p>\n<\/li>\n<li data-start=\"1964\" data-end=\"2007\">\n<p data-start=\"1966\" data-end=\"2007\">\u00a0Menu w <strong data-start=\"1976\" data-end=\"2007\">j\u0119zyku polskim + 7 j\u0119zykach<\/strong><\/p>\n<\/li>\n<\/ul>\n<hr data-start=\"2009\" data-end=\"2012\" \/>\n<h3 data-start=\"2014\" data-end=\"2040\">\ud83d\udcca <strong data-start=\"2021\" data-end=\"2040\">Dane techniczne<\/strong><\/h3>\n<ul data-start=\"2041\" data-end=\"2332\">\n<li data-start=\"2041\" data-end=\"2075\">\n<p data-start=\"2043\" data-end=\"2075\">Zasilanie: <strong data-start=\"2054\" data-end=\"2073\">230 V AC, 50 Hz<\/strong><\/p>\n<\/li>\n<li data-start=\"2076\" data-end=\"2120\">\n<p data-start=\"2078\" data-end=\"2120\">Podtrzymanie pami\u0119ci: <strong data-start=\"2100\" data-end=\"2118\">2 x baterie AA<\/strong><\/p>\n<\/li>\n<li data-start=\"2121\" data-end=\"2160\">\n<p data-start=\"2123\" data-end=\"2160\">Maksymalne obci\u0105\u017cenie: <strong data-start=\"2146\" data-end=\"2158\">10 (3) A<\/strong><\/p>\n<\/li>\n<li data-start=\"2161\" data-end=\"2195\">\n<p data-start=\"2163\" data-end=\"2195\">Sygna\u0142 wyj\u015bciowy: <strong data-start=\"2181\" data-end=\"2193\">230 V AC<\/strong><\/p>\n<\/li>\n<li data-start=\"2196\" data-end=\"2243\">\n<p data-start=\"2198\" data-end=\"2243\">Zakres regulacji temperatury: <strong data-start=\"2228\" data-end=\"2241\">10 \u2013 35\u00b0C<\/strong><\/p>\n<\/li>\n<li data-start=\"2244\" data-end=\"2269\">\n<p data-start=\"2246\" data-end=\"2269\">Dok\u0142adno\u015b\u0107: <strong data-start=\"2258\" data-end=\"2267\">0,5\u00b0C<\/strong><\/p>\n<\/li>\n<li data-start=\"2270\" data-end=\"2300\">\n<p data-start=\"2272\" data-end=\"2300\">Histereza: <strong data-start=\"2283\" data-end=\"2298\">0,5\u00b0C \/ 1\u00b0C<\/strong><\/p>\n<\/li>\n<li data-start=\"2301\" data-end=\"2332\">\n<p data-start=\"2303\" data-end=\"2332\">Wymiary: <strong data-start=\"2312\" data-end=\"2332\">80 x 130 x 30 mm<\/strong><\/p>\n<\/li>\n<\/ul>\n","protected":false},"excerpt":{"rendered":"<p data-start=\"2364\" data-end=\"2571\" data-is-last-node=\"\" data-is-only-node=\"\"><strong>SALUS ERT50\u00a0 to zaawansowany tygodniowy regulator temperatury 230 V z algorytmem PWM, trybami WAKACJE i NSB oraz funkcj\u0105 grzania i ch\u0142odzenia. Idealny do ogrzewania pod\u0142ogowego i system\u00f3w strefowych<\/strong><\/p>\n","protected":false},"featured_media":10498,"template":"","meta":{"_kad_blocks_custom_css":"","_kad_blocks_head_custom_js":"","_kad_blocks_body_custom_js":"","_kad_blocks_footer_custom_js":"","_kad_post_transparent":"default","_kad_post_title":"","_kad_post_layout":"default","_kad_post_sidebar_id":"","_kad_post_content_style":"default","_kad_post_vertical_padding":"default","_kad_post_feature":"","_kad_post_feature_position":"","_kad_post_header":false,"_kad_post_footer":false,"_kad_post_classname":""},"product_brand":[431],"product_cat":[338],"product_tag":[],"class_list":{"0":"post-10495","1":"product","2":"type-product","3":"status-publish","4":"has-post-thumbnail","6":"product_brand-salus","7":"product_cat-sterowniki-pokojowe","8":"product_shipping_class-drobnica","10":"first","11":"instock","12":"taxable","13":"shipping-taxable","14":"purchasable","15":"product-type-simple","16":"entry","17":"content-bg","18":"loop-entry"},"taxonomy_info":{"product_brand":[{"value":431,"label":"SALUS"}],"product_cat":[{"value":338,"label":"Sterowniki pokojowe"}]},"featured_image_src_large":["https:\/\/e-systemygrzewcze.eu\/sklep\/wp-content\/uploads\/2026\/02\/Nowy-projekt-2026-02-06T104436.882.jpg",510,587,false],"author_info":[],"comment_info":"","_links":{"self":[{"href":"https:\/\/e-systemygrzewcze.eu\/sklep\/wp-json\/wp\/v2\/product\/10495","targetHints":{"allow":["GET"]}}],"collection":[{"href":"https:\/\/e-systemygrzewcze.eu\/sklep\/wp-json\/wp\/v2\/product"}],"about":[{"href":"https:\/\/e-systemygrzewcze.eu\/sklep\/wp-json\/wp\/v2\/types\/product"}],"wp:featuredmedia":[{"embeddable":true,"href":"https:\/\/e-systemygrzewcze.eu\/sklep\/wp-json\/wp\/v2\/media\/10498"}],"wp:attachment":[{"href":"https:\/\/e-systemygrzewcze.eu\/sklep\/wp-json\/wp\/v2\/media?parent=10495"}],"wp:term":[{"taxonomy":"product_brand","embeddable":true,"href":"https:\/\/e-systemygrzewcze.eu\/sklep\/wp-json\/wp\/v2\/product_brand?post=10495"},{"taxonomy":"product_cat","embeddable":true,"href":"https:\/\/e-systemygrzewcze.eu\/sklep\/wp-json\/wp\/v2\/product_cat?post=10495"},{"taxonomy":"product_tag","embeddable":true,"href":"https:\/\/e-systemygrzewcze.eu\/sklep\/wp-json\/wp\/v2\/product_tag?post=10495"}],"curies":[{"name":"wp","href":"https:\/\/api.w.org\/{rel}","templated":true}]}}