{"id":10485,"date":"2026-02-05T14:00:25","date_gmt":"2026-02-05T14:00:25","guid":{"rendered":"https:\/\/e-systemygrzewcze.eu\/sklep\/produkt\/salus-regulator-dobowy-przewodowy-vs35b\/"},"modified":"2026-04-09T08:31:35","modified_gmt":"2026-04-09T08:31:35","slug":"salus-regulator-dobowy-przewodowy-vs35b","status":"publish","type":"product","link":"https:\/\/e-systemygrzewcze.eu\/sklep\/produkt\/salus-regulator-dobowy-przewodowy-vs35b\/","title":{"rendered":"SALUS Regulator dobowy przewodowy VS35B"},"content":{"rendered":"<h2 data-start=\"18\" data-end=\"82\"><strong data-start=\"24\" data-end=\"82\">SALUS VS35B \u2013 przewodowy regulator dobowy (podtynkowy)<\/strong><\/h2>\n<p data-start=\"108\" data-end=\"329\"><strong data-start=\"108\" data-end=\"123\">SALUS VS35B<\/strong> to podtynkowy, cyfrowy regulator temperatury przeznaczony do sterowania systemami ogrzewania i ch\u0142odzenia p\u0142aszczyznowego, takimi jak <strong data-start=\"258\" data-end=\"282\">ogrzewanie pod\u0142ogowe<\/strong>, kt\u00f3re cechuj\u0105 si\u0119 du\u017c\u0105 bezw\u0142adno\u015bci\u0105 ciepln\u0105.<\/p>\n<p data-start=\"331\" data-end=\"653\">Regulator wsp\u00f3\u0142pracuje z <strong data-start=\"356\" data-end=\"387\">przewodow\u0105 listw\u0105 steruj\u0105c\u0105<\/strong> i nie posiada w\u0142asnych harmonogram\u00f3w czasowych. Zmiana temperatury odbywa si\u0119 automatycznie po otrzymaniu sygna\u0142u <strong data-start=\"502\" data-end=\"509\">NSB<\/strong> z regulatora tygodniowego (np. VS30) lub zegara zewn\u0119trznego \u2013 wtedy nast\u0119puje prze\u0142\u0105czenie pomi\u0119dzy trybem <strong data-start=\"618\" data-end=\"633\">komfortowym<\/strong> i <strong data-start=\"636\" data-end=\"652\">ekonomicznym<\/strong>.<\/p>\n<p data-start=\"655\" data-end=\"1025\">Urz\u0105dzenie wykorzystuje <strong data-start=\"679\" data-end=\"720\">algorytm PWM (Pulse-Width Modulation)<\/strong>, kt\u00f3ry zapewnia znacznie wi\u0119ksz\u0105 stabilno\u015b\u0107 i dok\u0142adno\u015b\u0107 regulacji ni\u017c klasyczna histereza. Sterownik oblicza czas za\u0142\u0105czenia ogrzewania w zale\u017cno\u015bci od r\u00f3\u017cnicy pomi\u0119dzy temperatur\u0105 zadan\u0105 a rzeczywist\u0105, dzi\u0119ki czemu idealnie sprawdza si\u0119 w instalacjach o wolnej reakcji, takich jak ogrzewanie pod\u0142ogowe.<\/p>\n<p data-start=\"1027\" data-end=\"1232\">Regulator jest <strong data-start=\"1042\" data-end=\"1084\">kompatybilny z innymi urz\u0105dzeniami PWM<\/strong>, m.in.: VS30, HTR, HTRP, HTRS, BTRP, BTR, RT10. Jego nowoczesny wygl\u0105d i monta\u017c podtynkowy sprawiaj\u0105, \u017ce doskonale komponuje si\u0119 z ka\u017cdym wn\u0119trzem.<\/p>\n<hr data-start=\"1234\" data-end=\"1237\" \/>\n<h3 data-start=\"1239\" data-end=\"1271\">\u2699\ufe0f <strong data-start=\"1246\" data-end=\"1271\">Najwa\u017cniejsze funkcje<\/strong><\/h3>\n<ul data-start=\"1272\" data-end=\"1558\">\n<li data-start=\"1272\" data-end=\"1329\">\n<p data-start=\"1274\" data-end=\"1329\"><strong data-start=\"1277\" data-end=\"1293\">Algorytm PWM<\/strong> \u2013 stabilna i precyzyjna regulacja<\/p>\n<\/li>\n<li data-start=\"1330\" data-end=\"1396\">\n<p data-start=\"1332\" data-end=\"1396\"><strong data-start=\"1335\" data-end=\"1350\">Funkcja NSB<\/strong> \u2013 automatyczne obni\u017cenie temperatury nocnej<\/p>\n<\/li>\n<li data-start=\"1397\" data-end=\"1433\">\n<p data-start=\"1399\" data-end=\"1433\"><strong data-start=\"1402\" data-end=\"1431\">Praca z listw\u0105 przewodow\u0105<\/strong><\/p>\n<\/li>\n<li data-start=\"1434\" data-end=\"1477\">\n<p data-start=\"1436\" data-end=\"1477\">\u00a0Wsp\u00f3\u0142praca z innymi regulatorami PWM<\/p>\n<\/li>\n<li data-start=\"1478\" data-end=\"1514\">\n<p data-start=\"1480\" data-end=\"1514\">\u00a0Dok\u0142adno\u015b\u0107 pomiaru: <strong data-start=\"1503\" data-end=\"1512\">0,5\u00b0C<\/strong><\/p>\n<\/li>\n<li data-start=\"1515\" data-end=\"1558\">\n<p data-start=\"1517\" data-end=\"1558\">\u00a0Monta\u017c podtynkowy \u2013 do puszki \u00d860 mm<\/p>\n<\/li>\n<\/ul>\n<hr data-start=\"1560\" data-end=\"1563\" \/>\n<h3 data-start=\"1565\" data-end=\"1591\">\ud83d\udcca <strong data-start=\"1572\" data-end=\"1591\">Dane techniczne<\/strong><\/h3>\n<ul data-start=\"1592\" data-end=\"1828\">\n<li data-start=\"1592\" data-end=\"1632\">\n<p data-start=\"1594\" data-end=\"1632\">Typ: przewodowy, podtynkowy, cyfrowy<\/p>\n<\/li>\n<li data-start=\"1633\" data-end=\"1654\">\n<p data-start=\"1635\" data-end=\"1654\">Algorytm: <strong data-start=\"1645\" data-end=\"1652\">PWM<\/strong><\/p>\n<\/li>\n<li data-start=\"1655\" data-end=\"1679\">\n<p data-start=\"1657\" data-end=\"1679\">Funkcja NSB: <strong data-start=\"1670\" data-end=\"1677\">tak<\/strong><\/p>\n<\/li>\n<li data-start=\"1680\" data-end=\"1742\">\n<p data-start=\"1682\" data-end=\"1742\">Zakres zastosowania: ogrzewanie \/ ch\u0142odzenie p\u0142aszczyznowe<\/p>\n<\/li>\n<li data-start=\"1743\" data-end=\"1769\">\n<p data-start=\"1745\" data-end=\"1769\">Dok\u0142adno\u015b\u0107: <strong data-start=\"1757\" data-end=\"1767\">\u00b10,5\u00b0C<\/strong><\/p>\n<\/li>\n<li data-start=\"1770\" data-end=\"1802\">\n<p data-start=\"1772\" data-end=\"1802\">Wymiary: <strong data-start=\"1781\" data-end=\"1800\">86 x 86 x 42 mm<\/strong><\/p>\n<\/li>\n<li data-start=\"1803\" data-end=\"1828\">\n<p data-start=\"1805\" data-end=\"1828\">Monta\u017c: puszka \u00d860 mm<\/p>\n<\/li>\n<\/ul>\n","protected":false},"excerpt":{"rendered":"<p><strong>SALUS VS35B\u00a0 to precyzyjny, podtynkowy regulator do ogrzewania pod\u0142ogowego, kt\u00f3ry dzi\u0119ki algorytmowi PWM i funkcji NSB zapewnia stabiln\u0105 temperatur\u0119 oraz energooszcz\u0119dn\u0105 prac\u0119 systemu.<\/strong><\/p>\n","protected":false},"featured_media":10486,"template":"","meta":{"_kad_blocks_custom_css":"","_kad_blocks_head_custom_js":"","_kad_blocks_body_custom_js":"","_kad_blocks_footer_custom_js":"","_kad_post_transparent":"default","_kad_post_title":"","_kad_post_layout":"default","_kad_post_sidebar_id":"","_kad_post_content_style":"default","_kad_post_vertical_padding":"default","_kad_post_feature":"","_kad_post_feature_position":"","_kad_post_header":false,"_kad_post_footer":false,"_kad_post_classname":""},"product_brand":[431],"product_cat":[338],"product_tag":[],"class_list":{"0":"post-10485","1":"product","2":"type-product","3":"status-publish","4":"has-post-thumbnail","6":"product_brand-salus","7":"product_cat-sterowniki-pokojowe","8":"product_shipping_class-drobnica","10":"first","11":"instock","12":"taxable","13":"shipping-taxable","14":"purchasable","15":"product-type-simple","16":"entry","17":"content-bg","18":"loop-entry"},"taxonomy_info":{"product_brand":[{"value":431,"label":"SALUS"}],"product_cat":[{"value":338,"label":"Sterowniki pokojowe"}]},"featured_image_src_large":["https:\/\/e-systemygrzewcze.eu\/sklep\/wp-content\/uploads\/2026\/02\/Nowy-projekt-2026-02-05T145410.678.jpg",510,587,false],"author_info":[],"comment_info":"","_links":{"self":[{"href":"https:\/\/e-systemygrzewcze.eu\/sklep\/wp-json\/wp\/v2\/product\/10485","targetHints":{"allow":["GET"]}}],"collection":[{"href":"https:\/\/e-systemygrzewcze.eu\/sklep\/wp-json\/wp\/v2\/product"}],"about":[{"href":"https:\/\/e-systemygrzewcze.eu\/sklep\/wp-json\/wp\/v2\/types\/product"}],"wp:featuredmedia":[{"embeddable":true,"href":"https:\/\/e-systemygrzewcze.eu\/sklep\/wp-json\/wp\/v2\/media\/10486"}],"wp:attachment":[{"href":"https:\/\/e-systemygrzewcze.eu\/sklep\/wp-json\/wp\/v2\/media?parent=10485"}],"wp:term":[{"taxonomy":"product_brand","embeddable":true,"href":"https:\/\/e-systemygrzewcze.eu\/sklep\/wp-json\/wp\/v2\/product_brand?post=10485"},{"taxonomy":"product_cat","embeddable":true,"href":"https:\/\/e-systemygrzewcze.eu\/sklep\/wp-json\/wp\/v2\/product_cat?post=10485"},{"taxonomy":"product_tag","embeddable":true,"href":"https:\/\/e-systemygrzewcze.eu\/sklep\/wp-json\/wp\/v2\/product_tag?post=10485"}],"curies":[{"name":"wp","href":"https:\/\/api.w.org\/{rel}","templated":true}]}}