{"id":10423,"date":"2026-02-04T11:32:51","date_gmt":"2026-02-04T11:32:51","guid":{"rendered":"https:\/\/e-systemygrzewcze.eu\/sklep\/produkt\/goshe-grupa-pompowa-do-rozdzielacza-z-pompa-elektroniczna-goshe-gft-xtreme-kvs-25-m3-h-zawor\/"},"modified":"2026-04-09T08:35:57","modified_gmt":"2026-04-09T08:35:57","slug":"goshe-grupa-pompowa-do-rozdzielacza-z-pompa-elektroniczna-goshe-gft-xtreme-kvs-25-m3-h-zawor","status":"publish","type":"product","link":"https:\/\/e-systemygrzewcze.eu\/sklep\/produkt\/goshe-grupa-pompowa-do-rozdzielacza-z-pompa-elektroniczna-goshe-gft-xtreme-kvs-25-m3-h-zawor\/","title":{"rendered":"GOSHE Grupa pompowa do rozdzielacza z pomp\u0105 elektroniczn\u0105 Goshe GFT Xtreme Kvs 2,5 m3\/h+ zaw\u00f3r"},"content":{"rendered":"<h3 data-start=\"50\" data-end=\"114\">Grupa pompowa \/ modu\u0142 mieszaj\u0105cy Goshe GFT Xtreme KVS 2,5<\/h3>\n<p data-start=\"116\" data-end=\"325\">Nowoczesny zestaw do <strong data-start=\"137\" data-end=\"163\">ogrzewania pod\u0142ogowego<\/strong> , kt\u00f3ry odpowiada za bezpieczne obni\u017cenie i stabilizacj\u0119 temperatury wody doprowadzanej do rozdzielacza. Zapewnia komfort cieplny i d\u0142ug\u0105 \u017cywotno\u015b\u0107 instalacji.<\/p>\n<h4 data-start=\"327\" data-end=\"354\">\u2b50 Najwa\u017cniejsze zalety<\/h4>\n<ul data-start=\"355\" data-end=\"805\">\n<li data-start=\"355\" data-end=\"427\">\n<p data-start=\"357\" data-end=\"427\"><strong data-start=\"357\" data-end=\"394\">Zaw\u00f3r termostatyczny KVS 2,5 m\u00b3\/h<\/strong> \u2013 precyzyjne mieszanie wody \ud83d\udd04<\/p>\n<\/li>\n<li data-start=\"428\" data-end=\"521\">\n<p data-start=\"430\" data-end=\"521\"><strong data-start=\"430\" data-end=\"470\">Pompa elektroniczna Goshe GFT Xtreme<\/strong> \u2013 cicha i energooszcz\u0119dna \u26a1 (2 tryby: 4 m \/ 6 m)<\/p>\n<\/li>\n<li data-start=\"522\" data-end=\"601\">\n<p data-start=\"524\" data-end=\"601\"><strong data-start=\"524\" data-end=\"555\">Sta\u0142a temperatura zasilania<\/strong> \u2013 ochrona pod\u0142og\u00f3wki przed przegrzaniem \ud83c\udf21\ufe0f<\/p>\n<\/li>\n<li data-start=\"602\" data-end=\"663\">\n<p data-start=\"604\" data-end=\"663\"><strong data-start=\"604\" data-end=\"623\">Mosi\u0119\u017cny korpus<\/strong> \u2013 trwa\u0142o\u015b\u0107 i odporno\u015b\u0107 na korozj\u0119<\/p>\n<\/li>\n<li data-start=\"664\" data-end=\"737\">\n<p data-start=\"666\" data-end=\"737\"><strong data-start=\"666\" data-end=\"705\">Wbudowany termometr i odpowietrznik<\/strong> \u2013 \u0142atwa kontrola i obs\u0142uga<\/p>\n<\/li>\n<li data-start=\"738\" data-end=\"805\">\n<p data-start=\"740\" data-end=\"805\"><strong data-start=\"740\" data-end=\"757\">Szybki monta\u017c<\/strong> \u2013 standardowe przy\u0142\u0105cza 1&#8243;, rozstaw 235 mm \ud83d\udd27<\/p>\n<\/li>\n<\/ul>\n<h4 data-start=\"807\" data-end=\"830\">\ud83d\udccb Dane techniczne<\/h4>\n<ul data-start=\"831\" data-end=\"1003\">\n<li data-start=\"831\" data-end=\"848\">\n<p data-start=\"833\" data-end=\"848\">KVS: 2,5 m\u00b3\/h<\/p>\n<\/li>\n<li data-start=\"849\" data-end=\"876\">\n<p data-start=\"851\" data-end=\"876\">Maks. temperatura: 90\u00b0C<\/p>\n<\/li>\n<li data-start=\"877\" data-end=\"903\">\n<p data-start=\"879\" data-end=\"903\">Maks. ci\u015bnienie: 5 bar<\/p>\n<\/li>\n<li data-start=\"904\" data-end=\"943\">\n<p data-start=\"906\" data-end=\"943\">Pompa: Goshe GFT Xtreme (4 m \/ 6 m)<\/p>\n<\/li>\n<li data-start=\"944\" data-end=\"961\">\n<p data-start=\"946\" data-end=\"961\">Przy\u0142\u0105cza: 1&#8243;<\/p>\n<\/li>\n<li data-start=\"962\" data-end=\"981\">\n<p data-start=\"964\" data-end=\"981\">Rozstaw: 235 mm<\/p>\n<\/li>\n<li data-start=\"982\" data-end=\"1003\">\n<p data-start=\"984\" data-end=\"1003\">Materia\u0142: mosi\u0105dz<\/p>\n<\/li>\n<\/ul>\n<h4 data-start=\"1005\" data-end=\"1025\">\u00a0Zastosowanie<\/h4>\n<ul data-start=\"1026\" data-end=\"1121\">\n<li data-start=\"1026\" data-end=\"1075\">\n<p data-start=\"1028\" data-end=\"1075\">ogrzewanie pod\u0142ogowe w domach jednorodzinnych<\/p>\n<\/li>\n<li data-start=\"1076\" data-end=\"1121\">\n<p data-start=\"1078\" data-end=\"1121\">biura, lokale us\u0142ugowe i budynki u\u017cytkowe<\/p>\n<\/li>\n<\/ul>\n","protected":false},"excerpt":{"rendered":"<p><strong>Grupa pompowa \/ modu\u0142 mieszaj\u0105cy Goshe GFT Xtreme KVS 2,5 to kompaktowe i energooszcz\u0119dne rozwi\u0105zanie do ogrzewania pod\u0142ogowego . Zaw\u00f3r termostatyczny zapewnia sta\u0142\u0105 temperatur\u0119 wody, a cicha pompa elektroniczna dba o prawid\u0142owy obieg. Mosi\u0119\u017cna konstrukcja gwarantuje trwa\u0142o\u015b\u0107, a wbudowany termometr i odpowietrznik u\u0142atwiaj\u0105 kontrol\u0119 pracy . Idealny do dom\u00f3w i budynk\u00f3w u\u017cytkowych .<\/strong><\/p>\n","protected":false},"featured_media":10427,"template":"","meta":{"_kad_blocks_custom_css":"","_kad_blocks_head_custom_js":"","_kad_blocks_body_custom_js":"","_kad_blocks_footer_custom_js":"","_kad_post_transparent":"default","_kad_post_title":"","_kad_post_layout":"default","_kad_post_sidebar_id":"","_kad_post_content_style":"default","_kad_post_vertical_padding":"default","_kad_post_feature":"","_kad_post_feature_position":"","_kad_post_header":false,"_kad_post_footer":false,"_kad_post_classname":""},"product_brand":[27],"product_cat":[317],"product_tag":[],"class_list":{"0":"post-10423","1":"product","2":"type-product","3":"status-publish","4":"has-post-thumbnail","6":"product_brand-goshe","7":"product_cat-grupy-pompowe","8":"product_shipping_class-drobnica","10":"first","11":"instock","12":"taxable","13":"shipping-taxable","14":"purchasable","15":"product-type-simple","16":"entry","17":"content-bg","18":"loop-entry"},"taxonomy_info":{"product_brand":[{"value":27,"label":"Goshe"}],"product_cat":[{"value":317,"label":"Grupy pompowe"}]},"featured_image_src_large":["https:\/\/e-systemygrzewcze.eu\/sklep\/wp-content\/uploads\/2026\/02\/Nowy-projekt-2026-02-04T122128.842.jpg",510,587,false],"author_info":[],"comment_info":"","_links":{"self":[{"href":"https:\/\/e-systemygrzewcze.eu\/sklep\/wp-json\/wp\/v2\/product\/10423","targetHints":{"allow":["GET"]}}],"collection":[{"href":"https:\/\/e-systemygrzewcze.eu\/sklep\/wp-json\/wp\/v2\/product"}],"about":[{"href":"https:\/\/e-systemygrzewcze.eu\/sklep\/wp-json\/wp\/v2\/types\/product"}],"wp:featuredmedia":[{"embeddable":true,"href":"https:\/\/e-systemygrzewcze.eu\/sklep\/wp-json\/wp\/v2\/media\/10427"}],"wp:attachment":[{"href":"https:\/\/e-systemygrzewcze.eu\/sklep\/wp-json\/wp\/v2\/media?parent=10423"}],"wp:term":[{"taxonomy":"product_brand","embeddable":true,"href":"https:\/\/e-systemygrzewcze.eu\/sklep\/wp-json\/wp\/v2\/product_brand?post=10423"},{"taxonomy":"product_cat","embeddable":true,"href":"https:\/\/e-systemygrzewcze.eu\/sklep\/wp-json\/wp\/v2\/product_cat?post=10423"},{"taxonomy":"product_tag","embeddable":true,"href":"https:\/\/e-systemygrzewcze.eu\/sklep\/wp-json\/wp\/v2\/product_tag?post=10423"}],"curies":[{"name":"wp","href":"https:\/\/api.w.org\/{rel}","templated":true}]}}