{"id":10381,"date":"2026-02-04T08:21:07","date_gmt":"2026-02-04T08:21:07","guid":{"rendered":"https:\/\/e-systemygrzewcze.eu\/sklep\/produkt\/plastbrno-odplyw-zlewozmywakowy-z-przelewem-pionowy-6-4-edv0300\/"},"modified":"2026-04-08T08:41:40","modified_gmt":"2026-04-08T08:41:40","slug":"plastbrno-odplyw-zlewozmywakowy-z-przelewem-pionowy-6-4-edv0300","status":"publish","type":"product","link":"https:\/\/e-systemygrzewcze.eu\/sklep\/produkt\/plastbrno-odplyw-zlewozmywakowy-z-przelewem-pionowy-6-4-edv0300\/","title":{"rendered":"PLASTBRNO Odp\u0142yw zlewozmywakowy z przelewem pionowy 6\/4&#8243; EDV0300"},"content":{"rendered":"<div class=\"flex max-w-full flex-col grow\">\n<div class=\"min-h-8 text-message relative flex w-full flex-col items-end gap-2 text-start break-words whitespace-normal [.text-message+&amp;]:mt-1\" dir=\"auto\" data-message-author-role=\"assistant\" data-message-id=\"6f9f5fd7-f640-4228-b7c8-ba7d6aee615a\" data-message-model-slug=\"gpt-5-mini\">\n<div class=\"flex w-full flex-col gap-1 empty:hidden first:pt-[1px]\">\n<div class=\"markdown prose dark:prose-invert w-full wrap-break-word dark markdown-new-styling\">\n<h4 data-start=\"0\" data-end=\"102\">\ud83d\udca7 <strong data-start=\"3\" data-end=\"102\">PLASTBRNO Odp\u0142yw zlewozmywakowy z przelewem pionowy 6\/4\u2033 EDV0300 \u2013 skuteczne odprowadzenie wody<\/strong><\/h4>\n<p data-start=\"104\" data-end=\"390\">Odp\u0142yw zlewozmywakowy <strong data-start=\"126\" data-end=\"147\">PLASTBRNO EDV0300<\/strong> to praktyczne i funkcjonalne rozwi\u0105zanie do nowoczesnych zlewozmywak\u00f3w wyposa\u017conych w przelew. Konstrukcja pionowa oraz standardowe przy\u0142\u0105cze <strong data-start=\"290\" data-end=\"298\">6\/4\u2033<\/strong> zapewniaj\u0105 \u0142atwy monta\u017c i efektywne odprowadzanie wody, nawet przy intensywnym u\u017cytkowaniu.<\/p>\n<p data-start=\"392\" data-end=\"641\">Produkt wykonany jest z trwa\u0142ych materia\u0142\u00f3w odpornych na wilgo\u0107 i osadzanie si\u0119 osad\u00f3w, co przek\u0142ada si\u0119 na d\u0142ugotrwa\u0142\u0105 i bezproblemow\u0105 eksploatacj\u0119. Zastosowany przelew zabezpiecza zlew przed przelaniem, zwi\u0119kszaj\u0105c komfort codziennego u\u017cytkowania.<\/p>\n<hr data-start=\"643\" data-end=\"646\" \/>\n<h3 data-start=\"648\" data-end=\"707\">\u2705 <strong data-start=\"654\" data-end=\"707\">Zalety odp\u0142ywu zlewozmywakowego PLASTBRNO EDV0300<\/strong><\/h3>\n<ul data-start=\"708\" data-end=\"954\">\n<li data-start=\"708\" data-end=\"763\">\n<p data-start=\"710\" data-end=\"763\">pionowa konstrukcja \u2013 efektywne odprowadzanie wody,<\/p>\n<\/li>\n<li data-start=\"764\" data-end=\"809\">\n<p data-start=\"766\" data-end=\"809\">przelew zabezpieczaj\u0105cy przed przelaniem,<\/p>\n<\/li>\n<li data-start=\"810\" data-end=\"886\">\n<p data-start=\"812\" data-end=\"886\">standardowe przy\u0142\u0105cze 6\/4\u2033 \u2013 kompatybilno\u015b\u0107 z wi\u0119kszo\u015bci\u0105 zlewozmywak\u00f3w,<\/p>\n<\/li>\n<li data-start=\"887\" data-end=\"928\">\n<p data-start=\"889\" data-end=\"928\">trwa\u0142e i odporne na wilgo\u0107 materia\u0142y,<\/p>\n<\/li>\n<li data-start=\"929\" data-end=\"954\">\n<p data-start=\"931\" data-end=\"954\">\u0142atwy monta\u017c i obs\u0142uga.<\/p>\n<\/li>\n<\/ul>\n<hr data-start=\"956\" data-end=\"959\" \/>\n<h3 data-start=\"961\" data-end=\"987\">\ud83c\udfed <strong data-start=\"968\" data-end=\"987\">Marka PLASTBRNO<\/strong><\/h3>\n<p data-start=\"988\" data-end=\"1219\"><strong data-start=\"988\" data-end=\"1001\">PLASTBRNO<\/strong> to producent ceniony za solidne i funkcjonalne elementy instalacji sanitarnych. Odp\u0142yw EDV0300 zosta\u0142 zaprojektowany z my\u015bl\u0105 o trwa\u0142o\u015bci oraz wygodzie monta\u017cu, zapewniaj\u0105c niezawodne dzia\u0142anie w codziennych warunkach.<\/p>\n<hr data-start=\"1221\" data-end=\"1224\" \/>\n<h3 data-start=\"1226\" data-end=\"1249\">\ud83d\udd0e <strong data-start=\"1233\" data-end=\"1249\">Podsumowanie<\/strong><\/h3>\n<p data-start=\"1250\" data-end=\"1500\" data-is-last-node=\"\" data-is-only-node=\"\">Odp\u0142yw zlewozmywakowy <strong data-start=\"1272\" data-end=\"1293\">PLASTBRNO EDV0300<\/strong> z przelewem pionowym to praktyczny i trwa\u0142y wyb\u00f3r do ka\u017cdej kuchni czy \u0142azienki. Dzi\u0119ki solidnej konstrukcji, przelewowi zabezpieczaj\u0105cemu oraz standardowemu przy\u0142\u0105czu gwarantuje wygod\u0119 i pewno\u015b\u0107 dzia\u0142ania.<\/p>\n<\/div>\n<\/div>\n<\/div>\n<\/div>\n<div class=\"z-0 flex min-h-[46px] justify-start\"><\/div>\n","protected":false},"excerpt":{"rendered":"<p><strong>Odp\u0142yw zlewozmywakowy PLASTBRNO EDV0300 z przelewem pionowym to praktyczny i trwa\u0142y wyb\u00f3r do ka\u017cdej kuchni czy \u0142azienki. Dzi\u0119ki solidnej konstrukcji, przelewowi zabezpieczaj\u0105cemu oraz standardowemu przy\u0142\u0105czu gwarantuje wygod\u0119 i pewno\u015b\u0107 dzia\u0142ania.<\/strong><\/p>\n","protected":false},"featured_media":10383,"template":"","meta":{"_kad_blocks_custom_css":"","_kad_blocks_head_custom_js":"","_kad_blocks_body_custom_js":"","_kad_blocks_footer_custom_js":"","_kad_post_transparent":"default","_kad_post_title":"","_kad_post_layout":"default","_kad_post_sidebar_id":"","_kad_post_content_style":"default","_kad_post_vertical_padding":"default","_kad_post_feature":"","_kad_post_feature_position":"","_kad_post_header":false,"_kad_post_footer":false,"_kad_post_classname":""},"product_brand":[434],"product_cat":[302],"product_tag":[],"class_list":{"0":"post-10381","1":"product","2":"type-product","3":"status-publish","4":"has-post-thumbnail","6":"product_brand-plastbrno","7":"product_cat-syfony","8":"product_shipping_class-drobnica","10":"first","11":"instock","12":"taxable","13":"shipping-taxable","14":"purchasable","15":"product-type-simple","16":"entry","17":"content-bg","18":"loop-entry"},"taxonomy_info":{"product_brand":[{"value":434,"label":"PLASTBRNO"}],"product_cat":[{"value":302,"label":"Syfony"}]},"featured_image_src_large":["https:\/\/e-systemygrzewcze.eu\/sklep\/wp-content\/uploads\/2026\/02\/Nowy-projekt-2026-02-04T092627.875.jpg",510,587,false],"author_info":[],"comment_info":"","_links":{"self":[{"href":"https:\/\/e-systemygrzewcze.eu\/sklep\/wp-json\/wp\/v2\/product\/10381","targetHints":{"allow":["GET"]}}],"collection":[{"href":"https:\/\/e-systemygrzewcze.eu\/sklep\/wp-json\/wp\/v2\/product"}],"about":[{"href":"https:\/\/e-systemygrzewcze.eu\/sklep\/wp-json\/wp\/v2\/types\/product"}],"wp:featuredmedia":[{"embeddable":true,"href":"https:\/\/e-systemygrzewcze.eu\/sklep\/wp-json\/wp\/v2\/media\/10383"}],"wp:attachment":[{"href":"https:\/\/e-systemygrzewcze.eu\/sklep\/wp-json\/wp\/v2\/media?parent=10381"}],"wp:term":[{"taxonomy":"product_brand","embeddable":true,"href":"https:\/\/e-systemygrzewcze.eu\/sklep\/wp-json\/wp\/v2\/product_brand?post=10381"},{"taxonomy":"product_cat","embeddable":true,"href":"https:\/\/e-systemygrzewcze.eu\/sklep\/wp-json\/wp\/v2\/product_cat?post=10381"},{"taxonomy":"product_tag","embeddable":true,"href":"https:\/\/e-systemygrzewcze.eu\/sklep\/wp-json\/wp\/v2\/product_tag?post=10381"}],"curies":[{"name":"wp","href":"https:\/\/api.w.org\/{rel}","templated":true}]}}