{"id":10360,"date":"2026-02-04T06:59:53","date_gmt":"2026-02-04T06:59:53","guid":{"rendered":"https:\/\/e-systemygrzewcze.eu\/sklep\/produkt\/hansa-zlacze-katowe1-2-44250000\/"},"modified":"2026-04-08T08:42:35","modified_gmt":"2026-04-08T08:42:35","slug":"hansa-zlacze-katowe1-2-44250000","status":"publish","type":"product","link":"https:\/\/e-systemygrzewcze.eu\/sklep\/produkt\/hansa-zlacze-katowe1-2-44250000\/","title":{"rendered":"HANSA Z\u0142\u0105cze k\u0105towe1\/2&#8243; (44250000)"},"content":{"rendered":"<h3 data-start=\"0\" data-end=\"46\">\ud83d\udd27 <strong data-start=\"7\" data-end=\"46\">HANSA Z\u0142\u0105cze k\u0105towe 1\/2\u2033 \u2013 44250000<\/strong><\/h3>\n<p data-start=\"48\" data-end=\"401\"><strong data-start=\"48\" data-end=\"87\">HANSA Z\u0142\u0105cze k\u0105towe 1\/2\u2033 (44250000)<\/strong> to wysokiej jako\u015bci element instalacyjny s\u0142u\u017c\u0105cy do <strong data-start=\"140\" data-end=\"207\">po\u0142\u0105czenia wody doprowadzanej z instalacji z armatur\u0105 sanitarn\u0105<\/strong>, tak\u0105 jak baterie umywalkowe, bidetowe, natryskowe czy zawory odcinaj\u0105ce. Dzi\u0119ki zastosowaniu w <strong data-start=\"304\" data-end=\"330\">uk\u0142adzie k\u0105towym (90\u00b0)<\/strong> u\u0142atwia precyzyjne i estetyczne pod\u0142\u0105czenie armatury do pionu wodnego.<\/p>\n<hr data-start=\"403\" data-end=\"406\" \/>\n<h2 data-start=\"408\" data-end=\"427\">\u2705 Cechy produktu<\/h2>\n<ul data-start=\"428\" data-end=\"813\">\n<li data-start=\"428\" data-end=\"451\">\n<p data-start=\"430\" data-end=\"451\"><strong data-start=\"430\" data-end=\"440\">Model:<\/strong> 44250000<\/p>\n<\/li>\n<li data-start=\"452\" data-end=\"483\">\n<p data-start=\"454\" data-end=\"483\"><strong data-start=\"454\" data-end=\"462\">Typ:<\/strong> z\u0142\u0105cze k\u0105towe 1\/2\u2033<\/p>\n<\/li>\n<li data-start=\"484\" data-end=\"537\">\n<p data-start=\"486\" data-end=\"537\"><strong data-start=\"486\" data-end=\"500\">Przy\u0142\u0105cze:<\/strong> 1\/2\u2033 gwint zewn\u0119trzny \/ wewn\u0119trzny<\/p>\n<\/li>\n<li data-start=\"538\" data-end=\"595\">\n<p data-start=\"540\" data-end=\"595\"><strong data-start=\"540\" data-end=\"553\">Materia\u0142:<\/strong> metal wysokiej jako\u015bci (cz\u0119sto mosi\u0105dz)<\/p>\n<\/li>\n<li data-start=\"596\" data-end=\"665\">\n<p data-start=\"598\" data-end=\"665\"><strong data-start=\"598\" data-end=\"610\">Pow\u0142oka:<\/strong> chromowana \u2013 elegancki wygl\u0105d i odporno\u015b\u0107 na korozj\u0119<\/p>\n<\/li>\n<li data-start=\"666\" data-end=\"729\">\n<p data-start=\"668\" data-end=\"729\"><strong data-start=\"668\" data-end=\"685\">Zastosowanie:<\/strong> doprowadzenie wody do armatury sanitarnej<\/p>\n<\/li>\n<li data-start=\"730\" data-end=\"813\">\n<p data-start=\"732\" data-end=\"813\"><strong data-start=\"732\" data-end=\"755\">Konstrukcja k\u0105towa:<\/strong> por\u0119czne pod\u0142\u0105czenie do baterii i zawor\u00f3w pod k\u0105tem 90\u00b0<\/p>\n<\/li>\n<\/ul>\n<hr data-start=\"815\" data-end=\"818\" \/>\n<h2 data-start=\"820\" data-end=\"838\">\u2699\ufe0f Zastosowanie<\/h2>\n<ul data-start=\"839\" data-end=\"1086\">\n<li data-start=\"839\" data-end=\"879\">\n<p data-start=\"841\" data-end=\"879\"><strong data-start=\"841\" data-end=\"877\">Pod\u0142\u0105czenie baterii umywalkowych<\/strong><\/p>\n<\/li>\n<li data-start=\"880\" data-end=\"933\">\n<p data-start=\"882\" data-end=\"933\"><strong data-start=\"882\" data-end=\"931\">Pod\u0142\u0105czenie baterii bidetowych i natryskowych<\/strong><\/p>\n<\/li>\n<li data-start=\"934\" data-end=\"979\">\n<p data-start=\"936\" data-end=\"979\">instalacje wodne w \u0142azienkach i kuchniach<\/p>\n<\/li>\n<li data-start=\"980\" data-end=\"1018\">\n<p data-start=\"982\" data-end=\"1018\">wsp\u00f3\u0142praca z zaworami odcinaj\u0105cymi<\/p>\n<\/li>\n<li data-start=\"1019\" data-end=\"1086\">\n<p data-start=\"1021\" data-end=\"1086\">monta\u017c armatury sanitarnej w \u0142azienkach domowych lub u\u017cytkowych<\/p>\n<\/li>\n<\/ul>\n<hr data-start=\"1088\" data-end=\"1091\" \/>\n<h3 data-start=\"1093\" data-end=\"1112\">\ud83d\udcdd Podsumowanie<\/h3>\n<p data-start=\"1113\" data-end=\"1424\"><strong data-start=\"1113\" data-end=\"1152\">HANSA Z\u0142\u0105cze k\u0105towe 1\/2\u2033 (44250000)<\/strong> to trwa\u0142y i funkcjonalny element instalacji wodnej, kt\u00f3ry umo\u017cliwia precyzyjne po\u0142\u0105czenie przewod\u00f3w z armatur\u0105 sanitarn\u0105 pod k\u0105tem prostym. Chromowane wyko\u0144czenie i solidna konstrukcja zapewniaj\u0105 zar\u00f3wno estetyczny wygl\u0105d, jak i d\u0142ugotrwa\u0142\u0105, bezawaryjn\u0105 prac\u0119 instalacji.<\/p>\n","protected":false},"excerpt":{"rendered":"<p><strong>HANSA Z\u0142\u0105cze k\u0105towe 1\/2\u2033 (44250000) to trwa\u0142y i funkcjonalny element instalacji wodnej, kt\u00f3ry umo\u017cliwia precyzyjne po\u0142\u0105czenie przewod\u00f3w z armatur\u0105 sanitarn\u0105 pod k\u0105tem prostym. Chromowane wyko\u0144czenie i solidna konstrukcja zapewniaj\u0105 zar\u00f3wno estetyczny wygl\u0105d, jak i d\u0142ugotrwa\u0142\u0105, bezawaryjn\u0105 prac\u0119 instalacji.<\/strong><\/p>\n","protected":false},"featured_media":10361,"template":"","meta":{"_kad_blocks_custom_css":"","_kad_blocks_head_custom_js":"","_kad_blocks_body_custom_js":"","_kad_blocks_footer_custom_js":"","_kad_post_transparent":"default","_kad_post_title":"","_kad_post_layout":"default","_kad_post_sidebar_id":"","_kad_post_content_style":"default","_kad_post_vertical_padding":"default","_kad_post_feature":"","_kad_post_feature_position":"","_kad_post_header":false,"_kad_post_footer":false,"_kad_post_classname":""},"product_brand":[449],"product_cat":[303],"product_tag":[],"class_list":{"0":"post-10360","1":"product","2":"type-product","3":"status-publish","4":"has-post-thumbnail","6":"product_brand-hansa","7":"product_cat-czesci-zamienne-stelazy","8":"product_shipping_class-drobnica","10":"first","11":"instock","12":"taxable","13":"shipping-taxable","14":"purchasable","15":"product-type-simple","16":"entry","17":"content-bg","18":"loop-entry"},"taxonomy_info":{"product_brand":[{"value":449,"label":"Hansa"}],"product_cat":[{"value":303,"label":"Cz\u0119\u015bci zamienne stela\u017cy podtynkowych"}]},"featured_image_src_large":["https:\/\/e-systemygrzewcze.eu\/sklep\/wp-content\/uploads\/2026\/02\/Nowy-projekt-2026-02-04T075903.127.jpg",510,587,false],"author_info":[],"comment_info":"","_links":{"self":[{"href":"https:\/\/e-systemygrzewcze.eu\/sklep\/wp-json\/wp\/v2\/product\/10360","targetHints":{"allow":["GET"]}}],"collection":[{"href":"https:\/\/e-systemygrzewcze.eu\/sklep\/wp-json\/wp\/v2\/product"}],"about":[{"href":"https:\/\/e-systemygrzewcze.eu\/sklep\/wp-json\/wp\/v2\/types\/product"}],"wp:featuredmedia":[{"embeddable":true,"href":"https:\/\/e-systemygrzewcze.eu\/sklep\/wp-json\/wp\/v2\/media\/10361"}],"wp:attachment":[{"href":"https:\/\/e-systemygrzewcze.eu\/sklep\/wp-json\/wp\/v2\/media?parent=10360"}],"wp:term":[{"taxonomy":"product_brand","embeddable":true,"href":"https:\/\/e-systemygrzewcze.eu\/sklep\/wp-json\/wp\/v2\/product_brand?post=10360"},{"taxonomy":"product_cat","embeddable":true,"href":"https:\/\/e-systemygrzewcze.eu\/sklep\/wp-json\/wp\/v2\/product_cat?post=10360"},{"taxonomy":"product_tag","embeddable":true,"href":"https:\/\/e-systemygrzewcze.eu\/sklep\/wp-json\/wp\/v2\/product_tag?post=10360"}],"curies":[{"name":"wp","href":"https:\/\/api.w.org\/{rel}","templated":true}]}}