{"id":10359,"date":"2026-02-04T06:59:37","date_gmt":"2026-02-04T06:59:37","guid":{"rendered":"https:\/\/e-systemygrzewcze.eu\/sklep\/produkt\/zawor-kulowy-motylek-1-2-gw-gz-niebieski-czerwony\/"},"modified":"2026-04-09T08:36:26","modified_gmt":"2026-04-09T08:36:26","slug":"zawor-kulowy-motylek-1-2-gw-gz-niebieski-czerwony","status":"publish","type":"product","link":"https:\/\/e-systemygrzewcze.eu\/sklep\/produkt\/zawor-kulowy-motylek-1-2-gw-gz-niebieski-czerwony\/","title":{"rendered":"Zaw\u00f3r kulowy motylek 1\/2&#8243; GW\/GZ  niebieski\/czerwony"},"content":{"rendered":"","protected":false},"excerpt":{"rendered":"<p><strong>Zaw\u00f3r kulowy motylek 1\/2\u2033 GW\/GZ z kolorow\u0105 r\u0105czk\u0105 (niebiesk\u0105\/czerwon\u0105) do szybkiego odcinania przep\u0142ywu w instalacjach wodnych i grzewczych.Kompaktowa budowa i mosi\u0119\u017cny korpus zapewniaj\u0105 trwa\u0142o\u015b\u0107 oraz odporno\u015b\u0107 na korozj\u0119, a kolorowa d\u017awignia u\u0142atwia obs\u0142ug\u0119 i identyfikacj\u0119 kierunku przep\u0142ywu.<\/strong><\/p>\n","protected":false},"featured_media":10335,"template":"","meta":{"_kad_blocks_custom_css":"","_kad_blocks_head_custom_js":"","_kad_blocks_body_custom_js":"","_kad_blocks_footer_custom_js":"","_kad_post_transparent":"default","_kad_post_title":"","_kad_post_layout":"default","_kad_post_sidebar_id":"","_kad_post_content_style":"default","_kad_post_vertical_padding":"default","_kad_post_feature":"","_kad_post_feature_position":"","_kad_post_header":false,"_kad_post_footer":false,"_kad_post_classname":""},"product_brand":[],"product_cat":[188],"product_tag":[],"class_list":{"0":"post-10359","1":"product","2":"type-product","3":"status-publish","4":"has-post-thumbnail","6":"product_cat-srubunkiem","7":"product_shipping_class-drobnica","9":"first","10":"instock","11":"taxable","12":"shipping-taxable","13":"purchasable","14":"product-type-simple","15":"entry","16":"content-bg","17":"loop-entry"},"taxonomy_info":{"product_cat":[{"value":188,"label":"Zawory ze \u015brubunkiem"}]},"featured_image_src_large":["https:\/\/e-systemygrzewcze.eu\/sklep\/wp-content\/uploads\/2026\/02\/Nowy-projekt-2026-02-03T130434.053.jpg",510,587,false],"author_info":[],"comment_info":"","_links":{"self":[{"href":"https:\/\/e-systemygrzewcze.eu\/sklep\/wp-json\/wp\/v2\/product\/10359","targetHints":{"allow":["GET"]}}],"collection":[{"href":"https:\/\/e-systemygrzewcze.eu\/sklep\/wp-json\/wp\/v2\/product"}],"about":[{"href":"https:\/\/e-systemygrzewcze.eu\/sklep\/wp-json\/wp\/v2\/types\/product"}],"wp:featuredmedia":[{"embeddable":true,"href":"https:\/\/e-systemygrzewcze.eu\/sklep\/wp-json\/wp\/v2\/media\/10335"}],"wp:attachment":[{"href":"https:\/\/e-systemygrzewcze.eu\/sklep\/wp-json\/wp\/v2\/media?parent=10359"}],"wp:term":[{"taxonomy":"product_brand","embeddable":true,"href":"https:\/\/e-systemygrzewcze.eu\/sklep\/wp-json\/wp\/v2\/product_brand?post=10359"},{"taxonomy":"product_cat","embeddable":true,"href":"https:\/\/e-systemygrzewcze.eu\/sklep\/wp-json\/wp\/v2\/product_cat?post=10359"},{"taxonomy":"product_tag","embeddable":true,"href":"https:\/\/e-systemygrzewcze.eu\/sklep\/wp-json\/wp\/v2\/product_tag?post=10359"}],"curies":[{"name":"wp","href":"https:\/\/api.w.org\/{rel}","templated":true}]}}