{"id":10344,"date":"2026-02-03T12:21:56","date_gmt":"2026-02-03T12:21:56","guid":{"rendered":"https:\/\/e-systemygrzewcze.eu\/sklep\/produkt\/jomo-uszczelka-wargowa-do-rury-spustowej-116-000000097\/"},"modified":"2026-04-08T08:42:59","modified_gmt":"2026-04-08T08:42:59","slug":"jomo-uszczelka-wargowa-do-rury-spustowej-116-000000097","status":"publish","type":"product","link":"https:\/\/e-systemygrzewcze.eu\/sklep\/produkt\/jomo-uszczelka-wargowa-do-rury-spustowej-116-000000097\/","title":{"rendered":"JOMO Uszczelka wargowa do rury spustowej (116-000000097)"},"content":{"rendered":"<h3 data-start=\"0\" data-end=\"67\">\ud83d\udec1 <strong data-start=\"7\" data-end=\"67\">JOMO Uszczelka wargowa do rury spustowej \u2013 116-000000097<\/strong><\/h3>\n<p data-start=\"69\" data-end=\"430\"><strong data-start=\"69\" data-end=\"129\">JOMO Uszczelka wargowa do rury spustowej (116-000000097)<\/strong> to <strong data-start=\"133\" data-end=\"161\">gumowa uszczelka wargowa<\/strong> stosowana w instalacjach sanitarnych do <strong data-start=\"202\" data-end=\"252\">szczelnego po\u0142\u0105czenia element\u00f3w rur spustowych<\/strong>. Jej specjalna konstrukcja <em data-start=\"280\" data-end=\"289\">wargowa<\/em> zapewnia doskona\u0142e uszczelnienie i chroni przed przeciekami oraz przedostawaniem si\u0119 nieprzyjemnych zapach\u00f3w z kanalizacji do pomieszczenia.<\/p>\n<hr data-start=\"432\" data-end=\"435\" \/>\n<h2 data-start=\"437\" data-end=\"456\">\u2705 Cechy produktu<\/h2>\n<ul data-start=\"457\" data-end=\"888\">\n<li data-start=\"457\" data-end=\"496\">\n<p data-start=\"459\" data-end=\"496\"><strong data-start=\"459\" data-end=\"480\">Numer katalogowy:<\/strong> 116-000000097<\/p>\n<\/li>\n<li data-start=\"497\" data-end=\"530\">\n<p data-start=\"499\" data-end=\"530\"><strong data-start=\"499\" data-end=\"510\">Rodzaj:<\/strong> uszczelka wargowa<\/p>\n<\/li>\n<li data-start=\"531\" data-end=\"595\">\n<p data-start=\"533\" data-end=\"595\"><strong data-start=\"533\" data-end=\"551\">Przeznaczenie:<\/strong> rur spustowych w instalacjach sanitarnych<\/p>\n<\/li>\n<li data-start=\"596\" data-end=\"670\">\n<p data-start=\"598\" data-end=\"670\"><strong data-start=\"598\" data-end=\"611\">Materia\u0142:<\/strong> elastyczna guma \u2013 odporna na wilgo\u0107 i zmiany temperatury<\/p>\n<\/li>\n<li data-start=\"671\" data-end=\"736\">\n<p data-start=\"673\" data-end=\"736\"><strong data-start=\"673\" data-end=\"685\">Funkcja:<\/strong> uszczelnianie po\u0142\u0105cze\u0144 pionowych rur odp\u0142ywowych<\/p>\n<\/li>\n<li data-start=\"737\" data-end=\"825\">\n<p data-start=\"739\" data-end=\"825\"><strong data-start=\"739\" data-end=\"756\">\u0141atwy monta\u017c:<\/strong> monta\u017c przez nasuni\u0119cie na rur\u0119 bez konieczno\u015bci stosowania klej\u00f3w<\/p>\n<\/li>\n<li data-start=\"826\" data-end=\"888\">\n<p data-start=\"828\" data-end=\"888\"><strong data-start=\"828\" data-end=\"841\">Trwa\u0142o\u015b\u0107:<\/strong> odporna na odkszta\u0142cenia i starzenie materia\u0142u<\/p>\n<\/li>\n<\/ul>\n<hr data-start=\"890\" data-end=\"893\" \/>\n<h2 data-start=\"895\" data-end=\"913\">\u2699\ufe0f Zastosowanie<\/h2>\n<ul data-start=\"914\" data-end=\"1181\">\n<li data-start=\"914\" data-end=\"970\">\n<p data-start=\"916\" data-end=\"970\"><strong data-start=\"916\" data-end=\"968\">Rura spustowa w umywalkach, brodzikach i wannach<\/strong><\/p>\n<\/li>\n<li data-start=\"971\" data-end=\"1028\">\n<p data-start=\"973\" data-end=\"1028\"><strong data-start=\"973\" data-end=\"1001\">Instalacje kanalizacyjne<\/strong> w \u0142azienkach i kuchniach<\/p>\n<\/li>\n<li data-start=\"1029\" data-end=\"1095\">\n<p data-start=\"1031\" data-end=\"1095\"><strong data-start=\"1031\" data-end=\"1059\">Po\u0142\u0105czenia rur pionowych<\/strong> w systemach odprowadzania \u015bciek\u00f3w<\/p>\n<\/li>\n<li data-start=\"1096\" data-end=\"1181\">\n<p data-start=\"1098\" data-end=\"1181\"><strong data-start=\"1098\" data-end=\"1133\">Serwis i konserwacja instalacji<\/strong> \u2013 wymiana uszczelki podczas remontu lub naprawy<\/p>\n<\/li>\n<\/ul>\n<hr data-start=\"1183\" data-end=\"1186\" \/>\n<h3 data-start=\"1188\" data-end=\"1207\">\ud83d\udcdd Podsumowanie<\/h3>\n<p data-start=\"1208\" data-end=\"1447\"><strong data-start=\"1208\" data-end=\"1266\">JOMO Uszczelka wargowa do rury spustowej 116-000000097<\/strong> to praktyczny element uszczelniaj\u0105cy po\u0142\u0105czenia rur sanitarnych. Dzi\u0119ki elastycznej konstrukcji i \u0142atwemu monta\u017cowi zapewnia szczelno\u015b\u0107 i d\u0142ugotrwa\u0142\u0105, bezawaryjn\u0105 prac\u0119 instalacji.<\/p>\n<hr data-start=\"1449\" data-end=\"1452\" \/>\n","protected":false},"excerpt":{"rendered":"<p><strong>JOMO Uszczelka wargowa do rury spustowej 116-000000097 to praktyczny element uszczelniaj\u0105cy po\u0142\u0105czenia rur sanitarnych. Dzi\u0119ki elastycznej konstrukcji i \u0142atwemu monta\u017cowi zapewnia szczelno\u015b\u0107 i d\u0142ugotrwa\u0142\u0105, bezawaryjn\u0105 prac\u0119 instalacji.<\/strong><\/p>\n","protected":false},"featured_media":10345,"template":"","meta":{"_kad_blocks_custom_css":"","_kad_blocks_head_custom_js":"","_kad_blocks_body_custom_js":"","_kad_blocks_footer_custom_js":"","_kad_post_transparent":"default","_kad_post_title":"","_kad_post_layout":"default","_kad_post_sidebar_id":"","_kad_post_content_style":"default","_kad_post_vertical_padding":"default","_kad_post_feature":"","_kad_post_feature_position":"","_kad_post_header":false,"_kad_post_footer":false,"_kad_post_classname":""},"product_brand":[432],"product_cat":[303],"product_tag":[],"class_list":{"0":"post-10344","1":"product","2":"type-product","3":"status-publish","4":"has-post-thumbnail","6":"product_brand-werit","7":"product_cat-czesci-zamienne-stelazy","8":"product_shipping_class-drobnica","10":"first","11":"instock","12":"taxable","13":"shipping-taxable","14":"purchasable","15":"product-type-simple","16":"entry","17":"content-bg","18":"loop-entry"},"taxonomy_info":{"product_brand":[{"value":432,"label":"WERIT"}],"product_cat":[{"value":303,"label":"Cz\u0119\u015bci zamienne stela\u017cy podtynkowych"}]},"featured_image_src_large":["https:\/\/e-systemygrzewcze.eu\/sklep\/wp-content\/uploads\/2026\/02\/Nowy-projekt-2026-02-03T132240.343.jpg",510,587,false],"author_info":[],"comment_info":"","_links":{"self":[{"href":"https:\/\/e-systemygrzewcze.eu\/sklep\/wp-json\/wp\/v2\/product\/10344","targetHints":{"allow":["GET"]}}],"collection":[{"href":"https:\/\/e-systemygrzewcze.eu\/sklep\/wp-json\/wp\/v2\/product"}],"about":[{"href":"https:\/\/e-systemygrzewcze.eu\/sklep\/wp-json\/wp\/v2\/types\/product"}],"wp:featuredmedia":[{"embeddable":true,"href":"https:\/\/e-systemygrzewcze.eu\/sklep\/wp-json\/wp\/v2\/media\/10345"}],"wp:attachment":[{"href":"https:\/\/e-systemygrzewcze.eu\/sklep\/wp-json\/wp\/v2\/media?parent=10344"}],"wp:term":[{"taxonomy":"product_brand","embeddable":true,"href":"https:\/\/e-systemygrzewcze.eu\/sklep\/wp-json\/wp\/v2\/product_brand?post=10344"},{"taxonomy":"product_cat","embeddable":true,"href":"https:\/\/e-systemygrzewcze.eu\/sklep\/wp-json\/wp\/v2\/product_cat?post=10344"},{"taxonomy":"product_tag","embeddable":true,"href":"https:\/\/e-systemygrzewcze.eu\/sklep\/wp-json\/wp\/v2\/product_tag?post=10344"}],"curies":[{"name":"wp","href":"https:\/\/api.w.org\/{rel}","templated":true}]}}