{"id":10306,"date":"2026-02-03T08:57:47","date_gmt":"2026-02-03T08:57:47","guid":{"rendered":"https:\/\/e-systemygrzewcze.eu\/sklep\/produkt\/naczynie-wyrownawcze-c-o-50l-otwarte\/"},"modified":"2026-04-09T08:39:12","modified_gmt":"2026-04-09T08:39:12","slug":"naczynie-wyrownawcze-c-o-50l-otwarte","status":"publish","type":"product","link":"https:\/\/e-systemygrzewcze.eu\/sklep\/produkt\/naczynie-wyrownawcze-c-o-50l-otwarte\/","title":{"rendered":"Naczynie wyr\u00f3wnawcze C.O 50L otwarte"},"content":{"rendered":"<p data-start=\"89\" data-end=\"382\">Otwarte naczynie wyr\u00f3wnawcze <strong data-start=\"118\" data-end=\"130\">C.O. 50L<\/strong> przeznaczone jest do zabezpieczania instalacji centralnego ogrzewania przed nadmiernym wzrostem ci\u015bnienia, powstaj\u0105cym na skutek rozszerzalno\u015bci cieplnej wody. Stosowane w <strong data-start=\"303\" data-end=\"325\">uk\u0142adach otwartych<\/strong>, skutecznie stabilizuje prac\u0119 ca\u0142ego systemu grzewczego.<\/p>\n<p data-start=\"384\" data-end=\"608\">Dzi\u0119ki pojemno\u015bci 50<strong data-start=\"402\" data-end=\"415\">\u00a0litr\u00f3w<\/strong> naczynie doskonale sprawdzi si\u0119 w wi\u0119kszych instalacjach, zar\u00f3wno w budynkach mieszkalnych, jak i u\u017cytkowych. Prosta, solidna konstrukcja gwarantuje d\u0142ug\u0105 \u017cywotno\u015b\u0107 oraz bezawaryjne dzia\u0142anie.<\/p>\n<p data-start=\"610\" data-end=\"762\">Produkt spe\u0142nia wymagania <strong data-start=\"636\" data-end=\"679\">Dyrektywy PED 2014\/68\/UE, art. 4 ust. 3<\/strong>, co potwierdza jego zgodno\u015b\u0107 z obowi\u0105zuj\u0105cymi przepisami i normami bezpiecze\u0144stwa.<\/p>\n<hr data-start=\"764\" data-end=\"767\" \/>\n<h3 data-start=\"769\" data-end=\"795\">\ud83d\udcca <strong data-start=\"776\" data-end=\"795\">Dane techniczne<\/strong><\/h3>\n<ul data-start=\"797\" data-end=\"1040\">\n<li data-start=\"797\" data-end=\"838\">\n<p data-start=\"799\" data-end=\"838\">Typ: <strong data-start=\"804\" data-end=\"836\">naczynie wyr\u00f3wnawcze otwarte<\/strong><\/p>\n<\/li>\n<li data-start=\"839\" data-end=\"876\">\n<p data-start=\"841\" data-end=\"876\">Zastosowanie: instalacje <strong data-start=\"866\" data-end=\"874\">C.O.<\/strong><\/p>\n<\/li>\n<li data-start=\"877\" data-end=\"905\">\n<p data-start=\"879\" data-end=\"905\">Pojemno\u015b\u0107: <strong>50 litr\u00f3w<\/strong><\/p>\n<\/li>\n<li data-start=\"906\" data-end=\"948\">\n<p data-start=\"908\" data-end=\"948\">Maksymalna temperatura pracy: <strong data-start=\"938\" data-end=\"946\">90\u00b0C<\/strong><\/p>\n<\/li>\n<li data-start=\"949\" data-end=\"995\">\n<p data-start=\"951\" data-end=\"995\">Maksymalne ci\u015bnienie robocze: <strong data-start=\"981\" data-end=\"993\">0,51 bar<\/strong><\/p>\n<\/li>\n<li data-start=\"996\" data-end=\"1040\">\n<p data-start=\"998\" data-end=\"1040\">Zgodno\u015b\u0107: <strong data-start=\"1008\" data-end=\"1040\">PED 2014\/68\/UE art. 4 ust. 3<\/strong><\/p>\n<\/li>\n<li data-start=\"996\" data-end=\"1040\">Kr\u00f3\u0107ce <strong>1\/2&#8243; i 1&#8243;<\/strong><\/li>\n<\/ul>\n","protected":false},"excerpt":{"rendered":"<p><strong>Naczynie wyr\u00f3wnawcze C.O. 50L otwarte \u2013 do du\u017cych instalacji grzewczych. Stabilizuje ci\u015bnienie, zapewnia bezpieczn\u0105 i niezawodn\u0105 prac\u0119 systemu.<\/strong><\/p>\n","protected":false},"featured_media":10307,"template":"","meta":{"_kad_blocks_custom_css":"","_kad_blocks_head_custom_js":"","_kad_blocks_body_custom_js":"","_kad_blocks_footer_custom_js":"","_kad_post_transparent":"default","_kad_post_title":"","_kad_post_layout":"default","_kad_post_sidebar_id":"","_kad_post_content_style":"default","_kad_post_vertical_padding":"default","_kad_post_feature":"","_kad_post_feature_position":"","_kad_post_header":false,"_kad_post_footer":false,"_kad_post_classname":""},"product_brand":[],"product_cat":[197],"product_tag":[],"class_list":{"0":"post-10306","1":"product","2":"type-product","3":"status-publish","4":"has-post-thumbnail","6":"product_cat-wyrownawcze-otwarte","7":"product_shipping_class-drobnica","9":"first","10":"instock","11":"taxable","12":"shipping-taxable","13":"purchasable","14":"product-type-simple","15":"entry","16":"content-bg","17":"loop-entry"},"taxonomy_info":{"product_cat":[{"value":197,"label":"Naczynia wyr\u00f3wnawcze otwarte"}]},"featured_image_src_large":["https:\/\/e-systemygrzewcze.eu\/sklep\/wp-content\/uploads\/2026\/02\/Nowy-projekt-2026-02-03T094423.920.jpg",510,587,false],"author_info":[],"comment_info":"","_links":{"self":[{"href":"https:\/\/e-systemygrzewcze.eu\/sklep\/wp-json\/wp\/v2\/product\/10306","targetHints":{"allow":["GET"]}}],"collection":[{"href":"https:\/\/e-systemygrzewcze.eu\/sklep\/wp-json\/wp\/v2\/product"}],"about":[{"href":"https:\/\/e-systemygrzewcze.eu\/sklep\/wp-json\/wp\/v2\/types\/product"}],"wp:featuredmedia":[{"embeddable":true,"href":"https:\/\/e-systemygrzewcze.eu\/sklep\/wp-json\/wp\/v2\/media\/10307"}],"wp:attachment":[{"href":"https:\/\/e-systemygrzewcze.eu\/sklep\/wp-json\/wp\/v2\/media?parent=10306"}],"wp:term":[{"taxonomy":"product_brand","embeddable":true,"href":"https:\/\/e-systemygrzewcze.eu\/sklep\/wp-json\/wp\/v2\/product_brand?post=10306"},{"taxonomy":"product_cat","embeddable":true,"href":"https:\/\/e-systemygrzewcze.eu\/sklep\/wp-json\/wp\/v2\/product_cat?post=10306"},{"taxonomy":"product_tag","embeddable":true,"href":"https:\/\/e-systemygrzewcze.eu\/sklep\/wp-json\/wp\/v2\/product_tag?post=10306"}],"curies":[{"name":"wp","href":"https:\/\/api.w.org\/{rel}","templated":true}]}}