{"id":10246,"date":"2026-02-02T10:56:32","date_gmt":"2026-02-02T10:56:32","guid":{"rendered":"https:\/\/e-systemygrzewcze.eu\/sklep\/produkt\/klarwod-wklad-liniowy-mineralizujacy-l-min\/"},"modified":"2026-04-09T08:42:50","modified_gmt":"2026-04-09T08:42:50","slug":"klarwod-wklad-liniowy-mineralizujacy-l-min","status":"publish","type":"product","link":"https:\/\/e-systemygrzewcze.eu\/sklep\/produkt\/klarwod-wklad-liniowy-mineralizujacy-l-min\/","title":{"rendered":"KLARWOD Wk\u0142ad liniowy mineralizuj\u0105cy L-min"},"content":{"rendered":"<h2 data-start=\"50\" data-end=\"104\"><strong data-start=\"56\" data-end=\"104\">KLARWOD Wk\u0142ad liniowy mineralizuj\u0105cy L-MIN\u00a0<\/strong><\/h2>\n<p data-start=\"130\" data-end=\"409\">Wk\u0142ad liniowy <strong data-start=\"144\" data-end=\"163\">KLARWOD L-MIN <\/strong>\u00a0to filtr mineralizuj\u0105cy przeznaczony do system\u00f3w <strong data-start=\"213\" data-end=\"257\">odwr\u00f3conej osmozy oraz filtr\u00f3w liniowych<\/strong> z przy\u0142\u0105czem na w\u0119\u017cyki <strong data-start=\"281\" data-end=\"289\">6 mm<\/strong>. Jego zadaniem jest <strong data-start=\"310\" data-end=\"351\">wzbogacanie wody w naturalne minera\u0142y<\/strong>, kt\u00f3re zostaj\u0105 usuni\u0119te w procesie filtracji membran\u0105 RO.<\/p>\n<p data-start=\"411\" data-end=\"627\">Filtr <strong data-start=\"417\" data-end=\"456\">nasyca wod\u0119 jonami soli mineralnych<\/strong>, poprawiaj\u0105c jej <strong data-start=\"474\" data-end=\"516\">smak, zapach oraz w\u0142a\u015bciwo\u015bci u\u017cytkowe<\/strong>. Dzi\u0119ki odpowiednio dobranemu z\u0142o\u017cu mineralnemu woda staje si\u0119 bardziej zbli\u017cona do naturalnej wody \u017ar\u00f3dlanej.<\/p>\n<p data-start=\"629\" data-end=\"833\">Wk\u0142ad zapewnia optymalny poziom minera\u0142\u00f3w, takich jak <strong data-start=\"683\" data-end=\"712\">wap\u0144, magnez, s\u00f3d i potas<\/strong>, a tak\u017ce aniony: <strong data-start=\"730\" data-end=\"771\">w\u0119glany, siarczany, chlorki i fluorki<\/strong>, co korzystnie wp\u0142ywa na jako\u015b\u0107 wody do picia oraz gotowania.<\/p>\n<p data-start=\"835\" data-end=\"1000\">Kompaktowa budowa umo\u017cliwia \u0142atwy monta\u017c w instalacjach podzlewozmywakowych i systemach RO, a szybkoz\u0142\u0105czki na w\u0119\u017cyk 6 mm gwarantuj\u0105 szczelno\u015b\u0107 i wygod\u0119 u\u017cytkowania.<\/p>\n<hr data-start=\"1002\" data-end=\"1005\" \/>\n<h3 data-start=\"1007\" data-end=\"1033\">\ud83d\udcca <strong data-start=\"1014\" data-end=\"1033\">Dane techniczne<\/strong><\/h3>\n<ul data-start=\"1035\" data-end=\"1293\">\n<li data-start=\"1035\" data-end=\"1072\">\n<p data-start=\"1037\" data-end=\"1072\">Typ: wk\u0142ad liniowy mineralizuj\u0105cy<\/p>\n<\/li>\n<li data-start=\"1073\" data-end=\"1102\">\n<p data-start=\"1075\" data-end=\"1102\">Przy\u0142\u0105cze: <strong data-start=\"1086\" data-end=\"1100\">w\u0119\u017cyk 6 mm<\/strong><\/p>\n<\/li>\n<li data-start=\"1103\" data-end=\"1130\">\n<p data-start=\"1105\" data-end=\"1130\">Wysoko\u015b\u0107: <strong data-start=\"1115\" data-end=\"1128\">ok. 25 cm<\/strong><\/p>\n<\/li>\n<li data-start=\"1131\" data-end=\"1157\">\n<p data-start=\"1133\" data-end=\"1157\">\u015arednica: <strong data-start=\"1143\" data-end=\"1155\">ok. 5 cm<\/strong><\/p>\n<\/li>\n<li data-start=\"1158\" data-end=\"1186\">\n<p data-start=\"1160\" data-end=\"1186\">\u017bywotno\u015b\u0107: <strong data-start=\"1171\" data-end=\"1184\">do 3600 L<\/strong><\/p>\n<\/li>\n<li data-start=\"1187\" data-end=\"1218\">\n<p data-start=\"1189\" data-end=\"1218\">Wydajno\u015b\u0107: <strong data-start=\"1200\" data-end=\"1216\">do 3,5 L\/min<\/strong><\/p>\n<\/li>\n<li data-start=\"1219\" data-end=\"1255\">\n<p data-start=\"1221\" data-end=\"1255\">Maks. ci\u015bnienie pracy: <strong data-start=\"1244\" data-end=\"1253\">6 bar<\/strong><\/p>\n<\/li>\n<li data-start=\"1256\" data-end=\"1293\">\n<p data-start=\"1258\" data-end=\"1293\">Maks. temperatura pracy: <strong data-start=\"1283\" data-end=\"1291\">30\u00b0C<\/strong><\/p>\n<\/li>\n<\/ul>\n<p data-start=\"1295\" data-end=\"1336\"><strong data-start=\"1295\" data-end=\"1334\">Sk\u0142ad mineralny (kationy \/ aniony):<\/strong><\/p>\n<ul data-start=\"1337\" data-end=\"1445\">\n<li data-start=\"1337\" data-end=\"1363\">\n<p data-start=\"1339\" data-end=\"1363\">Ca: 34 mg | CO\u2083: 10 mg<\/p>\n<\/li>\n<li data-start=\"1364\" data-end=\"1391\">\n<p data-start=\"1366\" data-end=\"1391\">Mg: 12 mg | SO\u2084: 0,3 mg<\/p>\n<\/li>\n<li data-start=\"1392\" data-end=\"1418\">\n<p data-start=\"1394\" data-end=\"1418\">Na: 22 mg | Cl: 0,8 mg<\/p>\n<\/li>\n<li data-start=\"1419\" data-end=\"1445\">\n<p data-start=\"1421\" data-end=\"1445\">K: 8,5 mg | F: 0,05 mg<\/p>\n<\/li>\n<\/ul>\n","protected":false},"excerpt":{"rendered":"<p><strong>Wk\u0142ad KLARWOD L-MIN Q\u00a0 wzbogaca wod\u0119 w minera\u0142y, poprawia smak i zapach\u00a0 i jest idealnym uzupe\u0142nieniem system\u00f3w RO. Szybki monta\u017c, naturalny efekt!<\/strong><\/p>\n","protected":false},"featured_media":10248,"template":"","meta":{"_kad_blocks_custom_css":"","_kad_blocks_head_custom_js":"","_kad_blocks_body_custom_js":"","_kad_blocks_footer_custom_js":"","_kad_post_transparent":"default","_kad_post_title":"","_kad_post_layout":"default","_kad_post_sidebar_id":"","_kad_post_content_style":"default","_kad_post_vertical_padding":"default","_kad_post_feature":"","_kad_post_feature_position":"","_kad_post_header":false,"_kad_post_footer":false,"_kad_post_classname":""},"product_brand":[24],"product_cat":[358],"product_tag":[],"class_list":{"0":"post-10246","1":"product","2":"type-product","3":"status-publish","4":"has-post-thumbnail","6":"product_brand-klarwod","7":"product_cat-filtry-do-wody","8":"product_shipping_class-drobnica","10":"first","11":"instock","12":"taxable","13":"shipping-taxable","14":"purchasable","15":"product-type-simple","16":"entry","17":"content-bg","18":"loop-entry"},"taxonomy_info":{"product_brand":[{"value":24,"label":"KLARWOD"}],"product_cat":[{"value":358,"label":"Filtry do wody"}]},"featured_image_src_large":["https:\/\/e-systemygrzewcze.eu\/sklep\/wp-content\/uploads\/2026\/02\/Nowy-projekt-2026-02-02T120727.081.jpg",510,587,false],"author_info":[],"comment_info":"","_links":{"self":[{"href":"https:\/\/e-systemygrzewcze.eu\/sklep\/wp-json\/wp\/v2\/product\/10246","targetHints":{"allow":["GET"]}}],"collection":[{"href":"https:\/\/e-systemygrzewcze.eu\/sklep\/wp-json\/wp\/v2\/product"}],"about":[{"href":"https:\/\/e-systemygrzewcze.eu\/sklep\/wp-json\/wp\/v2\/types\/product"}],"wp:featuredmedia":[{"embeddable":true,"href":"https:\/\/e-systemygrzewcze.eu\/sklep\/wp-json\/wp\/v2\/media\/10248"}],"wp:attachment":[{"href":"https:\/\/e-systemygrzewcze.eu\/sklep\/wp-json\/wp\/v2\/media?parent=10246"}],"wp:term":[{"taxonomy":"product_brand","embeddable":true,"href":"https:\/\/e-systemygrzewcze.eu\/sklep\/wp-json\/wp\/v2\/product_brand?post=10246"},{"taxonomy":"product_cat","embeddable":true,"href":"https:\/\/e-systemygrzewcze.eu\/sklep\/wp-json\/wp\/v2\/product_cat?post=10246"},{"taxonomy":"product_tag","embeddable":true,"href":"https:\/\/e-systemygrzewcze.eu\/sklep\/wp-json\/wp\/v2\/product_tag?post=10246"}],"curies":[{"name":"wp","href":"https:\/\/api.w.org\/{rel}","templated":true}]}}