{"id":10207,"date":"2026-01-30T09:31:54","date_gmt":"2026-01-30T09:31:54","guid":{"rendered":"https:\/\/e-systemygrzewcze.eu\/sklep\/produkt\/esbe-zawor-3-drogowy-termostatyczny-mieszajacy-1-vtc312-55c\/"},"modified":"2026-04-09T08:43:14","modified_gmt":"2026-04-09T08:43:14","slug":"esbe-zawor-3-drogowy-termostatyczny-mieszajacy-1-vtc312-55c","status":"publish","type":"product","link":"https:\/\/e-systemygrzewcze.eu\/sklep\/produkt\/esbe-zawor-3-drogowy-termostatyczny-mieszajacy-1-vtc312-55c\/","title":{"rendered":"ESBE Zaw\u00f3r 3-drogowy termostatyczny mieszaj\u0105cy 1&#8243; GZ VTC312 55\u00b0C"},"content":{"rendered":"<h2 data-start=\"71\" data-end=\"156\">ESBE Zaw\u00f3r 3-drogowy termostatyczny mieszaj\u0105cy <strong data-start=\"124\" data-end=\"145\">1&#8243; GZ VTC312 55\u00b0C<\/strong> (51001600)<\/h2>\n<p data-start=\"178\" data-end=\"583\">Tr\u00f3jdrogowy zaw\u00f3r temperaturowy <strong data-start=\"210\" data-end=\"225\">ESBE VTC312<\/strong> z serii <strong data-start=\"234\" data-end=\"244\">VTC300<\/strong> zosta\u0142 zaprojektowany do <strong data-start=\"270\" data-end=\"348\">ochrony kot\u0142\u00f3w na paliwo sta\u0142e przed zbyt nisk\u0105 temperatur\u0105 wody powrotnej<\/strong>. Utrzymywanie sta\u0142ej, podwy\u017cszonej temperatury powrotu (w tym przypadku <strong data-start=\"421\" data-end=\"429\">55\u00b0C<\/strong>) znacz\u0105co zwi\u0119ksza sprawno\u015b\u0107 kot\u0142a, ogranicza kondensacj\u0119 oraz osadzanie si\u0119 smo\u0142y i sadzy, a tym samym <strong data-start=\"534\" data-end=\"582\">wyd\u0142u\u017ca \u017cywotno\u015b\u0107 ca\u0142ej instalacji grzewczej<\/strong>.<\/p>\n<p data-start=\"585\" data-end=\"962\">Zaw\u00f3r znajduje zastosowanie w instalacjach grzewczych z kot\u0142ami na paliwo sta\u0142e o mocy do <strong data-start=\"675\" data-end=\"684\">30 kW<\/strong>, wsp\u00f3\u0142pracuj\u0105cych ze zbiornikami akumulacyjnymi. Najcz\u0119\u015bciej montowany jest <strong data-start=\"761\" data-end=\"785\">na powrocie do kot\u0142a<\/strong>, co stanowi rekomendowane rozwi\u0105zanie umo\u017cliwiaj\u0105ce prost\u0105 rozbudow\u0119 instalacji w przysz\u0142o\u015bci. Alternatywnie mo\u017ce by\u0107 instalowany na zasilaniu bufora (dla wy\u017cszych temperatur).<\/p>\n<p data-start=\"964\" data-end=\"1350\">Model <strong data-start=\"970\" data-end=\"980\">VTC312<\/strong> wyposa\u017cony jest w gwint <strong data-start=\"1005\" data-end=\"1027\">zewn\u0119trzny 1&#8243; (GZ)<\/strong>, co u\u0142atwia monta\u017c w popularnych konfiguracjach instalacyjnych. Zaw\u00f3r dzia\u0142a <strong data-start=\"1105\" data-end=\"1132\">ca\u0142kowicie bezobs\u0142ugowo<\/strong>, bez potrzeby zasilania czy regulacji elektronicznej. Dodatkow\u0105 zalet\u0105 jest mo\u017cliwo\u015b\u0107 zastosowania <strong data-start=\"1232\" data-end=\"1271\">wymiennych wk\u0142ad\u00f3w termostatycznych<\/strong>, pozwalaj\u0105cych na zmian\u0119 temperatury otwarcia w zale\u017cno\u015bci od potrzeb systemu.<\/p>\n<hr data-start=\"1352\" data-end=\"1355\" \/>\n<h3 data-start=\"1357\" data-end=\"1381\">\ud83d\udcca Dane techniczne<\/h3>\n<ul data-start=\"1383\" data-end=\"1761\">\n<li data-start=\"1383\" data-end=\"1423\">\n<p data-start=\"1385\" data-end=\"1423\">Typ: zaw\u00f3r temperaturowy tr\u00f3jdrogowy<\/p>\n<\/li>\n<li data-start=\"1424\" data-end=\"1445\">\n<p data-start=\"1426\" data-end=\"1445\">Model: <strong data-start=\"1433\" data-end=\"1443\">VTC312<\/strong><\/p>\n<\/li>\n<li data-start=\"1446\" data-end=\"1480\">\n<p data-start=\"1448\" data-end=\"1480\">Numer katalogowy: <strong data-start=\"1466\" data-end=\"1478\">51001600<\/strong><\/p>\n<\/li>\n<li data-start=\"1481\" data-end=\"1513\">\n<p data-start=\"1483\" data-end=\"1513\">\u015arednica nominalna: <strong data-start=\"1503\" data-end=\"1511\">DN20<\/strong><\/p>\n<\/li>\n<li data-start=\"1514\" data-end=\"1557\">\n<p data-start=\"1516\" data-end=\"1557\">Przy\u0142\u0105cze: <strong data-start=\"1527\" data-end=\"1555\">1&#8243; GZ (gwint zewn\u0119trzny)<\/strong><\/p>\n<\/li>\n<li data-start=\"1558\" data-end=\"1592\">\n<p data-start=\"1560\" data-end=\"1592\">Temperatura otwarcia: <strong data-start=\"1582\" data-end=\"1590\">55\u00b0C<\/strong><\/p>\n<\/li>\n<li data-start=\"1593\" data-end=\"1622\">\n<p data-start=\"1595\" data-end=\"1622\">Warto\u015b\u0107 Kvs: <strong data-start=\"1608\" data-end=\"1620\">3,2 m\u00b3\/h<\/strong><\/p>\n<\/li>\n<li data-start=\"1623\" data-end=\"1661\">\n<p data-start=\"1625\" data-end=\"1661\">Maksymalna moc kot\u0142a: <strong data-start=\"1647\" data-end=\"1659\">do 30 kW<\/strong><\/p>\n<\/li>\n<li data-start=\"1662\" data-end=\"1716\">\n<p data-start=\"1664\" data-end=\"1716\">Zastosowanie: kot\u0142y na paliwo sta\u0142e, bufory ciep\u0142a<\/p>\n<\/li>\n<li data-start=\"1717\" data-end=\"1761\">\n<p data-start=\"1719\" data-end=\"1761\">Praca: <strong data-start=\"1726\" data-end=\"1759\">bezobs\u0142ugowa (termostatyczna)<\/strong><\/p>\n<\/li>\n<\/ul>\n","protected":false},"excerpt":{"rendered":"<p><strong>Zaw\u00f3r termostatyczny ESBE VTC312 1\u201d 55\u00b0C to 3-drogowy zaw\u00f3r przeznaczony do ochrony kot\u0142\u00f3w na paliwo sta\u0142e przed zbyt nisk\u0105 temperatur\u0105 powrotu. Otwiera si\u0119 przy 55\u00b0C, zapewniaj\u0105c optymaln\u0105 prac\u0119 instalacji i wyd\u0142u\u017cenie \u017cywotno\u015bci kot\u0142a.<\/strong><\/p>\n","protected":false},"featured_media":10209,"template":"","meta":{"_kad_blocks_custom_css":"","_kad_blocks_head_custom_js":"","_kad_blocks_body_custom_js":"","_kad_blocks_footer_custom_js":"","_kad_post_transparent":"default","_kad_post_title":"","_kad_post_layout":"default","_kad_post_sidebar_id":"","_kad_post_content_style":"default","_kad_post_vertical_padding":"default","_kad_post_feature":"","_kad_post_feature_position":"","_kad_post_header":false,"_kad_post_footer":false,"_kad_post_classname":""},"product_brand":[426],"product_cat":[164],"product_tag":[],"class_list":{"0":"post-10207","1":"product","2":"type-product","3":"status-publish","4":"has-post-thumbnail","6":"product_brand-esbe","7":"product_cat-zawory-3-drogowe","8":"product_shipping_class-drobnica","10":"first","11":"instock","12":"taxable","13":"shipping-taxable","14":"purchasable","15":"product-type-simple","16":"entry","17":"content-bg","18":"loop-entry"},"taxonomy_info":{"product_brand":[{"value":426,"label":"ESBE"}],"product_cat":[{"value":164,"label":"Zawory 3-drogowe do C.O"}]},"featured_image_src_large":["https:\/\/e-systemygrzewcze.eu\/sklep\/wp-content\/uploads\/2026\/01\/Nowy-projekt-2026-01-30T103924.253.jpg",510,587,false],"author_info":[],"comment_info":"","_links":{"self":[{"href":"https:\/\/e-systemygrzewcze.eu\/sklep\/wp-json\/wp\/v2\/product\/10207","targetHints":{"allow":["GET"]}}],"collection":[{"href":"https:\/\/e-systemygrzewcze.eu\/sklep\/wp-json\/wp\/v2\/product"}],"about":[{"href":"https:\/\/e-systemygrzewcze.eu\/sklep\/wp-json\/wp\/v2\/types\/product"}],"wp:featuredmedia":[{"embeddable":true,"href":"https:\/\/e-systemygrzewcze.eu\/sklep\/wp-json\/wp\/v2\/media\/10209"}],"wp:attachment":[{"href":"https:\/\/e-systemygrzewcze.eu\/sklep\/wp-json\/wp\/v2\/media?parent=10207"}],"wp:term":[{"taxonomy":"product_brand","embeddable":true,"href":"https:\/\/e-systemygrzewcze.eu\/sklep\/wp-json\/wp\/v2\/product_brand?post=10207"},{"taxonomy":"product_cat","embeddable":true,"href":"https:\/\/e-systemygrzewcze.eu\/sklep\/wp-json\/wp\/v2\/product_cat?post=10207"},{"taxonomy":"product_tag","embeddable":true,"href":"https:\/\/e-systemygrzewcze.eu\/sklep\/wp-json\/wp\/v2\/product_tag?post=10207"}],"curies":[{"name":"wp","href":"https:\/\/api.w.org\/{rel}","templated":true}]}}