{"id":10199,"date":"2026-01-30T09:13:23","date_gmt":"2026-01-30T09:13:23","guid":{"rendered":"https:\/\/e-systemygrzewcze.eu\/sklep\/produkt\/vario-term-tulejka-maskujaca-1-2-l-50mm-biala-000m840a0250\/"},"modified":"2026-04-07T09:34:06","modified_gmt":"2026-04-07T09:34:06","slug":"vario-term-tulejka-maskujaca-1-2-l-50mm-biala-000m840a0250","status":"publish","type":"product","link":"https:\/\/e-systemygrzewcze.eu\/sklep\/produkt\/vario-term-tulejka-maskujaca-1-2-l-50mm-biala-000m840a0250\/","title":{"rendered":"VARIO TERM Tulejka maskuj\u0105ca 1\/2\u201d L-50mm bia\u0142a (000M840A0250)"},"content":{"rendered":"<h3 style=\"text-align: center;\" data-start=\"0\" data-end=\"77\">! TOWAR POWYSTAWOWY !<\/h3>\n<h3 data-start=\"0\" data-end=\"77\"><\/h3>\n<h3 data-start=\"0\" data-end=\"77\">\ud83d\udd27 <strong data-start=\"7\" data-end=\"75\">VARIO TERM Tulejka maskuj\u0105ca 1\/2\u2033 L-50 mm \u2013 bia\u0142a (000M840A0250)<\/strong><\/h3>\n<p data-start=\"79\" data-end=\"400\"><strong data-start=\"79\" data-end=\"124\">VARIO TERM Tulejka maskuj\u0105ca 1\/2\u2033 L-50 mm<\/strong> to element wyko\u0144czeniowy instalacji wodno-grzewczych, kt\u00f3ry <strong data-start=\"185\" data-end=\"247\">estetycznie zakrywa przej\u015bcie rur przez \u015bcian\u0119 lub pod\u0142og\u0119<\/strong>. Dzi\u0119ki bia\u0142emu kolorowi i kompaktowemu wymiarowi doskonale sprawdza si\u0119 w nowoczesnych aran\u017cacjach \u0142azienek, kuchni oraz innych pomieszcze\u0144 u\u017cytkowych.<\/p>\n<hr data-start=\"402\" data-end=\"405\" \/>\n<h2 data-start=\"407\" data-end=\"426\">\u2705 Cechy produktu<\/h2>\n<ul data-start=\"427\" data-end=\"824\">\n<li data-start=\"427\" data-end=\"460\">\n<p data-start=\"429\" data-end=\"460\"><strong data-start=\"429\" data-end=\"440\">Rodzaj:<\/strong> tulejka maskuj\u0105ca<\/p>\n<\/li>\n<li data-start=\"461\" data-end=\"488\">\n<p data-start=\"463\" data-end=\"488\"><strong data-start=\"463\" data-end=\"477\">Przy\u0142\u0105cze:<\/strong> <strong data-start=\"478\" data-end=\"486\">1\/2\u2033<\/strong><\/p>\n<\/li>\n<li data-start=\"489\" data-end=\"519\">\n<p data-start=\"491\" data-end=\"519\"><strong data-start=\"491\" data-end=\"507\">D\u0142ugo\u015b\u0107 (L):<\/strong> <strong data-start=\"508\" data-end=\"517\">50 mm<\/strong><\/p>\n<\/li>\n<li data-start=\"520\" data-end=\"592\">\n<p data-start=\"522\" data-end=\"592\"><strong data-start=\"522\" data-end=\"532\">Kolor:<\/strong> <strong data-start=\"533\" data-end=\"542\">bia\u0142y<\/strong> \u2013 subtelne dopasowanie do instalacji i armatury<\/p>\n<\/li>\n<li data-start=\"593\" data-end=\"672\">\n<p data-start=\"595\" data-end=\"672\"><strong data-start=\"595\" data-end=\"622\">Estetyczne wyko\u0144czenie:<\/strong> zakrywa otwory i nier\u00f3wno\u015bci przy przej\u015bciu rur<\/p>\n<\/li>\n<li data-start=\"673\" data-end=\"749\">\n<p data-start=\"675\" data-end=\"749\"><strong data-start=\"675\" data-end=\"689\">Materia\u0142y:<\/strong> trwa\u0142e tworzywo odporne na wilgo\u0107 i codzienne u\u017cytkowanie<\/p>\n<\/li>\n<li data-start=\"750\" data-end=\"824\">\n<p data-start=\"752\" data-end=\"824\"><strong data-start=\"752\" data-end=\"769\">\u0141atwy monta\u017c:<\/strong> prosty spos\u00f3b monta\u017cu bez specjalistycznych narz\u0119dzi<\/p>\n<\/li>\n<\/ul>\n<hr data-start=\"826\" data-end=\"829\" \/>\n<h2 data-start=\"831\" data-end=\"849\">\u2699\ufe0f Zastosowanie<\/h2>\n<ul data-start=\"850\" data-end=\"1068\">\n<li data-start=\"850\" data-end=\"903\">\n<p data-start=\"852\" data-end=\"903\">maskowanie przej\u015b\u0107 rur <strong data-start=\"875\" data-end=\"901\">w \u015bcianach i pod\u0142ogach<\/strong><\/p>\n<\/li>\n<li data-start=\"904\" data-end=\"954\">\n<p data-start=\"906\" data-end=\"954\">przy\u0142\u0105cza <strong data-start=\"916\" data-end=\"936\">grzewcze i wodne<\/strong> o \u015brednicy 1\/2\u2033<\/p>\n<\/li>\n<li data-start=\"955\" data-end=\"1002\">\n<p data-start=\"957\" data-end=\"1002\">\u0142azienki, kuchnie, pomieszczenia techniczne<\/p>\n<\/li>\n<li data-start=\"1003\" data-end=\"1068\">\n<p data-start=\"1005\" data-end=\"1068\">instalacje zgrzewane lub gwintowane o standardowych wymiarach<\/p>\n<\/li>\n<\/ul>\n<hr data-start=\"1070\" data-end=\"1073\" \/>\n<h3 data-start=\"1075\" data-end=\"1094\">\ud83d\udcdd Podsumowanie<\/h3>\n<p data-start=\"1095\" data-end=\"1358\"><strong data-start=\"1095\" data-end=\"1163\">VARIO TERM Tulejka maskuj\u0105ca 1\/2\u2033 L-50 mm \u2013 bia\u0142a (000M840A0250)<\/strong> to praktyczny i estetyczny element wyko\u0144czeniowy instalacji grzewczych i wodnych. Zakrywa nieestetyczne przej\u015bcia rur przez powierzchnie, poprawiaj\u0105c wygl\u0105d wn\u0119trza i u\u0142atwiaj\u0105c monta\u017c armatury.<\/p>\n","protected":false},"excerpt":{"rendered":"<p><strong>VARIO TERM Tulejka maskuj\u0105ca 1\/2\u2033 L-50 mm \u2013 bia\u0142a (000M840A0250) to praktyczny i estetyczny element wyko\u0144czeniowy instalacji grzewczych i wodnych. Zakrywa nieestetyczne przej\u015bcia rur przez powierzchnie, poprawiaj\u0105c wygl\u0105d wn\u0119trza i u\u0142atwiaj\u0105c monta\u017c armatury.<\/strong><\/p>\n","protected":false},"featured_media":10200,"template":"","meta":{"_kad_blocks_custom_css":"","_kad_blocks_head_custom_js":"","_kad_blocks_body_custom_js":"","_kad_blocks_footer_custom_js":"","_kad_post_transparent":"default","_kad_post_title":"","_kad_post_layout":"default","_kad_post_sidebar_id":"","_kad_post_content_style":"default","_kad_post_vertical_padding":"default","_kad_post_feature":"","_kad_post_feature_position":"","_kad_post_header":false,"_kad_post_footer":false,"_kad_post_classname":""},"product_brand":[415],"product_cat":[291],"product_tag":[],"class_list":{"0":"post-10199","1":"product","2":"type-product","3":"status-publish","4":"has-post-thumbnail","6":"product_brand-vario-term","7":"product_cat-wyprzedaz","8":"product_shipping_class-drobnica","10":"first","11":"instock","12":"taxable","13":"shipping-taxable","14":"purchasable","15":"product-type-simple","16":"entry","17":"content-bg","18":"loop-entry"},"taxonomy_info":{"product_brand":[{"value":415,"label":"Vario Term"}],"product_cat":[{"value":291,"label":"Wyprzeda\u017c"}]},"featured_image_src_large":["https:\/\/e-systemygrzewcze.eu\/sklep\/wp-content\/uploads\/2026\/01\/Nowy-projekt-73.jpg",510,587,false],"author_info":[],"comment_info":"","_links":{"self":[{"href":"https:\/\/e-systemygrzewcze.eu\/sklep\/wp-json\/wp\/v2\/product\/10199","targetHints":{"allow":["GET"]}}],"collection":[{"href":"https:\/\/e-systemygrzewcze.eu\/sklep\/wp-json\/wp\/v2\/product"}],"about":[{"href":"https:\/\/e-systemygrzewcze.eu\/sklep\/wp-json\/wp\/v2\/types\/product"}],"wp:featuredmedia":[{"embeddable":true,"href":"https:\/\/e-systemygrzewcze.eu\/sklep\/wp-json\/wp\/v2\/media\/10200"}],"wp:attachment":[{"href":"https:\/\/e-systemygrzewcze.eu\/sklep\/wp-json\/wp\/v2\/media?parent=10199"}],"wp:term":[{"taxonomy":"product_brand","embeddable":true,"href":"https:\/\/e-systemygrzewcze.eu\/sklep\/wp-json\/wp\/v2\/product_brand?post=10199"},{"taxonomy":"product_cat","embeddable":true,"href":"https:\/\/e-systemygrzewcze.eu\/sklep\/wp-json\/wp\/v2\/product_cat?post=10199"},{"taxonomy":"product_tag","embeddable":true,"href":"https:\/\/e-systemygrzewcze.eu\/sklep\/wp-json\/wp\/v2\/product_tag?post=10199"}],"curies":[{"name":"wp","href":"https:\/\/api.w.org\/{rel}","templated":true}]}}