{"id":10175,"date":"2026-01-29T12:06:03","date_gmt":"2026-01-29T12:06:03","guid":{"rendered":"https:\/\/e-systemygrzewcze.eu\/sklep\/produkt\/waz-antywibracyjny-1-wz-l-600mm\/"},"modified":"2026-03-30T10:23:09","modified_gmt":"2026-03-30T10:23:09","slug":"waz-antywibracyjny-1-wz-l-600mm","status":"publish","type":"product","link":"https:\/\/e-systemygrzewcze.eu\/sklep\/produkt\/waz-antywibracyjny-1-wz-l-600mm\/","title":{"rendered":"W\u0105\u017c antywibracyjny 1&#8243; WZ  L-600mm"},"content":{"rendered":"<h2 data-start=\"101\" data-end=\"142\">W\u0105\u017c antywibracyjny 1&#8243; WZ L\u2013600 mm<\/h2>\n<p data-start=\"164\" data-end=\"464\">W\u0105\u017c antywibracyjny 1&#8243; o d\u0142ugo\u015bci 6<strong data-start=\"197\" data-end=\"207\">00 mm<\/strong> to elastyczne po\u0142\u0105czenie przeznaczone do \u0142\u0105czenia <strong data-start=\"258\" data-end=\"336\">pomp, zbiornik\u00f3w hydroforowych oraz urz\u0105dze\u0144 grzewczych i klimatyzacyjnych<\/strong> w systemach niskoci\u015bnieniowych. Jego g\u0142\u00f3wnym zadaniem jest <strong data-start=\"396\" data-end=\"427\">t\u0142umienie drga\u0144 oraz ha\u0142asu<\/strong>, kt\u00f3re powstaj\u0105 podczas pracy pompy.<\/p>\n<p data-start=\"466\" data-end=\"731\">Zastosowanie mi\u0119kkiego po\u0142\u0105czenia skutecznie ogranicza przenoszenie wibracji na rury i elementy instalacji, co chroni ca\u0142y system przed <strong data-start=\"602\" data-end=\"652\">rozszczelnieniem i uszkodzeniami mechanicznymi<\/strong>. Dzi\u0119ki temu instalacja pracuje ciszej i znacznie d\u0142u\u017cej zachowuje szczelno\u015b\u0107.<\/p>\n<p data-start=\"733\" data-end=\"1017\">W\u0105\u017c wykonany jest z <strong data-start=\"753\" data-end=\"772\">naturalnej gumy<\/strong>, wzmocnionej <strong data-start=\"786\" data-end=\"821\">galwanizowan\u0105 stalow\u0105 plecionk\u0105<\/strong>, co zapewnia wysok\u0105 odporno\u015b\u0107 na ci\u015bnienie, temperatur\u0119 oraz zu\u017cycie. Konstrukcja zosta\u0142a zako\u0144czona <strong data-start=\"923\" data-end=\"956\">z jednej strony p\u00f3\u0142\u015brubunkiem<\/strong>, a z drugiej <strong data-start=\"970\" data-end=\"980\">nyplem<\/strong>, co umo\u017cliwia szybki i pewny monta\u017c.<\/p>\n<hr data-start=\"1019\" data-end=\"1022\" \/>\n<h3 data-start=\"1024\" data-end=\"1048\">\ud83d\udcca Dane techniczne<\/h3>\n<ul data-start=\"1050\" data-end=\"1425\">\n<li data-start=\"1050\" data-end=\"1089\">\n<p data-start=\"1052\" data-end=\"1089\">Typ: w\u0105\u017c antywibracyjny ci\u015bnieniowy<\/p>\n<\/li>\n<li data-start=\"1090\" data-end=\"1110\">\n<p data-start=\"1092\" data-end=\"1110\">Przy\u0142\u0105cze: 1&#8243; WZ<\/p>\n<\/li>\n<li data-start=\"1111\" data-end=\"1130\">\n<p data-start=\"1113\" data-end=\"1130\">D\u0142ugo\u015b\u0107: 600 mm<\/p>\n<\/li>\n<li data-start=\"1131\" data-end=\"1170\">\n<p data-start=\"1133\" data-end=\"1170\">Materia\u0142 wewn\u0119trzny: guma naturalna<\/p>\n<\/li>\n<li data-start=\"1171\" data-end=\"1200\">\n<p data-start=\"1173\" data-end=\"1200\">Oplot: stal galwanizowana<\/p>\n<\/li>\n<li data-start=\"1201\" data-end=\"1269\">\n<p data-start=\"1203\" data-end=\"1217\">Zako\u0144czenia:<\/p>\n<ul data-start=\"1220\" data-end=\"1269\">\n<li data-start=\"1220\" data-end=\"1246\">\n<p data-start=\"1222\" data-end=\"1246\">1 strona \u2013 p\u00f3\u0142\u015brubunek<\/p>\n<\/li>\n<li data-start=\"1249\" data-end=\"1269\">\n<p data-start=\"1251\" data-end=\"1269\">2 strona \u2013 nypel<\/p>\n<\/li>\n<\/ul>\n<\/li>\n<li data-start=\"1270\" data-end=\"1425\">\n<p data-start=\"1272\" data-end=\"1287\">Zastosowanie:<\/p>\n<ul data-start=\"1290\" data-end=\"1425\">\n<li data-start=\"1290\" data-end=\"1313\">\n<p data-start=\"1292\" data-end=\"1313\">zestawy hydroforowe<\/p>\n<\/li>\n<li data-start=\"1316\" data-end=\"1325\">\n<p data-start=\"1318\" data-end=\"1325\">pompy<\/p>\n<\/li>\n<li data-start=\"1328\" data-end=\"1351\">\n<p data-start=\"1330\" data-end=\"1351\">instalacje grzewcze<\/p>\n<\/li>\n<li data-start=\"1354\" data-end=\"1380\">\n<p data-start=\"1356\" data-end=\"1380\">systemy klimatyzacyjne<\/p>\n<\/li>\n<li data-start=\"1383\" data-end=\"1425\">\n<p data-start=\"1385\" data-end=\"1425\">dystrybucja wody pod niskim ci\u015bnieniem<\/p>\n<\/li>\n<\/ul>\n<\/li>\n<\/ul>\n","protected":false},"excerpt":{"rendered":"<p><strong>Elastyczny w\u0105\u017c antywibracyjny 1&#8243; \/ 600 mm\u00a0 skutecznie t\u0142umi drgania i ha\u0142as pomp, chroni\u0105c instalacj\u0119 przed uszkodzeniem. Trwa\u0142y oplot stalowy i gumowy rdze\u0144 zapewniaj\u0105 cich\u0105, bezpieczn\u0105 prac\u0119 ca\u0142ego systemu<\/strong><\/p>\n","protected":false},"featured_media":10174,"template":"","meta":{"_kad_blocks_custom_css":"","_kad_blocks_head_custom_js":"","_kad_blocks_body_custom_js":"","_kad_blocks_footer_custom_js":"","_kad_post_transparent":"default","_kad_post_title":"","_kad_post_layout":"default","_kad_post_sidebar_id":"","_kad_post_content_style":"default","_kad_post_vertical_padding":"default","_kad_post_feature":"","_kad_post_feature_position":"","_kad_post_header":false,"_kad_post_footer":false,"_kad_post_classname":""},"product_brand":[],"product_cat":[337],"product_tag":[],"class_list":{"0":"post-10175","1":"product","2":"type-product","3":"status-publish","4":"has-post-thumbnail","6":"product_cat-wezyki-w-oplocie","7":"product_shipping_class-drobnica","9":"first","10":"instock","11":"taxable","12":"shipping-taxable","13":"purchasable","14":"product-type-simple","15":"entry","16":"content-bg","17":"loop-entry"},"taxonomy_info":{"product_cat":[{"value":337,"label":"W\u0119\u017cyki w oplocie"}]},"featured_image_src_large":["https:\/\/e-systemygrzewcze.eu\/sklep\/wp-content\/uploads\/2026\/01\/Nowy-projekt-2026-01-29T125945.537.jpg",510,587,false],"author_info":[],"comment_info":"","_links":{"self":[{"href":"https:\/\/e-systemygrzewcze.eu\/sklep\/wp-json\/wp\/v2\/product\/10175","targetHints":{"allow":["GET"]}}],"collection":[{"href":"https:\/\/e-systemygrzewcze.eu\/sklep\/wp-json\/wp\/v2\/product"}],"about":[{"href":"https:\/\/e-systemygrzewcze.eu\/sklep\/wp-json\/wp\/v2\/types\/product"}],"wp:featuredmedia":[{"embeddable":true,"href":"https:\/\/e-systemygrzewcze.eu\/sklep\/wp-json\/wp\/v2\/media\/10174"}],"wp:attachment":[{"href":"https:\/\/e-systemygrzewcze.eu\/sklep\/wp-json\/wp\/v2\/media?parent=10175"}],"wp:term":[{"taxonomy":"product_brand","embeddable":true,"href":"https:\/\/e-systemygrzewcze.eu\/sklep\/wp-json\/wp\/v2\/product_brand?post=10175"},{"taxonomy":"product_cat","embeddable":true,"href":"https:\/\/e-systemygrzewcze.eu\/sklep\/wp-json\/wp\/v2\/product_cat?post=10175"},{"taxonomy":"product_tag","embeddable":true,"href":"https:\/\/e-systemygrzewcze.eu\/sklep\/wp-json\/wp\/v2\/product_tag?post=10175"}],"curies":[{"name":"wp","href":"https:\/\/api.w.org\/{rel}","templated":true}]}}